{"id":3914,"date":"2021-02-24T10:56:50","date_gmt":"2021-02-24T10:56:50","guid":{"rendered":"https:\/\/dibenedettoproductions.com\/?page_id=3914"},"modified":"2021-08-06T07:02:12","modified_gmt":"2021-08-06T07:02:12","slug":"pa-riba-pa-bajo","status":"publish","type":"page","link":"https:\/\/dibenedettoproductions.com\/?page_id=3914","title":{"rendered":"Pa Riba Pa Bajo"},"content":{"rendered":"\t\t<div data-elementor-type=\"wp-page\" data-elementor-id=\"3914\" class=\"elementor elementor-3914\" data-elementor-settings=\"[]\">\n\t\t\t\t\t\t<div class=\"elementor-inner\">\n\t\t\t\t\t\t\t<div class=\"elementor-section-wrap\">\n\t\t\t\t\t\t\t<section class=\"elementor-section elementor-top-section elementor-element elementor-element-56080b2 elementor-section-stretched elementor-section-boxed elementor-section-height-default elementor-section-height-default\" data-id=\"56080b2\" data-element_type=\"section\" data-settings=\"{&quot;stretch_section&quot;:&quot;section-stretched&quot;,&quot;background_background&quot;:&quot;classic&quot;}\">\n\t\t\t\t\t\t<div class=\"elementor-container elementor-column-gap-default\">\n\t\t\t\t\t\t\t<div class=\"elementor-row\">\n\t\t\t\t\t<div class=\"elementor-column elementor-col-25 elementor-top-column elementor-element elementor-element-80fd40a\" data-id=\"80fd40a\" data-element_type=\"column\">\n\t\t\t<div class=\"elementor-column-wrap elementor-element-populated\">\n\t\t\t\t\t\t\t<div class=\"elementor-widget-wrap\">\n\t\t\t\t\t\t<div class=\"elementor-element elementor-element-460a232 elementor-align-center elementor-widget elementor-widget-button\" data-id=\"460a232\" data-element_type=\"widget\" data-widget_type=\"button.default\">\n\t\t\t\t<div class=\"elementor-widget-container\">\n\t\t\t\t\t<div class=\"elementor-button-wrapper\">\n\t\t\t<a href=\"https:\/\/open.spotify.com\/track\/1vxQgwcmdefrXpq3ENOqx3?si=I5Ak1NYYSjuF57TlWJXfSQ%20\" class=\"elementor-button-link elementor-button elementor-size-sm\" role=\"button\">\n\t\t\t\t\t\t<span class=\"elementor-button-content-wrapper\">\n\t\t\t\t\t\t<span class=\"elementor-button-text\">SPOTIFY<\/span>\n\t\t<\/span>\n\t\t\t\t\t<\/a>\n\t\t<\/div>\n\t\t\t\t<\/div>\n\t\t\t\t<\/div>\n\t\t\t\t\t\t<\/div>\n\t\t\t\t\t<\/div>\n\t\t<\/div>\n\t\t\t\t<div class=\"elementor-column elementor-col-25 elementor-top-column elementor-element elementor-element-bdca22f\" data-id=\"bdca22f\" data-element_type=\"column\">\n\t\t\t<div class=\"elementor-column-wrap elementor-element-populated\">\n\t\t\t\t\t\t\t<div class=\"elementor-widget-wrap\">\n\t\t\t\t\t\t<div class=\"elementor-element elementor-element-3715df9 elementor-align-center elementor-widget elementor-widget-button\" data-id=\"3715df9\" data-element_type=\"widget\" data-widget_type=\"button.default\">\n\t\t\t\t<div class=\"elementor-widget-container\">\n\t\t\t\t\t<div class=\"elementor-button-wrapper\">\n\t\t\t<a href=\"https:\/\/music.apple.com\/us\/album\/pa-riba-pa-bajo\/1489634342?i=1489634343%20\" class=\"elementor-button-link elementor-button elementor-size-sm\" role=\"button\">\n\t\t\t\t\t\t<span class=\"elementor-button-content-wrapper\">\n\t\t\t\t\t\t<span class=\"elementor-button-text\">APPLE MUSIC<\/span>\n\t\t<\/span>\n\t\t\t\t\t<\/a>\n\t\t<\/div>\n\t\t\t\t<\/div>\n\t\t\t\t<\/div>\n\t\t\t\t\t\t<\/div>\n\t\t\t\t\t<\/div>\n\t\t<\/div>\n\t\t\t\t<div class=\"elementor-column elementor-col-25 elementor-top-column elementor-element elementor-element-0768411\" data-id=\"0768411\" data-element_type=\"column\">\n\t\t\t<div class=\"elementor-column-wrap elementor-element-populated\">\n\t\t\t\t\t\t\t<div class=\"elementor-widget-wrap\">\n\t\t\t\t\t\t<div class=\"elementor-element elementor-element-8f78fb7 elementor-align-center elementor-widget elementor-widget-button\" data-id=\"8f78fb7\" data-element_type=\"widget\" data-widget_type=\"button.default\">\n\t\t\t\t<div class=\"elementor-widget-container\">\n\t\t\t\t\t<div class=\"elementor-button-wrapper\">\n\t\t\t<a href=\"https:\/\/deezer.page.link\/WBtKxcddYNKJx47S9%20\" class=\"elementor-button-link elementor-button elementor-size-sm\" role=\"button\">\n\t\t\t\t\t\t<span class=\"elementor-button-content-wrapper\">\n\t\t\t\t\t\t<span class=\"elementor-button-text\">DEEZER<\/span>\n\t\t<\/span>\n\t\t\t\t\t<\/a>\n\t\t<\/div>\n\t\t\t\t<\/div>\n\t\t\t\t<\/div>\n\t\t\t\t\t\t<\/div>\n\t\t\t\t\t<\/div>\n\t\t<\/div>\n\t\t\t\t<div class=\"elementor-column elementor-col-25 elementor-top-column elementor-element elementor-element-aaa8364\" data-id=\"aaa8364\" data-element_type=\"column\">\n\t\t\t<div class=\"elementor-column-wrap elementor-element-populated\">\n\t\t\t\t\t\t\t<div class=\"elementor-widget-wrap\">\n\t\t\t\t\t\t<div class=\"elementor-element elementor-element-6eba929 elementor-align-center elementor-widget elementor-widget-button\" data-id=\"6eba929\" data-element_type=\"widget\" data-widget_type=\"button.default\">\n\t\t\t\t<div class=\"elementor-widget-container\">\n\t\t\t\t\t<div class=\"elementor-button-wrapper\">\n\t\t\t<a href=\"https:\/\/music.amazon.com\/albums\/B08246WYHQ?trackAsin=B08248FF39&#038;ref=dm_sh_2bff-89b6-dmcp-2bd9-4c9a2&#038;musicTerritory=US&#038;marketplaceId=ATVPDKIKX0DER%20\" class=\"elementor-button-link elementor-button elementor-size-sm\" role=\"button\">\n\t\t\t\t\t\t<span class=\"elementor-button-content-wrapper\">\n\t\t\t\t\t\t<span class=\"elementor-button-text\">AMAZON MUSIC<\/span>\n\t\t<\/span>\n\t\t\t\t\t<\/a>\n\t\t<\/div>\n\t\t\t\t<\/div>\n\t\t\t\t<\/div>\n\t\t\t\t\t\t<\/div>\n\t\t\t\t\t<\/div>\n\t\t<\/div>\n\t\t\t\t\t\t\t\t<\/div>\n\t\t\t\t\t<\/div>\n\t\t<\/section>\n\t\t\t\t<section class=\"elementor-section elementor-top-section elementor-element elementor-element-695b142 elementor-section-stretched elementor-section-boxed elementor-section-height-default elementor-section-height-default\" data-id=\"695b142\" data-element_type=\"section\" data-settings=\"{&quot;stretch_section&quot;:&quot;section-stretched&quot;,&quot;background_background&quot;:&quot;classic&quot;}\">\n\t\t\t\t\t\t<div class=\"elementor-container elementor-column-gap-default\">\n\t\t\t\t\t\t\t<div class=\"elementor-row\">\n\t\t\t\t\t<div class=\"elementor-column elementor-col-100 elementor-top-column elementor-element elementor-element-e9a00f2\" data-id=\"e9a00f2\" data-element_type=\"column\">\n\t\t\t<div class=\"elementor-column-wrap elementor-element-populated\">\n\t\t\t\t\t\t\t<div class=\"elementor-widget-wrap\">\n\t\t\t\t\t\t<div class=\"elementor-element elementor-element-c669968 elementor-widget elementor-widget-text-editor\" data-id=\"c669968\" data-element_type=\"widget\" data-widget_type=\"text-editor.default\">\n\t\t\t\t<div class=\"elementor-widget-container\">\n\t\t\t\t\t\t\t\t<div class=\"elementor-text-editor elementor-clearfix\">\n\t\t\t\t<div><p style=\"text-align: center;\"><span style=\"color: #ffffff;\">Hasta arriba y abajo<\/span><\/p><p style=\"text-align: center;\"><span style=\"color: #ffffff;\">Te quiero ver mover<\/span><\/p><p style=\"text-align: center;\"><span style=\"color: #ffffff;\">Todo eso que me gusta a m\u00ed<\/span><\/p><p style=\"text-align: center;\"><span style=\"color: #ffffff;\">Y dale no digas que no<\/span><\/p><p style=\"text-align: center;\"><span style=\"color: #ffffff;\">Dale mami vuelvelo a repetir<\/span><\/p><p style=\"text-align: center;\"><span style=\"color: #ffffff;\">A doblar las caderas mami se form\u00f3 el desorden<\/span><\/p><p style=\"text-align: center;\"><span style=\"color: #ffffff;\">Siempre llegamos a la disco vestido de Golden<\/span><\/p><p style=\"text-align: center;\"><span style=\"color: #ffffff;\">Los palos Supreme, el telefono hace ring<\/span><\/p><p style=\"text-align: center;\"><span style=\"color: #ffffff;\">Que me indica que a la cuenta entraron doscientos mil<\/span><\/p><p style=\"text-align: center;\"><span style=\"color: #ffffff;\">Dale mami no te midas dale mueve eso all\u00e1 atr\u00e1s<\/span><\/p><p style=\"text-align: center;\"><span style=\"color: #ffffff;\">Que me tiene medio loco y estoy ansioso por probar<\/span><\/p><p style=\"text-align: center;\"><span style=\"color: #ffffff;\">Yo te compro Ferrari y se hace lo que t\u00fa quieras<\/span><\/p><p style=\"text-align: center;\"><span style=\"color: #ffffff;\">Pero d\u00e9jame ver c\u00f3mo mueves las caderas<\/span><\/p><p style=\"text-align: center;\">\u00a0<\/p><p style=\"text-align: center;\"><span style=\"color: #ffffff;\">Pa\u00b4 arriba, pa\u00b4 abajo, Pa\u00b4 arriba, pa\u00b4 abajo<\/span><\/p><p style=\"text-align: center;\"><span style=\"color: #ffffff;\">Dale mami dale mueve ah\u00ed<\/span><\/p><p style=\"text-align: center;\"><span style=\"color: #ffffff;\">Pa\u00b4 arriba, pa\u00b4 abajo, Pa\u00b4 arriba, pa\u00b4 abajo<\/span><\/p><p style=\"text-align: center;\"><span style=\"color: #ffffff;\">Si t\u00fa no sabes qu\u00edtate de ah\u00ed<\/span><\/p><p style=\"text-align: center;\"><span style=\"color: #ffffff;\">Pa\u00b4 arriba, pa\u00b4 abajo, Pa\u00b4 arriba, pa\u00b4 abajo<\/span><\/p><p style=\"text-align: center;\"><span style=\"color: #ffffff;\">Dale mami dale mueve ah\u00ed<\/span><\/p><p style=\"text-align: center;\"><span style=\"color: #ffffff;\">Pa\u00b4 arriba, Pa\u00b4 arriba, Pa\u00b4 arriba, Pa\u00b4 arriba<\/span><\/p><p style=\"text-align: center;\"><span style=\"color: #ffffff;\">Si t\u00fa no sabes qu\u00edtate de ah\u00ed<\/span><\/p><p style=\"text-align: center;\"><span style=\"color: #ffffff;\">Pa\u00b4 arriba, Pa\u00b4 arriba, Pa\u00b4 arriba, pa\u00b4 abajo<\/span><\/p><p style=\"text-align: center;\"><span style=\"color: #ffffff;\">Dale mami dale mueve ah\u00ed<\/span><\/p><p style=\"text-align: center;\"><span style=\"color: #ffffff;\">Pa\u00b4 arriba, pa\u00b4 abajo, Pa\u00b4 arriba, pa\u00b4 abajo<\/span><\/p><p style=\"text-align: center;\"><span style=\"color: #ffffff;\">Si t\u00fa no sabes qu\u00edtate de ah\u00ed<\/span><\/p><p style=\"text-align: center;\">\u00a0<\/p><p style=\"text-align: center;\"><span style=\"color: #ffffff;\">En la discoteca botellas Ros\u00e9 y Dom Peri\u00f1\u00f3n<\/span><\/p><p style=\"text-align: center;\"><span style=\"color: #ffffff;\">Prendimos la huka y me llev\u00e9 a tu jeva al Barcel\u00f3<\/span><\/p><p style=\"text-align: center;\"><span style=\"color: #ffffff;\">Estamos controlando esto Papi dime qu\u00e9 pas\u00f3<\/span><\/p><p style=\"text-align: center;\"><span style=\"color: #ffffff;\">Tenemos balas para todo el mundo<\/span><\/p><p style=\"text-align: center;\"><span style=\"color: #ffffff;\">El que nos toque se muri\u00f3<\/span><\/p><p style=\"text-align: center;\"><span style=\"color: #ffffff;\">Estamos con los verdaderos tigretones<\/span><\/p><p style=\"text-align: center;\"><span style=\"color: #ffffff;\">En la pantalla tengo yo par de melones<\/span><\/p><p style=\"text-align: center;\"><span style=\"color: #ffffff;\">Voy en un carro y acelero y en segunda coge cien, vente conmigo<\/span><\/p><p style=\"text-align: center;\"><span style=\"color: #ffffff;\">Estoy que no me aguanto y mueve las patas<\/span><\/p><p style=\"text-align: center;\"><span style=\"color: #ffffff;\">Estoy ya en un nivel que no llega a las azafatas<\/span><\/p><p style=\"text-align: center;\"><span style=\"color: #ffffff;\">Menea el pote que te quiero ver<\/span><\/p><p style=\"text-align: center;\"><span style=\"color: #ffffff;\">Bailando mama, recuerda que uno baila por plata<\/span><\/p><p style=\"text-align: center;\">\u00a0<\/p><p style=\"text-align: center;\"><span style=\"color: #ffffff;\">Hasta arriba y abajo<\/span><\/p><p style=\"text-align: center;\"><span style=\"color: #ffffff;\">Te quiero ver mover<\/span><\/p><p style=\"text-align: center;\"><span style=\"color: #ffffff;\">Todo eso que me gusta a m\u00ed<\/span><\/p><p style=\"text-align: center;\"><span style=\"color: #ffffff;\">Y dale no digas que no<\/span><\/p><p style=\"text-align: center;\"><span style=\"color: #ffffff;\">Dale mami vu\u00e9lvelo a repetir<\/span><\/p><p style=\"text-align: center;\">\u00a0<\/p><p style=\"text-align: center;\"><span style=\"color: #ffffff;\">Pa\u00b4 arriba, pa\u00b4 abajo, Pa\u00b4 arriba, pa\u00b4 abajo<\/span><\/p><p style=\"text-align: center;\"><span style=\"color: #ffffff;\">Dale mami dale mueve ah\u00ed<\/span><\/p><p style=\"text-align: center;\"><span style=\"color: #ffffff;\">Pa\u00b4 arriba, pa\u00b4 abajo, Pa\u00b4 arriba, pa\u00b4 abajo<\/span><\/p><p style=\"text-align: center;\"><span style=\"color: #ffffff;\">Si t\u00fa no sabes qu\u00edtate de ah\u00ed<\/span><\/p><p style=\"text-align: center;\"><span style=\"color: #ffffff;\">Pa\u00b4 arriba, pa\u00b4 abajo, Pa\u00b4 arriba, pa\u00b4 abajo<\/span><\/p><p style=\"text-align: center;\"><span style=\"color: #ffffff;\">Dale mami dale mueve ah\u00ed<\/span><\/p><p style=\"text-align: center;\"><span style=\"color: #ffffff;\">Pa\u00b4 arriba, pa\u00b4 abajo, Pa\u00b4 arriba, pa\u00b4 abajo<\/span><\/p><p style=\"text-align: center;\"><span style=\"color: #ffffff;\">Si t\u00fa no sabes qu\u00edtate de ah\u00ed<\/span><\/p><p style=\"text-align: center;\"><span style=\"color: #ffffff;\">Pa\u00b4 arriba, Pa\u00b4 arriba, Pa\u00b4 arriba, Pa\u00b4 arriba<\/span><\/p><p style=\"text-align: center;\"><span style=\"color: #ffffff;\">Si t\u00fa no sabes qu\u00edtate de ah\u00ed<\/span><\/p><p style=\"text-align: center;\"><span style=\"color: #ffffff;\">Pa\u00b4 arriba, Pa\u00b4 arriba, Pa\u00b4 arriba, pa\u00b4 abajo<\/span><\/p><p style=\"text-align: center;\"><span style=\"color: #ffffff;\">Dale mami dale mueve ah\u00ed<\/span><\/p><\/div>\t\t\t\t\t<\/div>\n\t\t\t\t\t\t<\/div>\n\t\t\t\t<\/div>\n\t\t\t\t\t\t<\/div>\n\t\t\t\t\t<\/div>\n\t\t<\/div>\n\t\t\t\t\t\t\t\t<\/div>\n\t\t\t\t\t<\/div>\n\t\t<\/section>\n\t\t\t\t\t\t<\/div>\n\t\t\t\t\t\t<\/div>\n\t\t\t\t\t<\/div>\n\t\t","protected":false},"excerpt":{"rendered":"<p>SPOTIFY APPLE MUSIC DEEZER AMAZON MUSIC Hasta arriba y abajo Te quiero ver mover Todo eso que me gusta a m\u00ed Y dale no digas que no Dale mami vuelvelo a repetir A doblar las caderas mami se form\u00f3 el desorden Siempre llegamos a la disco vestido de Golden Los palos Supreme, el telefono hace.<\/p>\n","protected":false},"author":1,"featured_media":0,"parent":0,"menu_order":0,"comment_status":"closed","ping_status":"closed","template":"","meta":{"footnotes":""},"categories":[42],"tags":[],"class_list":["post-3914","page","type-page","status-publish","hentry","category-testi"],"yoast_head":"<!-- This site is optimized with the Yoast SEO plugin v19.6.1 - https:\/\/yoast.com\/wordpress\/plugins\/seo\/ -->\n<title>Pa Riba Pa Bajo - Di Benedetto Productions<\/title>\n<meta name=\"robots\" content=\"index, follow, max-snippet:-1, max-image-preview:large, max-video-preview:-1\" \/>\n<link rel=\"canonical\" href=\"https:\/\/dibenedettoproductions.com\/?page_id=3914\" \/>\n<meta property=\"og:locale\" content=\"it_IT\" \/>\n<meta property=\"og:type\" content=\"article\" \/>\n<meta property=\"og:title\" content=\"Pa Riba Pa Bajo - Di Benedetto Productions\" \/>\n<meta property=\"og:description\" content=\"SPOTIFY APPLE MUSIC DEEZER AMAZON MUSIC Hasta arriba y abajo Te quiero ver mover Todo eso que me gusta a m\u00ed Y dale no digas que no Dale mami vuelvelo a repetir A doblar las caderas mami se form\u00f3 el desorden Siempre llegamos a la disco vestido de Golden Los palos Supreme, el telefono hace.\" \/>\n<meta property=\"og:url\" content=\"https:\/\/dibenedettoproductions.com\/?page_id=3914\" \/>\n<meta property=\"og:site_name\" content=\"Di Benedetto Productions\" \/>\n<meta property=\"article:modified_time\" content=\"2021-08-06T07:02:12+00:00\" \/>\n<meta name=\"twitter:card\" content=\"summary_large_image\" \/>\n<meta name=\"twitter:label1\" content=\"Tempo di lettura stimato\" \/>\n\t<meta name=\"twitter:data1\" content=\"2 minuti\" \/>\n<script type=\"application\/ld+json\" class=\"yoast-schema-graph\">{\"@context\":\"https:\/\/schema.org\",\"@graph\":[{\"@type\":\"WebPage\",\"@id\":\"https:\/\/dibenedettoproductions.com\/?page_id=3914\",\"url\":\"https:\/\/dibenedettoproductions.com\/?page_id=3914\",\"name\":\"Pa Riba Pa Bajo - Di Benedetto Productions\",\"isPartOf\":{\"@id\":\"https:\/\/dibenedettoproductions.com\/#website\"},\"datePublished\":\"2021-02-24T10:56:50+00:00\",\"dateModified\":\"2021-08-06T07:02:12+00:00\",\"breadcrumb\":{\"@id\":\"https:\/\/dibenedettoproductions.com\/?page_id=3914#breadcrumb\"},\"inLanguage\":\"it-IT\",\"potentialAction\":[{\"@type\":\"ReadAction\",\"target\":[\"https:\/\/dibenedettoproductions.com\/?page_id=3914\"]}]},{\"@type\":\"BreadcrumbList\",\"@id\":\"https:\/\/dibenedettoproductions.com\/?page_id=3914#breadcrumb\",\"itemListElement\":[{\"@type\":\"ListItem\",\"position\":1,\"name\":\"Home\",\"item\":\"https:\/\/dibenedettoproductions.com\/\"},{\"@type\":\"ListItem\",\"position\":2,\"name\":\"Pa Riba Pa Bajo\"}]},{\"@type\":\"WebSite\",\"@id\":\"https:\/\/dibenedettoproductions.com\/#website\",\"url\":\"https:\/\/dibenedettoproductions.com\/\",\"name\":\"Di Benedetto Productions\",\"description\":\"\",\"publisher\":{\"@id\":\"https:\/\/dibenedettoproductions.com\/#organization\"},\"potentialAction\":[{\"@type\":\"SearchAction\",\"target\":{\"@type\":\"EntryPoint\",\"urlTemplate\":\"https:\/\/dibenedettoproductions.com\/?s={search_term_string}\"},\"query-input\":\"required name=search_term_string\"}],\"inLanguage\":\"it-IT\"},{\"@type\":\"Organization\",\"@id\":\"https:\/\/dibenedettoproductions.com\/#organization\",\"name\":\"DI BENEDETTO PRODUCTIONS\",\"url\":\"https:\/\/dibenedettoproductions.com\/\",\"sameAs\":[],\"logo\":{\"@type\":\"ImageObject\",\"inLanguage\":\"it-IT\",\"@id\":\"https:\/\/dibenedettoproductions.com\/#\/schema\/logo\/image\/\",\"url\":\"https:\/\/dibenedettoproductions.com\/wp-content\/uploads\/2021\/09\/logo_di_benedetto_productions.jpg\",\"contentUrl\":\"https:\/\/dibenedettoproductions.com\/wp-content\/uploads\/2021\/09\/logo_di_benedetto_productions.jpg\",\"width\":225,\"height\":225,\"caption\":\"DI BENEDETTO PRODUCTIONS\"},\"image\":{\"@id\":\"https:\/\/dibenedettoproductions.com\/#\/schema\/logo\/image\/\"}}]}<\/script>\n<!-- \/ Yoast SEO plugin. -->","yoast_head_json":{"title":"Pa Riba Pa Bajo - Di Benedetto Productions","robots":{"index":"index","follow":"follow","max-snippet":"max-snippet:-1","max-image-preview":"max-image-preview:large","max-video-preview":"max-video-preview:-1"},"canonical":"https:\/\/dibenedettoproductions.com\/?page_id=3914","og_locale":"it_IT","og_type":"article","og_title":"Pa Riba Pa Bajo - Di Benedetto Productions","og_description":"SPOTIFY APPLE MUSIC DEEZER AMAZON MUSIC Hasta arriba y abajo Te quiero ver mover Todo eso que me gusta a m\u00ed Y dale no digas que no Dale mami vuelvelo a repetir A doblar las caderas mami se form\u00f3 el desorden Siempre llegamos a la disco vestido de Golden Los palos Supreme, el telefono hace.","og_url":"https:\/\/dibenedettoproductions.com\/?page_id=3914","og_site_name":"Di Benedetto Productions","article_modified_time":"2021-08-06T07:02:12+00:00","twitter_card":"summary_large_image","twitter_misc":{"Tempo di lettura stimato":"2 minuti"},"schema":{"@context":"https:\/\/schema.org","@graph":[{"@type":"WebPage","@id":"https:\/\/dibenedettoproductions.com\/?page_id=3914","url":"https:\/\/dibenedettoproductions.com\/?page_id=3914","name":"Pa Riba Pa Bajo - Di Benedetto Productions","isPartOf":{"@id":"https:\/\/dibenedettoproductions.com\/#website"},"datePublished":"2021-02-24T10:56:50+00:00","dateModified":"2021-08-06T07:02:12+00:00","breadcrumb":{"@id":"https:\/\/dibenedettoproductions.com\/?page_id=3914#breadcrumb"},"inLanguage":"it-IT","potentialAction":[{"@type":"ReadAction","target":["https:\/\/dibenedettoproductions.com\/?page_id=3914"]}]},{"@type":"BreadcrumbList","@id":"https:\/\/dibenedettoproductions.com\/?page_id=3914#breadcrumb","itemListElement":[{"@type":"ListItem","position":1,"name":"Home","item":"https:\/\/dibenedettoproductions.com\/"},{"@type":"ListItem","position":2,"name":"Pa Riba Pa Bajo"}]},{"@type":"WebSite","@id":"https:\/\/dibenedettoproductions.com\/#website","url":"https:\/\/dibenedettoproductions.com\/","name":"Di Benedetto Productions","description":"","publisher":{"@id":"https:\/\/dibenedettoproductions.com\/#organization"},"potentialAction":[{"@type":"SearchAction","target":{"@type":"EntryPoint","urlTemplate":"https:\/\/dibenedettoproductions.com\/?s={search_term_string}"},"query-input":"required name=search_term_string"}],"inLanguage":"it-IT"},{"@type":"Organization","@id":"https:\/\/dibenedettoproductions.com\/#organization","name":"DI BENEDETTO PRODUCTIONS","url":"https:\/\/dibenedettoproductions.com\/","sameAs":[],"logo":{"@type":"ImageObject","inLanguage":"it-IT","@id":"https:\/\/dibenedettoproductions.com\/#\/schema\/logo\/image\/","url":"https:\/\/dibenedettoproductions.com\/wp-content\/uploads\/2021\/09\/logo_di_benedetto_productions.jpg","contentUrl":"https:\/\/dibenedettoproductions.com\/wp-content\/uploads\/2021\/09\/logo_di_benedetto_productions.jpg","width":225,"height":225,"caption":"DI BENEDETTO PRODUCTIONS"},"image":{"@id":"https:\/\/dibenedettoproductions.com\/#\/schema\/logo\/image\/"}}]}},"_links":{"self":[{"href":"https:\/\/dibenedettoproductions.com\/index.php?rest_route=\/wp\/v2\/pages\/3914","targetHints":{"allow":["GET"]}}],"collection":[{"href":"https:\/\/dibenedettoproductions.com\/index.php?rest_route=\/wp\/v2\/pages"}],"about":[{"href":"https:\/\/dibenedettoproductions.com\/index.php?rest_route=\/wp\/v2\/types\/page"}],"author":[{"embeddable":true,"href":"https:\/\/dibenedettoproductions.com\/index.php?rest_route=\/wp\/v2\/users\/1"}],"replies":[{"embeddable":true,"href":"https:\/\/dibenedettoproductions.com\/index.php?rest_route=%2Fwp%2Fv2%2Fcomments&post=3914"}],"version-history":[{"count":10,"href":"https:\/\/dibenedettoproductions.com\/index.php?rest_route=\/wp\/v2\/pages\/3914\/revisions"}],"predecessor-version":[{"id":5836,"href":"https:\/\/dibenedettoproductions.com\/index.php?rest_route=\/wp\/v2\/pages\/3914\/revisions\/5836"}],"wp:attachment":[{"href":"https:\/\/dibenedettoproductions.com\/index.php?rest_route=%2Fwp%2Fv2%2Fmedia&parent=3914"}],"wp:term":[{"taxonomy":"category","embeddable":true,"href":"https:\/\/dibenedettoproductions.com\/index.php?rest_route=%2Fwp%2Fv2%2Fcategories&post=3914"},{"taxonomy":"post_tag","embeddable":true,"href":"https:\/\/dibenedettoproductions.com\/index.php?rest_route=%2Fwp%2Fv2%2Ftags&post=3914"}],"curies":[{"name":"wp","href":"https:\/\/api.w.org\/{rel}","templated":true}]}}