{"id":3887,"date":"2021-02-24T10:39:36","date_gmt":"2021-02-24T10:39:36","guid":{"rendered":"https:\/\/dibenedettoproductions.com\/?page_id=3887"},"modified":"2021-08-06T07:00:24","modified_gmt":"2021-08-06T07:00:24","slug":"no-me-olvidas","status":"publish","type":"page","link":"https:\/\/dibenedettoproductions.com\/?page_id=3887","title":{"rendered":"No Me Olvidas"},"content":{"rendered":"\t\t<div data-elementor-type=\"wp-page\" data-elementor-id=\"3887\" class=\"elementor elementor-3887\" data-elementor-settings=\"[]\">\n\t\t\t\t\t\t<div class=\"elementor-inner\">\n\t\t\t\t\t\t\t<div class=\"elementor-section-wrap\">\n\t\t\t\t\t\t\t<section class=\"elementor-section elementor-top-section elementor-element elementor-element-f5c437f elementor-section-stretched elementor-section-boxed elementor-section-height-default elementor-section-height-default\" data-id=\"f5c437f\" data-element_type=\"section\" data-settings=\"{&quot;stretch_section&quot;:&quot;section-stretched&quot;,&quot;background_background&quot;:&quot;classic&quot;}\">\n\t\t\t\t\t\t<div class=\"elementor-container elementor-column-gap-default\">\n\t\t\t\t\t\t\t<div class=\"elementor-row\">\n\t\t\t\t\t<div class=\"elementor-column elementor-col-25 elementor-top-column elementor-element elementor-element-ac1324c\" data-id=\"ac1324c\" data-element_type=\"column\">\n\t\t\t<div class=\"elementor-column-wrap elementor-element-populated\">\n\t\t\t\t\t\t\t<div class=\"elementor-widget-wrap\">\n\t\t\t\t\t\t<div class=\"elementor-element elementor-element-fa1b634 elementor-align-center elementor-widget elementor-widget-button\" data-id=\"fa1b634\" data-element_type=\"widget\" data-widget_type=\"button.default\">\n\t\t\t\t<div class=\"elementor-widget-container\">\n\t\t\t\t\t<div class=\"elementor-button-wrapper\">\n\t\t\t<a href=\"https:\/\/open.spotify.com\/track\/1GFvVj0zDfcBp5jHWROEF2?si=bjCE3LG5SnW3zy9VVUUvIg\" class=\"elementor-button-link elementor-button elementor-size-sm\" role=\"button\">\n\t\t\t\t\t\t<span class=\"elementor-button-content-wrapper\">\n\t\t\t\t\t\t<span class=\"elementor-button-text\">SPOTIFY<\/span>\n\t\t<\/span>\n\t\t\t\t\t<\/a>\n\t\t<\/div>\n\t\t\t\t<\/div>\n\t\t\t\t<\/div>\n\t\t\t\t\t\t<\/div>\n\t\t\t\t\t<\/div>\n\t\t<\/div>\n\t\t\t\t<div class=\"elementor-column elementor-col-25 elementor-top-column elementor-element elementor-element-68a92c7\" data-id=\"68a92c7\" data-element_type=\"column\">\n\t\t\t<div class=\"elementor-column-wrap elementor-element-populated\">\n\t\t\t\t\t\t\t<div class=\"elementor-widget-wrap\">\n\t\t\t\t\t\t<div class=\"elementor-element elementor-element-6bcaa1f elementor-align-center elementor-widget elementor-widget-button\" data-id=\"6bcaa1f\" data-element_type=\"widget\" data-widget_type=\"button.default\">\n\t\t\t\t<div class=\"elementor-widget-container\">\n\t\t\t\t\t<div class=\"elementor-button-wrapper\">\n\t\t\t<a href=\"https:\/\/music.apple.com\/us\/album\/no-me-olvidas\/1504694325?i=1504694326%20\" class=\"elementor-button-link elementor-button elementor-size-sm\" role=\"button\">\n\t\t\t\t\t\t<span class=\"elementor-button-content-wrapper\">\n\t\t\t\t\t\t<span class=\"elementor-button-text\">APPLE MUSIC<\/span>\n\t\t<\/span>\n\t\t\t\t\t<\/a>\n\t\t<\/div>\n\t\t\t\t<\/div>\n\t\t\t\t<\/div>\n\t\t\t\t\t\t<\/div>\n\t\t\t\t\t<\/div>\n\t\t<\/div>\n\t\t\t\t<div class=\"elementor-column elementor-col-25 elementor-top-column elementor-element elementor-element-3bccf67\" data-id=\"3bccf67\" data-element_type=\"column\">\n\t\t\t<div class=\"elementor-column-wrap elementor-element-populated\">\n\t\t\t\t\t\t\t<div class=\"elementor-widget-wrap\">\n\t\t\t\t\t\t<div class=\"elementor-element elementor-element-d327df0 elementor-align-center elementor-widget elementor-widget-button\" data-id=\"d327df0\" data-element_type=\"widget\" data-widget_type=\"button.default\">\n\t\t\t\t<div class=\"elementor-widget-container\">\n\t\t\t\t\t<div class=\"elementor-button-wrapper\">\n\t\t\t<a href=\"https:\/\/deezer.page.link\/3yN8YeiDXUtMHrCf7%20\" class=\"elementor-button-link elementor-button elementor-size-sm\" role=\"button\">\n\t\t\t\t\t\t<span class=\"elementor-button-content-wrapper\">\n\t\t\t\t\t\t<span class=\"elementor-button-text\">DEEZER<\/span>\n\t\t<\/span>\n\t\t\t\t\t<\/a>\n\t\t<\/div>\n\t\t\t\t<\/div>\n\t\t\t\t<\/div>\n\t\t\t\t\t\t<\/div>\n\t\t\t\t\t<\/div>\n\t\t<\/div>\n\t\t\t\t<div class=\"elementor-column elementor-col-25 elementor-top-column elementor-element elementor-element-2215f19\" data-id=\"2215f19\" data-element_type=\"column\">\n\t\t\t<div class=\"elementor-column-wrap elementor-element-populated\">\n\t\t\t\t\t\t\t<div class=\"elementor-widget-wrap\">\n\t\t\t\t\t\t<div class=\"elementor-element elementor-element-bebae49 elementor-align-center elementor-widget elementor-widget-button\" data-id=\"bebae49\" data-element_type=\"widget\" data-widget_type=\"button.default\">\n\t\t\t\t<div class=\"elementor-widget-container\">\n\t\t\t\t\t<div class=\"elementor-button-wrapper\">\n\t\t\t<a href=\"https:\/\/music.amazon.com\/albums\/B086DWWQTF?trackAsin=B086DXBC97&#038;ref=dm_sh_069a-9db7-dmcp-a587-663aa&#038;musicTerritory=US&#038;marketplaceId=ATVPDKIKX0DER\" class=\"elementor-button-link elementor-button elementor-size-sm\" role=\"button\">\n\t\t\t\t\t\t<span class=\"elementor-button-content-wrapper\">\n\t\t\t\t\t\t<span class=\"elementor-button-text\">AMAZON MUSIC<\/span>\n\t\t<\/span>\n\t\t\t\t\t<\/a>\n\t\t<\/div>\n\t\t\t\t<\/div>\n\t\t\t\t<\/div>\n\t\t\t\t\t\t<\/div>\n\t\t\t\t\t<\/div>\n\t\t<\/div>\n\t\t\t\t\t\t\t\t<\/div>\n\t\t\t\t\t<\/div>\n\t\t<\/section>\n\t\t\t\t<section class=\"elementor-section elementor-top-section elementor-element elementor-element-127a1f0 elementor-section-stretched elementor-section-boxed elementor-section-height-default elementor-section-height-default\" data-id=\"127a1f0\" data-element_type=\"section\" data-settings=\"{&quot;stretch_section&quot;:&quot;section-stretched&quot;,&quot;background_background&quot;:&quot;classic&quot;}\">\n\t\t\t\t\t\t<div class=\"elementor-container elementor-column-gap-default\">\n\t\t\t\t\t\t\t<div class=\"elementor-row\">\n\t\t\t\t\t<div class=\"elementor-column elementor-col-100 elementor-top-column elementor-element elementor-element-47bd68f\" data-id=\"47bd68f\" data-element_type=\"column\">\n\t\t\t<div class=\"elementor-column-wrap elementor-element-populated\">\n\t\t\t\t\t\t\t<div class=\"elementor-widget-wrap\">\n\t\t\t\t\t\t<div class=\"elementor-element elementor-element-5033aa0 elementor-widget elementor-widget-text-editor\" data-id=\"5033aa0\" data-element_type=\"widget\" data-widget_type=\"text-editor.default\">\n\t\t\t\t<div class=\"elementor-widget-container\">\n\t\t\t\t\t\t\t\t<div class=\"elementor-text-editor elementor-clearfix\">\n\t\t\t\t<div><p style=\"text-align: center;\"><span style=\"color: #ffffff;\">Y ya me entere que est\u00e1s diciendo por ah\u00ed que me olvidaste<\/span><\/p><p style=\"text-align: center;\"><span style=\"color: #ffffff;\">Que ya no piensas m\u00e1s en m\u00ed, me superaste<\/span><\/p><p style=\"text-align: center;\"><span style=\"color: #ffffff;\">Que ya te cansaste, y ni tu misma te crees esa historia que le contaste<\/span><\/p><p style=\"text-align: center;\">\u00a0<\/p><p style=\"text-align: center;\"><span style=\"color: #ffffff;\">Yo s\u00e9 que t\u00fa no me olvidas no<\/span><\/p><p style=\"text-align: center;\"><span style=\"color: #ffffff;\">T\u00fa no me olvidas<\/span><\/p><p style=\"text-align: center;\"><span style=\"color: #ffffff;\">Porque no es suficiente para arrancarme de tu vida<\/span><\/p><p style=\"text-align: center;\"><span style=\"color: #ffffff;\">Yo s\u00e9 que t\u00fa no me olvidas no<\/span><\/p><p style=\"text-align: center;\"><span style=\"color: #ffffff;\">T\u00fa no me olvidas<\/span><\/p><p style=\"text-align: center;\"><span style=\"color: #ffffff;\">Porque no es suficiente para arrancarme de tu vida<\/span><\/p><p style=\"text-align: center;\">\u00a0<\/p><p style=\"text-align: center;\"><span style=\"color: #ffffff;\">Acepta que yo soy el malo<\/span><\/p><p style=\"text-align: center;\"><span style=\"color: #ffffff;\">Que te da esos besos que te vuelven loca<\/span><\/p><p style=\"text-align: center;\"><span style=\"color: #ffffff;\">Acepta que yo soy el que te hace el amor<\/span><\/p><p style=\"text-align: center;\"><span style=\"color: #ffffff;\">En la cama y te descontrola<\/span><\/p><p style=\"text-align: center;\"><span style=\"color: #ffffff;\">Confiesalo de una vez<\/span><\/p><p style=\"text-align: center;\"><span style=\"color: #ffffff;\">T\u00fa nunca ser\u00e1s feliz con el<\/span><\/p><p style=\"text-align: center;\"><span style=\"color: #ffffff;\">Yo s\u00e9 que te haces la que no me ve<\/span><\/p><p style=\"text-align: center;\"><span style=\"color: #ffffff;\">Pero<\/span><\/p><p style=\"text-align: center;\">\u00a0<\/p><p style=\"text-align: center;\"><span style=\"color: #ffffff;\">Yo s\u00e9 que t\u00fa no me olvidas no<\/span><\/p><p style=\"text-align: center;\"><span style=\"color: #ffffff;\">T\u00fa no me olvidas<\/span><\/p><p style=\"text-align: center;\"><span style=\"color: #ffffff;\">Porque no es suficiente para arrancarme de tu vida<\/span><\/p><p style=\"text-align: center;\"><span style=\"color: #ffffff;\">Yo s\u00e9 que t\u00fa no me olvidas no<\/span><\/p><p style=\"text-align: center;\"><span style=\"color: #ffffff;\">T\u00fa no me olvidas<\/span><\/p><p style=\"text-align: center;\"><span style=\"color: #ffffff;\">Porque no es suficiente para arrancarme de tu vida<\/span><\/p><p style=\"text-align: center;\">\u00a0<\/p><p style=\"text-align: center;\"><span style=\"color: #ffffff;\">Yo s\u00e9 que no te sientes bien<\/span><\/p><p style=\"text-align: center;\"><span style=\"color: #ffffff;\">Dale ven conmigo y d\u00e9jalo a \u00e9l<\/span><\/p><p style=\"text-align: center;\"><span style=\"color: #ffffff;\">Con solo una llamada yo te buscare<\/span><\/p><p style=\"text-align: center;\"><span style=\"color: #ffffff;\">No s\u00e9 porque la loca te haces<\/span><\/p><p style=\"text-align: center;\"><span style=\"color: #ffffff;\">Yo s\u00e9 que no te sientes bien<\/span><\/p><p style=\"text-align: center;\"><span style=\"color: #ffffff;\">Dale ven conmigo y d\u00e9jalo a \u00e9l<\/span><\/p><p style=\"text-align: center;\"><span style=\"color: #ffffff;\">Con solo una llamada yo te buscare<\/span><\/p><p style=\"text-align: center;\"><span style=\"color: #ffffff;\">No s\u00e9 porque la loca te haces<\/span><\/p><p style=\"text-align: center;\">\u00a0<\/p><p style=\"text-align: center;\"><span style=\"color: #ffffff;\">Y ya me entere que est\u00e1s diciendo por ah\u00ed que me olvidaste<\/span><\/p><p style=\"text-align: center;\"><span style=\"color: #ffffff;\">Que ya no piensas m\u00e1s en m\u00ed, me superaste<\/span><\/p><p style=\"text-align: center;\"><span style=\"color: #ffffff;\">Que ya te cansaste, y ni tu misma te crees esa historia que le contaste<\/span><\/p><p style=\"text-align: center;\">\u00a0<\/p><p style=\"text-align: center;\"><span style=\"color: #ffffff;\">Yo s\u00e9 que t\u00fa no me olvidas no<\/span><\/p><p style=\"text-align: center;\"><span style=\"color: #ffffff;\">T\u00fa no me olvidas<\/span><\/p><p style=\"text-align: center;\"><span style=\"color: #ffffff;\">Porque no es suficiente para arrancarme de tu vida<\/span><\/p><p style=\"text-align: center;\"><span style=\"color: #ffffff;\">Yo s\u00e9 que t\u00fa no me olvidas no<\/span><\/p><p style=\"text-align: center;\"><span style=\"color: #ffffff;\">T\u00fa no me olvidas<\/span><\/p><p style=\"text-align: center;\"><span style=\"color: #ffffff;\">Porque no es suficiente para arrancarme de tu vida<\/span><\/p><p style=\"text-align: center;\">\u00a0<\/p><p style=\"text-align: center;\"><span style=\"color: #ffffff;\">Yo s\u00e9 que no te sientes bien<\/span><\/p><p style=\"text-align: center;\"><span style=\"color: #ffffff;\">Dale ven conmigo y d\u00e9jalo a \u00e9l<\/span><\/p><p style=\"text-align: center;\"><span style=\"color: #ffffff;\">Con solo una llamada yo te buscare<\/span><\/p><p style=\"text-align: center;\"><span style=\"color: #ffffff;\">No s\u00e9 porque la loca te haces<\/span><\/p><p style=\"text-align: center;\"><span style=\"color: #ffffff;\">Yo s\u00e9 que no te sientes bien<\/span><\/p><p style=\"text-align: center;\"><span style=\"color: #ffffff;\">Dale ven conmigo y d\u00e9jalo a \u00e9l<\/span><\/p><p style=\"text-align: center;\"><span style=\"color: #ffffff;\">Con solo una llamada yo te buscare<\/span><\/p><p style=\"text-align: center;\"><span style=\"color: #ffffff;\">No s\u00e9 porque la loca te haces<\/span><\/p><\/div>\t\t\t\t\t<\/div>\n\t\t\t\t\t\t<\/div>\n\t\t\t\t<\/div>\n\t\t\t\t\t\t<\/div>\n\t\t\t\t\t<\/div>\n\t\t<\/div>\n\t\t\t\t\t\t\t\t<\/div>\n\t\t\t\t\t<\/div>\n\t\t<\/section>\n\t\t\t\t\t\t<\/div>\n\t\t\t\t\t\t<\/div>\n\t\t\t\t\t<\/div>\n\t\t","protected":false},"excerpt":{"rendered":"<p>SPOTIFY APPLE MUSIC DEEZER AMAZON MUSIC Y ya me entere que est\u00e1s diciendo por ah\u00ed que me olvidaste Que ya no piensas m\u00e1s en m\u00ed, me superaste Que ya te cansaste, y ni tu misma te crees esa historia que le contaste \u00a0 Yo s\u00e9 que t\u00fa no me olvidas no T\u00fa no me olvidas.<\/p>\n","protected":false},"author":1,"featured_media":0,"parent":0,"menu_order":0,"comment_status":"closed","ping_status":"closed","template":"","meta":{"footnotes":""},"categories":[42],"tags":[],"class_list":["post-3887","page","type-page","status-publish","hentry","category-testi"],"yoast_head":"<!-- This site is optimized with the Yoast SEO plugin v19.6.1 - https:\/\/yoast.com\/wordpress\/plugins\/seo\/ -->\n<title>No Me Olvidas - Di Benedetto Productions<\/title>\n<meta name=\"robots\" content=\"index, follow, max-snippet:-1, max-image-preview:large, max-video-preview:-1\" \/>\n<link rel=\"canonical\" href=\"https:\/\/dibenedettoproductions.com\/?page_id=3887\" \/>\n<meta property=\"og:locale\" content=\"it_IT\" \/>\n<meta property=\"og:type\" content=\"article\" \/>\n<meta property=\"og:title\" content=\"No Me Olvidas - Di Benedetto Productions\" \/>\n<meta property=\"og:description\" content=\"SPOTIFY APPLE MUSIC DEEZER AMAZON MUSIC Y ya me entere que est\u00e1s diciendo por ah\u00ed que me olvidaste Que ya no piensas m\u00e1s en m\u00ed, me superaste Que ya te cansaste, y ni tu misma te crees esa historia que le contaste \u00a0 Yo s\u00e9 que t\u00fa no me olvidas no T\u00fa no me olvidas.\" \/>\n<meta property=\"og:url\" content=\"https:\/\/dibenedettoproductions.com\/?page_id=3887\" \/>\n<meta property=\"og:site_name\" content=\"Di Benedetto Productions\" \/>\n<meta property=\"article:modified_time\" content=\"2021-08-06T07:00:24+00:00\" \/>\n<meta name=\"twitter:card\" content=\"summary_large_image\" \/>\n<meta name=\"twitter:label1\" content=\"Tempo di lettura stimato\" \/>\n\t<meta name=\"twitter:data1\" content=\"2 minuti\" \/>\n<script type=\"application\/ld+json\" class=\"yoast-schema-graph\">{\"@context\":\"https:\/\/schema.org\",\"@graph\":[{\"@type\":\"WebPage\",\"@id\":\"https:\/\/dibenedettoproductions.com\/?page_id=3887\",\"url\":\"https:\/\/dibenedettoproductions.com\/?page_id=3887\",\"name\":\"No Me Olvidas - Di Benedetto Productions\",\"isPartOf\":{\"@id\":\"https:\/\/dibenedettoproductions.com\/#website\"},\"datePublished\":\"2021-02-24T10:39:36+00:00\",\"dateModified\":\"2021-08-06T07:00:24+00:00\",\"breadcrumb\":{\"@id\":\"https:\/\/dibenedettoproductions.com\/?page_id=3887#breadcrumb\"},\"inLanguage\":\"it-IT\",\"potentialAction\":[{\"@type\":\"ReadAction\",\"target\":[\"https:\/\/dibenedettoproductions.com\/?page_id=3887\"]}]},{\"@type\":\"BreadcrumbList\",\"@id\":\"https:\/\/dibenedettoproductions.com\/?page_id=3887#breadcrumb\",\"itemListElement\":[{\"@type\":\"ListItem\",\"position\":1,\"name\":\"Home\",\"item\":\"https:\/\/dibenedettoproductions.com\/\"},{\"@type\":\"ListItem\",\"position\":2,\"name\":\"No Me Olvidas\"}]},{\"@type\":\"WebSite\",\"@id\":\"https:\/\/dibenedettoproductions.com\/#website\",\"url\":\"https:\/\/dibenedettoproductions.com\/\",\"name\":\"Di Benedetto Productions\",\"description\":\"\",\"publisher\":{\"@id\":\"https:\/\/dibenedettoproductions.com\/#organization\"},\"potentialAction\":[{\"@type\":\"SearchAction\",\"target\":{\"@type\":\"EntryPoint\",\"urlTemplate\":\"https:\/\/dibenedettoproductions.com\/?s={search_term_string}\"},\"query-input\":\"required name=search_term_string\"}],\"inLanguage\":\"it-IT\"},{\"@type\":\"Organization\",\"@id\":\"https:\/\/dibenedettoproductions.com\/#organization\",\"name\":\"DI BENEDETTO PRODUCTIONS\",\"url\":\"https:\/\/dibenedettoproductions.com\/\",\"sameAs\":[],\"logo\":{\"@type\":\"ImageObject\",\"inLanguage\":\"it-IT\",\"@id\":\"https:\/\/dibenedettoproductions.com\/#\/schema\/logo\/image\/\",\"url\":\"https:\/\/dibenedettoproductions.com\/wp-content\/uploads\/2021\/09\/logo_di_benedetto_productions.jpg\",\"contentUrl\":\"https:\/\/dibenedettoproductions.com\/wp-content\/uploads\/2021\/09\/logo_di_benedetto_productions.jpg\",\"width\":225,\"height\":225,\"caption\":\"DI BENEDETTO PRODUCTIONS\"},\"image\":{\"@id\":\"https:\/\/dibenedettoproductions.com\/#\/schema\/logo\/image\/\"}}]}<\/script>\n<!-- \/ Yoast SEO plugin. -->","yoast_head_json":{"title":"No Me Olvidas - Di Benedetto Productions","robots":{"index":"index","follow":"follow","max-snippet":"max-snippet:-1","max-image-preview":"max-image-preview:large","max-video-preview":"max-video-preview:-1"},"canonical":"https:\/\/dibenedettoproductions.com\/?page_id=3887","og_locale":"it_IT","og_type":"article","og_title":"No Me Olvidas - Di Benedetto Productions","og_description":"SPOTIFY APPLE MUSIC DEEZER AMAZON MUSIC Y ya me entere que est\u00e1s diciendo por ah\u00ed que me olvidaste Que ya no piensas m\u00e1s en m\u00ed, me superaste Que ya te cansaste, y ni tu misma te crees esa historia que le contaste \u00a0 Yo s\u00e9 que t\u00fa no me olvidas no T\u00fa no me olvidas.","og_url":"https:\/\/dibenedettoproductions.com\/?page_id=3887","og_site_name":"Di Benedetto Productions","article_modified_time":"2021-08-06T07:00:24+00:00","twitter_card":"summary_large_image","twitter_misc":{"Tempo di lettura stimato":"2 minuti"},"schema":{"@context":"https:\/\/schema.org","@graph":[{"@type":"WebPage","@id":"https:\/\/dibenedettoproductions.com\/?page_id=3887","url":"https:\/\/dibenedettoproductions.com\/?page_id=3887","name":"No Me Olvidas - Di Benedetto Productions","isPartOf":{"@id":"https:\/\/dibenedettoproductions.com\/#website"},"datePublished":"2021-02-24T10:39:36+00:00","dateModified":"2021-08-06T07:00:24+00:00","breadcrumb":{"@id":"https:\/\/dibenedettoproductions.com\/?page_id=3887#breadcrumb"},"inLanguage":"it-IT","potentialAction":[{"@type":"ReadAction","target":["https:\/\/dibenedettoproductions.com\/?page_id=3887"]}]},{"@type":"BreadcrumbList","@id":"https:\/\/dibenedettoproductions.com\/?page_id=3887#breadcrumb","itemListElement":[{"@type":"ListItem","position":1,"name":"Home","item":"https:\/\/dibenedettoproductions.com\/"},{"@type":"ListItem","position":2,"name":"No Me Olvidas"}]},{"@type":"WebSite","@id":"https:\/\/dibenedettoproductions.com\/#website","url":"https:\/\/dibenedettoproductions.com\/","name":"Di Benedetto Productions","description":"","publisher":{"@id":"https:\/\/dibenedettoproductions.com\/#organization"},"potentialAction":[{"@type":"SearchAction","target":{"@type":"EntryPoint","urlTemplate":"https:\/\/dibenedettoproductions.com\/?s={search_term_string}"},"query-input":"required name=search_term_string"}],"inLanguage":"it-IT"},{"@type":"Organization","@id":"https:\/\/dibenedettoproductions.com\/#organization","name":"DI BENEDETTO PRODUCTIONS","url":"https:\/\/dibenedettoproductions.com\/","sameAs":[],"logo":{"@type":"ImageObject","inLanguage":"it-IT","@id":"https:\/\/dibenedettoproductions.com\/#\/schema\/logo\/image\/","url":"https:\/\/dibenedettoproductions.com\/wp-content\/uploads\/2021\/09\/logo_di_benedetto_productions.jpg","contentUrl":"https:\/\/dibenedettoproductions.com\/wp-content\/uploads\/2021\/09\/logo_di_benedetto_productions.jpg","width":225,"height":225,"caption":"DI BENEDETTO PRODUCTIONS"},"image":{"@id":"https:\/\/dibenedettoproductions.com\/#\/schema\/logo\/image\/"}}]}},"_links":{"self":[{"href":"https:\/\/dibenedettoproductions.com\/index.php?rest_route=\/wp\/v2\/pages\/3887","targetHints":{"allow":["GET"]}}],"collection":[{"href":"https:\/\/dibenedettoproductions.com\/index.php?rest_route=\/wp\/v2\/pages"}],"about":[{"href":"https:\/\/dibenedettoproductions.com\/index.php?rest_route=\/wp\/v2\/types\/page"}],"author":[{"embeddable":true,"href":"https:\/\/dibenedettoproductions.com\/index.php?rest_route=\/wp\/v2\/users\/1"}],"replies":[{"embeddable":true,"href":"https:\/\/dibenedettoproductions.com\/index.php?rest_route=%2Fwp%2Fv2%2Fcomments&post=3887"}],"version-history":[{"count":7,"href":"https:\/\/dibenedettoproductions.com\/index.php?rest_route=\/wp\/v2\/pages\/3887\/revisions"}],"predecessor-version":[{"id":5815,"href":"https:\/\/dibenedettoproductions.com\/index.php?rest_route=\/wp\/v2\/pages\/3887\/revisions\/5815"}],"wp:attachment":[{"href":"https:\/\/dibenedettoproductions.com\/index.php?rest_route=%2Fwp%2Fv2%2Fmedia&parent=3887"}],"wp:term":[{"taxonomy":"category","embeddable":true,"href":"https:\/\/dibenedettoproductions.com\/index.php?rest_route=%2Fwp%2Fv2%2Fcategories&post=3887"},{"taxonomy":"post_tag","embeddable":true,"href":"https:\/\/dibenedettoproductions.com\/index.php?rest_route=%2Fwp%2Fv2%2Ftags&post=3887"}],"curies":[{"name":"wp","href":"https:\/\/api.w.org\/{rel}","templated":true}]}}