{"id":3879,"date":"2021-02-24T10:28:25","date_gmt":"2021-02-24T10:28:25","guid":{"rendered":"https:\/\/dibenedettoproductions.com\/?page_id=3879"},"modified":"2021-08-06T07:00:17","modified_gmt":"2021-08-06T07:00:17","slug":"no-chirrea","status":"publish","type":"page","link":"https:\/\/dibenedettoproductions.com\/?page_id=3879","title":{"rendered":"No Chirrea"},"content":{"rendered":"\t\t<div data-elementor-type=\"wp-page\" data-elementor-id=\"3879\" class=\"elementor elementor-3879\" data-elementor-settings=\"[]\">\n\t\t\t\t\t\t<div class=\"elementor-inner\">\n\t\t\t\t\t\t\t<div class=\"elementor-section-wrap\">\n\t\t\t\t\t\t\t<section class=\"elementor-section elementor-top-section elementor-element elementor-element-19d03f1 elementor-section-stretched elementor-section-boxed elementor-section-height-default elementor-section-height-default\" data-id=\"19d03f1\" data-element_type=\"section\" data-settings=\"{&quot;stretch_section&quot;:&quot;section-stretched&quot;,&quot;background_background&quot;:&quot;classic&quot;}\">\n\t\t\t\t\t\t<div class=\"elementor-container elementor-column-gap-default\">\n\t\t\t\t\t\t\t<div class=\"elementor-row\">\n\t\t\t\t\t<div class=\"elementor-column elementor-col-25 elementor-top-column elementor-element elementor-element-0e15fc4\" data-id=\"0e15fc4\" data-element_type=\"column\">\n\t\t\t<div class=\"elementor-column-wrap elementor-element-populated\">\n\t\t\t\t\t\t\t<div class=\"elementor-widget-wrap\">\n\t\t\t\t\t\t<div class=\"elementor-element elementor-element-32c2704 elementor-align-center elementor-widget elementor-widget-button\" data-id=\"32c2704\" data-element_type=\"widget\" data-widget_type=\"button.default\">\n\t\t\t\t<div class=\"elementor-widget-container\">\n\t\t\t\t\t<div class=\"elementor-button-wrapper\">\n\t\t\t<a href=\"https:\/\/open.spotify.com\/track\/5XMXvcFNi2g5kUQhQ3vHWg?si=QNOKO28HQKOIghgqRNbK2A%20\" class=\"elementor-button-link elementor-button elementor-size-sm\" role=\"button\">\n\t\t\t\t\t\t<span class=\"elementor-button-content-wrapper\">\n\t\t\t\t\t\t<span class=\"elementor-button-text\">SPOTIFY<\/span>\n\t\t<\/span>\n\t\t\t\t\t<\/a>\n\t\t<\/div>\n\t\t\t\t<\/div>\n\t\t\t\t<\/div>\n\t\t\t\t\t\t<\/div>\n\t\t\t\t\t<\/div>\n\t\t<\/div>\n\t\t\t\t<div class=\"elementor-column elementor-col-25 elementor-top-column elementor-element elementor-element-4ef0e6e\" data-id=\"4ef0e6e\" data-element_type=\"column\">\n\t\t\t<div class=\"elementor-column-wrap elementor-element-populated\">\n\t\t\t\t\t\t\t<div class=\"elementor-widget-wrap\">\n\t\t\t\t\t\t<div class=\"elementor-element elementor-element-ea8fd12 elementor-align-center elementor-widget elementor-widget-button\" data-id=\"ea8fd12\" data-element_type=\"widget\" data-widget_type=\"button.default\">\n\t\t\t\t<div class=\"elementor-widget-container\">\n\t\t\t\t\t<div class=\"elementor-button-wrapper\">\n\t\t\t<a href=\"https:\/\/music.apple.com\/us\/album\/no-chirrea\/1350884562?i=1350884563%20\" class=\"elementor-button-link elementor-button elementor-size-sm\" role=\"button\">\n\t\t\t\t\t\t<span class=\"elementor-button-content-wrapper\">\n\t\t\t\t\t\t<span class=\"elementor-button-text\">APPLE MUSIC<\/span>\n\t\t<\/span>\n\t\t\t\t\t<\/a>\n\t\t<\/div>\n\t\t\t\t<\/div>\n\t\t\t\t<\/div>\n\t\t\t\t\t\t<\/div>\n\t\t\t\t\t<\/div>\n\t\t<\/div>\n\t\t\t\t<div class=\"elementor-column elementor-col-25 elementor-top-column elementor-element elementor-element-5088e1e\" data-id=\"5088e1e\" data-element_type=\"column\">\n\t\t\t<div class=\"elementor-column-wrap elementor-element-populated\">\n\t\t\t\t\t\t\t<div class=\"elementor-widget-wrap\">\n\t\t\t\t\t\t<div class=\"elementor-element elementor-element-fb30f88 elementor-align-center elementor-widget elementor-widget-button\" data-id=\"fb30f88\" data-element_type=\"widget\" data-widget_type=\"button.default\">\n\t\t\t\t<div class=\"elementor-widget-container\">\n\t\t\t\t\t<div class=\"elementor-button-wrapper\">\n\t\t\t<a href=\"https:\/\/deezer.page.link\/27tjyRM5NNege9vT8%20\" class=\"elementor-button-link elementor-button elementor-size-sm\" role=\"button\">\n\t\t\t\t\t\t<span class=\"elementor-button-content-wrapper\">\n\t\t\t\t\t\t<span class=\"elementor-button-text\">DEEZER<\/span>\n\t\t<\/span>\n\t\t\t\t\t<\/a>\n\t\t<\/div>\n\t\t\t\t<\/div>\n\t\t\t\t<\/div>\n\t\t\t\t\t\t<\/div>\n\t\t\t\t\t<\/div>\n\t\t<\/div>\n\t\t\t\t<div class=\"elementor-column elementor-col-25 elementor-top-column elementor-element elementor-element-f032a0b\" data-id=\"f032a0b\" data-element_type=\"column\">\n\t\t\t<div class=\"elementor-column-wrap elementor-element-populated\">\n\t\t\t\t\t\t\t<div class=\"elementor-widget-wrap\">\n\t\t\t\t\t\t<div class=\"elementor-element elementor-element-78c452e elementor-align-center elementor-widget elementor-widget-button\" data-id=\"78c452e\" data-element_type=\"widget\" data-widget_type=\"button.default\">\n\t\t\t\t<div class=\"elementor-widget-container\">\n\t\t\t\t\t<div class=\"elementor-button-wrapper\">\n\t\t\t<a href=\"https:\/\/music.amazon.com\/albums\/B07T89YZFN?trackAsin=B07T9FC1QN&#038;ref=dm_sh_c83c-37c3-dmcp-59d3-33be0&#038;musicTerritory=US&#038;marketplaceId=ATVPDKIKX0DER\" class=\"elementor-button-link elementor-button elementor-size-sm\" role=\"button\">\n\t\t\t\t\t\t<span class=\"elementor-button-content-wrapper\">\n\t\t\t\t\t\t<span class=\"elementor-button-text\">AMAZON MUSIC<\/span>\n\t\t<\/span>\n\t\t\t\t\t<\/a>\n\t\t<\/div>\n\t\t\t\t<\/div>\n\t\t\t\t<\/div>\n\t\t\t\t\t\t<\/div>\n\t\t\t\t\t<\/div>\n\t\t<\/div>\n\t\t\t\t\t\t\t\t<\/div>\n\t\t\t\t\t<\/div>\n\t\t<\/section>\n\t\t\t\t<section class=\"elementor-section elementor-top-section elementor-element elementor-element-64b4016 elementor-section-stretched elementor-section-boxed elementor-section-height-default elementor-section-height-default\" data-id=\"64b4016\" data-element_type=\"section\" data-settings=\"{&quot;stretch_section&quot;:&quot;section-stretched&quot;,&quot;background_background&quot;:&quot;classic&quot;}\">\n\t\t\t\t\t\t<div class=\"elementor-container elementor-column-gap-default\">\n\t\t\t\t\t\t\t<div class=\"elementor-row\">\n\t\t\t\t\t<div class=\"elementor-column elementor-col-100 elementor-top-column elementor-element elementor-element-6531b95\" data-id=\"6531b95\" data-element_type=\"column\">\n\t\t\t<div class=\"elementor-column-wrap elementor-element-populated\">\n\t\t\t\t\t\t\t<div class=\"elementor-widget-wrap\">\n\t\t\t\t\t\t<div class=\"elementor-element elementor-element-36eb526 elementor-widget elementor-widget-text-editor\" data-id=\"36eb526\" data-element_type=\"widget\" data-widget_type=\"text-editor.default\">\n\t\t\t\t<div class=\"elementor-widget-container\">\n\t\t\t\t\t\t\t\t<div class=\"elementor-text-editor elementor-clearfix\">\n\t\t\t\t<div><p style=\"text-align: center;\"><span style=\"color: #ffffff;\">Veo que est\u00e1s que t\u00fa no descansas<\/span><\/p><p style=\"text-align: center;\"><span style=\"color: #ffffff;\">T\u00fa quieres estar arriba de la barra<\/span><\/p><p style=\"text-align: center;\"><span style=\"color: #ffffff;\">Pasa tiempo de salir de party<\/span><\/p><p style=\"text-align: center;\"><span style=\"color: #ffffff;\">T\u00fa quieres enfermarme a mi<\/span><\/p><p style=\"text-align: center;\">\u00a0<\/p><p style=\"text-align: center;\"><span style=\"color: #ffffff;\">A m\u00ed me gusta c\u00f3mo te meneas<\/span><\/p><p style=\"text-align: center;\"><span style=\"color: #ffffff;\">Como mueve la batea<\/span><\/p><p style=\"text-align: center;\"><span style=\"color: #ffffff;\">Pero en la cama no es lo mismo<\/span><\/p><p style=\"text-align: center;\"><span style=\"color: #ffffff;\">T\u00fa baila pero no chirrea<\/span><\/p><p style=\"text-align: center;\"><span style=\"color: #ffffff;\">Me gusta c\u00f3mo te menea<\/span><\/p><p style=\"text-align: center;\"><span style=\"color: #ffffff;\">Como mueve la batea<\/span><\/p><p style=\"text-align: center;\"><span style=\"color: #ffffff;\">Pero en la cama no es lo mismo<\/span><\/p><p style=\"text-align: center;\"><span style=\"color: #ffffff;\">T\u00fa baila pero no chirrea<\/span><\/p><p style=\"text-align: center;\">\u00a0<\/p><p style=\"text-align: center;\"><span style=\"color: #ffffff;\">Chirrea, chirrea, chirrea pero no te pares<\/span><\/p><p style=\"text-align: center;\"><span style=\"color: #ffffff;\">Pa que t\u00fa no haga papelazo<\/span><\/p><p style=\"text-align: center;\"><span style=\"color: #ffffff;\">Ella coge fuetazo, coge fuetazo, coge fuetazo, coge fuetazo<\/span><\/p><p style=\"text-align: center;\"><span style=\"color: #ffffff;\">Mamita dale, dale suave que bailando es el detalle<\/span><\/p><p style=\"text-align: center;\"><span style=\"color: #ffffff;\">Coge fuetazo, coge fuetazo tubeteo con meneo no te sale<\/span><\/p><p style=\"text-align: center;\">\u00a0<\/p><p style=\"text-align: center;\"><span style=\"color: #ffffff;\">A m\u00ed me gusta c\u00f3mo te meneas<\/span><\/p><p style=\"text-align: center;\"><span style=\"color: #ffffff;\">Como mueve la batea<\/span><\/p><p style=\"text-align: center;\"><span style=\"color: #ffffff;\">Pero en la cama no es lo mismo<\/span><\/p><p style=\"text-align: center;\"><span style=\"color: #ffffff;\">T\u00fa baila pero no chirrea<\/span><\/p><p style=\"text-align: center;\"><span style=\"color: #ffffff;\">Me gusta c\u00f3mo te menea<\/span><\/p><p style=\"text-align: center;\"><span style=\"color: #ffffff;\">Como mueve la batea<\/span><\/p><p style=\"text-align: center;\"><span style=\"color: #ffffff;\">Pero en la cama no es lo mismo<\/span><\/p><p style=\"text-align: center;\"><span style=\"color: #ffffff;\">T\u00fa baila pero no chirrea<\/span><\/p><p style=\"text-align: center;\">\u00a0<\/p><p style=\"text-align: center;\"><span style=\"color: #ffffff;\">Vamos a darle agua al domin\u00f3<\/span><\/p><p style=\"text-align: center;\"><span style=\"color: #ffffff;\">Tuti ya t\u00fa sabes qui\u00e9n soy yo<\/span><\/p><p style=\"text-align: center;\"><span style=\"color: #ffffff;\">Vamos a darle agua al domin\u00f3<\/span><\/p><p style=\"text-align: center;\"><span style=\"color: #ffffff;\">Que esa talla tuya no sirvi\u00f3<\/span><\/p><p style=\"text-align: center;\"><span style=\"color: #ffffff;\">Vamos a darle agua al domin\u00f3<\/span><\/p><p style=\"text-align: center;\"><span style=\"color: #ffffff;\">Tuti ya t\u00fa sabes qui\u00e9n soy yo<\/span><\/p><p style=\"text-align: center;\"><span style=\"color: #ffffff;\">Vamos a darle agua al domin\u00f3<\/span><\/p><p style=\"text-align: center;\"><span style=\"color: #ffffff;\">Que esa talla tuya no sirvi\u00f3<\/span><\/p><p style=\"text-align: center;\">\u00a0<\/p><p style=\"text-align: center;\"><span style=\"color: #ffffff;\">Lo que la gente no sabe que t\u00fa no haces na\u00b4<\/span><\/p><p style=\"text-align: center;\"><span style=\"color: #ffffff;\">Que t\u00fa no haces na\u00b4, que no hace na\u00b4<\/span><\/p><p style=\"text-align: center;\"><span style=\"color: #ffffff;\">Que en la discoteca t\u00fa la tiras buena<\/span><\/p><p style=\"text-align: center;\"><span style=\"color: #ffffff;\">Pero en la cama t\u00fa no haces na\u00b4<\/span><\/p><p style=\"text-align: center;\">\u00a0<\/p><p style=\"text-align: center;\"><span style=\"color: #ffffff;\">Andamos con la bendici\u00f3n de orula<\/span><\/p><p style=\"text-align: center;\"><span style=\"color: #ffffff;\">Eso me lo dijo mi padrino<\/span><\/p><p style=\"text-align: center;\"><span style=\"color: #ffffff;\">En esta talla somos unos samuray<\/span><\/p><p style=\"text-align: center;\"><span style=\"color: #ffffff;\">Que nos hemos vuelto unos asesinos<\/span><\/p><p style=\"text-align: center;\">\u00a0<\/p><p style=\"text-align: center;\"><span style=\"color: #ffffff;\">A m\u00ed me gusta c\u00f3mo te meneas<\/span><\/p><p style=\"text-align: center;\"><span style=\"color: #ffffff;\">Como mueve la batea<\/span><\/p><p style=\"text-align: center;\"><span style=\"color: #ffffff;\">Pero en la cama no es lo mismo<\/span><\/p><p style=\"text-align: center;\"><span style=\"color: #ffffff;\">T\u00fa baila pero no chirrea<\/span><\/p><p style=\"text-align: center;\"><span style=\"color: #ffffff;\">Me gusta c\u00f3mo te menea<\/span><\/p><p style=\"text-align: center;\"><span style=\"color: #ffffff;\">Como mueve la batea<\/span><\/p><p style=\"text-align: center;\"><span style=\"color: #ffffff;\">Pero en la cama no es lo mismo<\/span><\/p><p style=\"text-align: center;\"><span style=\"color: #ffffff;\">T\u00fa baila pero no chirrea<\/span><\/p><p style=\"text-align: center;\">\u00a0<\/p><p style=\"text-align: center;\"><span style=\"color: #ffffff;\">Vamos a darle agua al domin\u00f3<\/span><\/p><p style=\"text-align: center;\"><span style=\"color: #ffffff;\">Tuti ya t\u00fa sabes qui\u00e9n soy yo<\/span><\/p><p style=\"text-align: center;\"><span style=\"color: #ffffff;\">Vamos a darle agua al domin\u00f3<\/span><\/p><p style=\"text-align: center;\"><span style=\"color: #ffffff;\">Que esa talla tuya no sirvi\u00f3<\/span><\/p><p style=\"text-align: center;\"><span style=\"color: #ffffff;\">Vamos a darle agua al domin\u00f3<\/span><\/p><p style=\"text-align: center;\"><span style=\"color: #ffffff;\">Tuti ya t\u00fa sabes qui\u00e9n soy yo<\/span><\/p><p style=\"text-align: center;\"><span style=\"color: #ffffff;\">Vamos a darle agua al domin\u00f3<\/span><\/p><p style=\"text-align: center;\"><span style=\"color: #ffffff;\">Que esa talla tuya no sirvi\u00f3<\/span><\/p><\/div>\t\t\t\t\t<\/div>\n\t\t\t\t\t\t<\/div>\n\t\t\t\t<\/div>\n\t\t\t\t\t\t<\/div>\n\t\t\t\t\t<\/div>\n\t\t<\/div>\n\t\t\t\t\t\t\t\t<\/div>\n\t\t\t\t\t<\/div>\n\t\t<\/section>\n\t\t\t\t\t\t<\/div>\n\t\t\t\t\t\t<\/div>\n\t\t\t\t\t<\/div>\n\t\t","protected":false},"excerpt":{"rendered":"<p>SPOTIFY APPLE MUSIC DEEZER AMAZON MUSIC Veo que est\u00e1s que t\u00fa no descansas T\u00fa quieres estar arriba de la barra Pasa tiempo de salir de party T\u00fa quieres enfermarme a mi \u00a0 A m\u00ed me gusta c\u00f3mo te meneas Como mueve la batea Pero en la cama no es lo mismo T\u00fa baila pero no.<\/p>\n","protected":false},"author":1,"featured_media":0,"parent":0,"menu_order":0,"comment_status":"closed","ping_status":"closed","template":"","meta":{"footnotes":""},"categories":[42],"tags":[],"class_list":["post-3879","page","type-page","status-publish","hentry","category-testi"],"yoast_head":"<!-- This site is optimized with the Yoast SEO plugin v19.6.1 - https:\/\/yoast.com\/wordpress\/plugins\/seo\/ -->\n<title>No Chirrea - Di Benedetto Productions<\/title>\n<meta name=\"robots\" content=\"index, follow, max-snippet:-1, max-image-preview:large, max-video-preview:-1\" \/>\n<link rel=\"canonical\" href=\"https:\/\/dibenedettoproductions.com\/?page_id=3879\" \/>\n<meta property=\"og:locale\" content=\"it_IT\" \/>\n<meta property=\"og:type\" content=\"article\" \/>\n<meta property=\"og:title\" content=\"No Chirrea - Di Benedetto Productions\" \/>\n<meta property=\"og:description\" content=\"SPOTIFY APPLE MUSIC DEEZER AMAZON MUSIC Veo que est\u00e1s que t\u00fa no descansas T\u00fa quieres estar arriba de la barra Pasa tiempo de salir de party T\u00fa quieres enfermarme a mi \u00a0 A m\u00ed me gusta c\u00f3mo te meneas Como mueve la batea Pero en la cama no es lo mismo T\u00fa baila pero no.\" \/>\n<meta property=\"og:url\" content=\"https:\/\/dibenedettoproductions.com\/?page_id=3879\" \/>\n<meta property=\"og:site_name\" content=\"Di Benedetto Productions\" \/>\n<meta property=\"article:modified_time\" content=\"2021-08-06T07:00:17+00:00\" \/>\n<meta name=\"twitter:card\" content=\"summary_large_image\" \/>\n<meta name=\"twitter:label1\" content=\"Tempo di lettura stimato\" \/>\n\t<meta name=\"twitter:data1\" content=\"2 minuti\" \/>\n<script type=\"application\/ld+json\" class=\"yoast-schema-graph\">{\"@context\":\"https:\/\/schema.org\",\"@graph\":[{\"@type\":\"WebPage\",\"@id\":\"https:\/\/dibenedettoproductions.com\/?page_id=3879\",\"url\":\"https:\/\/dibenedettoproductions.com\/?page_id=3879\",\"name\":\"No Chirrea - Di Benedetto Productions\",\"isPartOf\":{\"@id\":\"https:\/\/dibenedettoproductions.com\/#website\"},\"datePublished\":\"2021-02-24T10:28:25+00:00\",\"dateModified\":\"2021-08-06T07:00:17+00:00\",\"breadcrumb\":{\"@id\":\"https:\/\/dibenedettoproductions.com\/?page_id=3879#breadcrumb\"},\"inLanguage\":\"it-IT\",\"potentialAction\":[{\"@type\":\"ReadAction\",\"target\":[\"https:\/\/dibenedettoproductions.com\/?page_id=3879\"]}]},{\"@type\":\"BreadcrumbList\",\"@id\":\"https:\/\/dibenedettoproductions.com\/?page_id=3879#breadcrumb\",\"itemListElement\":[{\"@type\":\"ListItem\",\"position\":1,\"name\":\"Home\",\"item\":\"https:\/\/dibenedettoproductions.com\/\"},{\"@type\":\"ListItem\",\"position\":2,\"name\":\"No Chirrea\"}]},{\"@type\":\"WebSite\",\"@id\":\"https:\/\/dibenedettoproductions.com\/#website\",\"url\":\"https:\/\/dibenedettoproductions.com\/\",\"name\":\"Di Benedetto Productions\",\"description\":\"\",\"publisher\":{\"@id\":\"https:\/\/dibenedettoproductions.com\/#organization\"},\"potentialAction\":[{\"@type\":\"SearchAction\",\"target\":{\"@type\":\"EntryPoint\",\"urlTemplate\":\"https:\/\/dibenedettoproductions.com\/?s={search_term_string}\"},\"query-input\":\"required name=search_term_string\"}],\"inLanguage\":\"it-IT\"},{\"@type\":\"Organization\",\"@id\":\"https:\/\/dibenedettoproductions.com\/#organization\",\"name\":\"DI BENEDETTO PRODUCTIONS\",\"url\":\"https:\/\/dibenedettoproductions.com\/\",\"sameAs\":[],\"logo\":{\"@type\":\"ImageObject\",\"inLanguage\":\"it-IT\",\"@id\":\"https:\/\/dibenedettoproductions.com\/#\/schema\/logo\/image\/\",\"url\":\"https:\/\/dibenedettoproductions.com\/wp-content\/uploads\/2021\/09\/logo_di_benedetto_productions.jpg\",\"contentUrl\":\"https:\/\/dibenedettoproductions.com\/wp-content\/uploads\/2021\/09\/logo_di_benedetto_productions.jpg\",\"width\":225,\"height\":225,\"caption\":\"DI BENEDETTO PRODUCTIONS\"},\"image\":{\"@id\":\"https:\/\/dibenedettoproductions.com\/#\/schema\/logo\/image\/\"}}]}<\/script>\n<!-- \/ Yoast SEO plugin. -->","yoast_head_json":{"title":"No Chirrea - Di Benedetto Productions","robots":{"index":"index","follow":"follow","max-snippet":"max-snippet:-1","max-image-preview":"max-image-preview:large","max-video-preview":"max-video-preview:-1"},"canonical":"https:\/\/dibenedettoproductions.com\/?page_id=3879","og_locale":"it_IT","og_type":"article","og_title":"No Chirrea - Di Benedetto Productions","og_description":"SPOTIFY APPLE MUSIC DEEZER AMAZON MUSIC Veo que est\u00e1s que t\u00fa no descansas T\u00fa quieres estar arriba de la barra Pasa tiempo de salir de party T\u00fa quieres enfermarme a mi \u00a0 A m\u00ed me gusta c\u00f3mo te meneas Como mueve la batea Pero en la cama no es lo mismo T\u00fa baila pero no.","og_url":"https:\/\/dibenedettoproductions.com\/?page_id=3879","og_site_name":"Di Benedetto Productions","article_modified_time":"2021-08-06T07:00:17+00:00","twitter_card":"summary_large_image","twitter_misc":{"Tempo di lettura stimato":"2 minuti"},"schema":{"@context":"https:\/\/schema.org","@graph":[{"@type":"WebPage","@id":"https:\/\/dibenedettoproductions.com\/?page_id=3879","url":"https:\/\/dibenedettoproductions.com\/?page_id=3879","name":"No Chirrea - Di Benedetto Productions","isPartOf":{"@id":"https:\/\/dibenedettoproductions.com\/#website"},"datePublished":"2021-02-24T10:28:25+00:00","dateModified":"2021-08-06T07:00:17+00:00","breadcrumb":{"@id":"https:\/\/dibenedettoproductions.com\/?page_id=3879#breadcrumb"},"inLanguage":"it-IT","potentialAction":[{"@type":"ReadAction","target":["https:\/\/dibenedettoproductions.com\/?page_id=3879"]}]},{"@type":"BreadcrumbList","@id":"https:\/\/dibenedettoproductions.com\/?page_id=3879#breadcrumb","itemListElement":[{"@type":"ListItem","position":1,"name":"Home","item":"https:\/\/dibenedettoproductions.com\/"},{"@type":"ListItem","position":2,"name":"No Chirrea"}]},{"@type":"WebSite","@id":"https:\/\/dibenedettoproductions.com\/#website","url":"https:\/\/dibenedettoproductions.com\/","name":"Di Benedetto Productions","description":"","publisher":{"@id":"https:\/\/dibenedettoproductions.com\/#organization"},"potentialAction":[{"@type":"SearchAction","target":{"@type":"EntryPoint","urlTemplate":"https:\/\/dibenedettoproductions.com\/?s={search_term_string}"},"query-input":"required name=search_term_string"}],"inLanguage":"it-IT"},{"@type":"Organization","@id":"https:\/\/dibenedettoproductions.com\/#organization","name":"DI BENEDETTO PRODUCTIONS","url":"https:\/\/dibenedettoproductions.com\/","sameAs":[],"logo":{"@type":"ImageObject","inLanguage":"it-IT","@id":"https:\/\/dibenedettoproductions.com\/#\/schema\/logo\/image\/","url":"https:\/\/dibenedettoproductions.com\/wp-content\/uploads\/2021\/09\/logo_di_benedetto_productions.jpg","contentUrl":"https:\/\/dibenedettoproductions.com\/wp-content\/uploads\/2021\/09\/logo_di_benedetto_productions.jpg","width":225,"height":225,"caption":"DI BENEDETTO PRODUCTIONS"},"image":{"@id":"https:\/\/dibenedettoproductions.com\/#\/schema\/logo\/image\/"}}]}},"_links":{"self":[{"href":"https:\/\/dibenedettoproductions.com\/index.php?rest_route=\/wp\/v2\/pages\/3879","targetHints":{"allow":["GET"]}}],"collection":[{"href":"https:\/\/dibenedettoproductions.com\/index.php?rest_route=\/wp\/v2\/pages"}],"about":[{"href":"https:\/\/dibenedettoproductions.com\/index.php?rest_route=\/wp\/v2\/types\/page"}],"author":[{"embeddable":true,"href":"https:\/\/dibenedettoproductions.com\/index.php?rest_route=\/wp\/v2\/users\/1"}],"replies":[{"embeddable":true,"href":"https:\/\/dibenedettoproductions.com\/index.php?rest_route=%2Fwp%2Fv2%2Fcomments&post=3879"}],"version-history":[{"count":7,"href":"https:\/\/dibenedettoproductions.com\/index.php?rest_route=\/wp\/v2\/pages\/3879\/revisions"}],"predecessor-version":[{"id":5812,"href":"https:\/\/dibenedettoproductions.com\/index.php?rest_route=\/wp\/v2\/pages\/3879\/revisions\/5812"}],"wp:attachment":[{"href":"https:\/\/dibenedettoproductions.com\/index.php?rest_route=%2Fwp%2Fv2%2Fmedia&parent=3879"}],"wp:term":[{"taxonomy":"category","embeddable":true,"href":"https:\/\/dibenedettoproductions.com\/index.php?rest_route=%2Fwp%2Fv2%2Fcategories&post=3879"},{"taxonomy":"post_tag","embeddable":true,"href":"https:\/\/dibenedettoproductions.com\/index.php?rest_route=%2Fwp%2Fv2%2Ftags&post=3879"}],"curies":[{"name":"wp","href":"https:\/\/api.w.org\/{rel}","templated":true}]}}