{"id":3871,"date":"2021-02-24T10:03:11","date_gmt":"2021-02-24T10:03:11","guid":{"rendered":"https:\/\/dibenedettoproductions.com\/?page_id=3871"},"modified":"2021-08-06T07:00:02","modified_gmt":"2021-08-06T07:00:02","slug":"nadie-como-tu","status":"publish","type":"page","link":"https:\/\/dibenedettoproductions.com\/?page_id=3871","title":{"rendered":"Nadie Como T\u00fa"},"content":{"rendered":"\t\t<div data-elementor-type=\"wp-page\" data-elementor-id=\"3871\" class=\"elementor elementor-3871\" data-elementor-settings=\"[]\">\n\t\t\t\t\t\t<div class=\"elementor-inner\">\n\t\t\t\t\t\t\t<div class=\"elementor-section-wrap\">\n\t\t\t\t\t\t\t<section class=\"elementor-section elementor-top-section elementor-element elementor-element-dee0302 elementor-section-stretched elementor-section-boxed elementor-section-height-default elementor-section-height-default\" data-id=\"dee0302\" data-element_type=\"section\" data-settings=\"{&quot;stretch_section&quot;:&quot;section-stretched&quot;,&quot;background_background&quot;:&quot;classic&quot;}\">\n\t\t\t\t\t\t<div class=\"elementor-container elementor-column-gap-default\">\n\t\t\t\t\t\t\t<div class=\"elementor-row\">\n\t\t\t\t\t<div class=\"elementor-column elementor-col-25 elementor-top-column elementor-element elementor-element-65e8c0d\" data-id=\"65e8c0d\" data-element_type=\"column\">\n\t\t\t<div class=\"elementor-column-wrap elementor-element-populated\">\n\t\t\t\t\t\t\t<div class=\"elementor-widget-wrap\">\n\t\t\t\t\t\t<div class=\"elementor-element elementor-element-fc661a8 elementor-align-center elementor-widget elementor-widget-button\" data-id=\"fc661a8\" data-element_type=\"widget\" data-widget_type=\"button.default\">\n\t\t\t\t<div class=\"elementor-widget-container\">\n\t\t\t\t\t<div class=\"elementor-button-wrapper\">\n\t\t\t<a href=\"https:\/\/open.spotify.com\/track\/5BYa2oekvAWF1S5owTGRam?si=c2HYgF6HQci9PasC4WklJg%20\" class=\"elementor-button-link elementor-button elementor-size-sm\" role=\"button\">\n\t\t\t\t\t\t<span class=\"elementor-button-content-wrapper\">\n\t\t\t\t\t\t<span class=\"elementor-button-text\">SPOTIFY<\/span>\n\t\t<\/span>\n\t\t\t\t\t<\/a>\n\t\t<\/div>\n\t\t\t\t<\/div>\n\t\t\t\t<\/div>\n\t\t\t\t\t\t<\/div>\n\t\t\t\t\t<\/div>\n\t\t<\/div>\n\t\t\t\t<div class=\"elementor-column elementor-col-25 elementor-top-column elementor-element elementor-element-0871bf2\" data-id=\"0871bf2\" data-element_type=\"column\">\n\t\t\t<div class=\"elementor-column-wrap elementor-element-populated\">\n\t\t\t\t\t\t\t<div class=\"elementor-widget-wrap\">\n\t\t\t\t\t\t<div class=\"elementor-element elementor-element-7c8ddf1 elementor-align-center elementor-widget elementor-widget-button\" data-id=\"7c8ddf1\" data-element_type=\"widget\" data-widget_type=\"button.default\">\n\t\t\t\t<div class=\"elementor-widget-container\">\n\t\t\t\t\t<div class=\"elementor-button-wrapper\">\n\t\t\t<a href=\"https:\/\/music.apple.com\/us\/album\/nadie-como-tu\/1453403908?i=1453403909%20\" class=\"elementor-button-link elementor-button elementor-size-sm\" role=\"button\">\n\t\t\t\t\t\t<span class=\"elementor-button-content-wrapper\">\n\t\t\t\t\t\t<span class=\"elementor-button-text\">APPLE MUSIC<\/span>\n\t\t<\/span>\n\t\t\t\t\t<\/a>\n\t\t<\/div>\n\t\t\t\t<\/div>\n\t\t\t\t<\/div>\n\t\t\t\t\t\t<\/div>\n\t\t\t\t\t<\/div>\n\t\t<\/div>\n\t\t\t\t<div class=\"elementor-column elementor-col-25 elementor-top-column elementor-element elementor-element-4aa05c7\" data-id=\"4aa05c7\" data-element_type=\"column\">\n\t\t\t<div class=\"elementor-column-wrap elementor-element-populated\">\n\t\t\t\t\t\t\t<div class=\"elementor-widget-wrap\">\n\t\t\t\t\t\t<div class=\"elementor-element elementor-element-b55b8f0 elementor-align-center elementor-widget elementor-widget-button\" data-id=\"b55b8f0\" data-element_type=\"widget\" data-widget_type=\"button.default\">\n\t\t\t\t<div class=\"elementor-widget-container\">\n\t\t\t\t\t<div class=\"elementor-button-wrapper\">\n\t\t\t<a href=\"https:\/\/deezer.page.link\/recYYmRBZR5ho5BV7%20\" class=\"elementor-button-link elementor-button elementor-size-sm\" role=\"button\">\n\t\t\t\t\t\t<span class=\"elementor-button-content-wrapper\">\n\t\t\t\t\t\t<span class=\"elementor-button-text\">DEEZER<\/span>\n\t\t<\/span>\n\t\t\t\t\t<\/a>\n\t\t<\/div>\n\t\t\t\t<\/div>\n\t\t\t\t<\/div>\n\t\t\t\t\t\t<\/div>\n\t\t\t\t\t<\/div>\n\t\t<\/div>\n\t\t\t\t<div class=\"elementor-column elementor-col-25 elementor-top-column elementor-element elementor-element-a051a6b\" data-id=\"a051a6b\" data-element_type=\"column\">\n\t\t\t<div class=\"elementor-column-wrap elementor-element-populated\">\n\t\t\t\t\t\t\t<div class=\"elementor-widget-wrap\">\n\t\t\t\t\t\t<div class=\"elementor-element elementor-element-de58cf9 elementor-align-center elementor-widget elementor-widget-button\" data-id=\"de58cf9\" data-element_type=\"widget\" data-widget_type=\"button.default\">\n\t\t\t\t<div class=\"elementor-widget-container\">\n\t\t\t\t\t<div class=\"elementor-button-wrapper\">\n\t\t\t<a href=\"https:\/\/music.amazon.com\/albums\/B07PKVBKQ3?trackAsin=B07PK5SMZG&#038;ref=dm_sh_bab5-80f9-dmcp-40ae-078b7&#038;musicTerritory=US&#038;marketplaceId=ATVPDKIKX0DER\" class=\"elementor-button-link elementor-button elementor-size-sm\" role=\"button\">\n\t\t\t\t\t\t<span class=\"elementor-button-content-wrapper\">\n\t\t\t\t\t\t<span class=\"elementor-button-text\">AMAZON MUSIC<\/span>\n\t\t<\/span>\n\t\t\t\t\t<\/a>\n\t\t<\/div>\n\t\t\t\t<\/div>\n\t\t\t\t<\/div>\n\t\t\t\t\t\t<\/div>\n\t\t\t\t\t<\/div>\n\t\t<\/div>\n\t\t\t\t\t\t\t\t<\/div>\n\t\t\t\t\t<\/div>\n\t\t<\/section>\n\t\t\t\t<section class=\"elementor-section elementor-top-section elementor-element elementor-element-d4af652 elementor-section-stretched elementor-section-boxed elementor-section-height-default elementor-section-height-default\" data-id=\"d4af652\" data-element_type=\"section\" data-settings=\"{&quot;stretch_section&quot;:&quot;section-stretched&quot;,&quot;background_background&quot;:&quot;classic&quot;}\">\n\t\t\t\t\t\t<div class=\"elementor-container elementor-column-gap-default\">\n\t\t\t\t\t\t\t<div class=\"elementor-row\">\n\t\t\t\t\t<div class=\"elementor-column elementor-col-100 elementor-top-column elementor-element elementor-element-92b4b7b\" data-id=\"92b4b7b\" data-element_type=\"column\">\n\t\t\t<div class=\"elementor-column-wrap elementor-element-populated\">\n\t\t\t\t\t\t\t<div class=\"elementor-widget-wrap\">\n\t\t\t\t\t\t<div class=\"elementor-element elementor-element-555fb62 elementor-widget elementor-widget-text-editor\" data-id=\"555fb62\" data-element_type=\"widget\" data-widget_type=\"text-editor.default\">\n\t\t\t\t<div class=\"elementor-widget-container\">\n\t\t\t\t\t\t\t\t<div class=\"elementor-text-editor elementor-clearfix\">\n\t\t\t\t<div><p style=\"text-align: center;\"><span style=\"color: #ffffff;\">Eie oo oo franky boy y Benedetto Production ma<\/span><\/p><p style=\"text-align: center;\"><span style=\"color: #ffffff;\">Esta es otra noche m\u00e1s en que vuelvo a pensarte<\/span><\/p><p style=\"text-align: center;\"><span style=\"color: #ffffff;\">Env\u00edame tu location y pas\u00f3 a buscarte<\/span><\/p><p style=\"text-align: center;\"><span style=\"color: #ffffff;\">Esta es otra noche m\u00e1s en la que \u00e9l no te complace<\/span><\/p><p style=\"text-align: center;\"><span style=\"color: #ffffff;\">Yo s\u00e9 que eres su joya pero hoy voy a robarte<\/span><\/p><p style=\"text-align: center;\"><span style=\"color: #ffffff;\">Y es que nadie es como t\u00fa nadie es como t\u00fa en mi cama<\/span><\/p><p style=\"text-align: center;\"><span style=\"color: #ffffff;\">Nadie me besa con tantas ganas<\/span><\/p><p style=\"text-align: center;\"><span style=\"color: #ffffff;\">Nadie es como t\u00fa nadie es como t\u00fa en mi cama<\/span><\/p><p style=\"text-align: center;\"><span style=\"color: #ffffff;\">Nadie me besa con tantas ganas<\/span><\/p><p style=\"text-align: center;\"><span style=\"color: #ffffff;\">Ni aunque pas\u00e9 mucho el tiempo yo a ti te olvido<\/span><\/p><p style=\"text-align: center;\"><span style=\"color: #ffffff;\">Te juro que me desespera que no est\u00e9s conmigo<\/span><\/p><p style=\"text-align: center;\"><span style=\"color: #ffffff;\">Las noches son vac\u00edas si no est\u00e1s nadie como yo nunca te va a amar<\/span><\/p><p style=\"text-align: center;\"><span style=\"color: #ffffff;\">Y se me hace dif\u00edcil muy dif\u00edcil<\/span><\/p><p style=\"text-align: center;\"><span style=\"color: #ffffff;\">Dale ven conmigo solamente ton ici<\/span><\/p><p style=\"text-align: center;\"><span style=\"color: #ffffff;\">Sabes que naciste para m\u00ed y por eso es que te vuelvo a decir<\/span><\/p><p style=\"text-align: center;\"><span style=\"color: #ffffff;\">Y es que nadie es como t\u00fa nadie es como t\u00fa en mi cama<\/span><\/p><p style=\"text-align: center;\"><span style=\"color: #ffffff;\">Nadie me besa con tantas ganas<\/span><\/p><p style=\"text-align: center;\"><span style=\"color: #ffffff;\">Nadie es como t\u00fa nadie es como t\u00fa en mi cama<\/span><\/p><p style=\"text-align: center;\"><span style=\"color: #ffffff;\">Nadie me besa con tantas ganas<\/span><\/p><p style=\"text-align: center;\"><span style=\"color: #ffffff;\">Esta es otra noche m\u00e1s en que vuelvo a pensarte<\/span><\/p><p style=\"text-align: center;\"><span style=\"color: #ffffff;\">Env\u00edame tu location y pas\u00f3 a buscarte<\/span><\/p><p style=\"text-align: center;\"><span style=\"color: #ffffff;\">Esta es otra noche m\u00e1s en la que \u00e9l no te complace<\/span><\/p><p style=\"text-align: center;\"><span style=\"color: #ffffff;\">Yo s\u00e9 que eres su joya pero hoy voy a robarte<\/span><\/p><p style=\"text-align: center;\"><span style=\"color: #ffffff;\">Y es que nadie es como t\u00fa nadie es como t\u00fa en mi cama<\/span><\/p><p style=\"text-align: center;\"><span style=\"color: #ffffff;\">Nadie me besa con tantas ganas<\/span><\/p><p style=\"text-align: center;\"><span style=\"color: #ffffff;\">Nadie es como t\u00fa nadie es como t\u00fa en mi cama<\/span><\/p><p style=\"text-align: center;\"><span style=\"color: #ffffff;\">Nadie me besa con tantas ganas<\/span><\/p><p style=\"text-align: center;\"><span style=\"color: #ffffff;\">Y Benedetto Production frankie boy la far\u00e1ndula italiana<\/span><\/p><p style=\"text-align: center;\"><span style=\"color: #ffffff;\">Nicola de bary Enzo la melod\u00eda secreta<\/span><\/p><\/div>\t\t\t\t\t<\/div>\n\t\t\t\t\t\t<\/div>\n\t\t\t\t<\/div>\n\t\t\t\t\t\t<\/div>\n\t\t\t\t\t<\/div>\n\t\t<\/div>\n\t\t\t\t\t\t\t\t<\/div>\n\t\t\t\t\t<\/div>\n\t\t<\/section>\n\t\t\t\t\t\t<\/div>\n\t\t\t\t\t\t<\/div>\n\t\t\t\t\t<\/div>\n\t\t","protected":false},"excerpt":{"rendered":"<p>SPOTIFY APPLE MUSIC DEEZER AMAZON MUSIC Eie oo oo franky boy y Benedetto Production ma Esta es otra noche m\u00e1s en que vuelvo a pensarte Env\u00edame tu location y pas\u00f3 a buscarte Esta es otra noche m\u00e1s en la que \u00e9l no te complace Yo s\u00e9 que eres su joya pero hoy voy a robarte.<\/p>\n","protected":false},"author":1,"featured_media":0,"parent":0,"menu_order":0,"comment_status":"closed","ping_status":"closed","template":"","meta":{"footnotes":""},"categories":[42],"tags":[],"class_list":["post-3871","page","type-page","status-publish","hentry","category-testi"],"yoast_head":"<!-- This site is optimized with the Yoast SEO plugin v19.6.1 - https:\/\/yoast.com\/wordpress\/plugins\/seo\/ -->\n<title>Nadie Como T\u00fa - Di Benedetto Productions<\/title>\n<meta name=\"robots\" content=\"index, follow, max-snippet:-1, max-image-preview:large, max-video-preview:-1\" \/>\n<link rel=\"canonical\" href=\"https:\/\/dibenedettoproductions.com\/?page_id=3871\" \/>\n<meta property=\"og:locale\" content=\"it_IT\" \/>\n<meta property=\"og:type\" content=\"article\" \/>\n<meta property=\"og:title\" content=\"Nadie Como T\u00fa - Di Benedetto Productions\" \/>\n<meta property=\"og:description\" content=\"SPOTIFY APPLE MUSIC DEEZER AMAZON MUSIC Eie oo oo franky boy y Benedetto Production ma Esta es otra noche m\u00e1s en que vuelvo a pensarte Env\u00edame tu location y pas\u00f3 a buscarte Esta es otra noche m\u00e1s en la que \u00e9l no te complace Yo s\u00e9 que eres su joya pero hoy voy a robarte.\" \/>\n<meta property=\"og:url\" content=\"https:\/\/dibenedettoproductions.com\/?page_id=3871\" \/>\n<meta property=\"og:site_name\" content=\"Di Benedetto Productions\" \/>\n<meta property=\"article:modified_time\" content=\"2021-08-06T07:00:02+00:00\" \/>\n<meta name=\"twitter:card\" content=\"summary_large_image\" \/>\n<meta name=\"twitter:label1\" content=\"Tempo di lettura stimato\" \/>\n\t<meta name=\"twitter:data1\" content=\"1 minuto\" \/>\n<script type=\"application\/ld+json\" class=\"yoast-schema-graph\">{\"@context\":\"https:\/\/schema.org\",\"@graph\":[{\"@type\":\"WebPage\",\"@id\":\"https:\/\/dibenedettoproductions.com\/?page_id=3871\",\"url\":\"https:\/\/dibenedettoproductions.com\/?page_id=3871\",\"name\":\"Nadie Como T\u00fa - Di Benedetto Productions\",\"isPartOf\":{\"@id\":\"https:\/\/dibenedettoproductions.com\/#website\"},\"datePublished\":\"2021-02-24T10:03:11+00:00\",\"dateModified\":\"2021-08-06T07:00:02+00:00\",\"breadcrumb\":{\"@id\":\"https:\/\/dibenedettoproductions.com\/?page_id=3871#breadcrumb\"},\"inLanguage\":\"it-IT\",\"potentialAction\":[{\"@type\":\"ReadAction\",\"target\":[\"https:\/\/dibenedettoproductions.com\/?page_id=3871\"]}]},{\"@type\":\"BreadcrumbList\",\"@id\":\"https:\/\/dibenedettoproductions.com\/?page_id=3871#breadcrumb\",\"itemListElement\":[{\"@type\":\"ListItem\",\"position\":1,\"name\":\"Home\",\"item\":\"https:\/\/dibenedettoproductions.com\/\"},{\"@type\":\"ListItem\",\"position\":2,\"name\":\"Nadie Como T\u00fa\"}]},{\"@type\":\"WebSite\",\"@id\":\"https:\/\/dibenedettoproductions.com\/#website\",\"url\":\"https:\/\/dibenedettoproductions.com\/\",\"name\":\"Di Benedetto Productions\",\"description\":\"\",\"publisher\":{\"@id\":\"https:\/\/dibenedettoproductions.com\/#organization\"},\"potentialAction\":[{\"@type\":\"SearchAction\",\"target\":{\"@type\":\"EntryPoint\",\"urlTemplate\":\"https:\/\/dibenedettoproductions.com\/?s={search_term_string}\"},\"query-input\":\"required name=search_term_string\"}],\"inLanguage\":\"it-IT\"},{\"@type\":\"Organization\",\"@id\":\"https:\/\/dibenedettoproductions.com\/#organization\",\"name\":\"DI BENEDETTO PRODUCTIONS\",\"url\":\"https:\/\/dibenedettoproductions.com\/\",\"sameAs\":[],\"logo\":{\"@type\":\"ImageObject\",\"inLanguage\":\"it-IT\",\"@id\":\"https:\/\/dibenedettoproductions.com\/#\/schema\/logo\/image\/\",\"url\":\"https:\/\/dibenedettoproductions.com\/wp-content\/uploads\/2021\/09\/logo_di_benedetto_productions.jpg\",\"contentUrl\":\"https:\/\/dibenedettoproductions.com\/wp-content\/uploads\/2021\/09\/logo_di_benedetto_productions.jpg\",\"width\":225,\"height\":225,\"caption\":\"DI BENEDETTO PRODUCTIONS\"},\"image\":{\"@id\":\"https:\/\/dibenedettoproductions.com\/#\/schema\/logo\/image\/\"}}]}<\/script>\n<!-- \/ Yoast SEO plugin. -->","yoast_head_json":{"title":"Nadie Como T\u00fa - Di Benedetto Productions","robots":{"index":"index","follow":"follow","max-snippet":"max-snippet:-1","max-image-preview":"max-image-preview:large","max-video-preview":"max-video-preview:-1"},"canonical":"https:\/\/dibenedettoproductions.com\/?page_id=3871","og_locale":"it_IT","og_type":"article","og_title":"Nadie Como T\u00fa - Di Benedetto Productions","og_description":"SPOTIFY APPLE MUSIC DEEZER AMAZON MUSIC Eie oo oo franky boy y Benedetto Production ma Esta es otra noche m\u00e1s en que vuelvo a pensarte Env\u00edame tu location y pas\u00f3 a buscarte Esta es otra noche m\u00e1s en la que \u00e9l no te complace Yo s\u00e9 que eres su joya pero hoy voy a robarte.","og_url":"https:\/\/dibenedettoproductions.com\/?page_id=3871","og_site_name":"Di Benedetto Productions","article_modified_time":"2021-08-06T07:00:02+00:00","twitter_card":"summary_large_image","twitter_misc":{"Tempo di lettura stimato":"1 minuto"},"schema":{"@context":"https:\/\/schema.org","@graph":[{"@type":"WebPage","@id":"https:\/\/dibenedettoproductions.com\/?page_id=3871","url":"https:\/\/dibenedettoproductions.com\/?page_id=3871","name":"Nadie Como T\u00fa - Di Benedetto Productions","isPartOf":{"@id":"https:\/\/dibenedettoproductions.com\/#website"},"datePublished":"2021-02-24T10:03:11+00:00","dateModified":"2021-08-06T07:00:02+00:00","breadcrumb":{"@id":"https:\/\/dibenedettoproductions.com\/?page_id=3871#breadcrumb"},"inLanguage":"it-IT","potentialAction":[{"@type":"ReadAction","target":["https:\/\/dibenedettoproductions.com\/?page_id=3871"]}]},{"@type":"BreadcrumbList","@id":"https:\/\/dibenedettoproductions.com\/?page_id=3871#breadcrumb","itemListElement":[{"@type":"ListItem","position":1,"name":"Home","item":"https:\/\/dibenedettoproductions.com\/"},{"@type":"ListItem","position":2,"name":"Nadie Como T\u00fa"}]},{"@type":"WebSite","@id":"https:\/\/dibenedettoproductions.com\/#website","url":"https:\/\/dibenedettoproductions.com\/","name":"Di Benedetto Productions","description":"","publisher":{"@id":"https:\/\/dibenedettoproductions.com\/#organization"},"potentialAction":[{"@type":"SearchAction","target":{"@type":"EntryPoint","urlTemplate":"https:\/\/dibenedettoproductions.com\/?s={search_term_string}"},"query-input":"required name=search_term_string"}],"inLanguage":"it-IT"},{"@type":"Organization","@id":"https:\/\/dibenedettoproductions.com\/#organization","name":"DI BENEDETTO PRODUCTIONS","url":"https:\/\/dibenedettoproductions.com\/","sameAs":[],"logo":{"@type":"ImageObject","inLanguage":"it-IT","@id":"https:\/\/dibenedettoproductions.com\/#\/schema\/logo\/image\/","url":"https:\/\/dibenedettoproductions.com\/wp-content\/uploads\/2021\/09\/logo_di_benedetto_productions.jpg","contentUrl":"https:\/\/dibenedettoproductions.com\/wp-content\/uploads\/2021\/09\/logo_di_benedetto_productions.jpg","width":225,"height":225,"caption":"DI BENEDETTO PRODUCTIONS"},"image":{"@id":"https:\/\/dibenedettoproductions.com\/#\/schema\/logo\/image\/"}}]}},"_links":{"self":[{"href":"https:\/\/dibenedettoproductions.com\/index.php?rest_route=\/wp\/v2\/pages\/3871","targetHints":{"allow":["GET"]}}],"collection":[{"href":"https:\/\/dibenedettoproductions.com\/index.php?rest_route=\/wp\/v2\/pages"}],"about":[{"href":"https:\/\/dibenedettoproductions.com\/index.php?rest_route=\/wp\/v2\/types\/page"}],"author":[{"embeddable":true,"href":"https:\/\/dibenedettoproductions.com\/index.php?rest_route=\/wp\/v2\/users\/1"}],"replies":[{"embeddable":true,"href":"https:\/\/dibenedettoproductions.com\/index.php?rest_route=%2Fwp%2Fv2%2Fcomments&post=3871"}],"version-history":[{"count":7,"href":"https:\/\/dibenedettoproductions.com\/index.php?rest_route=\/wp\/v2\/pages\/3871\/revisions"}],"predecessor-version":[{"id":5806,"href":"https:\/\/dibenedettoproductions.com\/index.php?rest_route=\/wp\/v2\/pages\/3871\/revisions\/5806"}],"wp:attachment":[{"href":"https:\/\/dibenedettoproductions.com\/index.php?rest_route=%2Fwp%2Fv2%2Fmedia&parent=3871"}],"wp:term":[{"taxonomy":"category","embeddable":true,"href":"https:\/\/dibenedettoproductions.com\/index.php?rest_route=%2Fwp%2Fv2%2Fcategories&post=3871"},{"taxonomy":"post_tag","embeddable":true,"href":"https:\/\/dibenedettoproductions.com\/index.php?rest_route=%2Fwp%2Fv2%2Ftags&post=3871"}],"curies":[{"name":"wp","href":"https:\/\/api.w.org\/{rel}","templated":true}]}}