{"id":3836,"date":"2021-02-24T09:20:05","date_gmt":"2021-02-24T09:20:05","guid":{"rendered":"https:\/\/dibenedettoproductions.com\/?page_id=3836"},"modified":"2021-08-05T15:19:38","modified_gmt":"2021-08-05T15:19:38","slug":"mi-necesidad","status":"publish","type":"page","link":"https:\/\/dibenedettoproductions.com\/?page_id=3836","title":{"rendered":"Mi Necesidad"},"content":{"rendered":"\t\t<div data-elementor-type=\"wp-page\" data-elementor-id=\"3836\" class=\"elementor elementor-3836\" data-elementor-settings=\"[]\">\n\t\t\t\t\t\t<div class=\"elementor-inner\">\n\t\t\t\t\t\t\t<div class=\"elementor-section-wrap\">\n\t\t\t\t\t\t\t<section class=\"elementor-section elementor-top-section elementor-element elementor-element-192aba5 elementor-section-stretched elementor-section-boxed elementor-section-height-default elementor-section-height-default\" data-id=\"192aba5\" data-element_type=\"section\" data-settings=\"{&quot;stretch_section&quot;:&quot;section-stretched&quot;,&quot;background_background&quot;:&quot;classic&quot;}\">\n\t\t\t\t\t\t<div class=\"elementor-container elementor-column-gap-default\">\n\t\t\t\t\t\t\t<div class=\"elementor-row\">\n\t\t\t\t\t<div class=\"elementor-column elementor-col-25 elementor-top-column elementor-element elementor-element-cb37134\" data-id=\"cb37134\" data-element_type=\"column\">\n\t\t\t<div class=\"elementor-column-wrap elementor-element-populated\">\n\t\t\t\t\t\t\t<div class=\"elementor-widget-wrap\">\n\t\t\t\t\t\t<div class=\"elementor-element elementor-element-6447076 elementor-align-center elementor-widget elementor-widget-button\" data-id=\"6447076\" data-element_type=\"widget\" data-widget_type=\"button.default\">\n\t\t\t\t<div class=\"elementor-widget-container\">\n\t\t\t\t\t<div class=\"elementor-button-wrapper\">\n\t\t\t<a href=\"https:\/\/open.spotify.com\/track\/65TrQZ7o7M4GxDhCdpn42Z?si=ULCLFxyoTxWMA2bu7byOQw\" class=\"elementor-button-link elementor-button elementor-size-sm\" role=\"button\">\n\t\t\t\t\t\t<span class=\"elementor-button-content-wrapper\">\n\t\t\t\t\t\t<span class=\"elementor-button-text\">SPOTIFY<\/span>\n\t\t<\/span>\n\t\t\t\t\t<\/a>\n\t\t<\/div>\n\t\t\t\t<\/div>\n\t\t\t\t<\/div>\n\t\t\t\t\t\t<\/div>\n\t\t\t\t\t<\/div>\n\t\t<\/div>\n\t\t\t\t<div class=\"elementor-column elementor-col-25 elementor-top-column elementor-element elementor-element-9bdef26\" data-id=\"9bdef26\" data-element_type=\"column\">\n\t\t\t<div class=\"elementor-column-wrap elementor-element-populated\">\n\t\t\t\t\t\t\t<div class=\"elementor-widget-wrap\">\n\t\t\t\t\t\t<div class=\"elementor-element elementor-element-052799f elementor-align-center elementor-widget elementor-widget-button\" data-id=\"052799f\" data-element_type=\"widget\" data-widget_type=\"button.default\">\n\t\t\t\t<div class=\"elementor-widget-container\">\n\t\t\t\t\t<div class=\"elementor-button-wrapper\">\n\t\t\t<a href=\"https:\/\/music.apple.com\/us\/album\/mi-necesidad\/1359094606?i=1359094608%20\" class=\"elementor-button-link elementor-button elementor-size-sm\" role=\"button\">\n\t\t\t\t\t\t<span class=\"elementor-button-content-wrapper\">\n\t\t\t\t\t\t<span class=\"elementor-button-text\">APPLE MUSIC<\/span>\n\t\t<\/span>\n\t\t\t\t\t<\/a>\n\t\t<\/div>\n\t\t\t\t<\/div>\n\t\t\t\t<\/div>\n\t\t\t\t\t\t<\/div>\n\t\t\t\t\t<\/div>\n\t\t<\/div>\n\t\t\t\t<div class=\"elementor-column elementor-col-25 elementor-top-column elementor-element elementor-element-3061cd5\" data-id=\"3061cd5\" data-element_type=\"column\">\n\t\t\t<div class=\"elementor-column-wrap elementor-element-populated\">\n\t\t\t\t\t\t\t<div class=\"elementor-widget-wrap\">\n\t\t\t\t\t\t<div class=\"elementor-element elementor-element-5e4a0cd elementor-align-center elementor-widget elementor-widget-button\" data-id=\"5e4a0cd\" data-element_type=\"widget\" data-widget_type=\"button.default\">\n\t\t\t\t<div class=\"elementor-widget-container\">\n\t\t\t\t\t<div class=\"elementor-button-wrapper\">\n\t\t\t<a href=\"https:\/\/deezer.page.link\/RY9HgCXSD7W3bpe49%20\" class=\"elementor-button-link elementor-button elementor-size-sm\" role=\"button\">\n\t\t\t\t\t\t<span class=\"elementor-button-content-wrapper\">\n\t\t\t\t\t\t<span class=\"elementor-button-text\">DEEZER<\/span>\n\t\t<\/span>\n\t\t\t\t\t<\/a>\n\t\t<\/div>\n\t\t\t\t<\/div>\n\t\t\t\t<\/div>\n\t\t\t\t\t\t<\/div>\n\t\t\t\t\t<\/div>\n\t\t<\/div>\n\t\t\t\t<div class=\"elementor-column elementor-col-25 elementor-top-column elementor-element elementor-element-7928be2\" data-id=\"7928be2\" data-element_type=\"column\">\n\t\t\t<div class=\"elementor-column-wrap elementor-element-populated\">\n\t\t\t\t\t\t\t<div class=\"elementor-widget-wrap\">\n\t\t\t\t\t\t<div class=\"elementor-element elementor-element-b584a92 elementor-align-center elementor-widget elementor-widget-button\" data-id=\"b584a92\" data-element_type=\"widget\" data-widget_type=\"button.default\">\n\t\t\t\t<div class=\"elementor-widget-container\">\n\t\t\t\t\t<div class=\"elementor-button-wrapper\">\n\t\t\t<a href=\"https:\/\/music.amazon.com\/albums\/B07TDM7NJN?trackAsin=B07TCHJP2K&#038;ref=dm_sh_829d-f871-dmcp-88e4-390e0&#038;musicTerritory=US&#038;marketplaceId=ATVPDKIKX0DER%20\" class=\"elementor-button-link elementor-button elementor-size-sm\" role=\"button\">\n\t\t\t\t\t\t<span class=\"elementor-button-content-wrapper\">\n\t\t\t\t\t\t<span class=\"elementor-button-text\">AMAZON MUSIC<\/span>\n\t\t<\/span>\n\t\t\t\t\t<\/a>\n\t\t<\/div>\n\t\t\t\t<\/div>\n\t\t\t\t<\/div>\n\t\t\t\t\t\t<\/div>\n\t\t\t\t\t<\/div>\n\t\t<\/div>\n\t\t\t\t\t\t\t\t<\/div>\n\t\t\t\t\t<\/div>\n\t\t<\/section>\n\t\t\t\t<section class=\"elementor-section elementor-top-section elementor-element elementor-element-2ad0d80 elementor-section-stretched elementor-section-boxed elementor-section-height-default elementor-section-height-default\" data-id=\"2ad0d80\" data-element_type=\"section\" data-settings=\"{&quot;stretch_section&quot;:&quot;section-stretched&quot;,&quot;background_background&quot;:&quot;classic&quot;}\">\n\t\t\t\t\t\t<div class=\"elementor-container elementor-column-gap-default\">\n\t\t\t\t\t\t\t<div class=\"elementor-row\">\n\t\t\t\t\t<div class=\"elementor-column elementor-col-100 elementor-top-column elementor-element elementor-element-ec4346b\" data-id=\"ec4346b\" data-element_type=\"column\">\n\t\t\t<div class=\"elementor-column-wrap elementor-element-populated\">\n\t\t\t\t\t\t\t<div class=\"elementor-widget-wrap\">\n\t\t\t\t\t\t<div class=\"elementor-element elementor-element-68e3455 elementor-widget elementor-widget-text-editor\" data-id=\"68e3455\" data-element_type=\"widget\" data-widget_type=\"text-editor.default\">\n\t\t\t\t<div class=\"elementor-widget-container\">\n\t\t\t\t\t\t\t\t<div class=\"elementor-text-editor elementor-clearfix\">\n\t\t\t\t<p style=\"text-align: center;\"><span style=\"color: #ffffff;\">Varias veces intente tocar la puerta de la soledad<\/span><\/p><p style=\"text-align: center;\"><span style=\"color: #ffffff;\">Y nadie me escuch\u00f3<\/span><\/p><p style=\"text-align: center;\"><span style=\"color: #ffffff;\">Le pregunt\u00e9 al viento por ti<\/span><\/p><p style=\"text-align: center;\"><span style=\"color: #ffffff;\">Y tampoco me ayud\u00f3<\/span><\/p><p style=\"text-align: center;\"><span style=\"color: #ffffff;\">Sal\u00ed en busca de esa esperanza<\/span><\/p><p style=\"text-align: center;\"><span style=\"color: #ffffff;\">Que qued\u00f3 en aquel encuentro<\/span><\/p><p style=\"text-align: center;\"><span style=\"color: #ffffff;\">Sal\u00ed en busca del recuerdo de nuestro primer beso<\/span><\/p><p style=\"text-align: center;\"><span style=\"color: #ffffff;\">Sal\u00ed en busca de esa pasi\u00f3n<\/span><\/p><p style=\"text-align: center;\"><span style=\"color: #ffffff;\">En busca de una soluci\u00f3n<\/span><\/p><p style=\"text-align: center;\"><span style=\"color: #ffffff;\">Me di cuenta que nadie manda en el coraz\u00f3n<\/span><\/p><p style=\"text-align: center;\">\u00a0<\/p><p style=\"text-align: center;\"><span style=\"color: #ffffff;\">Y es que eres t\u00fa mi necesidad<\/span><\/p><p style=\"text-align: center;\"><span style=\"color: #ffffff;\">Y he aprendido amarte aunque t\u00fa no est\u00e1s<\/span><\/p><p style=\"text-align: center;\"><span style=\"color: #ffffff;\">Y es que eres t\u00fa mi media mitad<\/span><\/p><p style=\"text-align: center;\"><span style=\"color: #ffffff;\">Me siento vac\u00edo quiero volver a empezar<\/span><\/p><p style=\"text-align: center;\"><span style=\"color: #ffffff;\">Aunque t\u00fa no est\u00e1s<\/span><\/p><p style=\"text-align: center;\"><span style=\"color: #ffffff;\">Quiero volver a empezar<\/span><\/p><p style=\"text-align: center;\">\u00a0<\/p><p style=\"text-align: center;\"><span style=\"color: #ffffff;\">Quiero empezar un mundo nuevo contigo<\/span><\/p><p style=\"text-align: center;\"><span style=\"color: #ffffff;\">Y que nos olvidemos de todo lo malo ocurrido<\/span><\/p><p style=\"text-align: center;\"><span style=\"color: #ffffff;\">Tu feliz conmigo que dios sea testigo<\/span><\/p><p style=\"text-align: center;\"><span style=\"color: #ffffff;\">De todas las cosas que te digo<\/span><\/p><p style=\"text-align: center;\"><span style=\"color: #ffffff;\">Y de mi parte siempre yo tuyo ser\u00e9<\/span><\/p><p style=\"text-align: center;\"><span style=\"color: #ffffff;\">Aqu\u00ed en el mismo lugar yo te esperar\u00e9<\/span><\/p><p style=\"text-align: center;\"><span style=\"color: #ffffff;\">En ese rinc\u00f3n donde te bes\u00e9<\/span><\/p><p style=\"text-align: center;\"><span style=\"color: #ffffff;\">Donde te hice el amor por primera vez<\/span><\/p><p style=\"text-align: center;\">\u00a0<\/p><p style=\"text-align: center;\"><span style=\"color: #ffffff;\">Y es que eres t\u00fa mi necesidad<\/span><\/p><p style=\"text-align: center;\"><span style=\"color: #ffffff;\">Y he aprendido amarte aunque t\u00fa no est\u00e1s<\/span><\/p><p style=\"text-align: center;\"><span style=\"color: #ffffff;\">Y es que eres t\u00fa mi media mitad<\/span><\/p><p style=\"text-align: center;\"><span style=\"color: #ffffff;\">Me siento vac\u00edo quiero volver a empezar<\/span><\/p><p style=\"text-align: center;\"><span style=\"color: #ffffff;\">Y es que eres t\u00fa mi necesidad<\/span><\/p><p style=\"text-align: center;\"><span style=\"color: #ffffff;\">He aprendido amarte aunque t\u00fa no est\u00e1s<\/span><\/p><p style=\"text-align: center;\"><span style=\"color: #ffffff;\">Y es que eres t\u00fa mi media mitad<\/span><\/p><p style=\"text-align: center;\"><span style=\"color: #ffffff;\">Me siento vac\u00edo cuando t\u00fa no est\u00e1s<\/span><\/p>\t\t\t\t\t<\/div>\n\t\t\t\t\t\t<\/div>\n\t\t\t\t<\/div>\n\t\t\t\t\t\t<\/div>\n\t\t\t\t\t<\/div>\n\t\t<\/div>\n\t\t\t\t\t\t\t\t<\/div>\n\t\t\t\t\t<\/div>\n\t\t<\/section>\n\t\t\t\t\t\t<\/div>\n\t\t\t\t\t\t<\/div>\n\t\t\t\t\t<\/div>\n\t\t","protected":false},"excerpt":{"rendered":"<p>SPOTIFY APPLE MUSIC DEEZER AMAZON MUSIC Varias veces intente tocar la puerta de la soledad Y nadie me escuch\u00f3 Le pregunt\u00e9 al viento por ti Y tampoco me ayud\u00f3 Sal\u00ed en busca de esa esperanza Que qued\u00f3 en aquel encuentro Sal\u00ed en busca del recuerdo de nuestro primer beso Sal\u00ed en busca de esa pasi\u00f3n.<\/p>\n","protected":false},"author":1,"featured_media":0,"parent":0,"menu_order":0,"comment_status":"closed","ping_status":"closed","template":"","meta":{"footnotes":""},"categories":[42],"tags":[],"class_list":["post-3836","page","type-page","status-publish","hentry","category-testi"],"yoast_head":"<!-- This site is optimized with the Yoast SEO plugin v19.6.1 - https:\/\/yoast.com\/wordpress\/plugins\/seo\/ -->\n<title>Mi Necesidad - Di Benedetto Productions<\/title>\n<meta name=\"robots\" content=\"index, follow, max-snippet:-1, max-image-preview:large, max-video-preview:-1\" \/>\n<link rel=\"canonical\" href=\"https:\/\/dibenedettoproductions.com\/?page_id=3836\" \/>\n<meta property=\"og:locale\" content=\"it_IT\" \/>\n<meta property=\"og:type\" content=\"article\" \/>\n<meta property=\"og:title\" content=\"Mi Necesidad - Di Benedetto Productions\" \/>\n<meta property=\"og:description\" content=\"SPOTIFY APPLE MUSIC DEEZER AMAZON MUSIC Varias veces intente tocar la puerta de la soledad Y nadie me escuch\u00f3 Le pregunt\u00e9 al viento por ti Y tampoco me ayud\u00f3 Sal\u00ed en busca de esa esperanza Que qued\u00f3 en aquel encuentro Sal\u00ed en busca del recuerdo de nuestro primer beso Sal\u00ed en busca de esa pasi\u00f3n.\" \/>\n<meta property=\"og:url\" content=\"https:\/\/dibenedettoproductions.com\/?page_id=3836\" \/>\n<meta property=\"og:site_name\" content=\"Di Benedetto Productions\" \/>\n<meta property=\"article:modified_time\" content=\"2021-08-05T15:19:38+00:00\" \/>\n<meta name=\"twitter:card\" content=\"summary_large_image\" \/>\n<meta name=\"twitter:label1\" content=\"Tempo di lettura stimato\" \/>\n\t<meta name=\"twitter:data1\" content=\"1 minuto\" \/>\n<script type=\"application\/ld+json\" class=\"yoast-schema-graph\">{\"@context\":\"https:\/\/schema.org\",\"@graph\":[{\"@type\":\"WebPage\",\"@id\":\"https:\/\/dibenedettoproductions.com\/?page_id=3836\",\"url\":\"https:\/\/dibenedettoproductions.com\/?page_id=3836\",\"name\":\"Mi Necesidad - Di Benedetto Productions\",\"isPartOf\":{\"@id\":\"https:\/\/dibenedettoproductions.com\/#website\"},\"datePublished\":\"2021-02-24T09:20:05+00:00\",\"dateModified\":\"2021-08-05T15:19:38+00:00\",\"breadcrumb\":{\"@id\":\"https:\/\/dibenedettoproductions.com\/?page_id=3836#breadcrumb\"},\"inLanguage\":\"it-IT\",\"potentialAction\":[{\"@type\":\"ReadAction\",\"target\":[\"https:\/\/dibenedettoproductions.com\/?page_id=3836\"]}]},{\"@type\":\"BreadcrumbList\",\"@id\":\"https:\/\/dibenedettoproductions.com\/?page_id=3836#breadcrumb\",\"itemListElement\":[{\"@type\":\"ListItem\",\"position\":1,\"name\":\"Home\",\"item\":\"https:\/\/dibenedettoproductions.com\/\"},{\"@type\":\"ListItem\",\"position\":2,\"name\":\"Mi Necesidad\"}]},{\"@type\":\"WebSite\",\"@id\":\"https:\/\/dibenedettoproductions.com\/#website\",\"url\":\"https:\/\/dibenedettoproductions.com\/\",\"name\":\"Di Benedetto Productions\",\"description\":\"\",\"publisher\":{\"@id\":\"https:\/\/dibenedettoproductions.com\/#organization\"},\"potentialAction\":[{\"@type\":\"SearchAction\",\"target\":{\"@type\":\"EntryPoint\",\"urlTemplate\":\"https:\/\/dibenedettoproductions.com\/?s={search_term_string}\"},\"query-input\":\"required name=search_term_string\"}],\"inLanguage\":\"it-IT\"},{\"@type\":\"Organization\",\"@id\":\"https:\/\/dibenedettoproductions.com\/#organization\",\"name\":\"DI BENEDETTO PRODUCTIONS\",\"url\":\"https:\/\/dibenedettoproductions.com\/\",\"sameAs\":[],\"logo\":{\"@type\":\"ImageObject\",\"inLanguage\":\"it-IT\",\"@id\":\"https:\/\/dibenedettoproductions.com\/#\/schema\/logo\/image\/\",\"url\":\"https:\/\/dibenedettoproductions.com\/wp-content\/uploads\/2021\/09\/logo_di_benedetto_productions.jpg\",\"contentUrl\":\"https:\/\/dibenedettoproductions.com\/wp-content\/uploads\/2021\/09\/logo_di_benedetto_productions.jpg\",\"width\":225,\"height\":225,\"caption\":\"DI BENEDETTO PRODUCTIONS\"},\"image\":{\"@id\":\"https:\/\/dibenedettoproductions.com\/#\/schema\/logo\/image\/\"}}]}<\/script>\n<!-- \/ Yoast SEO plugin. -->","yoast_head_json":{"title":"Mi Necesidad - Di Benedetto Productions","robots":{"index":"index","follow":"follow","max-snippet":"max-snippet:-1","max-image-preview":"max-image-preview:large","max-video-preview":"max-video-preview:-1"},"canonical":"https:\/\/dibenedettoproductions.com\/?page_id=3836","og_locale":"it_IT","og_type":"article","og_title":"Mi Necesidad - Di Benedetto Productions","og_description":"SPOTIFY APPLE MUSIC DEEZER AMAZON MUSIC Varias veces intente tocar la puerta de la soledad Y nadie me escuch\u00f3 Le pregunt\u00e9 al viento por ti Y tampoco me ayud\u00f3 Sal\u00ed en busca de esa esperanza Que qued\u00f3 en aquel encuentro Sal\u00ed en busca del recuerdo de nuestro primer beso Sal\u00ed en busca de esa pasi\u00f3n.","og_url":"https:\/\/dibenedettoproductions.com\/?page_id=3836","og_site_name":"Di Benedetto Productions","article_modified_time":"2021-08-05T15:19:38+00:00","twitter_card":"summary_large_image","twitter_misc":{"Tempo di lettura stimato":"1 minuto"},"schema":{"@context":"https:\/\/schema.org","@graph":[{"@type":"WebPage","@id":"https:\/\/dibenedettoproductions.com\/?page_id=3836","url":"https:\/\/dibenedettoproductions.com\/?page_id=3836","name":"Mi Necesidad - Di Benedetto Productions","isPartOf":{"@id":"https:\/\/dibenedettoproductions.com\/#website"},"datePublished":"2021-02-24T09:20:05+00:00","dateModified":"2021-08-05T15:19:38+00:00","breadcrumb":{"@id":"https:\/\/dibenedettoproductions.com\/?page_id=3836#breadcrumb"},"inLanguage":"it-IT","potentialAction":[{"@type":"ReadAction","target":["https:\/\/dibenedettoproductions.com\/?page_id=3836"]}]},{"@type":"BreadcrumbList","@id":"https:\/\/dibenedettoproductions.com\/?page_id=3836#breadcrumb","itemListElement":[{"@type":"ListItem","position":1,"name":"Home","item":"https:\/\/dibenedettoproductions.com\/"},{"@type":"ListItem","position":2,"name":"Mi Necesidad"}]},{"@type":"WebSite","@id":"https:\/\/dibenedettoproductions.com\/#website","url":"https:\/\/dibenedettoproductions.com\/","name":"Di Benedetto Productions","description":"","publisher":{"@id":"https:\/\/dibenedettoproductions.com\/#organization"},"potentialAction":[{"@type":"SearchAction","target":{"@type":"EntryPoint","urlTemplate":"https:\/\/dibenedettoproductions.com\/?s={search_term_string}"},"query-input":"required name=search_term_string"}],"inLanguage":"it-IT"},{"@type":"Organization","@id":"https:\/\/dibenedettoproductions.com\/#organization","name":"DI BENEDETTO PRODUCTIONS","url":"https:\/\/dibenedettoproductions.com\/","sameAs":[],"logo":{"@type":"ImageObject","inLanguage":"it-IT","@id":"https:\/\/dibenedettoproductions.com\/#\/schema\/logo\/image\/","url":"https:\/\/dibenedettoproductions.com\/wp-content\/uploads\/2021\/09\/logo_di_benedetto_productions.jpg","contentUrl":"https:\/\/dibenedettoproductions.com\/wp-content\/uploads\/2021\/09\/logo_di_benedetto_productions.jpg","width":225,"height":225,"caption":"DI BENEDETTO PRODUCTIONS"},"image":{"@id":"https:\/\/dibenedettoproductions.com\/#\/schema\/logo\/image\/"}}]}},"_links":{"self":[{"href":"https:\/\/dibenedettoproductions.com\/index.php?rest_route=\/wp\/v2\/pages\/3836","targetHints":{"allow":["GET"]}}],"collection":[{"href":"https:\/\/dibenedettoproductions.com\/index.php?rest_route=\/wp\/v2\/pages"}],"about":[{"href":"https:\/\/dibenedettoproductions.com\/index.php?rest_route=\/wp\/v2\/types\/page"}],"author":[{"embeddable":true,"href":"https:\/\/dibenedettoproductions.com\/index.php?rest_route=\/wp\/v2\/users\/1"}],"replies":[{"embeddable":true,"href":"https:\/\/dibenedettoproductions.com\/index.php?rest_route=%2Fwp%2Fv2%2Fcomments&post=3836"}],"version-history":[{"count":7,"href":"https:\/\/dibenedettoproductions.com\/index.php?rest_route=\/wp\/v2\/pages\/3836\/revisions"}],"predecessor-version":[{"id":5791,"href":"https:\/\/dibenedettoproductions.com\/index.php?rest_route=\/wp\/v2\/pages\/3836\/revisions\/5791"}],"wp:attachment":[{"href":"https:\/\/dibenedettoproductions.com\/index.php?rest_route=%2Fwp%2Fv2%2Fmedia&parent=3836"}],"wp:term":[{"taxonomy":"category","embeddable":true,"href":"https:\/\/dibenedettoproductions.com\/index.php?rest_route=%2Fwp%2Fv2%2Fcategories&post=3836"},{"taxonomy":"post_tag","embeddable":true,"href":"https:\/\/dibenedettoproductions.com\/index.php?rest_route=%2Fwp%2Fv2%2Ftags&post=3836"}],"curies":[{"name":"wp","href":"https:\/\/api.w.org\/{rel}","templated":true}]}}