{"id":3828,"date":"2021-02-24T09:14:16","date_gmt":"2021-02-24T09:14:16","guid":{"rendered":"https:\/\/dibenedettoproductions.com\/?page_id=3828"},"modified":"2021-08-05T15:19:29","modified_gmt":"2021-08-05T15:19:29","slug":"mi-diablita","status":"publish","type":"page","link":"https:\/\/dibenedettoproductions.com\/?page_id=3828","title":{"rendered":"Mi Diablita"},"content":{"rendered":"\t\t<div data-elementor-type=\"wp-page\" data-elementor-id=\"3828\" class=\"elementor elementor-3828\" data-elementor-settings=\"[]\">\n\t\t\t\t\t\t<div class=\"elementor-inner\">\n\t\t\t\t\t\t\t<div class=\"elementor-section-wrap\">\n\t\t\t\t\t\t\t<section class=\"elementor-section elementor-top-section elementor-element elementor-element-411b408 elementor-section-stretched elementor-section-boxed elementor-section-height-default elementor-section-height-default\" data-id=\"411b408\" data-element_type=\"section\" data-settings=\"{&quot;stretch_section&quot;:&quot;section-stretched&quot;,&quot;background_background&quot;:&quot;classic&quot;}\">\n\t\t\t\t\t\t<div class=\"elementor-container elementor-column-gap-default\">\n\t\t\t\t\t\t\t<div class=\"elementor-row\">\n\t\t\t\t\t<div class=\"elementor-column elementor-col-25 elementor-top-column elementor-element elementor-element-ab97c87\" data-id=\"ab97c87\" data-element_type=\"column\">\n\t\t\t<div class=\"elementor-column-wrap elementor-element-populated\">\n\t\t\t\t\t\t\t<div class=\"elementor-widget-wrap\">\n\t\t\t\t\t\t<div class=\"elementor-element elementor-element-ab75ba8 elementor-align-center elementor-widget elementor-widget-button\" data-id=\"ab75ba8\" data-element_type=\"widget\" data-widget_type=\"button.default\">\n\t\t\t\t<div class=\"elementor-widget-container\">\n\t\t\t\t\t<div class=\"elementor-button-wrapper\">\n\t\t\t<a href=\"https:\/\/open.spotify.com\/track\/38cbRp8AbjU8DWVbYd3sBJ?si=aASrdrv5S6GWALlh3tUmEA\" class=\"elementor-button-link elementor-button elementor-size-sm\" role=\"button\">\n\t\t\t\t\t\t<span class=\"elementor-button-content-wrapper\">\n\t\t\t\t\t\t<span class=\"elementor-button-text\">SPOTIFY<\/span>\n\t\t<\/span>\n\t\t\t\t\t<\/a>\n\t\t<\/div>\n\t\t\t\t<\/div>\n\t\t\t\t<\/div>\n\t\t\t\t\t\t<\/div>\n\t\t\t\t\t<\/div>\n\t\t<\/div>\n\t\t\t\t<div class=\"elementor-column elementor-col-25 elementor-top-column elementor-element elementor-element-b11edb6\" data-id=\"b11edb6\" data-element_type=\"column\">\n\t\t\t<div class=\"elementor-column-wrap elementor-element-populated\">\n\t\t\t\t\t\t\t<div class=\"elementor-widget-wrap\">\n\t\t\t\t\t\t<div class=\"elementor-element elementor-element-844f273 elementor-align-center elementor-widget elementor-widget-button\" data-id=\"844f273\" data-element_type=\"widget\" data-widget_type=\"button.default\">\n\t\t\t\t<div class=\"elementor-widget-container\">\n\t\t\t\t\t<div class=\"elementor-button-wrapper\">\n\t\t\t<a href=\"https:\/\/music.apple.com\/us\/album\/mi-diablita\/1438232628?i=1438232629%20\" class=\"elementor-button-link elementor-button elementor-size-sm\" role=\"button\">\n\t\t\t\t\t\t<span class=\"elementor-button-content-wrapper\">\n\t\t\t\t\t\t<span class=\"elementor-button-text\">APPLE MUSIC<\/span>\n\t\t<\/span>\n\t\t\t\t\t<\/a>\n\t\t<\/div>\n\t\t\t\t<\/div>\n\t\t\t\t<\/div>\n\t\t\t\t\t\t<\/div>\n\t\t\t\t\t<\/div>\n\t\t<\/div>\n\t\t\t\t<div class=\"elementor-column elementor-col-25 elementor-top-column elementor-element elementor-element-e298d5a\" data-id=\"e298d5a\" data-element_type=\"column\">\n\t\t\t<div class=\"elementor-column-wrap elementor-element-populated\">\n\t\t\t\t\t\t\t<div class=\"elementor-widget-wrap\">\n\t\t\t\t\t\t<div class=\"elementor-element elementor-element-91dc93e elementor-align-center elementor-widget elementor-widget-button\" data-id=\"91dc93e\" data-element_type=\"widget\" data-widget_type=\"button.default\">\n\t\t\t\t<div class=\"elementor-widget-container\">\n\t\t\t\t\t<div class=\"elementor-button-wrapper\">\n\t\t\t<a href=\"https:\/\/deezer.page.link\/78oGLAYr1UMoxQgR9%20\" class=\"elementor-button-link elementor-button elementor-size-sm\" role=\"button\">\n\t\t\t\t\t\t<span class=\"elementor-button-content-wrapper\">\n\t\t\t\t\t\t<span class=\"elementor-button-text\">DEEZER<\/span>\n\t\t<\/span>\n\t\t\t\t\t<\/a>\n\t\t<\/div>\n\t\t\t\t<\/div>\n\t\t\t\t<\/div>\n\t\t\t\t\t\t<\/div>\n\t\t\t\t\t<\/div>\n\t\t<\/div>\n\t\t\t\t<div class=\"elementor-column elementor-col-25 elementor-top-column elementor-element elementor-element-fc677d1\" data-id=\"fc677d1\" data-element_type=\"column\">\n\t\t\t<div class=\"elementor-column-wrap elementor-element-populated\">\n\t\t\t\t\t\t\t<div class=\"elementor-widget-wrap\">\n\t\t\t\t\t\t<div class=\"elementor-element elementor-element-9a23a3e elementor-align-center elementor-widget elementor-widget-button\" data-id=\"9a23a3e\" data-element_type=\"widget\" data-widget_type=\"button.default\">\n\t\t\t\t<div class=\"elementor-widget-container\">\n\t\t\t\t\t<div class=\"elementor-button-wrapper\">\n\t\t\t<a href=\"https:\/\/music.amazon.com\/albums\/B07T9FL8BH?trackAsin=B07TDL7NTK&#038;ref=dm_sh_3c0a-9fb8-dmcp-3e09-84fbe&#038;musicTerritory=US&#038;marketplaceId=ATVPDKIKX0DER\" class=\"elementor-button-link elementor-button elementor-size-sm\" role=\"button\">\n\t\t\t\t\t\t<span class=\"elementor-button-content-wrapper\">\n\t\t\t\t\t\t<span class=\"elementor-button-text\">AMAZON MUSIC<\/span>\n\t\t<\/span>\n\t\t\t\t\t<\/a>\n\t\t<\/div>\n\t\t\t\t<\/div>\n\t\t\t\t<\/div>\n\t\t\t\t\t\t<\/div>\n\t\t\t\t\t<\/div>\n\t\t<\/div>\n\t\t\t\t\t\t\t\t<\/div>\n\t\t\t\t\t<\/div>\n\t\t<\/section>\n\t\t\t\t<section class=\"elementor-section elementor-top-section elementor-element elementor-element-efeb5be elementor-section-stretched elementor-section-boxed elementor-section-height-default elementor-section-height-default\" data-id=\"efeb5be\" data-element_type=\"section\" data-settings=\"{&quot;stretch_section&quot;:&quot;section-stretched&quot;,&quot;background_background&quot;:&quot;classic&quot;}\">\n\t\t\t\t\t\t<div class=\"elementor-container elementor-column-gap-default\">\n\t\t\t\t\t\t\t<div class=\"elementor-row\">\n\t\t\t\t\t<div class=\"elementor-column elementor-col-100 elementor-top-column elementor-element elementor-element-6ace140\" data-id=\"6ace140\" data-element_type=\"column\">\n\t\t\t<div class=\"elementor-column-wrap elementor-element-populated\">\n\t\t\t\t\t\t\t<div class=\"elementor-widget-wrap\">\n\t\t\t\t\t\t<div class=\"elementor-element elementor-element-c0a3588 elementor-widget elementor-widget-text-editor\" data-id=\"c0a3588\" data-element_type=\"widget\" data-widget_type=\"text-editor.default\">\n\t\t\t\t<div class=\"elementor-widget-container\">\n\t\t\t\t\t\t\t\t<div class=\"elementor-text-editor elementor-clearfix\">\n\t\t\t\t<div><p style=\"text-align: center;\"><span style=\"color: #ffffff;\">De ella tu tel\u00e9fono pago para que no llamen<\/span><\/p><p style=\"text-align: center;\"><span style=\"color: #ffffff;\">Ya tu amiga y mi amigo est\u00e1n muertos, am\u00e9n<\/span><\/p><p style=\"text-align: center;\"><span style=\"color: #ffffff;\">Si tu novio te busca mami t\u00fa dile<\/span><\/p><p style=\"text-align: center;\">\u00a0<\/p><p style=\"text-align: center;\"><span style=\"color: #ffffff;\">Que t\u00fa eres mi diablita y hoy quiero hac\u00e9rtelo<\/span><\/p><p style=\"text-align: center;\"><span style=\"color: #ffffff;\">Me mata tu carita y cuando est\u00e1s en ropa interior<\/span><\/p><p style=\"text-align: center;\"><span style=\"color: #ffffff;\">T\u00fa eres mi diablita y hoy quiero hac\u00e9rtelo<\/span><\/p><p style=\"text-align: center;\"><span style=\"color: #ffffff;\">Me mata tu carita y cuando est\u00e1s en ropa interior<\/span><\/p><p style=\"text-align: center;\"><span style=\"color: #ffffff;\">Me muero por hac\u00e9rtelo<\/span><\/p><p style=\"text-align: center;\"><span style=\"color: #ffffff;\">Me muero por hac\u00e9rtelo<\/span><\/p><p style=\"text-align: center;\"><span style=\"color: #ffffff;\">Me muero por hac\u00e9rtelo<\/span><\/p><p style=\"text-align: center;\">\u00a0<\/p><p style=\"text-align: center;\"><span style=\"color: #ffffff;\">Cuando t\u00fa sales ella me tira por snapchat<\/span><\/p><p style=\"text-align: center;\"><span style=\"color: #ffffff;\">Subi\u00f3 una foto sola todo hombre se mata<\/span><\/p><p style=\"text-align: center;\"><span style=\"color: #ffffff;\">El novio es un bobo y nunca est\u00e1 en la casa<\/span><\/p><p style=\"text-align: center;\"><span style=\"color: #ffffff;\">Por eso todos los d\u00edas por el doble se le escapa<\/span><\/p><p style=\"text-align: center;\"><span style=\"color: #ffffff;\">Es que yo tengo lo que le falta<\/span><\/p><p style=\"text-align: center;\"><span style=\"color: #ffffff;\">Es que me sobra lo que la mata<\/span><\/p><p style=\"text-align: center;\"><span style=\"color: #ffffff;\">Con tan solo un no la autoestima se le baja<\/span><\/p><p style=\"text-align: center;\"><span style=\"color: #ffffff;\">Y a m\u00ed siempre se me queda alta<\/span><\/p><p style=\"text-align: center;\">\u00a0<\/p><p style=\"text-align: center;\"><span style=\"color: #ffffff;\">Que t\u00fa eres mi diablita y hoy quiero hac\u00e9rtelo<\/span><\/p><p style=\"text-align: center;\"><span style=\"color: #ffffff;\">Me mata tu carita y cuando est\u00e1s en ropa interior<\/span><\/p><p style=\"text-align: center;\"><span style=\"color: #ffffff;\">T\u00fa eres mi diablita y hoy quiero hac\u00e9rtelo<\/span><\/p><p style=\"text-align: center;\"><span style=\"color: #ffffff;\">Me mata tu carita y cuando est\u00e1s en ropa interior<\/span><\/p><p style=\"text-align: center;\"><span style=\"color: #ffffff;\">Me muero por hac\u00e9rtelo<\/span><\/p><p style=\"text-align: center;\"><span style=\"color: #ffffff;\">Me muero por hac\u00e9rtelo<\/span><\/p><p style=\"text-align: center;\"><span style=\"color: #ffffff;\">Me muero por hac\u00e9rtelo<\/span><\/p><p style=\"text-align: center;\">\u00a0<\/p><p style=\"text-align: center;\"><span style=\"color: #ffffff;\">Ella quiere que yo la embarre de chocolate<\/span><\/p><p style=\"text-align: center;\"><span style=\"color: #ffffff;\">Que la lleve al infierno y en mi cama la maltrates<\/span><\/p><p style=\"text-align: center;\"><span style=\"color: #ffffff;\">Que en eso del amor con ella no hay empate<\/span><\/p><p style=\"text-align: center;\"><span style=\"color: #ffffff;\">P\u00e1rate, te toca jaque mate<\/span><\/p><p style=\"text-align: center;\"><span style=\"color: #ffffff;\">No s\u00e9 qu\u00e9 tienes t\u00fa que me enamoraste<\/span><\/p><p style=\"text-align: center;\"><span style=\"color: #ffffff;\">No s\u00e9 qu\u00e9 tienes t\u00fa pero\u2026<\/span><\/p><p style=\"text-align: center;\">\u00a0<\/p><p style=\"text-align: center;\"><span style=\"color: #ffffff;\">T\u00fa eres mi diablita y hoy quiero hac\u00e9rtelo<\/span><\/p><p style=\"text-align: center;\"><span style=\"color: #ffffff;\">Me mata tu carita y cuando est\u00e1s en ropa interior<\/span><\/p><p style=\"text-align: center;\"><span style=\"color: #ffffff;\">T\u00fa eres mi diablita y hoy quiero hac\u00e9rtelo<\/span><\/p><p style=\"text-align: center;\"><span style=\"color: #ffffff;\">Me mata tu carita y cuando est\u00e1s en ropa interior<\/span><\/p><p style=\"text-align: center;\"><span style=\"color: #ffffff;\">Me muero por hac\u00e9rtelo<\/span><\/p><\/div>\t\t\t\t\t<\/div>\n\t\t\t\t\t\t<\/div>\n\t\t\t\t<\/div>\n\t\t\t\t\t\t<\/div>\n\t\t\t\t\t<\/div>\n\t\t<\/div>\n\t\t\t\t\t\t\t\t<\/div>\n\t\t\t\t\t<\/div>\n\t\t<\/section>\n\t\t\t\t\t\t<\/div>\n\t\t\t\t\t\t<\/div>\n\t\t\t\t\t<\/div>\n\t\t","protected":false},"excerpt":{"rendered":"<p>SPOTIFY APPLE MUSIC DEEZER AMAZON MUSIC De ella tu tel\u00e9fono pago para que no llamen Ya tu amiga y mi amigo est\u00e1n muertos, am\u00e9n Si tu novio te busca mami t\u00fa dile \u00a0 Que t\u00fa eres mi diablita y hoy quiero hac\u00e9rtelo Me mata tu carita y cuando est\u00e1s en ropa interior T\u00fa eres mi.<\/p>\n","protected":false},"author":1,"featured_media":0,"parent":0,"menu_order":0,"comment_status":"closed","ping_status":"closed","template":"","meta":{"footnotes":""},"categories":[42],"tags":[],"class_list":["post-3828","page","type-page","status-publish","hentry","category-testi"],"yoast_head":"<!-- This site is optimized with the Yoast SEO plugin v19.6.1 - https:\/\/yoast.com\/wordpress\/plugins\/seo\/ -->\n<title>Mi Diablita - Di Benedetto Productions<\/title>\n<meta name=\"robots\" content=\"index, follow, max-snippet:-1, max-image-preview:large, max-video-preview:-1\" \/>\n<link rel=\"canonical\" href=\"https:\/\/dibenedettoproductions.com\/?page_id=3828\" \/>\n<meta property=\"og:locale\" content=\"it_IT\" \/>\n<meta property=\"og:type\" content=\"article\" \/>\n<meta property=\"og:title\" content=\"Mi Diablita - Di Benedetto Productions\" \/>\n<meta property=\"og:description\" content=\"SPOTIFY APPLE MUSIC DEEZER AMAZON MUSIC De ella tu tel\u00e9fono pago para que no llamen Ya tu amiga y mi amigo est\u00e1n muertos, am\u00e9n Si tu novio te busca mami t\u00fa dile \u00a0 Que t\u00fa eres mi diablita y hoy quiero hac\u00e9rtelo Me mata tu carita y cuando est\u00e1s en ropa interior T\u00fa eres mi.\" \/>\n<meta property=\"og:url\" content=\"https:\/\/dibenedettoproductions.com\/?page_id=3828\" \/>\n<meta property=\"og:site_name\" content=\"Di Benedetto Productions\" \/>\n<meta property=\"article:modified_time\" content=\"2021-08-05T15:19:29+00:00\" \/>\n<meta name=\"twitter:card\" content=\"summary_large_image\" \/>\n<meta name=\"twitter:label1\" content=\"Tempo di lettura stimato\" \/>\n\t<meta name=\"twitter:data1\" content=\"1 minuto\" \/>\n<script type=\"application\/ld+json\" class=\"yoast-schema-graph\">{\"@context\":\"https:\/\/schema.org\",\"@graph\":[{\"@type\":\"WebPage\",\"@id\":\"https:\/\/dibenedettoproductions.com\/?page_id=3828\",\"url\":\"https:\/\/dibenedettoproductions.com\/?page_id=3828\",\"name\":\"Mi Diablita - Di Benedetto Productions\",\"isPartOf\":{\"@id\":\"https:\/\/dibenedettoproductions.com\/#website\"},\"datePublished\":\"2021-02-24T09:14:16+00:00\",\"dateModified\":\"2021-08-05T15:19:29+00:00\",\"breadcrumb\":{\"@id\":\"https:\/\/dibenedettoproductions.com\/?page_id=3828#breadcrumb\"},\"inLanguage\":\"it-IT\",\"potentialAction\":[{\"@type\":\"ReadAction\",\"target\":[\"https:\/\/dibenedettoproductions.com\/?page_id=3828\"]}]},{\"@type\":\"BreadcrumbList\",\"@id\":\"https:\/\/dibenedettoproductions.com\/?page_id=3828#breadcrumb\",\"itemListElement\":[{\"@type\":\"ListItem\",\"position\":1,\"name\":\"Home\",\"item\":\"https:\/\/dibenedettoproductions.com\/\"},{\"@type\":\"ListItem\",\"position\":2,\"name\":\"Mi Diablita\"}]},{\"@type\":\"WebSite\",\"@id\":\"https:\/\/dibenedettoproductions.com\/#website\",\"url\":\"https:\/\/dibenedettoproductions.com\/\",\"name\":\"Di Benedetto Productions\",\"description\":\"\",\"publisher\":{\"@id\":\"https:\/\/dibenedettoproductions.com\/#organization\"},\"potentialAction\":[{\"@type\":\"SearchAction\",\"target\":{\"@type\":\"EntryPoint\",\"urlTemplate\":\"https:\/\/dibenedettoproductions.com\/?s={search_term_string}\"},\"query-input\":\"required name=search_term_string\"}],\"inLanguage\":\"it-IT\"},{\"@type\":\"Organization\",\"@id\":\"https:\/\/dibenedettoproductions.com\/#organization\",\"name\":\"DI BENEDETTO PRODUCTIONS\",\"url\":\"https:\/\/dibenedettoproductions.com\/\",\"sameAs\":[],\"logo\":{\"@type\":\"ImageObject\",\"inLanguage\":\"it-IT\",\"@id\":\"https:\/\/dibenedettoproductions.com\/#\/schema\/logo\/image\/\",\"url\":\"https:\/\/dibenedettoproductions.com\/wp-content\/uploads\/2021\/09\/logo_di_benedetto_productions.jpg\",\"contentUrl\":\"https:\/\/dibenedettoproductions.com\/wp-content\/uploads\/2021\/09\/logo_di_benedetto_productions.jpg\",\"width\":225,\"height\":225,\"caption\":\"DI BENEDETTO PRODUCTIONS\"},\"image\":{\"@id\":\"https:\/\/dibenedettoproductions.com\/#\/schema\/logo\/image\/\"}}]}<\/script>\n<!-- \/ Yoast SEO plugin. -->","yoast_head_json":{"title":"Mi Diablita - Di Benedetto Productions","robots":{"index":"index","follow":"follow","max-snippet":"max-snippet:-1","max-image-preview":"max-image-preview:large","max-video-preview":"max-video-preview:-1"},"canonical":"https:\/\/dibenedettoproductions.com\/?page_id=3828","og_locale":"it_IT","og_type":"article","og_title":"Mi Diablita - Di Benedetto Productions","og_description":"SPOTIFY APPLE MUSIC DEEZER AMAZON MUSIC De ella tu tel\u00e9fono pago para que no llamen Ya tu amiga y mi amigo est\u00e1n muertos, am\u00e9n Si tu novio te busca mami t\u00fa dile \u00a0 Que t\u00fa eres mi diablita y hoy quiero hac\u00e9rtelo Me mata tu carita y cuando est\u00e1s en ropa interior T\u00fa eres mi.","og_url":"https:\/\/dibenedettoproductions.com\/?page_id=3828","og_site_name":"Di Benedetto Productions","article_modified_time":"2021-08-05T15:19:29+00:00","twitter_card":"summary_large_image","twitter_misc":{"Tempo di lettura stimato":"1 minuto"},"schema":{"@context":"https:\/\/schema.org","@graph":[{"@type":"WebPage","@id":"https:\/\/dibenedettoproductions.com\/?page_id=3828","url":"https:\/\/dibenedettoproductions.com\/?page_id=3828","name":"Mi Diablita - Di Benedetto Productions","isPartOf":{"@id":"https:\/\/dibenedettoproductions.com\/#website"},"datePublished":"2021-02-24T09:14:16+00:00","dateModified":"2021-08-05T15:19:29+00:00","breadcrumb":{"@id":"https:\/\/dibenedettoproductions.com\/?page_id=3828#breadcrumb"},"inLanguage":"it-IT","potentialAction":[{"@type":"ReadAction","target":["https:\/\/dibenedettoproductions.com\/?page_id=3828"]}]},{"@type":"BreadcrumbList","@id":"https:\/\/dibenedettoproductions.com\/?page_id=3828#breadcrumb","itemListElement":[{"@type":"ListItem","position":1,"name":"Home","item":"https:\/\/dibenedettoproductions.com\/"},{"@type":"ListItem","position":2,"name":"Mi Diablita"}]},{"@type":"WebSite","@id":"https:\/\/dibenedettoproductions.com\/#website","url":"https:\/\/dibenedettoproductions.com\/","name":"Di Benedetto Productions","description":"","publisher":{"@id":"https:\/\/dibenedettoproductions.com\/#organization"},"potentialAction":[{"@type":"SearchAction","target":{"@type":"EntryPoint","urlTemplate":"https:\/\/dibenedettoproductions.com\/?s={search_term_string}"},"query-input":"required name=search_term_string"}],"inLanguage":"it-IT"},{"@type":"Organization","@id":"https:\/\/dibenedettoproductions.com\/#organization","name":"DI BENEDETTO PRODUCTIONS","url":"https:\/\/dibenedettoproductions.com\/","sameAs":[],"logo":{"@type":"ImageObject","inLanguage":"it-IT","@id":"https:\/\/dibenedettoproductions.com\/#\/schema\/logo\/image\/","url":"https:\/\/dibenedettoproductions.com\/wp-content\/uploads\/2021\/09\/logo_di_benedetto_productions.jpg","contentUrl":"https:\/\/dibenedettoproductions.com\/wp-content\/uploads\/2021\/09\/logo_di_benedetto_productions.jpg","width":225,"height":225,"caption":"DI BENEDETTO PRODUCTIONS"},"image":{"@id":"https:\/\/dibenedettoproductions.com\/#\/schema\/logo\/image\/"}}]}},"_links":{"self":[{"href":"https:\/\/dibenedettoproductions.com\/index.php?rest_route=\/wp\/v2\/pages\/3828","targetHints":{"allow":["GET"]}}],"collection":[{"href":"https:\/\/dibenedettoproductions.com\/index.php?rest_route=\/wp\/v2\/pages"}],"about":[{"href":"https:\/\/dibenedettoproductions.com\/index.php?rest_route=\/wp\/v2\/types\/page"}],"author":[{"embeddable":true,"href":"https:\/\/dibenedettoproductions.com\/index.php?rest_route=\/wp\/v2\/users\/1"}],"replies":[{"embeddable":true,"href":"https:\/\/dibenedettoproductions.com\/index.php?rest_route=%2Fwp%2Fv2%2Fcomments&post=3828"}],"version-history":[{"count":7,"href":"https:\/\/dibenedettoproductions.com\/index.php?rest_route=\/wp\/v2\/pages\/3828\/revisions"}],"predecessor-version":[{"id":5788,"href":"https:\/\/dibenedettoproductions.com\/index.php?rest_route=\/wp\/v2\/pages\/3828\/revisions\/5788"}],"wp:attachment":[{"href":"https:\/\/dibenedettoproductions.com\/index.php?rest_route=%2Fwp%2Fv2%2Fmedia&parent=3828"}],"wp:term":[{"taxonomy":"category","embeddable":true,"href":"https:\/\/dibenedettoproductions.com\/index.php?rest_route=%2Fwp%2Fv2%2Fcategories&post=3828"},{"taxonomy":"post_tag","embeddable":true,"href":"https:\/\/dibenedettoproductions.com\/index.php?rest_route=%2Fwp%2Fv2%2Ftags&post=3828"}],"curies":[{"name":"wp","href":"https:\/\/api.w.org\/{rel}","templated":true}]}}