{"id":3812,"date":"2021-02-23T14:40:46","date_gmt":"2021-02-23T14:40:46","guid":{"rendered":"https:\/\/dibenedettoproductions.com\/?page_id=3812"},"modified":"2021-08-05T15:19:03","modified_gmt":"2021-08-05T15:19:03","slug":"me-eleva","status":"publish","type":"page","link":"https:\/\/dibenedettoproductions.com\/?page_id=3812","title":{"rendered":"Me Eleva"},"content":{"rendered":"\t\t<div data-elementor-type=\"wp-page\" data-elementor-id=\"3812\" class=\"elementor elementor-3812\" data-elementor-settings=\"[]\">\n\t\t\t\t\t\t<div class=\"elementor-inner\">\n\t\t\t\t\t\t\t<div class=\"elementor-section-wrap\">\n\t\t\t\t\t\t\t<section class=\"elementor-section elementor-top-section elementor-element elementor-element-a6376d7 elementor-section-stretched elementor-section-boxed elementor-section-height-default elementor-section-height-default\" data-id=\"a6376d7\" data-element_type=\"section\" data-settings=\"{&quot;stretch_section&quot;:&quot;section-stretched&quot;,&quot;background_background&quot;:&quot;classic&quot;}\">\n\t\t\t\t\t\t<div class=\"elementor-container elementor-column-gap-default\">\n\t\t\t\t\t\t\t<div class=\"elementor-row\">\n\t\t\t\t\t<div class=\"elementor-column elementor-col-25 elementor-top-column elementor-element elementor-element-0600a06\" data-id=\"0600a06\" data-element_type=\"column\">\n\t\t\t<div class=\"elementor-column-wrap elementor-element-populated\">\n\t\t\t\t\t\t\t<div class=\"elementor-widget-wrap\">\n\t\t\t\t\t\t<div class=\"elementor-element elementor-element-04b9e14 elementor-align-center elementor-widget elementor-widget-button\" data-id=\"04b9e14\" data-element_type=\"widget\" data-widget_type=\"button.default\">\n\t\t\t\t<div class=\"elementor-widget-container\">\n\t\t\t\t\t<div class=\"elementor-button-wrapper\">\n\t\t\t<a href=\"https:\/\/open.spotify.com\/track\/5F2ZYJKZ8a7nzBdDM2xY3O?si=Wrw3sHlHQHiLtLiQ2MSt_A%20\" class=\"elementor-button-link elementor-button elementor-size-sm\" role=\"button\">\n\t\t\t\t\t\t<span class=\"elementor-button-content-wrapper\">\n\t\t\t\t\t\t<span class=\"elementor-button-text\">SPOTIFY<\/span>\n\t\t<\/span>\n\t\t\t\t\t<\/a>\n\t\t<\/div>\n\t\t\t\t<\/div>\n\t\t\t\t<\/div>\n\t\t\t\t\t\t<\/div>\n\t\t\t\t\t<\/div>\n\t\t<\/div>\n\t\t\t\t<div class=\"elementor-column elementor-col-25 elementor-top-column elementor-element elementor-element-1dbb5e3\" data-id=\"1dbb5e3\" data-element_type=\"column\">\n\t\t\t<div class=\"elementor-column-wrap elementor-element-populated\">\n\t\t\t\t\t\t\t<div class=\"elementor-widget-wrap\">\n\t\t\t\t\t\t<div class=\"elementor-element elementor-element-259c067 elementor-align-center elementor-widget elementor-widget-button\" data-id=\"259c067\" data-element_type=\"widget\" data-widget_type=\"button.default\">\n\t\t\t\t<div class=\"elementor-widget-container\">\n\t\t\t\t\t<div class=\"elementor-button-wrapper\">\n\t\t\t<a href=\"https:\/\/music.apple.com\/us\/album\/me-eleva\/1456629666?i=1456629669%20\" class=\"elementor-button-link elementor-button elementor-size-sm\" role=\"button\">\n\t\t\t\t\t\t<span class=\"elementor-button-content-wrapper\">\n\t\t\t\t\t\t<span class=\"elementor-button-text\">APPLE MUSIC<\/span>\n\t\t<\/span>\n\t\t\t\t\t<\/a>\n\t\t<\/div>\n\t\t\t\t<\/div>\n\t\t\t\t<\/div>\n\t\t\t\t\t\t<\/div>\n\t\t\t\t\t<\/div>\n\t\t<\/div>\n\t\t\t\t<div class=\"elementor-column elementor-col-25 elementor-top-column elementor-element elementor-element-2e7b782\" data-id=\"2e7b782\" data-element_type=\"column\">\n\t\t\t<div class=\"elementor-column-wrap elementor-element-populated\">\n\t\t\t\t\t\t\t<div class=\"elementor-widget-wrap\">\n\t\t\t\t\t\t<div class=\"elementor-element elementor-element-1797f63 elementor-align-center elementor-widget elementor-widget-button\" data-id=\"1797f63\" data-element_type=\"widget\" data-widget_type=\"button.default\">\n\t\t\t\t<div class=\"elementor-widget-container\">\n\t\t\t\t\t<div class=\"elementor-button-wrapper\">\n\t\t\t<a href=\"https:\/\/deezer.page.link\/8vJxHTWnTTEcY9mm9\" class=\"elementor-button-link elementor-button elementor-size-sm\" role=\"button\">\n\t\t\t\t\t\t<span class=\"elementor-button-content-wrapper\">\n\t\t\t\t\t\t<span class=\"elementor-button-text\">DEEZER<\/span>\n\t\t<\/span>\n\t\t\t\t\t<\/a>\n\t\t<\/div>\n\t\t\t\t<\/div>\n\t\t\t\t<\/div>\n\t\t\t\t\t\t<\/div>\n\t\t\t\t\t<\/div>\n\t\t<\/div>\n\t\t\t\t<div class=\"elementor-column elementor-col-25 elementor-top-column elementor-element elementor-element-2524643\" data-id=\"2524643\" data-element_type=\"column\">\n\t\t\t<div class=\"elementor-column-wrap elementor-element-populated\">\n\t\t\t\t\t\t\t<div class=\"elementor-widget-wrap\">\n\t\t\t\t\t\t<div class=\"elementor-element elementor-element-43cde8e elementor-align-center elementor-widget elementor-widget-button\" data-id=\"43cde8e\" data-element_type=\"widget\" data-widget_type=\"button.default\">\n\t\t\t\t<div class=\"elementor-widget-container\">\n\t\t\t\t\t<div class=\"elementor-button-wrapper\">\n\t\t\t<a href=\"https:\/\/music.amazon.com\/albums\/B07PTBYCH3?trackAsin=B07PTDZXNJ&#038;ref=dm_sh_0e56-61c1-dmcp-ea0f-61809&#038;musicTerritory=US&#038;marketplaceId=ATVPDKIKX0DER%20\" class=\"elementor-button-link elementor-button elementor-size-sm\" role=\"button\">\n\t\t\t\t\t\t<span class=\"elementor-button-content-wrapper\">\n\t\t\t\t\t\t<span class=\"elementor-button-text\">AMAZON MUSIC<\/span>\n\t\t<\/span>\n\t\t\t\t\t<\/a>\n\t\t<\/div>\n\t\t\t\t<\/div>\n\t\t\t\t<\/div>\n\t\t\t\t\t\t<\/div>\n\t\t\t\t\t<\/div>\n\t\t<\/div>\n\t\t\t\t\t\t\t\t<\/div>\n\t\t\t\t\t<\/div>\n\t\t<\/section>\n\t\t\t\t<section class=\"elementor-section elementor-top-section elementor-element elementor-element-0455ba5 elementor-section-stretched elementor-section-boxed elementor-section-height-default elementor-section-height-default\" data-id=\"0455ba5\" data-element_type=\"section\" data-settings=\"{&quot;stretch_section&quot;:&quot;section-stretched&quot;,&quot;background_background&quot;:&quot;classic&quot;}\">\n\t\t\t\t\t\t<div class=\"elementor-container elementor-column-gap-default\">\n\t\t\t\t\t\t\t<div class=\"elementor-row\">\n\t\t\t\t\t<div class=\"elementor-column elementor-col-100 elementor-top-column elementor-element elementor-element-f79d1d3\" data-id=\"f79d1d3\" data-element_type=\"column\">\n\t\t\t<div class=\"elementor-column-wrap elementor-element-populated\">\n\t\t\t\t\t\t\t<div class=\"elementor-widget-wrap\">\n\t\t\t\t\t\t<div class=\"elementor-element elementor-element-5dd6475 elementor-widget elementor-widget-text-editor\" data-id=\"5dd6475\" data-element_type=\"widget\" data-widget_type=\"text-editor.default\">\n\t\t\t\t<div class=\"elementor-widget-container\">\n\t\t\t\t\t\t\t\t<div class=\"elementor-text-editor elementor-clearfix\">\n\t\t\t\t<div><p style=\"text-align: center;\"><span style=\"color: #ffffff;\">Ella cuando bailas me eleva lo que quiere es party<\/span><\/p><p style=\"text-align: center;\"><span style=\"color: #ffffff;\">Qu\u00e9 rica esa beba buscando no tiene mari<\/span><\/p><p style=\"text-align: center;\"><span style=\"color: #ffffff;\">Ella lo que me pide es m\u00e1s no se no se mide<\/span><\/p><p style=\"text-align: center;\"><span style=\"color: #ffffff;\">Ella cogi\u00f3 mi celular pa que no lo olvide<\/span><\/p><p style=\"text-align: center;\"><span style=\"color: #ffffff;\">Ella cuando baila me eleva lo que quiere es party<\/span><\/p><p style=\"text-align: center;\"><span style=\"color: #ffffff;\">Qu\u00e9 rica esa beba buscando no tiene mari<\/span><\/p><p style=\"text-align: center;\"><span style=\"color: #ffffff;\">Ella lo que me pide es m\u00e1s no se no se mide<\/span><\/p><p style=\"text-align: center;\"><span style=\"color: #ffffff;\">Ella cogi\u00f3 mi celular pa que no lo olvide<\/span><\/p><p style=\"text-align: center;\"><span style=\"color: #ffffff;\">Irresistible su aroma de mama en el o\u00eddo ella me pide mama<\/span><\/p><p style=\"text-align: center;\"><span style=\"color: #ffffff;\">No quiere compromiso de nada ella est\u00e1 dura no le hace falta na<\/span><\/p><p style=\"text-align: center;\"><span style=\"color: #ffffff;\">Dej\u00f3 su rastro de l\u00e1piz labial es una nena que no se enreda tan f\u00e1cil<\/span><\/p><p style=\"text-align: center;\"><span style=\"color: #ffffff;\">Estar con ella es para no olvidar<\/span><\/p><p style=\"text-align: center;\"><span style=\"color: #ffffff;\">Ella me enferm\u00f3 conmigo no jug\u00f3 sola se me dio a ella le gust\u00f3<\/span><\/p><p style=\"text-align: center;\"><span style=\"color: #ffffff;\">A ella le gust\u00f3 como ella se me dio<\/span><\/p><p style=\"text-align: center;\"><span style=\"color: #ffffff;\">Ella cuando bailas me eleva lo que quiere es party<\/span><\/p><p style=\"text-align: center;\"><span style=\"color: #ffffff;\">Qu\u00e9 rica esa beba buscando no tiene mari<\/span><\/p><p style=\"text-align: center;\"><span style=\"color: #ffffff;\">Ella lo que me pide es m\u00e1s no se no se mide<\/span><\/p><p style=\"text-align: center;\"><span style=\"color: #ffffff;\">Ella cogi\u00f3 mi celular pa que no lo olvide<\/span><\/p><p style=\"text-align: center;\"><span style=\"color: #ffffff;\">Ella siempre est\u00e1 vestida de Fendi su espejo y to to\u2019s los video se van trendy<\/span><\/p><p style=\"text-align: center;\"><span style=\"color: #ffffff;\">Vuelve a repetirse que esa noche no lo entend\u00ed hoy quiero saborearte como t\u00fa a mi<\/span><\/p><p style=\"text-align: center;\"><span style=\"color: #ffffff;\">Ella me tienen cansado aun as\u00ed quiero darle otra vez<\/span><\/p><p style=\"text-align: center;\"><span style=\"color: #ffffff;\">Lo tiene rosita como el tusy hoy quiero evaporarte en el jacuzzi<\/span><\/p><p style=\"text-align: center;\"><span style=\"color: #ffffff;\">Ya no soy el mismo desde que te encontr\u00e9<\/span><\/p><p style=\"text-align: center;\"><span style=\"color: #ffffff;\">Ella me enferm\u00f3 conmigo no jug\u00f3 a ella le gust\u00f3 como se me dio<\/span><\/p><p style=\"text-align: center;\"><span style=\"color: #ffffff;\">A ella le gust\u00f3 como ella se me dio<\/span><\/p><p style=\"text-align: center;\"><span style=\"color: #ffffff;\">Ella cuando bailas me eleva lo que quiere es party<\/span><\/p><p style=\"text-align: center;\"><span style=\"color: #ffffff;\">Qu\u00e9 rica esa beba buscando no tiene mari<\/span><\/p><p style=\"text-align: center;\"><span style=\"color: #ffffff;\">Ella lo que me pide es m\u00e1s no se no se mide<\/span><\/p><p style=\"text-align: center;\"><span style=\"color: #ffffff;\">Ella cogi\u00f3 mi celular pa que no lo olvide<\/span><\/p><p style=\"text-align: center;\"><span style=\"color: #ffffff;\">Enzo la melod\u00eda secreta di Benedetto Production y ya t\u00fa sabe ya Limboys<\/span><\/p><p style=\"text-align: center;\"><span style=\"color: #ffffff;\">Franky otra talla pa Enzo<\/span><\/p><\/div>\t\t\t\t\t<\/div>\n\t\t\t\t\t\t<\/div>\n\t\t\t\t<\/div>\n\t\t\t\t\t\t<\/div>\n\t\t\t\t\t<\/div>\n\t\t<\/div>\n\t\t\t\t\t\t\t\t<\/div>\n\t\t\t\t\t<\/div>\n\t\t<\/section>\n\t\t\t\t\t\t<\/div>\n\t\t\t\t\t\t<\/div>\n\t\t\t\t\t<\/div>\n\t\t","protected":false},"excerpt":{"rendered":"<p>SPOTIFY APPLE MUSIC DEEZER AMAZON MUSIC Ella cuando bailas me eleva lo que quiere es party Qu\u00e9 rica esa beba buscando no tiene mari Ella lo que me pide es m\u00e1s no se no se mide Ella cogi\u00f3 mi celular pa que no lo olvide Ella cuando baila me eleva lo que quiere es party.<\/p>\n","protected":false},"author":1,"featured_media":0,"parent":0,"menu_order":0,"comment_status":"closed","ping_status":"closed","template":"","meta":{"footnotes":""},"categories":[42],"tags":[],"class_list":["post-3812","page","type-page","status-publish","hentry","category-testi"],"yoast_head":"<!-- This site is optimized with the Yoast SEO plugin v19.6.1 - https:\/\/yoast.com\/wordpress\/plugins\/seo\/ -->\n<title>Me Eleva - Di Benedetto Productions<\/title>\n<meta name=\"robots\" content=\"index, follow, max-snippet:-1, max-image-preview:large, max-video-preview:-1\" \/>\n<link rel=\"canonical\" href=\"https:\/\/dibenedettoproductions.com\/?page_id=3812\" \/>\n<meta property=\"og:locale\" content=\"it_IT\" \/>\n<meta property=\"og:type\" content=\"article\" \/>\n<meta property=\"og:title\" content=\"Me Eleva - Di Benedetto Productions\" \/>\n<meta property=\"og:description\" content=\"SPOTIFY APPLE MUSIC DEEZER AMAZON MUSIC Ella cuando bailas me eleva lo que quiere es party Qu\u00e9 rica esa beba buscando no tiene mari Ella lo que me pide es m\u00e1s no se no se mide Ella cogi\u00f3 mi celular pa que no lo olvide Ella cuando baila me eleva lo que quiere es party.\" \/>\n<meta property=\"og:url\" content=\"https:\/\/dibenedettoproductions.com\/?page_id=3812\" \/>\n<meta property=\"og:site_name\" content=\"Di Benedetto Productions\" \/>\n<meta property=\"article:modified_time\" content=\"2021-08-05T15:19:03+00:00\" \/>\n<meta name=\"twitter:card\" content=\"summary_large_image\" \/>\n<meta name=\"twitter:label1\" content=\"Tempo di lettura stimato\" \/>\n\t<meta name=\"twitter:data1\" content=\"2 minuti\" \/>\n<script type=\"application\/ld+json\" class=\"yoast-schema-graph\">{\"@context\":\"https:\/\/schema.org\",\"@graph\":[{\"@type\":\"WebPage\",\"@id\":\"https:\/\/dibenedettoproductions.com\/?page_id=3812\",\"url\":\"https:\/\/dibenedettoproductions.com\/?page_id=3812\",\"name\":\"Me Eleva - Di Benedetto Productions\",\"isPartOf\":{\"@id\":\"https:\/\/dibenedettoproductions.com\/#website\"},\"datePublished\":\"2021-02-23T14:40:46+00:00\",\"dateModified\":\"2021-08-05T15:19:03+00:00\",\"breadcrumb\":{\"@id\":\"https:\/\/dibenedettoproductions.com\/?page_id=3812#breadcrumb\"},\"inLanguage\":\"it-IT\",\"potentialAction\":[{\"@type\":\"ReadAction\",\"target\":[\"https:\/\/dibenedettoproductions.com\/?page_id=3812\"]}]},{\"@type\":\"BreadcrumbList\",\"@id\":\"https:\/\/dibenedettoproductions.com\/?page_id=3812#breadcrumb\",\"itemListElement\":[{\"@type\":\"ListItem\",\"position\":1,\"name\":\"Home\",\"item\":\"https:\/\/dibenedettoproductions.com\/\"},{\"@type\":\"ListItem\",\"position\":2,\"name\":\"Me Eleva\"}]},{\"@type\":\"WebSite\",\"@id\":\"https:\/\/dibenedettoproductions.com\/#website\",\"url\":\"https:\/\/dibenedettoproductions.com\/\",\"name\":\"Di Benedetto Productions\",\"description\":\"\",\"publisher\":{\"@id\":\"https:\/\/dibenedettoproductions.com\/#organization\"},\"potentialAction\":[{\"@type\":\"SearchAction\",\"target\":{\"@type\":\"EntryPoint\",\"urlTemplate\":\"https:\/\/dibenedettoproductions.com\/?s={search_term_string}\"},\"query-input\":\"required name=search_term_string\"}],\"inLanguage\":\"it-IT\"},{\"@type\":\"Organization\",\"@id\":\"https:\/\/dibenedettoproductions.com\/#organization\",\"name\":\"DI BENEDETTO PRODUCTIONS\",\"url\":\"https:\/\/dibenedettoproductions.com\/\",\"sameAs\":[],\"logo\":{\"@type\":\"ImageObject\",\"inLanguage\":\"it-IT\",\"@id\":\"https:\/\/dibenedettoproductions.com\/#\/schema\/logo\/image\/\",\"url\":\"https:\/\/dibenedettoproductions.com\/wp-content\/uploads\/2021\/09\/logo_di_benedetto_productions.jpg\",\"contentUrl\":\"https:\/\/dibenedettoproductions.com\/wp-content\/uploads\/2021\/09\/logo_di_benedetto_productions.jpg\",\"width\":225,\"height\":225,\"caption\":\"DI BENEDETTO PRODUCTIONS\"},\"image\":{\"@id\":\"https:\/\/dibenedettoproductions.com\/#\/schema\/logo\/image\/\"}}]}<\/script>\n<!-- \/ Yoast SEO plugin. -->","yoast_head_json":{"title":"Me Eleva - Di Benedetto Productions","robots":{"index":"index","follow":"follow","max-snippet":"max-snippet:-1","max-image-preview":"max-image-preview:large","max-video-preview":"max-video-preview:-1"},"canonical":"https:\/\/dibenedettoproductions.com\/?page_id=3812","og_locale":"it_IT","og_type":"article","og_title":"Me Eleva - Di Benedetto Productions","og_description":"SPOTIFY APPLE MUSIC DEEZER AMAZON MUSIC Ella cuando bailas me eleva lo que quiere es party Qu\u00e9 rica esa beba buscando no tiene mari Ella lo que me pide es m\u00e1s no se no se mide Ella cogi\u00f3 mi celular pa que no lo olvide Ella cuando baila me eleva lo que quiere es party.","og_url":"https:\/\/dibenedettoproductions.com\/?page_id=3812","og_site_name":"Di Benedetto Productions","article_modified_time":"2021-08-05T15:19:03+00:00","twitter_card":"summary_large_image","twitter_misc":{"Tempo di lettura stimato":"2 minuti"},"schema":{"@context":"https:\/\/schema.org","@graph":[{"@type":"WebPage","@id":"https:\/\/dibenedettoproductions.com\/?page_id=3812","url":"https:\/\/dibenedettoproductions.com\/?page_id=3812","name":"Me Eleva - Di Benedetto Productions","isPartOf":{"@id":"https:\/\/dibenedettoproductions.com\/#website"},"datePublished":"2021-02-23T14:40:46+00:00","dateModified":"2021-08-05T15:19:03+00:00","breadcrumb":{"@id":"https:\/\/dibenedettoproductions.com\/?page_id=3812#breadcrumb"},"inLanguage":"it-IT","potentialAction":[{"@type":"ReadAction","target":["https:\/\/dibenedettoproductions.com\/?page_id=3812"]}]},{"@type":"BreadcrumbList","@id":"https:\/\/dibenedettoproductions.com\/?page_id=3812#breadcrumb","itemListElement":[{"@type":"ListItem","position":1,"name":"Home","item":"https:\/\/dibenedettoproductions.com\/"},{"@type":"ListItem","position":2,"name":"Me Eleva"}]},{"@type":"WebSite","@id":"https:\/\/dibenedettoproductions.com\/#website","url":"https:\/\/dibenedettoproductions.com\/","name":"Di Benedetto Productions","description":"","publisher":{"@id":"https:\/\/dibenedettoproductions.com\/#organization"},"potentialAction":[{"@type":"SearchAction","target":{"@type":"EntryPoint","urlTemplate":"https:\/\/dibenedettoproductions.com\/?s={search_term_string}"},"query-input":"required name=search_term_string"}],"inLanguage":"it-IT"},{"@type":"Organization","@id":"https:\/\/dibenedettoproductions.com\/#organization","name":"DI BENEDETTO PRODUCTIONS","url":"https:\/\/dibenedettoproductions.com\/","sameAs":[],"logo":{"@type":"ImageObject","inLanguage":"it-IT","@id":"https:\/\/dibenedettoproductions.com\/#\/schema\/logo\/image\/","url":"https:\/\/dibenedettoproductions.com\/wp-content\/uploads\/2021\/09\/logo_di_benedetto_productions.jpg","contentUrl":"https:\/\/dibenedettoproductions.com\/wp-content\/uploads\/2021\/09\/logo_di_benedetto_productions.jpg","width":225,"height":225,"caption":"DI BENEDETTO PRODUCTIONS"},"image":{"@id":"https:\/\/dibenedettoproductions.com\/#\/schema\/logo\/image\/"}}]}},"_links":{"self":[{"href":"https:\/\/dibenedettoproductions.com\/index.php?rest_route=\/wp\/v2\/pages\/3812","targetHints":{"allow":["GET"]}}],"collection":[{"href":"https:\/\/dibenedettoproductions.com\/index.php?rest_route=\/wp\/v2\/pages"}],"about":[{"href":"https:\/\/dibenedettoproductions.com\/index.php?rest_route=\/wp\/v2\/types\/page"}],"author":[{"embeddable":true,"href":"https:\/\/dibenedettoproductions.com\/index.php?rest_route=\/wp\/v2\/users\/1"}],"replies":[{"embeddable":true,"href":"https:\/\/dibenedettoproductions.com\/index.php?rest_route=%2Fwp%2Fv2%2Fcomments&post=3812"}],"version-history":[{"count":7,"href":"https:\/\/dibenedettoproductions.com\/index.php?rest_route=\/wp\/v2\/pages\/3812\/revisions"}],"predecessor-version":[{"id":5779,"href":"https:\/\/dibenedettoproductions.com\/index.php?rest_route=\/wp\/v2\/pages\/3812\/revisions\/5779"}],"wp:attachment":[{"href":"https:\/\/dibenedettoproductions.com\/index.php?rest_route=%2Fwp%2Fv2%2Fmedia&parent=3812"}],"wp:term":[{"taxonomy":"category","embeddable":true,"href":"https:\/\/dibenedettoproductions.com\/index.php?rest_route=%2Fwp%2Fv2%2Fcategories&post=3812"},{"taxonomy":"post_tag","embeddable":true,"href":"https:\/\/dibenedettoproductions.com\/index.php?rest_route=%2Fwp%2Fv2%2Ftags&post=3812"}],"curies":[{"name":"wp","href":"https:\/\/api.w.org\/{rel}","templated":true}]}}