{"id":3742,"date":"2021-02-23T11:29:45","date_gmt":"2021-02-23T11:29:45","guid":{"rendered":"https:\/\/dibenedettoproductions.com\/?page_id=3742"},"modified":"2021-08-05T15:15:51","modified_gmt":"2021-08-05T15:15:51","slug":"la-pasion","status":"publish","type":"page","link":"https:\/\/dibenedettoproductions.com\/?page_id=3742","title":{"rendered":"La Pasi\u00f3n"},"content":{"rendered":"\t\t<div data-elementor-type=\"wp-page\" data-elementor-id=\"3742\" class=\"elementor elementor-3742\" data-elementor-settings=\"[]\">\n\t\t\t\t\t\t<div class=\"elementor-inner\">\n\t\t\t\t\t\t\t<div class=\"elementor-section-wrap\">\n\t\t\t\t\t\t\t<section class=\"elementor-section elementor-top-section elementor-element elementor-element-26352f7 elementor-section-stretched elementor-section-boxed elementor-section-height-default elementor-section-height-default\" data-id=\"26352f7\" data-element_type=\"section\" data-settings=\"{&quot;stretch_section&quot;:&quot;section-stretched&quot;,&quot;background_background&quot;:&quot;classic&quot;}\">\n\t\t\t\t\t\t<div class=\"elementor-container elementor-column-gap-default\">\n\t\t\t\t\t\t\t<div class=\"elementor-row\">\n\t\t\t\t\t<div class=\"elementor-column elementor-col-25 elementor-top-column elementor-element elementor-element-5c64c2b\" data-id=\"5c64c2b\" data-element_type=\"column\">\n\t\t\t<div class=\"elementor-column-wrap elementor-element-populated\">\n\t\t\t\t\t\t\t<div class=\"elementor-widget-wrap\">\n\t\t\t\t\t\t<div class=\"elementor-element elementor-element-9979ebc elementor-align-center elementor-widget elementor-widget-button\" data-id=\"9979ebc\" data-element_type=\"widget\" data-widget_type=\"button.default\">\n\t\t\t\t<div class=\"elementor-widget-container\">\n\t\t\t\t\t<div class=\"elementor-button-wrapper\">\n\t\t\t<a href=\"https:\/\/open.spotify.com\/track\/4LD8By4PoDePiWHbBunOFy?si=cFU3XD70SEyzi5pr7-VdfA\" class=\"elementor-button-link elementor-button elementor-size-sm\" role=\"button\">\n\t\t\t\t\t\t<span class=\"elementor-button-content-wrapper\">\n\t\t\t\t\t\t<span class=\"elementor-button-text\">SPOTIFY<\/span>\n\t\t<\/span>\n\t\t\t\t\t<\/a>\n\t\t<\/div>\n\t\t\t\t<\/div>\n\t\t\t\t<\/div>\n\t\t\t\t\t\t<\/div>\n\t\t\t\t\t<\/div>\n\t\t<\/div>\n\t\t\t\t<div class=\"elementor-column elementor-col-25 elementor-top-column elementor-element elementor-element-b43be0e\" data-id=\"b43be0e\" data-element_type=\"column\">\n\t\t\t<div class=\"elementor-column-wrap elementor-element-populated\">\n\t\t\t\t\t\t\t<div class=\"elementor-widget-wrap\">\n\t\t\t\t\t\t<div class=\"elementor-element elementor-element-f6e05bb elementor-align-center elementor-widget elementor-widget-button\" data-id=\"f6e05bb\" data-element_type=\"widget\" data-widget_type=\"button.default\">\n\t\t\t\t<div class=\"elementor-widget-container\">\n\t\t\t\t\t<div class=\"elementor-button-wrapper\">\n\t\t\t<a href=\"https:\/\/music.apple.com\/us\/album\/la-pasi%C3%B3n-feat-franny-el-ondure-version-reggaeton\/1353835141?i=1353837504%20\" class=\"elementor-button-link elementor-button elementor-size-sm\" role=\"button\">\n\t\t\t\t\t\t<span class=\"elementor-button-content-wrapper\">\n\t\t\t\t\t\t<span class=\"elementor-button-text\">APPLE MUSIC<\/span>\n\t\t<\/span>\n\t\t\t\t\t<\/a>\n\t\t<\/div>\n\t\t\t\t<\/div>\n\t\t\t\t<\/div>\n\t\t\t\t\t\t<\/div>\n\t\t\t\t\t<\/div>\n\t\t<\/div>\n\t\t\t\t<div class=\"elementor-column elementor-col-25 elementor-top-column elementor-element elementor-element-c13afd0\" data-id=\"c13afd0\" data-element_type=\"column\">\n\t\t\t<div class=\"elementor-column-wrap elementor-element-populated\">\n\t\t\t\t\t\t\t<div class=\"elementor-widget-wrap\">\n\t\t\t\t\t\t<div class=\"elementor-element elementor-element-6d5718b elementor-align-center elementor-widget elementor-widget-button\" data-id=\"6d5718b\" data-element_type=\"widget\" data-widget_type=\"button.default\">\n\t\t\t\t<div class=\"elementor-widget-container\">\n\t\t\t\t\t<div class=\"elementor-button-wrapper\">\n\t\t\t<a href=\"https:\/\/deezer.page.link\/etzCwhAqociGHsXc9%20\" class=\"elementor-button-link elementor-button elementor-size-sm\" role=\"button\">\n\t\t\t\t\t\t<span class=\"elementor-button-content-wrapper\">\n\t\t\t\t\t\t<span class=\"elementor-button-text\">DEEZER<\/span>\n\t\t<\/span>\n\t\t\t\t\t<\/a>\n\t\t<\/div>\n\t\t\t\t<\/div>\n\t\t\t\t<\/div>\n\t\t\t\t\t\t<\/div>\n\t\t\t\t\t<\/div>\n\t\t<\/div>\n\t\t\t\t<div class=\"elementor-column elementor-col-25 elementor-top-column elementor-element elementor-element-6f3ef58\" data-id=\"6f3ef58\" data-element_type=\"column\">\n\t\t\t<div class=\"elementor-column-wrap elementor-element-populated\">\n\t\t\t\t\t\t\t<div class=\"elementor-widget-wrap\">\n\t\t\t\t\t\t<div class=\"elementor-element elementor-element-2470164 elementor-align-center elementor-widget elementor-widget-button\" data-id=\"2470164\" data-element_type=\"widget\" data-widget_type=\"button.default\">\n\t\t\t\t<div class=\"elementor-widget-container\">\n\t\t\t\t\t<div class=\"elementor-button-wrapper\">\n\t\t\t<a href=\"https:\/\/music.amazon.com\/albums\/B07TFKXQQ9?trackAsin=B07T89ZPF9&#038;ref=dm_sh_62dd-8502-dmcp-3880-9c3e5&#038;musicTerritory=US&#038;marketplaceId=ATVPDKIKX0DER%20\" class=\"elementor-button-link elementor-button elementor-size-sm\" role=\"button\">\n\t\t\t\t\t\t<span class=\"elementor-button-content-wrapper\">\n\t\t\t\t\t\t<span class=\"elementor-button-text\">AMAZON MUSIC<\/span>\n\t\t<\/span>\n\t\t\t\t\t<\/a>\n\t\t<\/div>\n\t\t\t\t<\/div>\n\t\t\t\t<\/div>\n\t\t\t\t\t\t<\/div>\n\t\t\t\t\t<\/div>\n\t\t<\/div>\n\t\t\t\t\t\t\t\t<\/div>\n\t\t\t\t\t<\/div>\n\t\t<\/section>\n\t\t\t\t<section class=\"elementor-section elementor-top-section elementor-element elementor-element-ef04e4d elementor-section-stretched elementor-section-boxed elementor-section-height-default elementor-section-height-default\" data-id=\"ef04e4d\" data-element_type=\"section\" data-settings=\"{&quot;stretch_section&quot;:&quot;section-stretched&quot;,&quot;background_background&quot;:&quot;classic&quot;}\">\n\t\t\t\t\t\t<div class=\"elementor-container elementor-column-gap-default\">\n\t\t\t\t\t\t\t<div class=\"elementor-row\">\n\t\t\t\t\t<div class=\"elementor-column elementor-col-100 elementor-top-column elementor-element elementor-element-253c24d\" data-id=\"253c24d\" data-element_type=\"column\">\n\t\t\t<div class=\"elementor-column-wrap elementor-element-populated\">\n\t\t\t\t\t\t\t<div class=\"elementor-widget-wrap\">\n\t\t\t\t\t\t<div class=\"elementor-element elementor-element-60efb35 elementor-widget elementor-widget-text-editor\" data-id=\"60efb35\" data-element_type=\"widget\" data-widget_type=\"text-editor.default\">\n\t\t\t\t<div class=\"elementor-widget-container\">\n\t\t\t\t\t\t\t\t<div class=\"elementor-text-editor elementor-clearfix\">\n\t\t\t\t<p style=\"text-align: center;\"><span style=\"color: #ffffff;\">Y hoy estas aqu\u00ed frente a m\u00ed<\/span><\/p><p style=\"text-align: center;\"><span style=\"color: #ffffff;\">La noche que hizo que nos encontr\u00e1ramos<\/span><\/p><p style=\"text-align: center;\"><span style=\"color: #ffffff;\">Y hoy estas aqu\u00ed frente a mi<\/span><\/p><p style=\"text-align: center;\">\u00a0<\/p><p style=\"text-align: center;\"><span style=\"color: #ffffff;\">Y la pasi\u00f3n nos lleva a otro nivel<\/span><\/p><p style=\"text-align: center;\"><span style=\"color: #ffffff;\">En lo oscuro donde no nos puedan ver<\/span><\/p><p style=\"text-align: center;\"><span style=\"color: #ffffff;\">Tu casi desnuda me besas no disimulas<\/span><\/p><p style=\"text-align: center;\"><span style=\"color: #ffffff;\">Y la pasi\u00f3n nos lleva a otro nivel<\/span><\/p><p style=\"text-align: center;\"><span style=\"color: #ffffff;\">En lo oscuro donde no nos puedan ver<\/span><\/p><p style=\"text-align: center;\"><span style=\"color: #ffffff;\">Tu casi desnuda me besas no disimulas<\/span><\/p><p style=\"text-align: center;\">\u00a0<\/p><p style=\"text-align: center;\"><span style=\"color: #ffffff;\">Hace como tres meses que no la ve\u00eda<\/span><\/p><p style=\"text-align: center;\"><span style=\"color: #ffffff;\">Ella solo la hac\u00eda perdida<\/span><\/p><p style=\"text-align: center;\"><span style=\"color: #ffffff;\">Ella se acuerda que todo los wi que ella era m\u00eda<\/span><\/p><p style=\"text-align: center;\"><span style=\"color: #ffffff;\">Mami ya deja el drama menea el culo como Rihanna<\/span><\/p><p style=\"text-align: center;\"><span style=\"color: #ffffff;\">No me preguntes la hora este party se acaba ma\u00f1ana<\/span><\/p><p style=\"text-align: center;\"><span style=\"color: #ffffff;\">Este flow marihuana y parto<\/span><\/p><p style=\"text-align: center;\"><span style=\"color: #ffffff;\">P\u00e9gate en el momento exacto<\/span><\/p><p style=\"text-align: center;\"><span style=\"color: #ffffff;\">Yo no escatimo por eso con ella yo gasto los cuartos<\/span><\/p><p style=\"text-align: center;\"><span style=\"color: #ffffff;\">Con amilkele el piso est\u00e1 alto hermano seguimos cobrando<\/span><\/p><p style=\"text-align: center;\"><span style=\"color: #ffffff;\">Seguimos fiestando gozando<\/span><\/p><p style=\"text-align: center;\"><span style=\"color: #ffffff;\">Los party seguimos llenando<\/span><\/p><p style=\"text-align: center;\">\u00a0<\/p><p style=\"text-align: center;\"><span style=\"color: #ffffff;\">Y la pasi\u00f3n nos lleva a otro nivel<\/span><\/p><p style=\"text-align: center;\"><span style=\"color: #ffffff;\">En lo oscuro donde no nos puedan ver<\/span><\/p><p style=\"text-align: center;\"><span style=\"color: #ffffff;\">Tu casi desnuda me besas no disimulas<\/span><\/p><p style=\"text-align: center;\"><span style=\"color: #ffffff;\">Y la pasi\u00f3n nos lleva a otro nivel<\/span><\/p><p style=\"text-align: center;\"><span style=\"color: #ffffff;\">En lo oscuro donde no nos puedan ver<\/span><\/p><p style=\"text-align: center;\"><span style=\"color: #ffffff;\">Tu casi desnuda me besas no disimulas<\/span><\/p><p style=\"text-align: center;\">\u00a0<\/p><p style=\"text-align: center;\"><span style=\"color: #ffffff;\">Te pienso te siento te imagino y me pierdo al momento<\/span><\/p><p style=\"text-align: center;\"><span style=\"color: #ffffff;\">Te conecto a mis sue\u00f1os y sue\u00f1o que vivo contigo al ciento por ciento<\/span><\/p><p style=\"text-align: center;\"><span style=\"color: #ffffff;\">Y yo que me dejo llevar y siento que esto me est\u00e1 siendo mal<\/span><\/p><p style=\"text-align: center;\"><span style=\"color: #ffffff;\">Relax, espera siente la music que te acelera<\/span><\/p><p style=\"text-align: center;\"><span style=\"color: #ffffff;\">Bajito que los vecinos se enteran<\/span><\/p><p style=\"text-align: center;\"><span style=\"color: #ffffff;\">Y tus quejidos se escuchan afuera<\/span><\/p><p style=\"text-align: center;\"><span style=\"color: #ffffff;\">Y yo que me dejo llevar y siento que esto me est\u00e1 siendo mal<\/span><\/p><p style=\"text-align: center;\"><span style=\"color: #ffffff;\">Te cojo y te visto a mi forma<\/span><\/p><p style=\"text-align: center;\"><span style=\"color: #ffffff;\">A mi estilo la m\u00e1s cabrozona<\/span><\/p><p style=\"text-align: center;\"><span style=\"color: #ffffff;\">Te invito a que entres a mi trono<\/span><\/p><p style=\"text-align: center;\"><span style=\"color: #ffffff;\">Te nombro mi reina te doy la corona<\/span><\/p><p style=\"text-align: center;\"><span style=\"color: #ffffff;\">Y si por si acaso muy a persona<\/span><\/p><p style=\"text-align: center;\"><span style=\"color: #ffffff;\">No cojas lucha con los que comenten porque son una mala persona<\/span><\/p><p style=\"text-align: center;\"><span style=\"color: #ffffff;\">Que no se cansan de hablar de la gente no<\/span><\/p><p style=\"text-align: center;\"><span style=\"color: #ffffff;\">Qu\u00e9 hiciste en tremendo que no me metiste t\u00fa me llevaste a otro nivel<\/span><\/p><p style=\"text-align: center;\"><span style=\"color: #ffffff;\">Cuando t\u00fa me rompiste no me dejes que me pongo triste<\/span><\/p><p style=\"text-align: center;\"><span style=\"color: #ffffff;\">Fue en directo en coraz\u00f3n diste t\u00fa fuiste la que me fundiste<\/span><\/p><p style=\"text-align: center;\"><span style=\"color: #ffffff;\">S\u00e9 que no quieres a mas nadie yo soy el amor que pediste tu<\/span><\/p><p style=\"text-align: center;\"><span style=\"color: #ffffff;\">Y la pasi\u00f3n nos lleva a otro nivel<\/span><\/p><p style=\"text-align: center;\"><span style=\"color: #ffffff;\">En lo oscuro donde no nos puedan ver<\/span><\/p><p style=\"text-align: center;\"><span style=\"color: #ffffff;\">Tu casi desnuda me besas no disimulas<\/span><\/p><p style=\"text-align: center;\"><span style=\"color: #ffffff;\">Y la pasi\u00f3n nos lleva a otro nivel<\/span><\/p><p style=\"text-align: center;\"><span style=\"color: #ffffff;\">En lo oscuro donde no nos puedan ver<\/span><\/p><p style=\"text-align: center;\"><span style=\"color: #ffffff;\">Tu casi desnuda me besas no disimulas<\/span><\/p><p style=\"text-align: center;\">\u00a0<\/p><p style=\"text-align: center;\"><span style=\"color: #ffffff;\">Las ganas aumentan cuando t\u00fa mueves tu culo seguido en c\u00e1mara lenta<\/span><\/p><p style=\"text-align: center;\"><span style=\"color: #ffffff;\">Te pones tremenda me pides que siga mat\u00e1ndote arriba<\/span><\/p><p style=\"text-align: center;\"><span style=\"color: #ffffff;\">Cinco minutos y ya vamos por treinta tus labios me tientan<\/span><\/p><p style=\"text-align: center;\"><span style=\"color: #ffffff;\">Me dices que eres mi hembra que contigo todo el tiempo me venga<\/span><\/p><p style=\"text-align: center;\"><span style=\"color: #ffffff;\">Para todos los lugares por m\u00ed no te midas yo no te he dicho que pares<\/span><\/p><p style=\"text-align: center;\"><span style=\"color: #ffffff;\">Dale baby vente conmigo madrugarte no hayan testigo dale vente para ac\u00e1<\/span><\/p><p style=\"text-align: center;\"><span style=\"color: #ffffff;\">Para adelante y mira si te vienes seguro que sigo<\/span><\/p><p style=\"text-align: center;\">\u00a0<\/p><p style=\"text-align: center;\"><span style=\"color: #ffffff;\">Y hoy estas aqu\u00ed frente a m\u00ed<\/span><\/p><p style=\"text-align: center;\"><span style=\"color: #ffffff;\">La noche que hizo que nos encontr\u00e1ramos<\/span><\/p><p style=\"text-align: center;\"><span style=\"color: #ffffff;\">Y hoy estas aqu\u00ed frente a mi<\/span><\/p><p style=\"text-align: center;\">\u00a0<\/p><p style=\"text-align: center;\"><span style=\"color: #ffffff;\">Y la pasi\u00f3n nos lleva a otro nivel<\/span><\/p><p style=\"text-align: center;\"><span style=\"color: #ffffff;\">Tu casi desnuda<\/span><\/p>\t\t\t\t\t<\/div>\n\t\t\t\t\t\t<\/div>\n\t\t\t\t<\/div>\n\t\t\t\t\t\t<\/div>\n\t\t\t\t\t<\/div>\n\t\t<\/div>\n\t\t\t\t\t\t\t\t<\/div>\n\t\t\t\t\t<\/div>\n\t\t<\/section>\n\t\t\t\t\t\t<\/div>\n\t\t\t\t\t\t<\/div>\n\t\t\t\t\t<\/div>\n\t\t","protected":false},"excerpt":{"rendered":"<p>SPOTIFY APPLE MUSIC DEEZER AMAZON MUSIC Y hoy estas aqu\u00ed frente a m\u00ed La noche que hizo que nos encontr\u00e1ramos Y hoy estas aqu\u00ed frente a mi \u00a0 Y la pasi\u00f3n nos lleva a otro nivel En lo oscuro donde no nos puedan ver Tu casi desnuda me besas no disimulas Y la pasi\u00f3n nos.<\/p>\n","protected":false},"author":1,"featured_media":0,"parent":0,"menu_order":0,"comment_status":"closed","ping_status":"closed","template":"","meta":{"footnotes":""},"categories":[42],"tags":[],"class_list":["post-3742","page","type-page","status-publish","hentry","category-testi"],"yoast_head":"<!-- This site is optimized with the Yoast SEO plugin v19.6.1 - https:\/\/yoast.com\/wordpress\/plugins\/seo\/ -->\n<title>La Pasi\u00f3n - Di Benedetto Productions<\/title>\n<meta name=\"robots\" content=\"index, follow, max-snippet:-1, max-image-preview:large, max-video-preview:-1\" \/>\n<link rel=\"canonical\" href=\"https:\/\/dibenedettoproductions.com\/?page_id=3742\" \/>\n<meta property=\"og:locale\" content=\"it_IT\" \/>\n<meta property=\"og:type\" content=\"article\" \/>\n<meta property=\"og:title\" content=\"La Pasi\u00f3n - Di Benedetto Productions\" \/>\n<meta property=\"og:description\" content=\"SPOTIFY APPLE MUSIC DEEZER AMAZON MUSIC Y hoy estas aqu\u00ed frente a m\u00ed La noche que hizo que nos encontr\u00e1ramos Y hoy estas aqu\u00ed frente a mi \u00a0 Y la pasi\u00f3n nos lleva a otro nivel En lo oscuro donde no nos puedan ver Tu casi desnuda me besas no disimulas Y la pasi\u00f3n nos.\" \/>\n<meta property=\"og:url\" content=\"https:\/\/dibenedettoproductions.com\/?page_id=3742\" \/>\n<meta property=\"og:site_name\" content=\"Di Benedetto Productions\" \/>\n<meta property=\"article:modified_time\" content=\"2021-08-05T15:15:51+00:00\" \/>\n<meta name=\"twitter:card\" content=\"summary_large_image\" \/>\n<meta name=\"twitter:label1\" content=\"Tempo di lettura stimato\" \/>\n\t<meta name=\"twitter:data1\" content=\"3 minuti\" \/>\n<script type=\"application\/ld+json\" class=\"yoast-schema-graph\">{\"@context\":\"https:\/\/schema.org\",\"@graph\":[{\"@type\":\"WebPage\",\"@id\":\"https:\/\/dibenedettoproductions.com\/?page_id=3742\",\"url\":\"https:\/\/dibenedettoproductions.com\/?page_id=3742\",\"name\":\"La Pasi\u00f3n - Di Benedetto Productions\",\"isPartOf\":{\"@id\":\"https:\/\/dibenedettoproductions.com\/#website\"},\"datePublished\":\"2021-02-23T11:29:45+00:00\",\"dateModified\":\"2021-08-05T15:15:51+00:00\",\"breadcrumb\":{\"@id\":\"https:\/\/dibenedettoproductions.com\/?page_id=3742#breadcrumb\"},\"inLanguage\":\"it-IT\",\"potentialAction\":[{\"@type\":\"ReadAction\",\"target\":[\"https:\/\/dibenedettoproductions.com\/?page_id=3742\"]}]},{\"@type\":\"BreadcrumbList\",\"@id\":\"https:\/\/dibenedettoproductions.com\/?page_id=3742#breadcrumb\",\"itemListElement\":[{\"@type\":\"ListItem\",\"position\":1,\"name\":\"Home\",\"item\":\"https:\/\/dibenedettoproductions.com\/\"},{\"@type\":\"ListItem\",\"position\":2,\"name\":\"La Pasi\u00f3n\"}]},{\"@type\":\"WebSite\",\"@id\":\"https:\/\/dibenedettoproductions.com\/#website\",\"url\":\"https:\/\/dibenedettoproductions.com\/\",\"name\":\"Di Benedetto Productions\",\"description\":\"\",\"publisher\":{\"@id\":\"https:\/\/dibenedettoproductions.com\/#organization\"},\"potentialAction\":[{\"@type\":\"SearchAction\",\"target\":{\"@type\":\"EntryPoint\",\"urlTemplate\":\"https:\/\/dibenedettoproductions.com\/?s={search_term_string}\"},\"query-input\":\"required name=search_term_string\"}],\"inLanguage\":\"it-IT\"},{\"@type\":\"Organization\",\"@id\":\"https:\/\/dibenedettoproductions.com\/#organization\",\"name\":\"DI BENEDETTO PRODUCTIONS\",\"url\":\"https:\/\/dibenedettoproductions.com\/\",\"sameAs\":[],\"logo\":{\"@type\":\"ImageObject\",\"inLanguage\":\"it-IT\",\"@id\":\"https:\/\/dibenedettoproductions.com\/#\/schema\/logo\/image\/\",\"url\":\"https:\/\/dibenedettoproductions.com\/wp-content\/uploads\/2021\/09\/logo_di_benedetto_productions.jpg\",\"contentUrl\":\"https:\/\/dibenedettoproductions.com\/wp-content\/uploads\/2021\/09\/logo_di_benedetto_productions.jpg\",\"width\":225,\"height\":225,\"caption\":\"DI BENEDETTO PRODUCTIONS\"},\"image\":{\"@id\":\"https:\/\/dibenedettoproductions.com\/#\/schema\/logo\/image\/\"}}]}<\/script>\n<!-- \/ Yoast SEO plugin. -->","yoast_head_json":{"title":"La Pasi\u00f3n - Di Benedetto Productions","robots":{"index":"index","follow":"follow","max-snippet":"max-snippet:-1","max-image-preview":"max-image-preview:large","max-video-preview":"max-video-preview:-1"},"canonical":"https:\/\/dibenedettoproductions.com\/?page_id=3742","og_locale":"it_IT","og_type":"article","og_title":"La Pasi\u00f3n - Di Benedetto Productions","og_description":"SPOTIFY APPLE MUSIC DEEZER AMAZON MUSIC Y hoy estas aqu\u00ed frente a m\u00ed La noche que hizo que nos encontr\u00e1ramos Y hoy estas aqu\u00ed frente a mi \u00a0 Y la pasi\u00f3n nos lleva a otro nivel En lo oscuro donde no nos puedan ver Tu casi desnuda me besas no disimulas Y la pasi\u00f3n nos.","og_url":"https:\/\/dibenedettoproductions.com\/?page_id=3742","og_site_name":"Di Benedetto Productions","article_modified_time":"2021-08-05T15:15:51+00:00","twitter_card":"summary_large_image","twitter_misc":{"Tempo di lettura stimato":"3 minuti"},"schema":{"@context":"https:\/\/schema.org","@graph":[{"@type":"WebPage","@id":"https:\/\/dibenedettoproductions.com\/?page_id=3742","url":"https:\/\/dibenedettoproductions.com\/?page_id=3742","name":"La Pasi\u00f3n - Di Benedetto Productions","isPartOf":{"@id":"https:\/\/dibenedettoproductions.com\/#website"},"datePublished":"2021-02-23T11:29:45+00:00","dateModified":"2021-08-05T15:15:51+00:00","breadcrumb":{"@id":"https:\/\/dibenedettoproductions.com\/?page_id=3742#breadcrumb"},"inLanguage":"it-IT","potentialAction":[{"@type":"ReadAction","target":["https:\/\/dibenedettoproductions.com\/?page_id=3742"]}]},{"@type":"BreadcrumbList","@id":"https:\/\/dibenedettoproductions.com\/?page_id=3742#breadcrumb","itemListElement":[{"@type":"ListItem","position":1,"name":"Home","item":"https:\/\/dibenedettoproductions.com\/"},{"@type":"ListItem","position":2,"name":"La Pasi\u00f3n"}]},{"@type":"WebSite","@id":"https:\/\/dibenedettoproductions.com\/#website","url":"https:\/\/dibenedettoproductions.com\/","name":"Di Benedetto Productions","description":"","publisher":{"@id":"https:\/\/dibenedettoproductions.com\/#organization"},"potentialAction":[{"@type":"SearchAction","target":{"@type":"EntryPoint","urlTemplate":"https:\/\/dibenedettoproductions.com\/?s={search_term_string}"},"query-input":"required name=search_term_string"}],"inLanguage":"it-IT"},{"@type":"Organization","@id":"https:\/\/dibenedettoproductions.com\/#organization","name":"DI BENEDETTO PRODUCTIONS","url":"https:\/\/dibenedettoproductions.com\/","sameAs":[],"logo":{"@type":"ImageObject","inLanguage":"it-IT","@id":"https:\/\/dibenedettoproductions.com\/#\/schema\/logo\/image\/","url":"https:\/\/dibenedettoproductions.com\/wp-content\/uploads\/2021\/09\/logo_di_benedetto_productions.jpg","contentUrl":"https:\/\/dibenedettoproductions.com\/wp-content\/uploads\/2021\/09\/logo_di_benedetto_productions.jpg","width":225,"height":225,"caption":"DI BENEDETTO PRODUCTIONS"},"image":{"@id":"https:\/\/dibenedettoproductions.com\/#\/schema\/logo\/image\/"}}]}},"_links":{"self":[{"href":"https:\/\/dibenedettoproductions.com\/index.php?rest_route=\/wp\/v2\/pages\/3742","targetHints":{"allow":["GET"]}}],"collection":[{"href":"https:\/\/dibenedettoproductions.com\/index.php?rest_route=\/wp\/v2\/pages"}],"about":[{"href":"https:\/\/dibenedettoproductions.com\/index.php?rest_route=\/wp\/v2\/types\/page"}],"author":[{"embeddable":true,"href":"https:\/\/dibenedettoproductions.com\/index.php?rest_route=\/wp\/v2\/users\/1"}],"replies":[{"embeddable":true,"href":"https:\/\/dibenedettoproductions.com\/index.php?rest_route=%2Fwp%2Fv2%2Fcomments&post=3742"}],"version-history":[{"count":7,"href":"https:\/\/dibenedettoproductions.com\/index.php?rest_route=\/wp\/v2\/pages\/3742\/revisions"}],"predecessor-version":[{"id":5743,"href":"https:\/\/dibenedettoproductions.com\/index.php?rest_route=\/wp\/v2\/pages\/3742\/revisions\/5743"}],"wp:attachment":[{"href":"https:\/\/dibenedettoproductions.com\/index.php?rest_route=%2Fwp%2Fv2%2Fmedia&parent=3742"}],"wp:term":[{"taxonomy":"category","embeddable":true,"href":"https:\/\/dibenedettoproductions.com\/index.php?rest_route=%2Fwp%2Fv2%2Fcategories&post=3742"},{"taxonomy":"post_tag","embeddable":true,"href":"https:\/\/dibenedettoproductions.com\/index.php?rest_route=%2Fwp%2Fv2%2Ftags&post=3742"}],"curies":[{"name":"wp","href":"https:\/\/api.w.org\/{rel}","templated":true}]}}