{"id":3720,"date":"2021-02-23T11:23:49","date_gmt":"2021-02-23T11:23:49","guid":{"rendered":"https:\/\/dibenedettoproductions.com\/?page_id=3720"},"modified":"2021-08-05T15:15:14","modified_gmt":"2021-08-05T15:15:14","slug":"infieles","status":"publish","type":"page","link":"https:\/\/dibenedettoproductions.com\/?page_id=3720","title":{"rendered":"Infieles"},"content":{"rendered":"\t\t<div data-elementor-type=\"wp-page\" data-elementor-id=\"3720\" class=\"elementor elementor-3720\" data-elementor-settings=\"[]\">\n\t\t\t\t\t\t<div class=\"elementor-inner\">\n\t\t\t\t\t\t\t<div class=\"elementor-section-wrap\">\n\t\t\t\t\t\t\t<section class=\"elementor-section elementor-top-section elementor-element elementor-element-5baf9c7 elementor-section-stretched elementor-section-boxed elementor-section-height-default elementor-section-height-default\" data-id=\"5baf9c7\" data-element_type=\"section\" data-settings=\"{&quot;stretch_section&quot;:&quot;section-stretched&quot;,&quot;background_background&quot;:&quot;classic&quot;}\">\n\t\t\t\t\t\t<div class=\"elementor-container elementor-column-gap-default\">\n\t\t\t\t\t\t\t<div class=\"elementor-row\">\n\t\t\t\t\t<div class=\"elementor-column elementor-col-25 elementor-top-column elementor-element elementor-element-fe2b7db\" data-id=\"fe2b7db\" data-element_type=\"column\">\n\t\t\t<div class=\"elementor-column-wrap elementor-element-populated\">\n\t\t\t\t\t\t\t<div class=\"elementor-widget-wrap\">\n\t\t\t\t\t\t<div class=\"elementor-element elementor-element-1eebf37 elementor-align-center elementor-widget elementor-widget-button\" data-id=\"1eebf37\" data-element_type=\"widget\" data-widget_type=\"button.default\">\n\t\t\t\t<div class=\"elementor-widget-container\">\n\t\t\t\t\t<div class=\"elementor-button-wrapper\">\n\t\t\t<a href=\"https:\/\/open.spotify.com\/track\/58kqlkRG7FmhSh4Biu82Ym?si=3zd6MYWmRPux1bUhbg4aVA%20\" class=\"elementor-button-link elementor-button elementor-size-sm\" role=\"button\">\n\t\t\t\t\t\t<span class=\"elementor-button-content-wrapper\">\n\t\t\t\t\t\t<span class=\"elementor-button-text\">SPOTIFY<\/span>\n\t\t<\/span>\n\t\t\t\t\t<\/a>\n\t\t<\/div>\n\t\t\t\t<\/div>\n\t\t\t\t<\/div>\n\t\t\t\t\t\t<\/div>\n\t\t\t\t\t<\/div>\n\t\t<\/div>\n\t\t\t\t<div class=\"elementor-column elementor-col-25 elementor-top-column elementor-element elementor-element-c577824\" data-id=\"c577824\" data-element_type=\"column\">\n\t\t\t<div class=\"elementor-column-wrap elementor-element-populated\">\n\t\t\t\t\t\t\t<div class=\"elementor-widget-wrap\">\n\t\t\t\t\t\t<div class=\"elementor-element elementor-element-9163a09 elementor-align-center elementor-widget elementor-widget-button\" data-id=\"9163a09\" data-element_type=\"widget\" data-widget_type=\"button.default\">\n\t\t\t\t<div class=\"elementor-widget-container\">\n\t\t\t\t\t<div class=\"elementor-button-wrapper\">\n\t\t\t<a href=\"https:\/\/music.apple.com\/us\/album\/infieles\/1348002773?i=1348002775%20\" class=\"elementor-button-link elementor-button elementor-size-sm\" role=\"button\">\n\t\t\t\t\t\t<span class=\"elementor-button-content-wrapper\">\n\t\t\t\t\t\t<span class=\"elementor-button-text\">APPLE MUSIC<\/span>\n\t\t<\/span>\n\t\t\t\t\t<\/a>\n\t\t<\/div>\n\t\t\t\t<\/div>\n\t\t\t\t<\/div>\n\t\t\t\t\t\t<\/div>\n\t\t\t\t\t<\/div>\n\t\t<\/div>\n\t\t\t\t<div class=\"elementor-column elementor-col-25 elementor-top-column elementor-element elementor-element-61b2c06\" data-id=\"61b2c06\" data-element_type=\"column\">\n\t\t\t<div class=\"elementor-column-wrap elementor-element-populated\">\n\t\t\t\t\t\t\t<div class=\"elementor-widget-wrap\">\n\t\t\t\t\t\t<div class=\"elementor-element elementor-element-1d4117d elementor-align-center elementor-widget elementor-widget-button\" data-id=\"1d4117d\" data-element_type=\"widget\" data-widget_type=\"button.default\">\n\t\t\t\t<div class=\"elementor-widget-container\">\n\t\t\t\t\t<div class=\"elementor-button-wrapper\">\n\t\t\t<a href=\"https:\/\/deezer.page.link\/oc5tDbiKTN5FS6VA9\" class=\"elementor-button-link elementor-button elementor-size-sm\" role=\"button\">\n\t\t\t\t\t\t<span class=\"elementor-button-content-wrapper\">\n\t\t\t\t\t\t<span class=\"elementor-button-text\">DEEZER<\/span>\n\t\t<\/span>\n\t\t\t\t\t<\/a>\n\t\t<\/div>\n\t\t\t\t<\/div>\n\t\t\t\t<\/div>\n\t\t\t\t\t\t<\/div>\n\t\t\t\t\t<\/div>\n\t\t<\/div>\n\t\t\t\t<div class=\"elementor-column elementor-col-25 elementor-top-column elementor-element elementor-element-d879bf4\" data-id=\"d879bf4\" data-element_type=\"column\">\n\t\t\t<div class=\"elementor-column-wrap elementor-element-populated\">\n\t\t\t\t\t\t\t<div class=\"elementor-widget-wrap\">\n\t\t\t\t\t\t<div class=\"elementor-element elementor-element-cd21aa1 elementor-align-center elementor-widget elementor-widget-button\" data-id=\"cd21aa1\" data-element_type=\"widget\" data-widget_type=\"button.default\">\n\t\t\t\t<div class=\"elementor-widget-container\">\n\t\t\t\t\t<div class=\"elementor-button-wrapper\">\n\t\t\t<a href=\"https:\/\/music.amazon.com\/albums\/B07TDMG8LZ?trackAsin=B07TCHVSWY&#038;ref=dm_sh_1778-d471-dmcp-0273-63587&#038;musicTerritory=US&#038;marketplaceId=ATVPDKIKX0DER%20\" class=\"elementor-button-link elementor-button elementor-size-sm\" role=\"button\">\n\t\t\t\t\t\t<span class=\"elementor-button-content-wrapper\">\n\t\t\t\t\t\t<span class=\"elementor-button-text\">AMAZON MUSIC<\/span>\n\t\t<\/span>\n\t\t\t\t\t<\/a>\n\t\t<\/div>\n\t\t\t\t<\/div>\n\t\t\t\t<\/div>\n\t\t\t\t\t\t<\/div>\n\t\t\t\t\t<\/div>\n\t\t<\/div>\n\t\t\t\t\t\t\t\t<\/div>\n\t\t\t\t\t<\/div>\n\t\t<\/section>\n\t\t\t\t<section class=\"elementor-section elementor-top-section elementor-element elementor-element-2862a05 elementor-section-stretched elementor-section-boxed elementor-section-height-default elementor-section-height-default\" data-id=\"2862a05\" data-element_type=\"section\" data-settings=\"{&quot;stretch_section&quot;:&quot;section-stretched&quot;,&quot;background_background&quot;:&quot;classic&quot;}\">\n\t\t\t\t\t\t<div class=\"elementor-container elementor-column-gap-default\">\n\t\t\t\t\t\t\t<div class=\"elementor-row\">\n\t\t\t\t\t<div class=\"elementor-column elementor-col-100 elementor-top-column elementor-element elementor-element-854098c\" data-id=\"854098c\" data-element_type=\"column\">\n\t\t\t<div class=\"elementor-column-wrap elementor-element-populated\">\n\t\t\t\t\t\t\t<div class=\"elementor-widget-wrap\">\n\t\t\t\t\t\t<div class=\"elementor-element elementor-element-000c755 elementor-widget elementor-widget-text-editor\" data-id=\"000c755\" data-element_type=\"widget\" data-widget_type=\"text-editor.default\">\n\t\t\t\t<div class=\"elementor-widget-container\">\n\t\t\t\t\t\t\t\t<div class=\"elementor-text-editor elementor-clearfix\">\n\t\t\t\t<div><p style=\"text-align: center;\"><span style=\"color: #ffffff;\">&#8230;.ay no me digas nada, dale ven conmigo<\/span><\/p><p style=\"text-align: center;\"><span style=\"color: #ffffff;\">esta noche yo te sirvo de abrigo solo<\/span><\/p><p style=\"text-align: center;\"><span style=\"color: #ffffff;\">escapate eh eh<\/span><\/p><p style=\"text-align: center;\"><span style=\"color: #ffffff;\">no le digas nada dale ven conmigo oh<\/span><\/p><p style=\"text-align: center;\"><span style=\"color: #ffffff;\">solamente dime y yo te sigo oh oh<\/span><\/p><p style=\"text-align: center;\"><span style=\"color: #ffffff;\">coro:y si nos quemamos la piel, y beso tu boca<\/span><\/p><p style=\"text-align: center;\"><span style=\"color: #ffffff;\">que tal si le confiesas que, te traigo loca ah<\/span><\/p><p style=\"text-align: center;\"><span style=\"color: #ffffff;\">y si nos quemamos la piel y beso tu boca<\/span><\/p><p style=\"text-align: center;\"><span style=\"color: #ffffff;\">que tal si le confiesas que, te tengo loca<\/span><\/p><p style=\"text-align: center;\"><span style=\"color: #ffffff;\">oh oh oh uh oh<\/span><\/p><p style=\"text-align: center;\"><span style=\"color: #ffffff;\">quiero besarte despacio, dale bebe no te midas<\/span><\/p><p style=\"text-align: center;\"><span style=\"color: #ffffff;\">t\u00fa sabes que t\u00fa eres m\u00e1s que mi consentida dale mano arriba<\/span><\/p><p style=\"text-align: center;\"><span style=\"color: #ffffff;\">cuando bailas conmigo se siente el calor, cuando te me pegas<\/span><\/p><p style=\"text-align: center;\"><span style=\"color: #ffffff;\">quiero besarte y yo muero por tenerte otra vez<\/span><\/p><p style=\"text-align: center;\"><span style=\"color: #ffffff;\">que la luna caiga con tu desnudez, olvidate de ese bobo<\/span><\/p><p style=\"text-align: center;\"><span style=\"color: #ffffff;\">que tal si te robo, y esta noche te vas conmigo<\/span><\/p><p style=\"text-align: center;\"><span style=\"color: #ffffff;\">tu y yo a lo prohibido<\/span><\/p><p style=\"text-align: center;\"><span style=\"color: #ffffff;\">coro:y si nos quemamos la piel, beso tu boca<\/span><\/p><p style=\"text-align: center;\"><span style=\"color: #ffffff;\">que tal si le confiesas que, te traigo loca ah<\/span><\/p><p style=\"text-align: center;\"><span style=\"color: #ffffff;\">y si nos quemamos la piel y beso tu boca<\/span><\/p><p style=\"text-align: center;\"><span style=\"color: #ffffff;\">que tal si le confiesas que, te tengo loca<\/span><\/p><p style=\"text-align: center;\"><span style=\"color: #ffffff;\">(se repite)<\/span><\/p><p style=\"text-align: center;\"><span style=\"color: #ffffff;\">dirle que como yo nadie te hace el amor<\/span><\/p><p style=\"text-align: center;\"><span style=\"color: #ffffff;\">que fui yo al que a tu vida le puso color<\/span><\/p><p style=\"text-align: center;\"><span style=\"color: #ffffff;\">el que te gusta aya yai aiyayai<\/span><\/p><p style=\"text-align: center;\"><span style=\"color: #ffffff;\">cuando te lo hago rico yo yo<\/span><\/p><p style=\"text-align: center;\"><span style=\"color: #ffffff;\">y solo con un beso te acelero el coraz\u00f3n<\/span><\/p><p style=\"text-align: center;\"><span style=\"color: #ffffff;\">oh oh uoo oh oh uoo oh oh uoo<\/span><\/p><p style=\"text-align: center;\"><span style=\"color: #ffffff;\">ay no le digas nada<\/span><\/p><p style=\"text-align: center;\"><span style=\"color: #ffffff;\">dale ven conmigo<\/span><\/p><p style=\"text-align: center;\"><span style=\"color: #ffffff;\">esta noche yo te sirvo de abrigo<\/span><\/p><p style=\"text-align: center;\"><span style=\"color: #ffffff;\">solo escapate,uh no le digas nada<\/span><\/p><p style=\"text-align: center;\"><span style=\"color: #ffffff;\">dale ven conmigo oh oh<\/span><\/p><p style=\"text-align: center;\"><span style=\"color: #ffffff;\">solamente dime y yo te sigo oh<\/span><\/p><\/div>\t\t\t\t\t<\/div>\n\t\t\t\t\t\t<\/div>\n\t\t\t\t<\/div>\n\t\t\t\t\t\t<\/div>\n\t\t\t\t\t<\/div>\n\t\t<\/div>\n\t\t\t\t\t\t\t\t<\/div>\n\t\t\t\t\t<\/div>\n\t\t<\/section>\n\t\t\t\t\t\t<\/div>\n\t\t\t\t\t\t<\/div>\n\t\t\t\t\t<\/div>\n\t\t","protected":false},"excerpt":{"rendered":"<p>SPOTIFY APPLE MUSIC DEEZER AMAZON MUSIC &#8230;.ay no me digas nada, dale ven conmigo esta noche yo te sirvo de abrigo solo escapate eh eh no le digas nada dale ven conmigo oh solamente dime y yo te sigo oh oh coro:y si nos quemamos la piel, y beso tu boca que tal si le.<\/p>\n","protected":false},"author":1,"featured_media":0,"parent":0,"menu_order":0,"comment_status":"closed","ping_status":"closed","template":"","meta":{"footnotes":""},"categories":[42],"tags":[],"class_list":["post-3720","page","type-page","status-publish","hentry","category-testi"],"yoast_head":"<!-- This site is optimized with the Yoast SEO plugin v19.6.1 - https:\/\/yoast.com\/wordpress\/plugins\/seo\/ -->\n<title>Infieles - Di Benedetto Productions<\/title>\n<meta name=\"robots\" content=\"index, follow, max-snippet:-1, max-image-preview:large, max-video-preview:-1\" \/>\n<link rel=\"canonical\" href=\"https:\/\/dibenedettoproductions.com\/?page_id=3720\" \/>\n<meta property=\"og:locale\" content=\"it_IT\" \/>\n<meta property=\"og:type\" content=\"article\" \/>\n<meta property=\"og:title\" content=\"Infieles - Di Benedetto Productions\" \/>\n<meta property=\"og:description\" content=\"SPOTIFY APPLE MUSIC DEEZER AMAZON MUSIC &#8230;.ay no me digas nada, dale ven conmigo esta noche yo te sirvo de abrigo solo escapate eh eh no le digas nada dale ven conmigo oh solamente dime y yo te sigo oh oh coro:y si nos quemamos la piel, y beso tu boca que tal si le.\" \/>\n<meta property=\"og:url\" content=\"https:\/\/dibenedettoproductions.com\/?page_id=3720\" \/>\n<meta property=\"og:site_name\" content=\"Di Benedetto Productions\" \/>\n<meta property=\"article:modified_time\" content=\"2021-08-05T15:15:14+00:00\" \/>\n<meta name=\"twitter:card\" content=\"summary_large_image\" \/>\n<meta name=\"twitter:label1\" content=\"Tempo di lettura stimato\" \/>\n\t<meta name=\"twitter:data1\" content=\"1 minuto\" \/>\n<script type=\"application\/ld+json\" class=\"yoast-schema-graph\">{\"@context\":\"https:\/\/schema.org\",\"@graph\":[{\"@type\":\"WebPage\",\"@id\":\"https:\/\/dibenedettoproductions.com\/?page_id=3720\",\"url\":\"https:\/\/dibenedettoproductions.com\/?page_id=3720\",\"name\":\"Infieles - Di Benedetto Productions\",\"isPartOf\":{\"@id\":\"https:\/\/dibenedettoproductions.com\/#website\"},\"datePublished\":\"2021-02-23T11:23:49+00:00\",\"dateModified\":\"2021-08-05T15:15:14+00:00\",\"breadcrumb\":{\"@id\":\"https:\/\/dibenedettoproductions.com\/?page_id=3720#breadcrumb\"},\"inLanguage\":\"it-IT\",\"potentialAction\":[{\"@type\":\"ReadAction\",\"target\":[\"https:\/\/dibenedettoproductions.com\/?page_id=3720\"]}]},{\"@type\":\"BreadcrumbList\",\"@id\":\"https:\/\/dibenedettoproductions.com\/?page_id=3720#breadcrumb\",\"itemListElement\":[{\"@type\":\"ListItem\",\"position\":1,\"name\":\"Home\",\"item\":\"https:\/\/dibenedettoproductions.com\/\"},{\"@type\":\"ListItem\",\"position\":2,\"name\":\"Infieles\"}]},{\"@type\":\"WebSite\",\"@id\":\"https:\/\/dibenedettoproductions.com\/#website\",\"url\":\"https:\/\/dibenedettoproductions.com\/\",\"name\":\"Di Benedetto Productions\",\"description\":\"\",\"publisher\":{\"@id\":\"https:\/\/dibenedettoproductions.com\/#organization\"},\"potentialAction\":[{\"@type\":\"SearchAction\",\"target\":{\"@type\":\"EntryPoint\",\"urlTemplate\":\"https:\/\/dibenedettoproductions.com\/?s={search_term_string}\"},\"query-input\":\"required name=search_term_string\"}],\"inLanguage\":\"it-IT\"},{\"@type\":\"Organization\",\"@id\":\"https:\/\/dibenedettoproductions.com\/#organization\",\"name\":\"DI BENEDETTO PRODUCTIONS\",\"url\":\"https:\/\/dibenedettoproductions.com\/\",\"sameAs\":[],\"logo\":{\"@type\":\"ImageObject\",\"inLanguage\":\"it-IT\",\"@id\":\"https:\/\/dibenedettoproductions.com\/#\/schema\/logo\/image\/\",\"url\":\"https:\/\/dibenedettoproductions.com\/wp-content\/uploads\/2021\/09\/logo_di_benedetto_productions.jpg\",\"contentUrl\":\"https:\/\/dibenedettoproductions.com\/wp-content\/uploads\/2021\/09\/logo_di_benedetto_productions.jpg\",\"width\":225,\"height\":225,\"caption\":\"DI BENEDETTO PRODUCTIONS\"},\"image\":{\"@id\":\"https:\/\/dibenedettoproductions.com\/#\/schema\/logo\/image\/\"}}]}<\/script>\n<!-- \/ Yoast SEO plugin. -->","yoast_head_json":{"title":"Infieles - Di Benedetto Productions","robots":{"index":"index","follow":"follow","max-snippet":"max-snippet:-1","max-image-preview":"max-image-preview:large","max-video-preview":"max-video-preview:-1"},"canonical":"https:\/\/dibenedettoproductions.com\/?page_id=3720","og_locale":"it_IT","og_type":"article","og_title":"Infieles - Di Benedetto Productions","og_description":"SPOTIFY APPLE MUSIC DEEZER AMAZON MUSIC &#8230;.ay no me digas nada, dale ven conmigo esta noche yo te sirvo de abrigo solo escapate eh eh no le digas nada dale ven conmigo oh solamente dime y yo te sigo oh oh coro:y si nos quemamos la piel, y beso tu boca que tal si le.","og_url":"https:\/\/dibenedettoproductions.com\/?page_id=3720","og_site_name":"Di Benedetto Productions","article_modified_time":"2021-08-05T15:15:14+00:00","twitter_card":"summary_large_image","twitter_misc":{"Tempo di lettura stimato":"1 minuto"},"schema":{"@context":"https:\/\/schema.org","@graph":[{"@type":"WebPage","@id":"https:\/\/dibenedettoproductions.com\/?page_id=3720","url":"https:\/\/dibenedettoproductions.com\/?page_id=3720","name":"Infieles - Di Benedetto Productions","isPartOf":{"@id":"https:\/\/dibenedettoproductions.com\/#website"},"datePublished":"2021-02-23T11:23:49+00:00","dateModified":"2021-08-05T15:15:14+00:00","breadcrumb":{"@id":"https:\/\/dibenedettoproductions.com\/?page_id=3720#breadcrumb"},"inLanguage":"it-IT","potentialAction":[{"@type":"ReadAction","target":["https:\/\/dibenedettoproductions.com\/?page_id=3720"]}]},{"@type":"BreadcrumbList","@id":"https:\/\/dibenedettoproductions.com\/?page_id=3720#breadcrumb","itemListElement":[{"@type":"ListItem","position":1,"name":"Home","item":"https:\/\/dibenedettoproductions.com\/"},{"@type":"ListItem","position":2,"name":"Infieles"}]},{"@type":"WebSite","@id":"https:\/\/dibenedettoproductions.com\/#website","url":"https:\/\/dibenedettoproductions.com\/","name":"Di Benedetto Productions","description":"","publisher":{"@id":"https:\/\/dibenedettoproductions.com\/#organization"},"potentialAction":[{"@type":"SearchAction","target":{"@type":"EntryPoint","urlTemplate":"https:\/\/dibenedettoproductions.com\/?s={search_term_string}"},"query-input":"required name=search_term_string"}],"inLanguage":"it-IT"},{"@type":"Organization","@id":"https:\/\/dibenedettoproductions.com\/#organization","name":"DI BENEDETTO PRODUCTIONS","url":"https:\/\/dibenedettoproductions.com\/","sameAs":[],"logo":{"@type":"ImageObject","inLanguage":"it-IT","@id":"https:\/\/dibenedettoproductions.com\/#\/schema\/logo\/image\/","url":"https:\/\/dibenedettoproductions.com\/wp-content\/uploads\/2021\/09\/logo_di_benedetto_productions.jpg","contentUrl":"https:\/\/dibenedettoproductions.com\/wp-content\/uploads\/2021\/09\/logo_di_benedetto_productions.jpg","width":225,"height":225,"caption":"DI BENEDETTO PRODUCTIONS"},"image":{"@id":"https:\/\/dibenedettoproductions.com\/#\/schema\/logo\/image\/"}}]}},"_links":{"self":[{"href":"https:\/\/dibenedettoproductions.com\/index.php?rest_route=\/wp\/v2\/pages\/3720","targetHints":{"allow":["GET"]}}],"collection":[{"href":"https:\/\/dibenedettoproductions.com\/index.php?rest_route=\/wp\/v2\/pages"}],"about":[{"href":"https:\/\/dibenedettoproductions.com\/index.php?rest_route=\/wp\/v2\/types\/page"}],"author":[{"embeddable":true,"href":"https:\/\/dibenedettoproductions.com\/index.php?rest_route=\/wp\/v2\/users\/1"}],"replies":[{"embeddable":true,"href":"https:\/\/dibenedettoproductions.com\/index.php?rest_route=%2Fwp%2Fv2%2Fcomments&post=3720"}],"version-history":[{"count":7,"href":"https:\/\/dibenedettoproductions.com\/index.php?rest_route=\/wp\/v2\/pages\/3720\/revisions"}],"predecessor-version":[{"id":5728,"href":"https:\/\/dibenedettoproductions.com\/index.php?rest_route=\/wp\/v2\/pages\/3720\/revisions\/5728"}],"wp:attachment":[{"href":"https:\/\/dibenedettoproductions.com\/index.php?rest_route=%2Fwp%2Fv2%2Fmedia&parent=3720"}],"wp:term":[{"taxonomy":"category","embeddable":true,"href":"https:\/\/dibenedettoproductions.com\/index.php?rest_route=%2Fwp%2Fv2%2Fcategories&post=3720"},{"taxonomy":"post_tag","embeddable":true,"href":"https:\/\/dibenedettoproductions.com\/index.php?rest_route=%2Fwp%2Fv2%2Ftags&post=3720"}],"curies":[{"name":"wp","href":"https:\/\/api.w.org\/{rel}","templated":true}]}}