{"id":3715,"date":"2021-02-23T11:20:57","date_gmt":"2021-02-23T11:20:57","guid":{"rendered":"https:\/\/dibenedettoproductions.com\/?page_id=3715"},"modified":"2021-08-05T15:13:56","modified_gmt":"2021-08-05T15:13:56","slug":"ganga-remix","status":"publish","type":"page","link":"https:\/\/dibenedettoproductions.com\/?page_id=3715","title":{"rendered":"Ganga Remix"},"content":{"rendered":"\t\t<div data-elementor-type=\"wp-page\" data-elementor-id=\"3715\" class=\"elementor elementor-3715\" data-elementor-settings=\"[]\">\n\t\t\t\t\t\t<div class=\"elementor-inner\">\n\t\t\t\t\t\t\t<div class=\"elementor-section-wrap\">\n\t\t\t\t\t\t\t<section class=\"elementor-section elementor-top-section elementor-element elementor-element-9292df5 elementor-section-stretched elementor-section-boxed elementor-section-height-default elementor-section-height-default\" data-id=\"9292df5\" data-element_type=\"section\" data-settings=\"{&quot;stretch_section&quot;:&quot;section-stretched&quot;,&quot;background_background&quot;:&quot;classic&quot;}\">\n\t\t\t\t\t\t<div class=\"elementor-container elementor-column-gap-default\">\n\t\t\t\t\t\t\t<div class=\"elementor-row\">\n\t\t\t\t\t<div class=\"elementor-column elementor-col-25 elementor-top-column elementor-element elementor-element-e9c0c31\" data-id=\"e9c0c31\" data-element_type=\"column\">\n\t\t\t<div class=\"elementor-column-wrap elementor-element-populated\">\n\t\t\t\t\t\t\t<div class=\"elementor-widget-wrap\">\n\t\t\t\t\t\t<div class=\"elementor-element elementor-element-dff8a94 elementor-align-center elementor-widget elementor-widget-button\" data-id=\"dff8a94\" data-element_type=\"widget\" data-widget_type=\"button.default\">\n\t\t\t\t<div class=\"elementor-widget-container\">\n\t\t\t\t\t<div class=\"elementor-button-wrapper\">\n\t\t\t<a href=\"https:\/\/open.spotify.com\/track\/3GH3X5HWN53exS58QjFDtI?si=waAesH03TeGlf-IrX-nTyw\" class=\"elementor-button-link elementor-button elementor-size-sm\" role=\"button\">\n\t\t\t\t\t\t<span class=\"elementor-button-content-wrapper\">\n\t\t\t\t\t\t<span class=\"elementor-button-text\">SPOTIFY<\/span>\n\t\t<\/span>\n\t\t\t\t\t<\/a>\n\t\t<\/div>\n\t\t\t\t<\/div>\n\t\t\t\t<\/div>\n\t\t\t\t\t\t<\/div>\n\t\t\t\t\t<\/div>\n\t\t<\/div>\n\t\t\t\t<div class=\"elementor-column elementor-col-25 elementor-top-column elementor-element elementor-element-f09ee98\" data-id=\"f09ee98\" data-element_type=\"column\">\n\t\t\t<div class=\"elementor-column-wrap elementor-element-populated\">\n\t\t\t\t\t\t\t<div class=\"elementor-widget-wrap\">\n\t\t\t\t\t\t<div class=\"elementor-element elementor-element-40f908d elementor-align-center elementor-widget elementor-widget-button\" data-id=\"40f908d\" data-element_type=\"widget\" data-widget_type=\"button.default\">\n\t\t\t\t<div class=\"elementor-widget-container\">\n\t\t\t\t\t<div class=\"elementor-button-wrapper\">\n\t\t\t<a href=\"https:\/\/music.apple.com\/us\/album\/gan-ga-remix\/1489241890?i=1489241891%20\" class=\"elementor-button-link elementor-button elementor-size-sm\" role=\"button\">\n\t\t\t\t\t\t<span class=\"elementor-button-content-wrapper\">\n\t\t\t\t\t\t<span class=\"elementor-button-text\">APPLE MUSIC<\/span>\n\t\t<\/span>\n\t\t\t\t\t<\/a>\n\t\t<\/div>\n\t\t\t\t<\/div>\n\t\t\t\t<\/div>\n\t\t\t\t\t\t<\/div>\n\t\t\t\t\t<\/div>\n\t\t<\/div>\n\t\t\t\t<div class=\"elementor-column elementor-col-25 elementor-top-column elementor-element elementor-element-02d2036\" data-id=\"02d2036\" data-element_type=\"column\">\n\t\t\t<div class=\"elementor-column-wrap elementor-element-populated\">\n\t\t\t\t\t\t\t<div class=\"elementor-widget-wrap\">\n\t\t\t\t\t\t<div class=\"elementor-element elementor-element-0d2c649 elementor-align-center elementor-widget elementor-widget-button\" data-id=\"0d2c649\" data-element_type=\"widget\" data-widget_type=\"button.default\">\n\t\t\t\t<div class=\"elementor-widget-container\">\n\t\t\t\t\t<div class=\"elementor-button-wrapper\">\n\t\t\t<a href=\"https:\/\/deezer.page.link\/uVDTMHLDTpHAoRdDA\" class=\"elementor-button-link elementor-button elementor-size-sm\" role=\"button\">\n\t\t\t\t\t\t<span class=\"elementor-button-content-wrapper\">\n\t\t\t\t\t\t<span class=\"elementor-button-text\">DEEZER<\/span>\n\t\t<\/span>\n\t\t\t\t\t<\/a>\n\t\t<\/div>\n\t\t\t\t<\/div>\n\t\t\t\t<\/div>\n\t\t\t\t\t\t<\/div>\n\t\t\t\t\t<\/div>\n\t\t<\/div>\n\t\t\t\t<div class=\"elementor-column elementor-col-25 elementor-top-column elementor-element elementor-element-b48fd97\" data-id=\"b48fd97\" data-element_type=\"column\">\n\t\t\t<div class=\"elementor-column-wrap elementor-element-populated\">\n\t\t\t\t\t\t\t<div class=\"elementor-widget-wrap\">\n\t\t\t\t\t\t<div class=\"elementor-element elementor-element-8343687 elementor-align-center elementor-widget elementor-widget-button\" data-id=\"8343687\" data-element_type=\"widget\" data-widget_type=\"button.default\">\n\t\t\t\t<div class=\"elementor-widget-container\">\n\t\t\t\t\t<div class=\"elementor-button-wrapper\">\n\t\t\t<a href=\"https:\/\/music.amazon.com\/albums\/B081ZGPJR4?trackAsin=B081ZCY7R1&#038;ref=dm_sh_2ba4-975e-dmcp-3bac-9127f&#038;musicTerritory=US&#038;marketplaceId=ATVPDKIKX0DER\" class=\"elementor-button-link elementor-button elementor-size-sm\" role=\"button\">\n\t\t\t\t\t\t<span class=\"elementor-button-content-wrapper\">\n\t\t\t\t\t\t<span class=\"elementor-button-text\">AMAZON MUSIC<\/span>\n\t\t<\/span>\n\t\t\t\t\t<\/a>\n\t\t<\/div>\n\t\t\t\t<\/div>\n\t\t\t\t<\/div>\n\t\t\t\t\t\t<\/div>\n\t\t\t\t\t<\/div>\n\t\t<\/div>\n\t\t\t\t\t\t\t\t<\/div>\n\t\t\t\t\t<\/div>\n\t\t<\/section>\n\t\t\t\t<section class=\"elementor-section elementor-top-section elementor-element elementor-element-6cf6720 elementor-section-stretched elementor-section-boxed elementor-section-height-default elementor-section-height-default\" data-id=\"6cf6720\" data-element_type=\"section\" data-settings=\"{&quot;stretch_section&quot;:&quot;section-stretched&quot;,&quot;background_background&quot;:&quot;classic&quot;}\">\n\t\t\t\t\t\t<div class=\"elementor-container elementor-column-gap-default\">\n\t\t\t\t\t\t\t<div class=\"elementor-row\">\n\t\t\t\t\t<div class=\"elementor-column elementor-col-100 elementor-top-column elementor-element elementor-element-6c6b2e7\" data-id=\"6c6b2e7\" data-element_type=\"column\">\n\t\t\t<div class=\"elementor-column-wrap elementor-element-populated\">\n\t\t\t\t\t\t\t<div class=\"elementor-widget-wrap\">\n\t\t\t\t\t\t<div class=\"elementor-element elementor-element-e7077fc elementor-widget elementor-widget-text-editor\" data-id=\"e7077fc\" data-element_type=\"widget\" data-widget_type=\"text-editor.default\">\n\t\t\t\t<div class=\"elementor-widget-container\">\n\t\t\t\t\t\t\t\t<div class=\"elementor-text-editor elementor-clearfix\">\n\t\t\t\t<div><p style=\"text-align: center;\"><span style=\"color: #ffffff;\">Yo s\u00e9 que t\u00fa me criticas por hoy quiere estar aqu\u00ed<\/span><\/p><p style=\"text-align: center;\"><span style=\"color: #ffffff;\">Firm\u00e9 a los veintid\u00f3s cabr\u00f3n y no me crec\u00ed<\/span><\/p><p style=\"text-align: center;\"><span style=\"color: #ffffff;\">Mientras t\u00fa estabas durmiendo yo no dorm\u00eda, escrib\u00ed<\/span><\/p><p style=\"text-align: center;\"><span style=\"color: #ffffff;\">Por esto me jod\u00ed<\/span><\/p><p style=\"text-align: center;\">\u00a0<\/p><p style=\"text-align: center;\"><span style=\"color: #ffffff;\">Nos toca porque nos toca, y orula no se equivoca<\/span><\/p><p style=\"text-align: center;\"><span style=\"color: #ffffff;\">Sueno cabr\u00f3n y yo s\u00e9 que te choca<\/span><\/p><p style=\"text-align: center;\"><span style=\"color: #ffffff;\">Soy mejor que t\u00fa o t\u00fa no lo notas<\/span><\/p><p style=\"text-align: center;\"><span style=\"color: #ffffff;\">Nos toca porque nos toca, y orula no se equivoca<\/span><\/p><p style=\"text-align: center;\"><span style=\"color: #ffffff;\">Sueno cabr\u00f3n y yo s\u00e9 que te choca<\/span><\/p><p style=\"text-align: center;\"><span style=\"color: #ffffff;\">Soy mejor que t\u00fa o t\u00fa no lo notas<\/span><\/p><p style=\"text-align: center;\">\u00a0<\/p><p style=\"text-align: center;\"><span style=\"color: #ffffff;\">Soy una estrella como lebrons james<\/span><\/p><p style=\"text-align: center;\"><span style=\"color: #ffffff;\">No mires para ac\u00e1, ey, no puedes llegar<\/span><\/p><p style=\"text-align: center;\"><span style=\"color: #ffffff;\">Me quieres pasar pero no hay brake<\/span><\/p><p style=\"text-align: center;\"><span style=\"color: #ffffff;\">En el banco ya tengo miles<\/span><\/p><p style=\"text-align: center;\"><span style=\"color: #ffffff;\">Si fuera \u2026 ustedes son &#8230;<\/span><\/p><p style=\"text-align: center;\"><span style=\"color: #ffffff;\">Pues tocarlo como Rick miller<\/span><\/p><p style=\"text-align: center;\"><span style=\"color: #ffffff;\">nunca &#8230;<\/span><\/p><p style=\"text-align: center;\"><span style=\"color: #ffffff;\">T\u00fa no escribes m\u00e1s que yo<\/span><\/p><p style=\"text-align: center;\"><span style=\"color: #ffffff;\">T\u00fa no tienes m\u00e1s que yo<\/span><\/p><p style=\"text-align: center;\"><span style=\"color: #ffffff;\">Coronamos se nos dio<\/span><\/p><p style=\"text-align: center;\"><span style=\"color: #ffffff;\">Donde ***taiker? no te dio<\/span><\/p><p style=\"text-align: center;\"><span style=\"color: #ffffff;\">Fue dif\u00edcil pero lo logramos,<\/span><\/p><p style=\"text-align: center;\"><span style=\"color: #ffffff;\">Ahora donde est\u00e1n todo los que se burlaron<\/span><\/p><p style=\"text-align: center;\"><span style=\"color: #ffffff;\">Los que no creyeron y en m\u00ed no confiaron<\/span><\/p><p style=\"text-align: center;\"><span style=\"color: #ffffff;\">Por el lado le pasamos<\/span><\/p><p style=\"text-align: center;\">\u00a0<\/p><p style=\"text-align: center;\"><span style=\"color: #ffffff;\">Nos toca porque nos toca, y orula no se equivoca<\/span><\/p><p style=\"text-align: center;\"><span style=\"color: #ffffff;\">Sueno cabr\u00f3n y yo s\u00e9 que te choca<\/span><\/p><p style=\"text-align: center;\"><span style=\"color: #ffffff;\">Soy mejor que t\u00fa o t\u00fa no lo notas<\/span><\/p><p style=\"text-align: center;\"><span style=\"color: #ffffff;\">Nos toca porque nos toca, y orula no se equivoca<\/span><\/p><p style=\"text-align: center;\"><span style=\"color: #ffffff;\">Sueno cabr\u00f3n y yo s\u00e9 que te choca<\/span><\/p><p style=\"text-align: center;\"><span style=\"color: #ffffff;\">Soy mejor que t\u00fa o t\u00fa no lo notas<\/span><\/p><p style=\"text-align: center;\">\u00a0<\/p><p style=\"text-align: center;\"><span style=\"color: #ffffff;\">Mi hermano estamos para el l\u00edo<\/span><\/p><p style=\"text-align: center;\"><span style=\"color: #ffffff;\">Tengo a mi Dios de testigo<\/span><\/p><p style=\"text-align: center;\"><span style=\"color: #ffffff;\">La envidia del que m\u00e1s habla es porque nada ha conseguido<\/span><\/p><p style=\"text-align: center;\"><span style=\"color: #ffffff;\">Los que no creyeron antes ahora me llaman para grabar<\/span><\/p><p style=\"text-align: center;\"><span style=\"color: #ffffff;\">Lo siento baja cabeza cabr\u00f3n tienes que mamar<\/span><\/p><p style=\"text-align: center;\"><span style=\"color: #ffffff;\">Ahora que voy para la cima a ninguna voy ayudar<\/span><\/p><p style=\"text-align: center;\"><span style=\"color: #ffffff;\">Jacob me dijo tranquilo papi que te vas a pegar<\/span><\/p><p style=\"text-align: center;\"><span style=\"color: #ffffff;\">A ninguno de estos falsos vas a tener que mirar<\/span><\/p><p style=\"text-align: center;\"><span style=\"color: #ffffff;\">Vittorio papi te amo yo nunca te voy a fallar<\/span><\/p><p style=\"text-align: center;\"><span style=\"color: #ffffff;\">Dinero, mujeres y poder<\/span><\/p><p style=\"text-align: center;\"><span style=\"color: #ffffff;\">Contra m\u00ed ninguno va a poder<\/span><\/p><p style=\"text-align: center;\"><span style=\"color: #ffffff;\">Fuego para el que venga a joder<\/span><\/p><p style=\"text-align: center;\"><span style=\"color: #ffffff;\">Yo s\u00e9 que duele verme crecer<\/span><\/p><p style=\"text-align: center;\">\u00a0<\/p><p style=\"text-align: center;\"><span style=\"color: #ffffff;\">Nos toca porque nos toca, y orula no se equivoca<\/span><\/p><p style=\"text-align: center;\"><span style=\"color: #ffffff;\">Sueno cabr\u00f3n y yo s\u00e9 que te choca<\/span><\/p><p style=\"text-align: center;\"><span style=\"color: #ffffff;\">Soy mejor que t\u00fa o t\u00fa no lo notas<\/span><\/p><p style=\"text-align: center;\"><span style=\"color: #ffffff;\">Nos toca porque nos toca, y orula no se equivoca<\/span><\/p><p style=\"text-align: center;\"><span style=\"color: #ffffff;\">Sueno cabr\u00f3n y yo s\u00e9 que te choca<\/span><\/p><p style=\"text-align: center;\"><span style=\"color: #ffffff;\">Soy mejor que t\u00fa o t\u00fa no lo notas<\/span><\/p><\/div>\t\t\t\t\t<\/div>\n\t\t\t\t\t\t<\/div>\n\t\t\t\t<\/div>\n\t\t\t\t\t\t<\/div>\n\t\t\t\t\t<\/div>\n\t\t<\/div>\n\t\t\t\t\t\t\t\t<\/div>\n\t\t\t\t\t<\/div>\n\t\t<\/section>\n\t\t\t\t\t\t<\/div>\n\t\t\t\t\t\t<\/div>\n\t\t\t\t\t<\/div>\n\t\t","protected":false},"excerpt":{"rendered":"<p>SPOTIFY APPLE MUSIC DEEZER AMAZON MUSIC Yo s\u00e9 que t\u00fa me criticas por hoy quiere estar aqu\u00ed Firm\u00e9 a los veintid\u00f3s cabr\u00f3n y no me crec\u00ed Mientras t\u00fa estabas durmiendo yo no dorm\u00eda, escrib\u00ed Por esto me jod\u00ed \u00a0 Nos toca porque nos toca, y orula no se equivoca Sueno cabr\u00f3n y yo s\u00e9 que.<\/p>\n","protected":false},"author":1,"featured_media":0,"parent":0,"menu_order":0,"comment_status":"closed","ping_status":"closed","template":"","meta":{"footnotes":""},"categories":[42],"tags":[],"class_list":["post-3715","page","type-page","status-publish","hentry","category-testi"],"yoast_head":"<!-- This site is optimized with the Yoast SEO plugin v19.6.1 - https:\/\/yoast.com\/wordpress\/plugins\/seo\/ -->\n<title>Ganga Remix - Di Benedetto Productions<\/title>\n<meta name=\"robots\" content=\"index, follow, max-snippet:-1, max-image-preview:large, max-video-preview:-1\" \/>\n<link rel=\"canonical\" href=\"https:\/\/dibenedettoproductions.com\/?page_id=3715\" \/>\n<meta property=\"og:locale\" content=\"it_IT\" \/>\n<meta property=\"og:type\" content=\"article\" \/>\n<meta property=\"og:title\" content=\"Ganga Remix - Di Benedetto Productions\" \/>\n<meta property=\"og:description\" content=\"SPOTIFY APPLE MUSIC DEEZER AMAZON MUSIC Yo s\u00e9 que t\u00fa me criticas por hoy quiere estar aqu\u00ed Firm\u00e9 a los veintid\u00f3s cabr\u00f3n y no me crec\u00ed Mientras t\u00fa estabas durmiendo yo no dorm\u00eda, escrib\u00ed Por esto me jod\u00ed \u00a0 Nos toca porque nos toca, y orula no se equivoca Sueno cabr\u00f3n y yo s\u00e9 que.\" \/>\n<meta property=\"og:url\" content=\"https:\/\/dibenedettoproductions.com\/?page_id=3715\" \/>\n<meta property=\"og:site_name\" content=\"Di Benedetto Productions\" \/>\n<meta property=\"article:modified_time\" content=\"2021-08-05T15:13:56+00:00\" \/>\n<meta name=\"twitter:card\" content=\"summary_large_image\" \/>\n<meta name=\"twitter:label1\" content=\"Tempo di lettura stimato\" \/>\n\t<meta name=\"twitter:data1\" content=\"2 minuti\" \/>\n<script type=\"application\/ld+json\" class=\"yoast-schema-graph\">{\"@context\":\"https:\/\/schema.org\",\"@graph\":[{\"@type\":\"WebPage\",\"@id\":\"https:\/\/dibenedettoproductions.com\/?page_id=3715\",\"url\":\"https:\/\/dibenedettoproductions.com\/?page_id=3715\",\"name\":\"Ganga Remix - Di Benedetto Productions\",\"isPartOf\":{\"@id\":\"https:\/\/dibenedettoproductions.com\/#website\"},\"datePublished\":\"2021-02-23T11:20:57+00:00\",\"dateModified\":\"2021-08-05T15:13:56+00:00\",\"breadcrumb\":{\"@id\":\"https:\/\/dibenedettoproductions.com\/?page_id=3715#breadcrumb\"},\"inLanguage\":\"it-IT\",\"potentialAction\":[{\"@type\":\"ReadAction\",\"target\":[\"https:\/\/dibenedettoproductions.com\/?page_id=3715\"]}]},{\"@type\":\"BreadcrumbList\",\"@id\":\"https:\/\/dibenedettoproductions.com\/?page_id=3715#breadcrumb\",\"itemListElement\":[{\"@type\":\"ListItem\",\"position\":1,\"name\":\"Home\",\"item\":\"https:\/\/dibenedettoproductions.com\/\"},{\"@type\":\"ListItem\",\"position\":2,\"name\":\"Ganga Remix\"}]},{\"@type\":\"WebSite\",\"@id\":\"https:\/\/dibenedettoproductions.com\/#website\",\"url\":\"https:\/\/dibenedettoproductions.com\/\",\"name\":\"Di Benedetto Productions\",\"description\":\"\",\"publisher\":{\"@id\":\"https:\/\/dibenedettoproductions.com\/#organization\"},\"potentialAction\":[{\"@type\":\"SearchAction\",\"target\":{\"@type\":\"EntryPoint\",\"urlTemplate\":\"https:\/\/dibenedettoproductions.com\/?s={search_term_string}\"},\"query-input\":\"required name=search_term_string\"}],\"inLanguage\":\"it-IT\"},{\"@type\":\"Organization\",\"@id\":\"https:\/\/dibenedettoproductions.com\/#organization\",\"name\":\"DI BENEDETTO PRODUCTIONS\",\"url\":\"https:\/\/dibenedettoproductions.com\/\",\"sameAs\":[],\"logo\":{\"@type\":\"ImageObject\",\"inLanguage\":\"it-IT\",\"@id\":\"https:\/\/dibenedettoproductions.com\/#\/schema\/logo\/image\/\",\"url\":\"https:\/\/dibenedettoproductions.com\/wp-content\/uploads\/2021\/09\/logo_di_benedetto_productions.jpg\",\"contentUrl\":\"https:\/\/dibenedettoproductions.com\/wp-content\/uploads\/2021\/09\/logo_di_benedetto_productions.jpg\",\"width\":225,\"height\":225,\"caption\":\"DI BENEDETTO PRODUCTIONS\"},\"image\":{\"@id\":\"https:\/\/dibenedettoproductions.com\/#\/schema\/logo\/image\/\"}}]}<\/script>\n<!-- \/ Yoast SEO plugin. -->","yoast_head_json":{"title":"Ganga Remix - Di Benedetto Productions","robots":{"index":"index","follow":"follow","max-snippet":"max-snippet:-1","max-image-preview":"max-image-preview:large","max-video-preview":"max-video-preview:-1"},"canonical":"https:\/\/dibenedettoproductions.com\/?page_id=3715","og_locale":"it_IT","og_type":"article","og_title":"Ganga Remix - Di Benedetto Productions","og_description":"SPOTIFY APPLE MUSIC DEEZER AMAZON MUSIC Yo s\u00e9 que t\u00fa me criticas por hoy quiere estar aqu\u00ed Firm\u00e9 a los veintid\u00f3s cabr\u00f3n y no me crec\u00ed Mientras t\u00fa estabas durmiendo yo no dorm\u00eda, escrib\u00ed Por esto me jod\u00ed \u00a0 Nos toca porque nos toca, y orula no se equivoca Sueno cabr\u00f3n y yo s\u00e9 que.","og_url":"https:\/\/dibenedettoproductions.com\/?page_id=3715","og_site_name":"Di Benedetto Productions","article_modified_time":"2021-08-05T15:13:56+00:00","twitter_card":"summary_large_image","twitter_misc":{"Tempo di lettura stimato":"2 minuti"},"schema":{"@context":"https:\/\/schema.org","@graph":[{"@type":"WebPage","@id":"https:\/\/dibenedettoproductions.com\/?page_id=3715","url":"https:\/\/dibenedettoproductions.com\/?page_id=3715","name":"Ganga Remix - Di Benedetto Productions","isPartOf":{"@id":"https:\/\/dibenedettoproductions.com\/#website"},"datePublished":"2021-02-23T11:20:57+00:00","dateModified":"2021-08-05T15:13:56+00:00","breadcrumb":{"@id":"https:\/\/dibenedettoproductions.com\/?page_id=3715#breadcrumb"},"inLanguage":"it-IT","potentialAction":[{"@type":"ReadAction","target":["https:\/\/dibenedettoproductions.com\/?page_id=3715"]}]},{"@type":"BreadcrumbList","@id":"https:\/\/dibenedettoproductions.com\/?page_id=3715#breadcrumb","itemListElement":[{"@type":"ListItem","position":1,"name":"Home","item":"https:\/\/dibenedettoproductions.com\/"},{"@type":"ListItem","position":2,"name":"Ganga Remix"}]},{"@type":"WebSite","@id":"https:\/\/dibenedettoproductions.com\/#website","url":"https:\/\/dibenedettoproductions.com\/","name":"Di Benedetto Productions","description":"","publisher":{"@id":"https:\/\/dibenedettoproductions.com\/#organization"},"potentialAction":[{"@type":"SearchAction","target":{"@type":"EntryPoint","urlTemplate":"https:\/\/dibenedettoproductions.com\/?s={search_term_string}"},"query-input":"required name=search_term_string"}],"inLanguage":"it-IT"},{"@type":"Organization","@id":"https:\/\/dibenedettoproductions.com\/#organization","name":"DI BENEDETTO PRODUCTIONS","url":"https:\/\/dibenedettoproductions.com\/","sameAs":[],"logo":{"@type":"ImageObject","inLanguage":"it-IT","@id":"https:\/\/dibenedettoproductions.com\/#\/schema\/logo\/image\/","url":"https:\/\/dibenedettoproductions.com\/wp-content\/uploads\/2021\/09\/logo_di_benedetto_productions.jpg","contentUrl":"https:\/\/dibenedettoproductions.com\/wp-content\/uploads\/2021\/09\/logo_di_benedetto_productions.jpg","width":225,"height":225,"caption":"DI BENEDETTO PRODUCTIONS"},"image":{"@id":"https:\/\/dibenedettoproductions.com\/#\/schema\/logo\/image\/"}}]}},"_links":{"self":[{"href":"https:\/\/dibenedettoproductions.com\/index.php?rest_route=\/wp\/v2\/pages\/3715","targetHints":{"allow":["GET"]}}],"collection":[{"href":"https:\/\/dibenedettoproductions.com\/index.php?rest_route=\/wp\/v2\/pages"}],"about":[{"href":"https:\/\/dibenedettoproductions.com\/index.php?rest_route=\/wp\/v2\/types\/page"}],"author":[{"embeddable":true,"href":"https:\/\/dibenedettoproductions.com\/index.php?rest_route=\/wp\/v2\/users\/1"}],"replies":[{"embeddable":true,"href":"https:\/\/dibenedettoproductions.com\/index.php?rest_route=%2Fwp%2Fv2%2Fcomments&post=3715"}],"version-history":[{"count":10,"href":"https:\/\/dibenedettoproductions.com\/index.php?rest_route=\/wp\/v2\/pages\/3715\/revisions"}],"predecessor-version":[{"id":5710,"href":"https:\/\/dibenedettoproductions.com\/index.php?rest_route=\/wp\/v2\/pages\/3715\/revisions\/5710"}],"wp:attachment":[{"href":"https:\/\/dibenedettoproductions.com\/index.php?rest_route=%2Fwp%2Fv2%2Fmedia&parent=3715"}],"wp:term":[{"taxonomy":"category","embeddable":true,"href":"https:\/\/dibenedettoproductions.com\/index.php?rest_route=%2Fwp%2Fv2%2Fcategories&post=3715"},{"taxonomy":"post_tag","embeddable":true,"href":"https:\/\/dibenedettoproductions.com\/index.php?rest_route=%2Fwp%2Fv2%2Ftags&post=3715"}],"curies":[{"name":"wp","href":"https:\/\/api.w.org\/{rel}","templated":true}]}}