{"id":3699,"date":"2021-02-23T10:54:16","date_gmt":"2021-02-23T10:54:16","guid":{"rendered":"https:\/\/dibenedettoproductions.com\/?page_id=3699"},"modified":"2021-08-05T15:13:35","modified_gmt":"2021-08-05T15:13:35","slug":"fiesta-fiesta-party-party","status":"publish","type":"page","link":"https:\/\/dibenedettoproductions.com\/?page_id=3699","title":{"rendered":"Fiesta Fiesta Party Party"},"content":{"rendered":"\t\t<div data-elementor-type=\"wp-page\" data-elementor-id=\"3699\" class=\"elementor elementor-3699\" data-elementor-settings=\"[]\">\n\t\t\t\t\t\t<div class=\"elementor-inner\">\n\t\t\t\t\t\t\t<div class=\"elementor-section-wrap\">\n\t\t\t\t\t\t\t<section class=\"elementor-section elementor-top-section elementor-element elementor-element-0bc9b5c elementor-section-stretched elementor-section-boxed elementor-section-height-default elementor-section-height-default\" data-id=\"0bc9b5c\" data-element_type=\"section\" data-settings=\"{&quot;stretch_section&quot;:&quot;section-stretched&quot;,&quot;background_background&quot;:&quot;classic&quot;}\">\n\t\t\t\t\t\t<div class=\"elementor-container elementor-column-gap-default\">\n\t\t\t\t\t\t\t<div class=\"elementor-row\">\n\t\t\t\t\t<div class=\"elementor-column elementor-col-25 elementor-top-column elementor-element elementor-element-5bc85fa\" data-id=\"5bc85fa\" data-element_type=\"column\">\n\t\t\t<div class=\"elementor-column-wrap elementor-element-populated\">\n\t\t\t\t\t\t\t<div class=\"elementor-widget-wrap\">\n\t\t\t\t\t\t<div class=\"elementor-element elementor-element-183c829 elementor-align-center elementor-widget elementor-widget-button\" data-id=\"183c829\" data-element_type=\"widget\" data-widget_type=\"button.default\">\n\t\t\t\t<div class=\"elementor-widget-container\">\n\t\t\t\t\t<div class=\"elementor-button-wrapper\">\n\t\t\t<a href=\"https:\/\/open.spotify.com\/track\/6Nj2BWyeH4Vg3eM3C3CY5u?si=BISh_5DoR-SSjhkRd9xwjA%20\" class=\"elementor-button-link elementor-button elementor-size-sm\" role=\"button\">\n\t\t\t\t\t\t<span class=\"elementor-button-content-wrapper\">\n\t\t\t\t\t\t<span class=\"elementor-button-text\">SPOTIFY<\/span>\n\t\t<\/span>\n\t\t\t\t\t<\/a>\n\t\t<\/div>\n\t\t\t\t<\/div>\n\t\t\t\t<\/div>\n\t\t\t\t\t\t<\/div>\n\t\t\t\t\t<\/div>\n\t\t<\/div>\n\t\t\t\t<div class=\"elementor-column elementor-col-25 elementor-top-column elementor-element elementor-element-83eb978\" data-id=\"83eb978\" data-element_type=\"column\">\n\t\t\t<div class=\"elementor-column-wrap elementor-element-populated\">\n\t\t\t\t\t\t\t<div class=\"elementor-widget-wrap\">\n\t\t\t\t\t\t<div class=\"elementor-element elementor-element-3fbbb74 elementor-align-center elementor-widget elementor-widget-button\" data-id=\"3fbbb74\" data-element_type=\"widget\" data-widget_type=\"button.default\">\n\t\t\t\t<div class=\"elementor-widget-container\">\n\t\t\t\t\t<div class=\"elementor-button-wrapper\">\n\t\t\t<a href=\"https:\/\/music.apple.com\/us\/album\/fiesta-fiesta-party-party\/1455502164?i=1455502559%20\" class=\"elementor-button-link elementor-button elementor-size-sm\" role=\"button\">\n\t\t\t\t\t\t<span class=\"elementor-button-content-wrapper\">\n\t\t\t\t\t\t<span class=\"elementor-button-text\">APPLE MUSIC<\/span>\n\t\t<\/span>\n\t\t\t\t\t<\/a>\n\t\t<\/div>\n\t\t\t\t<\/div>\n\t\t\t\t<\/div>\n\t\t\t\t\t\t<\/div>\n\t\t\t\t\t<\/div>\n\t\t<\/div>\n\t\t\t\t<div class=\"elementor-column elementor-col-25 elementor-top-column elementor-element elementor-element-306bf71\" data-id=\"306bf71\" data-element_type=\"column\">\n\t\t\t<div class=\"elementor-column-wrap elementor-element-populated\">\n\t\t\t\t\t\t\t<div class=\"elementor-widget-wrap\">\n\t\t\t\t\t\t<div class=\"elementor-element elementor-element-04a4f21 elementor-align-center elementor-widget elementor-widget-button\" data-id=\"04a4f21\" data-element_type=\"widget\" data-widget_type=\"button.default\">\n\t\t\t\t<div class=\"elementor-widget-container\">\n\t\t\t\t\t<div class=\"elementor-button-wrapper\">\n\t\t\t<a href=\"https:\/\/deezer.page.link\/YxdKSibzKkBxFd4M8%20\" class=\"elementor-button-link elementor-button elementor-size-sm\" role=\"button\">\n\t\t\t\t\t\t<span class=\"elementor-button-content-wrapper\">\n\t\t\t\t\t\t<span class=\"elementor-button-text\">DEEZER<\/span>\n\t\t<\/span>\n\t\t\t\t\t<\/a>\n\t\t<\/div>\n\t\t\t\t<\/div>\n\t\t\t\t<\/div>\n\t\t\t\t\t\t<\/div>\n\t\t\t\t\t<\/div>\n\t\t<\/div>\n\t\t\t\t<div class=\"elementor-column elementor-col-25 elementor-top-column elementor-element elementor-element-8c3c677\" data-id=\"8c3c677\" data-element_type=\"column\">\n\t\t\t<div class=\"elementor-column-wrap elementor-element-populated\">\n\t\t\t\t\t\t\t<div class=\"elementor-widget-wrap\">\n\t\t\t\t\t\t<div class=\"elementor-element elementor-element-ab62124 elementor-align-center elementor-widget elementor-widget-button\" data-id=\"ab62124\" data-element_type=\"widget\" data-widget_type=\"button.default\">\n\t\t\t\t<div class=\"elementor-widget-container\">\n\t\t\t\t\t<div class=\"elementor-button-wrapper\">\n\t\t\t<a href=\"https:\/\/music.amazon.com\/albums\/B07PFQXZPV?trackAsin=B07PFQX6SS&#038;ref=dm_sh_3a5e-ed3f-dmcp-efd5-0dbff&#038;musicTerritory=US&#038;marketplaceId=ATVPDKIKX0DER%20\" class=\"elementor-button-link elementor-button elementor-size-sm\" role=\"button\">\n\t\t\t\t\t\t<span class=\"elementor-button-content-wrapper\">\n\t\t\t\t\t\t<span class=\"elementor-button-text\">AMAZON MUSIC<\/span>\n\t\t<\/span>\n\t\t\t\t\t<\/a>\n\t\t<\/div>\n\t\t\t\t<\/div>\n\t\t\t\t<\/div>\n\t\t\t\t\t\t<\/div>\n\t\t\t\t\t<\/div>\n\t\t<\/div>\n\t\t\t\t\t\t\t\t<\/div>\n\t\t\t\t\t<\/div>\n\t\t<\/section>\n\t\t\t\t<section class=\"elementor-section elementor-top-section elementor-element elementor-element-e571a78 elementor-section-stretched elementor-section-boxed elementor-section-height-default elementor-section-height-default\" data-id=\"e571a78\" data-element_type=\"section\" data-settings=\"{&quot;stretch_section&quot;:&quot;section-stretched&quot;,&quot;background_background&quot;:&quot;classic&quot;}\">\n\t\t\t\t\t\t<div class=\"elementor-container elementor-column-gap-default\">\n\t\t\t\t\t\t\t<div class=\"elementor-row\">\n\t\t\t\t\t<div class=\"elementor-column elementor-col-100 elementor-top-column elementor-element elementor-element-b74e9db\" data-id=\"b74e9db\" data-element_type=\"column\">\n\t\t\t<div class=\"elementor-column-wrap elementor-element-populated\">\n\t\t\t\t\t\t\t<div class=\"elementor-widget-wrap\">\n\t\t\t\t\t\t<div class=\"elementor-element elementor-element-3a71aad elementor-widget elementor-widget-text-editor\" data-id=\"3a71aad\" data-element_type=\"widget\" data-widget_type=\"text-editor.default\">\n\t\t\t\t<div class=\"elementor-widget-container\">\n\t\t\t\t\t\t\t\t<div class=\"elementor-text-editor elementor-clearfix\">\n\t\t\t\t<div><p style=\"text-align: center;\"><span style=\"color: #ffffff;\">Galaxia Music<\/span><\/p><p style=\"text-align: center;\"><span style=\"color: #ffffff;\">En mi casa esta noche hay Party no hace falta ni plata ni Money<\/span><\/p><p style=\"text-align: center;\"><span style=\"color: #ffffff;\">Enzo la melod\u00eda secreta cacho el Womy<\/span><\/p><p style=\"text-align: center;\"><span style=\"color: #ffffff;\">Oye estoy pa\u2019 to\u2019 estoy pa\u2019 drama estoy para fiesta estoy cama<\/span><\/p><p style=\"text-align: center;\"><span style=\"color: #ffffff;\">Para tirar la casa por la ventana dime si tambi\u00e9n t\u00fa tienes ganas<\/span><\/p><p style=\"text-align: center;\"><span style=\"color: #ffffff;\">Estoy para que t\u00fa me descorche dime t\u00fa<\/span><\/p><p style=\"text-align: center;\"><span style=\"color: #ffffff;\">Y vamos a perdernos en la noche dime t\u00fa<\/span><\/p><p style=\"text-align: center;\"><span style=\"color: #ffffff;\">Y ando con una pila de bala y ando con una pila de fula<\/span><\/p><p style=\"text-align: center;\"><span style=\"color: #ffffff;\">Disfruto cuando t\u00fa me bailas donde es que t\u00fa est\u00e1s D\u00edmelo<\/span><\/p><p style=\"text-align: center;\"><span style=\"color: #ffffff;\">Porque estoy para fiesta party party<\/span><\/p><p style=\"text-align: center;\"><span style=\"color: #ffffff;\">Esto es fiesta esto es Party llama a Laura llama a Mari<\/span><\/p><p style=\"text-align: center;\"><span style=\"color: #ffffff;\">Esto es fiesta fiesta esto es Party Party esto es fiesta esto es Party Party<\/span><\/p><p style=\"text-align: center;\"><span style=\"color: #ffffff;\">Porque estoy para fiesta party party<\/span><\/p><p style=\"text-align: center;\"><span style=\"color: #ffffff;\">Ay dime si corremos o nos escondemos dime si al carro le quitamos el freno<\/span><\/p><p style=\"text-align: center;\"><span style=\"color: #ffffff;\">Y nos vamos completo loma abajo y a tu novio lo mandamos para el carajo<\/span><\/p><p style=\"text-align: center;\"><span style=\"color: #ffffff;\">Y no es casualidad que me gustas m\u00e1s contigo se acaba la matem\u00e1tica<\/span><\/p><p style=\"text-align: center;\"><span style=\"color: #ffffff;\">Qu\u00e9 casualidad t\u00fa me gustas m\u00e1s dime si conmigo te vas<\/span><\/p><p style=\"text-align: center;\"><span style=\"color: #ffffff;\">T\u00fa saliste a pelear y dale saca saca tu demonio<\/span><\/p><p style=\"text-align: center;\"><span style=\"color: #ffffff;\">Es que lo tuyo parte el alma y desfigura El rostro<\/span><\/p><p style=\"text-align: center;\"><span style=\"color: #ffffff;\">Lo que quiero saber es para que t\u00fa est\u00e1s dale mami ven hecha para ac\u00e1<\/span><\/p><p style=\"text-align: center;\"><span style=\"color: #ffffff;\">Que te voy a dar rico rico y con maldad<\/span><\/p><p style=\"text-align: center;\"><span style=\"color: #ffffff;\">Oye que andamos hecho y yo no hay Money oye voy a mandarme lleno de Fula<\/span><\/p><p style=\"text-align: center;\"><span style=\"color: #ffffff;\">Pegado en la Habana si si si pegado en el Yuma<\/span><\/p><p style=\"text-align: center;\"><span style=\"color: #ffffff;\">Popo Popo Popo Popo Popo Popo Enzo cacho MC rasta memba Music<\/span><\/p><p style=\"text-align: center;\"><span style=\"color: #ffffff;\">Porque estoy para fiesta Party Party<\/span><\/p><p style=\"text-align: center;\"><span style=\"color: #ffffff;\">Oye mira recoge a tu amiguita ya t\u00fa sabes que le arde<\/span><\/p><p style=\"text-align: center;\"><span style=\"color: #ffffff;\">El cacho Womy Enzo se form\u00f3 el descargue<\/span><\/p><p style=\"text-align: center;\"><span style=\"color: #ffffff;\">Porque estoy para fiesta para Party Party<\/span><\/p><p style=\"text-align: center;\"><span style=\"color: #ffffff;\">Para que lo pintes por tu zona<\/span><\/p><p style=\"text-align: center;\"><span style=\"color: #ffffff;\">Para que lo pintes por tu zona S\u00faper Fashion Music rasta memba Music<\/span><\/p><p style=\"text-align: center;\"><span style=\"color: #ffffff;\">Enzo Enzo Enzo Benedetto producci\u00f3n el padrino la galaxia la galaxia loco<\/span><\/p><p style=\"text-align: center;\"><span style=\"color: #ffffff;\">El mago oye Ricky<\/span><\/p><\/div>\t\t\t\t\t<\/div>\n\t\t\t\t\t\t<\/div>\n\t\t\t\t<\/div>\n\t\t\t\t\t\t<\/div>\n\t\t\t\t\t<\/div>\n\t\t<\/div>\n\t\t\t\t\t\t\t\t<\/div>\n\t\t\t\t\t<\/div>\n\t\t<\/section>\n\t\t\t\t\t\t<\/div>\n\t\t\t\t\t\t<\/div>\n\t\t\t\t\t<\/div>\n\t\t","protected":false},"excerpt":{"rendered":"<p>SPOTIFY APPLE MUSIC DEEZER AMAZON MUSIC Galaxia Music En mi casa esta noche hay Party no hace falta ni plata ni Money Enzo la melod\u00eda secreta cacho el Womy Oye estoy pa\u2019 to\u2019 estoy pa\u2019 drama estoy para fiesta estoy cama Para tirar la casa por la ventana dime si tambi\u00e9n t\u00fa tienes ganas Estoy.<\/p>\n","protected":false},"author":1,"featured_media":0,"parent":0,"menu_order":0,"comment_status":"closed","ping_status":"closed","template":"","meta":{"footnotes":""},"categories":[42],"tags":[],"class_list":["post-3699","page","type-page","status-publish","hentry","category-testi"],"yoast_head":"<!-- This site is optimized with the Yoast SEO plugin v19.6.1 - https:\/\/yoast.com\/wordpress\/plugins\/seo\/ -->\n<title>Fiesta Fiesta Party Party - Di Benedetto Productions<\/title>\n<meta name=\"robots\" content=\"index, follow, max-snippet:-1, max-image-preview:large, max-video-preview:-1\" \/>\n<link rel=\"canonical\" href=\"https:\/\/dibenedettoproductions.com\/?page_id=3699\" \/>\n<meta property=\"og:locale\" content=\"it_IT\" \/>\n<meta property=\"og:type\" content=\"article\" \/>\n<meta property=\"og:title\" content=\"Fiesta Fiesta Party Party - Di Benedetto Productions\" \/>\n<meta property=\"og:description\" content=\"SPOTIFY APPLE MUSIC DEEZER AMAZON MUSIC Galaxia Music En mi casa esta noche hay Party no hace falta ni plata ni Money Enzo la melod\u00eda secreta cacho el Womy Oye estoy pa\u2019 to\u2019 estoy pa\u2019 drama estoy para fiesta estoy cama Para tirar la casa por la ventana dime si tambi\u00e9n t\u00fa tienes ganas Estoy.\" \/>\n<meta property=\"og:url\" content=\"https:\/\/dibenedettoproductions.com\/?page_id=3699\" \/>\n<meta property=\"og:site_name\" content=\"Di Benedetto Productions\" \/>\n<meta property=\"article:modified_time\" content=\"2021-08-05T15:13:35+00:00\" \/>\n<meta name=\"twitter:card\" content=\"summary_large_image\" \/>\n<meta name=\"twitter:label1\" content=\"Tempo di lettura stimato\" \/>\n\t<meta name=\"twitter:data1\" content=\"2 minuti\" \/>\n<script type=\"application\/ld+json\" class=\"yoast-schema-graph\">{\"@context\":\"https:\/\/schema.org\",\"@graph\":[{\"@type\":\"WebPage\",\"@id\":\"https:\/\/dibenedettoproductions.com\/?page_id=3699\",\"url\":\"https:\/\/dibenedettoproductions.com\/?page_id=3699\",\"name\":\"Fiesta Fiesta Party Party - Di Benedetto Productions\",\"isPartOf\":{\"@id\":\"https:\/\/dibenedettoproductions.com\/#website\"},\"datePublished\":\"2021-02-23T10:54:16+00:00\",\"dateModified\":\"2021-08-05T15:13:35+00:00\",\"breadcrumb\":{\"@id\":\"https:\/\/dibenedettoproductions.com\/?page_id=3699#breadcrumb\"},\"inLanguage\":\"it-IT\",\"potentialAction\":[{\"@type\":\"ReadAction\",\"target\":[\"https:\/\/dibenedettoproductions.com\/?page_id=3699\"]}]},{\"@type\":\"BreadcrumbList\",\"@id\":\"https:\/\/dibenedettoproductions.com\/?page_id=3699#breadcrumb\",\"itemListElement\":[{\"@type\":\"ListItem\",\"position\":1,\"name\":\"Home\",\"item\":\"https:\/\/dibenedettoproductions.com\/\"},{\"@type\":\"ListItem\",\"position\":2,\"name\":\"Fiesta Fiesta Party Party\"}]},{\"@type\":\"WebSite\",\"@id\":\"https:\/\/dibenedettoproductions.com\/#website\",\"url\":\"https:\/\/dibenedettoproductions.com\/\",\"name\":\"Di Benedetto Productions\",\"description\":\"\",\"publisher\":{\"@id\":\"https:\/\/dibenedettoproductions.com\/#organization\"},\"potentialAction\":[{\"@type\":\"SearchAction\",\"target\":{\"@type\":\"EntryPoint\",\"urlTemplate\":\"https:\/\/dibenedettoproductions.com\/?s={search_term_string}\"},\"query-input\":\"required name=search_term_string\"}],\"inLanguage\":\"it-IT\"},{\"@type\":\"Organization\",\"@id\":\"https:\/\/dibenedettoproductions.com\/#organization\",\"name\":\"DI BENEDETTO PRODUCTIONS\",\"url\":\"https:\/\/dibenedettoproductions.com\/\",\"sameAs\":[],\"logo\":{\"@type\":\"ImageObject\",\"inLanguage\":\"it-IT\",\"@id\":\"https:\/\/dibenedettoproductions.com\/#\/schema\/logo\/image\/\",\"url\":\"https:\/\/dibenedettoproductions.com\/wp-content\/uploads\/2021\/09\/logo_di_benedetto_productions.jpg\",\"contentUrl\":\"https:\/\/dibenedettoproductions.com\/wp-content\/uploads\/2021\/09\/logo_di_benedetto_productions.jpg\",\"width\":225,\"height\":225,\"caption\":\"DI BENEDETTO PRODUCTIONS\"},\"image\":{\"@id\":\"https:\/\/dibenedettoproductions.com\/#\/schema\/logo\/image\/\"}}]}<\/script>\n<!-- \/ Yoast SEO plugin. -->","yoast_head_json":{"title":"Fiesta Fiesta Party Party - Di Benedetto Productions","robots":{"index":"index","follow":"follow","max-snippet":"max-snippet:-1","max-image-preview":"max-image-preview:large","max-video-preview":"max-video-preview:-1"},"canonical":"https:\/\/dibenedettoproductions.com\/?page_id=3699","og_locale":"it_IT","og_type":"article","og_title":"Fiesta Fiesta Party Party - Di Benedetto Productions","og_description":"SPOTIFY APPLE MUSIC DEEZER AMAZON MUSIC Galaxia Music En mi casa esta noche hay Party no hace falta ni plata ni Money Enzo la melod\u00eda secreta cacho el Womy Oye estoy pa\u2019 to\u2019 estoy pa\u2019 drama estoy para fiesta estoy cama Para tirar la casa por la ventana dime si tambi\u00e9n t\u00fa tienes ganas Estoy.","og_url":"https:\/\/dibenedettoproductions.com\/?page_id=3699","og_site_name":"Di Benedetto Productions","article_modified_time":"2021-08-05T15:13:35+00:00","twitter_card":"summary_large_image","twitter_misc":{"Tempo di lettura stimato":"2 minuti"},"schema":{"@context":"https:\/\/schema.org","@graph":[{"@type":"WebPage","@id":"https:\/\/dibenedettoproductions.com\/?page_id=3699","url":"https:\/\/dibenedettoproductions.com\/?page_id=3699","name":"Fiesta Fiesta Party Party - Di Benedetto Productions","isPartOf":{"@id":"https:\/\/dibenedettoproductions.com\/#website"},"datePublished":"2021-02-23T10:54:16+00:00","dateModified":"2021-08-05T15:13:35+00:00","breadcrumb":{"@id":"https:\/\/dibenedettoproductions.com\/?page_id=3699#breadcrumb"},"inLanguage":"it-IT","potentialAction":[{"@type":"ReadAction","target":["https:\/\/dibenedettoproductions.com\/?page_id=3699"]}]},{"@type":"BreadcrumbList","@id":"https:\/\/dibenedettoproductions.com\/?page_id=3699#breadcrumb","itemListElement":[{"@type":"ListItem","position":1,"name":"Home","item":"https:\/\/dibenedettoproductions.com\/"},{"@type":"ListItem","position":2,"name":"Fiesta Fiesta Party Party"}]},{"@type":"WebSite","@id":"https:\/\/dibenedettoproductions.com\/#website","url":"https:\/\/dibenedettoproductions.com\/","name":"Di Benedetto Productions","description":"","publisher":{"@id":"https:\/\/dibenedettoproductions.com\/#organization"},"potentialAction":[{"@type":"SearchAction","target":{"@type":"EntryPoint","urlTemplate":"https:\/\/dibenedettoproductions.com\/?s={search_term_string}"},"query-input":"required name=search_term_string"}],"inLanguage":"it-IT"},{"@type":"Organization","@id":"https:\/\/dibenedettoproductions.com\/#organization","name":"DI BENEDETTO PRODUCTIONS","url":"https:\/\/dibenedettoproductions.com\/","sameAs":[],"logo":{"@type":"ImageObject","inLanguage":"it-IT","@id":"https:\/\/dibenedettoproductions.com\/#\/schema\/logo\/image\/","url":"https:\/\/dibenedettoproductions.com\/wp-content\/uploads\/2021\/09\/logo_di_benedetto_productions.jpg","contentUrl":"https:\/\/dibenedettoproductions.com\/wp-content\/uploads\/2021\/09\/logo_di_benedetto_productions.jpg","width":225,"height":225,"caption":"DI BENEDETTO PRODUCTIONS"},"image":{"@id":"https:\/\/dibenedettoproductions.com\/#\/schema\/logo\/image\/"}}]}},"_links":{"self":[{"href":"https:\/\/dibenedettoproductions.com\/index.php?rest_route=\/wp\/v2\/pages\/3699","targetHints":{"allow":["GET"]}}],"collection":[{"href":"https:\/\/dibenedettoproductions.com\/index.php?rest_route=\/wp\/v2\/pages"}],"about":[{"href":"https:\/\/dibenedettoproductions.com\/index.php?rest_route=\/wp\/v2\/types\/page"}],"author":[{"embeddable":true,"href":"https:\/\/dibenedettoproductions.com\/index.php?rest_route=\/wp\/v2\/users\/1"}],"replies":[{"embeddable":true,"href":"https:\/\/dibenedettoproductions.com\/index.php?rest_route=%2Fwp%2Fv2%2Fcomments&post=3699"}],"version-history":[{"count":7,"href":"https:\/\/dibenedettoproductions.com\/index.php?rest_route=\/wp\/v2\/pages\/3699\/revisions"}],"predecessor-version":[{"id":5701,"href":"https:\/\/dibenedettoproductions.com\/index.php?rest_route=\/wp\/v2\/pages\/3699\/revisions\/5701"}],"wp:attachment":[{"href":"https:\/\/dibenedettoproductions.com\/index.php?rest_route=%2Fwp%2Fv2%2Fmedia&parent=3699"}],"wp:term":[{"taxonomy":"category","embeddable":true,"href":"https:\/\/dibenedettoproductions.com\/index.php?rest_route=%2Fwp%2Fv2%2Fcategories&post=3699"},{"taxonomy":"post_tag","embeddable":true,"href":"https:\/\/dibenedettoproductions.com\/index.php?rest_route=%2Fwp%2Fv2%2Ftags&post=3699"}],"curies":[{"name":"wp","href":"https:\/\/api.w.org\/{rel}","templated":true}]}}