{"id":3687,"date":"2021-02-23T10:22:20","date_gmt":"2021-02-23T10:22:20","guid":{"rendered":"https:\/\/dibenedettoproductions.com\/?page_id=3687"},"modified":"2021-08-05T15:06:37","modified_gmt":"2021-08-05T15:06:37","slug":"esa-boquita","status":"publish","type":"page","link":"https:\/\/dibenedettoproductions.com\/?page_id=3687","title":{"rendered":"Esa Boquita"},"content":{"rendered":"\t\t<div data-elementor-type=\"wp-page\" data-elementor-id=\"3687\" class=\"elementor elementor-3687\" data-elementor-settings=\"[]\">\n\t\t\t\t\t\t<div class=\"elementor-inner\">\n\t\t\t\t\t\t\t<div class=\"elementor-section-wrap\">\n\t\t\t\t\t\t\t<section class=\"elementor-section elementor-top-section elementor-element elementor-element-4532408 elementor-section-stretched elementor-section-boxed elementor-section-height-default elementor-section-height-default\" data-id=\"4532408\" data-element_type=\"section\" data-settings=\"{&quot;stretch_section&quot;:&quot;section-stretched&quot;,&quot;background_background&quot;:&quot;classic&quot;}\">\n\t\t\t\t\t\t<div class=\"elementor-container elementor-column-gap-default\">\n\t\t\t\t\t\t\t<div class=\"elementor-row\">\n\t\t\t\t\t<div class=\"elementor-column elementor-col-25 elementor-top-column elementor-element elementor-element-408cad6\" data-id=\"408cad6\" data-element_type=\"column\">\n\t\t\t<div class=\"elementor-column-wrap elementor-element-populated\">\n\t\t\t\t\t\t\t<div class=\"elementor-widget-wrap\">\n\t\t\t\t\t\t<div class=\"elementor-element elementor-element-e36231c elementor-align-center elementor-widget elementor-widget-button\" data-id=\"e36231c\" data-element_type=\"widget\" data-widget_type=\"button.default\">\n\t\t\t\t<div class=\"elementor-widget-container\">\n\t\t\t\t\t<div class=\"elementor-button-wrapper\">\n\t\t\t<a href=\"https:\/\/open.spotify.com\/track\/6vGm9kYuQAAIz4XjcNShVu?si=rQN_DWfnSJyN5T_oEhq3zA%20\" class=\"elementor-button-link elementor-button elementor-size-sm\" role=\"button\">\n\t\t\t\t\t\t<span class=\"elementor-button-content-wrapper\">\n\t\t\t\t\t\t<span class=\"elementor-button-text\">SPOTIFY<\/span>\n\t\t<\/span>\n\t\t\t\t\t<\/a>\n\t\t<\/div>\n\t\t\t\t<\/div>\n\t\t\t\t<\/div>\n\t\t\t\t\t\t<\/div>\n\t\t\t\t\t<\/div>\n\t\t<\/div>\n\t\t\t\t<div class=\"elementor-column elementor-col-25 elementor-top-column elementor-element elementor-element-0c15095\" data-id=\"0c15095\" data-element_type=\"column\">\n\t\t\t<div class=\"elementor-column-wrap elementor-element-populated\">\n\t\t\t\t\t\t\t<div class=\"elementor-widget-wrap\">\n\t\t\t\t\t\t<div class=\"elementor-element elementor-element-def97e6 elementor-align-center elementor-widget elementor-widget-button\" data-id=\"def97e6\" data-element_type=\"widget\" data-widget_type=\"button.default\">\n\t\t\t\t<div class=\"elementor-widget-container\">\n\t\t\t\t\t<div class=\"elementor-button-wrapper\">\n\t\t\t<a href=\"https:\/\/music.apple.com\/us\/album\/esa-boquita\/1345376851?i=1345376853\" class=\"elementor-button-link elementor-button elementor-size-sm\" role=\"button\">\n\t\t\t\t\t\t<span class=\"elementor-button-content-wrapper\">\n\t\t\t\t\t\t<span class=\"elementor-button-text\">APPLE MUSIC<\/span>\n\t\t<\/span>\n\t\t\t\t\t<\/a>\n\t\t<\/div>\n\t\t\t\t<\/div>\n\t\t\t\t<\/div>\n\t\t\t\t\t\t<\/div>\n\t\t\t\t\t<\/div>\n\t\t<\/div>\n\t\t\t\t<div class=\"elementor-column elementor-col-25 elementor-top-column elementor-element elementor-element-1ee2db9\" data-id=\"1ee2db9\" data-element_type=\"column\">\n\t\t\t<div class=\"elementor-column-wrap elementor-element-populated\">\n\t\t\t\t\t\t\t<div class=\"elementor-widget-wrap\">\n\t\t\t\t\t\t<div class=\"elementor-element elementor-element-fc18d67 elementor-align-center elementor-widget elementor-widget-button\" data-id=\"fc18d67\" data-element_type=\"widget\" data-widget_type=\"button.default\">\n\t\t\t\t<div class=\"elementor-widget-container\">\n\t\t\t\t\t<div class=\"elementor-button-wrapper\">\n\t\t\t<a href=\"https:\/\/deezer.page.link\/VKxJtjzuNnLeQPrL9\" class=\"elementor-button-link elementor-button elementor-size-sm\" role=\"button\">\n\t\t\t\t\t\t<span class=\"elementor-button-content-wrapper\">\n\t\t\t\t\t\t<span class=\"elementor-button-text\">DEEZER<\/span>\n\t\t<\/span>\n\t\t\t\t\t<\/a>\n\t\t<\/div>\n\t\t\t\t<\/div>\n\t\t\t\t<\/div>\n\t\t\t\t\t\t<\/div>\n\t\t\t\t\t<\/div>\n\t\t<\/div>\n\t\t\t\t<div class=\"elementor-column elementor-col-25 elementor-top-column elementor-element elementor-element-a61f988\" data-id=\"a61f988\" data-element_type=\"column\">\n\t\t\t<div class=\"elementor-column-wrap elementor-element-populated\">\n\t\t\t\t\t\t\t<div class=\"elementor-widget-wrap\">\n\t\t\t\t\t\t<div class=\"elementor-element elementor-element-9140519 elementor-align-center elementor-widget elementor-widget-button\" data-id=\"9140519\" data-element_type=\"widget\" data-widget_type=\"button.default\">\n\t\t\t\t<div class=\"elementor-widget-container\">\n\t\t\t\t\t<div class=\"elementor-button-wrapper\">\n\t\t\t<a href=\"https:\/\/music.amazon.com\/albums\/B07TBGCKV7?trackAsin=B07TBGJNSS&#038;ref=dm_sh_3421-3c25-dmcp-650d-61201&#038;musicTerritory=US&#038;marketplaceId=ATVPDKIKX0DER%20\" class=\"elementor-button-link elementor-button elementor-size-sm\" role=\"button\">\n\t\t\t\t\t\t<span class=\"elementor-button-content-wrapper\">\n\t\t\t\t\t\t<span class=\"elementor-button-text\">AMAZON MUSIC<\/span>\n\t\t<\/span>\n\t\t\t\t\t<\/a>\n\t\t<\/div>\n\t\t\t\t<\/div>\n\t\t\t\t<\/div>\n\t\t\t\t\t\t<\/div>\n\t\t\t\t\t<\/div>\n\t\t<\/div>\n\t\t\t\t\t\t\t\t<\/div>\n\t\t\t\t\t<\/div>\n\t\t<\/section>\n\t\t\t\t<section class=\"elementor-section elementor-top-section elementor-element elementor-element-d3328d1 elementor-section-stretched elementor-section-boxed elementor-section-height-default elementor-section-height-default\" data-id=\"d3328d1\" data-element_type=\"section\" data-settings=\"{&quot;stretch_section&quot;:&quot;section-stretched&quot;,&quot;background_background&quot;:&quot;classic&quot;}\">\n\t\t\t\t\t\t<div class=\"elementor-container elementor-column-gap-default\">\n\t\t\t\t\t\t\t<div class=\"elementor-row\">\n\t\t\t\t\t<div class=\"elementor-column elementor-col-100 elementor-top-column elementor-element elementor-element-4faf1aa\" data-id=\"4faf1aa\" data-element_type=\"column\">\n\t\t\t<div class=\"elementor-column-wrap elementor-element-populated\">\n\t\t\t\t\t\t\t<div class=\"elementor-widget-wrap\">\n\t\t\t\t\t\t<div class=\"elementor-element elementor-element-ddc4a88 elementor-widget elementor-widget-text-editor\" data-id=\"ddc4a88\" data-element_type=\"widget\" data-widget_type=\"text-editor.default\">\n\t\t\t\t<div class=\"elementor-widget-container\">\n\t\t\t\t\t\t\t\t<div class=\"elementor-text-editor elementor-clearfix\">\n\t\t\t\t<div><p style=\"text-align: center;\"><span style=\"color: #ffffff;\">&#8230;hace rato que te estoy mirando<\/span><\/p><p style=\"text-align: center;\"><span style=\"color: #ffffff;\">y me desconcentro, me vuelves<\/span><\/p><p style=\"text-align: center;\"><span style=\"color: #ffffff;\">loco y es esa boquita tuya<\/span><\/p><p style=\"text-align: center;\"><span style=\"color: #ffffff;\">esas curvas y es figura,las que<\/span><\/p><p style=\"text-align: center;\"><span style=\"color: #ffffff;\">me llevan al cielo por las que<\/span><\/p><p style=\"text-align: center;\"><span style=\"color: #ffffff;\">yo mato o muero<\/span><\/p><p style=\"text-align: center;\"><span style=\"color: #ffffff;\">coro: Y es esa boquita que me vuelve<\/span><\/p><p style=\"text-align: center;\"><span style=\"color: #ffffff;\">loco,loco,loco<\/span><\/p><p style=\"text-align: center;\"><span style=\"color: #ffffff;\">y son esas caderas que me atraen<\/span><\/p><p style=\"text-align: center;\"><span style=\"color: #ffffff;\">poco a poco<\/span><\/p><p style=\"text-align: center;\"><span style=\"color: #ffffff;\">y me dejo llevar,y esa boquita que<\/span><\/p><p style=\"text-align: center;\"><span style=\"color: #ffffff;\">me vuelve loco y es que yo me voy<\/span><\/p><p style=\"text-align: center;\"><span style=\"color: #ffffff;\">dejando poco a poco<\/span><\/p><p style=\"text-align: center;\"><span style=\"color: #ffffff;\">hasta que me gana<\/span><\/p><p style=\"text-align: center;\"><span style=\"color: #ffffff;\">lo de ella es criminal<\/span><\/p><p style=\"text-align: center;\"><span style=\"color: #ffffff;\">demasiado bestial<\/span><\/p><p style=\"text-align: center;\"><span style=\"color: #ffffff;\">le gusta que le den bien<\/span><\/p><p style=\"text-align: center;\"><span style=\"color: #ffffff;\">agresivo y sin parar ella<\/span><\/p><p style=\"text-align: center;\"><span style=\"color: #ffffff;\">quiere que le pegue un y otra<\/span><\/p><p style=\"text-align: center;\"><span style=\"color: #ffffff;\">vez contra la pared y sigue<\/span><\/p><p style=\"text-align: center;\"><span style=\"color: #ffffff;\">seduci\u00e9ndome tiene talento para subir<\/span><\/p><p style=\"text-align: center;\"><span style=\"color: #ffffff;\">mi temperatura no cabe duda que es<\/span><\/p><p style=\"text-align: center;\"><span style=\"color: #ffffff;\">la m\u00e1s dura entre las dura, con esa<\/span><\/p><p style=\"text-align: center;\"><span style=\"color: #ffffff;\">nena la locura est\u00e1 segura, ella me tiene mal<\/span><\/p><p style=\"text-align: center;\"><span style=\"color: #ffffff;\">me quiere enfermar<\/span><\/p><p style=\"text-align: center;\"><span style=\"color: #ffffff;\">y esa boquita que me vuelve<\/span><\/p><p style=\"text-align: center;\"><span style=\"color: #ffffff;\">loco loco loco<\/span><\/p><p style=\"text-align: center;\"><span style=\"color: #ffffff;\">y son esas caderas que me atraen<\/span><\/p><p style=\"text-align: center;\"><span style=\"color: #ffffff;\">poco a poco<\/span><\/p><p style=\"text-align: center;\"><span style=\"color: #ffffff;\">y me dejo llevar.<\/span><\/p><p style=\"text-align: center;\"><span style=\"color: #ffffff;\">Y esa boquita que<\/span><\/p><p style=\"text-align: center;\"><span style=\"color: #ffffff;\">me vuelve loco y es que yo me voy<\/span><\/p><p style=\"text-align: center;\"><span style=\"color: #ffffff;\">dejando poco a poco<\/span><\/p><p style=\"text-align: center;\"><span style=\"color: #ffffff;\">hasta que me gana<\/span><\/p><p style=\"text-align: center;\"><span style=\"color: #ffffff;\">y es que tu uh uh<\/span><\/p><p style=\"text-align: center;\"><span style=\"color: #ffffff;\">te metistes en mi venas<\/span><\/p><p style=\"text-align: center;\"><span style=\"color: #ffffff;\">es que no encuentro<\/span><\/p><p style=\"text-align: center;\"><span style=\"color: #ffffff;\">la soluci\u00f3n a mi problema<\/span><\/p><p style=\"text-align: center;\"><span style=\"color: #ffffff;\">esa boquita que me encanta<\/span><\/p><p style=\"text-align: center;\"><span style=\"color: #ffffff;\">labios que me envenenan<\/span><\/p><p style=\"text-align: center;\"><span style=\"color: #ffffff;\">esa forma tuya que al infierno<\/span><\/p><p style=\"text-align: center;\"><span style=\"color: #ffffff;\">me condena quiero llevarte<\/span><\/p><p style=\"text-align: center;\"><span style=\"color: #ffffff;\">a otro lugar donde tu y yo<\/span><\/p><p style=\"text-align: center;\"><span style=\"color: #ffffff;\">nos podemos matar<\/span><\/p><p style=\"text-align: center;\"><span style=\"color: #ffffff;\">y ah\u00ed ah\u00ed ah\u00ed<\/span><\/p><p style=\"text-align: center;\"><span style=\"color: #ffffff;\">hacerlo rico as\u00ed as\u00ed as\u00ed<\/span><\/p><p style=\"text-align: center;\"><span style=\"color: #ffffff;\">pa disfrutarte nena<\/span><\/p><p style=\"text-align: center;\"><span style=\"color: #ffffff;\">y matar todas tu penas<\/span><\/p><p style=\"text-align: center;\"><span style=\"color: #ffffff;\">y esa boquita que me vuelve<\/span><\/p><p style=\"text-align: center;\"><span style=\"color: #ffffff;\">loco loco loco<\/span><\/p><p style=\"text-align: center;\"><span style=\"color: #ffffff;\">y son esas caderas que me atraen<\/span><\/p><p style=\"text-align: center;\"><span style=\"color: #ffffff;\">poco a poco<\/span><\/p><p style=\"text-align: center;\"><span style=\"color: #ffffff;\">y me dejo llevar.<\/span><\/p><\/div>\t\t\t\t\t<\/div>\n\t\t\t\t\t\t<\/div>\n\t\t\t\t<\/div>\n\t\t\t\t\t\t<\/div>\n\t\t\t\t\t<\/div>\n\t\t<\/div>\n\t\t\t\t\t\t\t\t<\/div>\n\t\t\t\t\t<\/div>\n\t\t<\/section>\n\t\t\t\t\t\t<\/div>\n\t\t\t\t\t\t<\/div>\n\t\t\t\t\t<\/div>\n\t\t","protected":false},"excerpt":{"rendered":"<p>SPOTIFY APPLE MUSIC DEEZER AMAZON MUSIC &#8230;hace rato que te estoy mirando y me desconcentro, me vuelves loco y es esa boquita tuya esas curvas y es figura,las que me llevan al cielo por las que yo mato o muero coro: Y es esa boquita que me vuelve loco,loco,loco y son esas caderas que me.<\/p>\n","protected":false},"author":1,"featured_media":0,"parent":0,"menu_order":0,"comment_status":"closed","ping_status":"closed","template":"","meta":{"footnotes":""},"categories":[42],"tags":[],"class_list":["post-3687","page","type-page","status-publish","hentry","category-testi"],"yoast_head":"<!-- This site is optimized with the Yoast SEO plugin v19.6.1 - https:\/\/yoast.com\/wordpress\/plugins\/seo\/ -->\n<title>Esa Boquita - Di Benedetto Productions<\/title>\n<meta name=\"robots\" content=\"index, follow, max-snippet:-1, max-image-preview:large, max-video-preview:-1\" \/>\n<link rel=\"canonical\" href=\"https:\/\/dibenedettoproductions.com\/?page_id=3687\" \/>\n<meta property=\"og:locale\" content=\"it_IT\" \/>\n<meta property=\"og:type\" content=\"article\" \/>\n<meta property=\"og:title\" content=\"Esa Boquita - Di Benedetto Productions\" \/>\n<meta property=\"og:description\" content=\"SPOTIFY APPLE MUSIC DEEZER AMAZON MUSIC &#8230;hace rato que te estoy mirando y me desconcentro, me vuelves loco y es esa boquita tuya esas curvas y es figura,las que me llevan al cielo por las que yo mato o muero coro: Y es esa boquita que me vuelve loco,loco,loco y son esas caderas que me.\" \/>\n<meta property=\"og:url\" content=\"https:\/\/dibenedettoproductions.com\/?page_id=3687\" \/>\n<meta property=\"og:site_name\" content=\"Di Benedetto Productions\" \/>\n<meta property=\"article:modified_time\" content=\"2021-08-05T15:06:37+00:00\" \/>\n<meta name=\"twitter:card\" content=\"summary_large_image\" \/>\n<meta name=\"twitter:label1\" content=\"Tempo di lettura stimato\" \/>\n\t<meta name=\"twitter:data1\" content=\"1 minuto\" \/>\n<script type=\"application\/ld+json\" class=\"yoast-schema-graph\">{\"@context\":\"https:\/\/schema.org\",\"@graph\":[{\"@type\":\"WebPage\",\"@id\":\"https:\/\/dibenedettoproductions.com\/?page_id=3687\",\"url\":\"https:\/\/dibenedettoproductions.com\/?page_id=3687\",\"name\":\"Esa Boquita - Di Benedetto Productions\",\"isPartOf\":{\"@id\":\"https:\/\/dibenedettoproductions.com\/#website\"},\"datePublished\":\"2021-02-23T10:22:20+00:00\",\"dateModified\":\"2021-08-05T15:06:37+00:00\",\"breadcrumb\":{\"@id\":\"https:\/\/dibenedettoproductions.com\/?page_id=3687#breadcrumb\"},\"inLanguage\":\"it-IT\",\"potentialAction\":[{\"@type\":\"ReadAction\",\"target\":[\"https:\/\/dibenedettoproductions.com\/?page_id=3687\"]}]},{\"@type\":\"BreadcrumbList\",\"@id\":\"https:\/\/dibenedettoproductions.com\/?page_id=3687#breadcrumb\",\"itemListElement\":[{\"@type\":\"ListItem\",\"position\":1,\"name\":\"Home\",\"item\":\"https:\/\/dibenedettoproductions.com\/\"},{\"@type\":\"ListItem\",\"position\":2,\"name\":\"Esa Boquita\"}]},{\"@type\":\"WebSite\",\"@id\":\"https:\/\/dibenedettoproductions.com\/#website\",\"url\":\"https:\/\/dibenedettoproductions.com\/\",\"name\":\"Di Benedetto Productions\",\"description\":\"\",\"publisher\":{\"@id\":\"https:\/\/dibenedettoproductions.com\/#organization\"},\"potentialAction\":[{\"@type\":\"SearchAction\",\"target\":{\"@type\":\"EntryPoint\",\"urlTemplate\":\"https:\/\/dibenedettoproductions.com\/?s={search_term_string}\"},\"query-input\":\"required name=search_term_string\"}],\"inLanguage\":\"it-IT\"},{\"@type\":\"Organization\",\"@id\":\"https:\/\/dibenedettoproductions.com\/#organization\",\"name\":\"DI BENEDETTO PRODUCTIONS\",\"url\":\"https:\/\/dibenedettoproductions.com\/\",\"sameAs\":[],\"logo\":{\"@type\":\"ImageObject\",\"inLanguage\":\"it-IT\",\"@id\":\"https:\/\/dibenedettoproductions.com\/#\/schema\/logo\/image\/\",\"url\":\"https:\/\/dibenedettoproductions.com\/wp-content\/uploads\/2021\/09\/logo_di_benedetto_productions.jpg\",\"contentUrl\":\"https:\/\/dibenedettoproductions.com\/wp-content\/uploads\/2021\/09\/logo_di_benedetto_productions.jpg\",\"width\":225,\"height\":225,\"caption\":\"DI BENEDETTO PRODUCTIONS\"},\"image\":{\"@id\":\"https:\/\/dibenedettoproductions.com\/#\/schema\/logo\/image\/\"}}]}<\/script>\n<!-- \/ Yoast SEO plugin. -->","yoast_head_json":{"title":"Esa Boquita - Di Benedetto Productions","robots":{"index":"index","follow":"follow","max-snippet":"max-snippet:-1","max-image-preview":"max-image-preview:large","max-video-preview":"max-video-preview:-1"},"canonical":"https:\/\/dibenedettoproductions.com\/?page_id=3687","og_locale":"it_IT","og_type":"article","og_title":"Esa Boquita - Di Benedetto Productions","og_description":"SPOTIFY APPLE MUSIC DEEZER AMAZON MUSIC &#8230;hace rato que te estoy mirando y me desconcentro, me vuelves loco y es esa boquita tuya esas curvas y es figura,las que me llevan al cielo por las que yo mato o muero coro: Y es esa boquita que me vuelve loco,loco,loco y son esas caderas que me.","og_url":"https:\/\/dibenedettoproductions.com\/?page_id=3687","og_site_name":"Di Benedetto Productions","article_modified_time":"2021-08-05T15:06:37+00:00","twitter_card":"summary_large_image","twitter_misc":{"Tempo di lettura stimato":"1 minuto"},"schema":{"@context":"https:\/\/schema.org","@graph":[{"@type":"WebPage","@id":"https:\/\/dibenedettoproductions.com\/?page_id=3687","url":"https:\/\/dibenedettoproductions.com\/?page_id=3687","name":"Esa Boquita - Di Benedetto Productions","isPartOf":{"@id":"https:\/\/dibenedettoproductions.com\/#website"},"datePublished":"2021-02-23T10:22:20+00:00","dateModified":"2021-08-05T15:06:37+00:00","breadcrumb":{"@id":"https:\/\/dibenedettoproductions.com\/?page_id=3687#breadcrumb"},"inLanguage":"it-IT","potentialAction":[{"@type":"ReadAction","target":["https:\/\/dibenedettoproductions.com\/?page_id=3687"]}]},{"@type":"BreadcrumbList","@id":"https:\/\/dibenedettoproductions.com\/?page_id=3687#breadcrumb","itemListElement":[{"@type":"ListItem","position":1,"name":"Home","item":"https:\/\/dibenedettoproductions.com\/"},{"@type":"ListItem","position":2,"name":"Esa Boquita"}]},{"@type":"WebSite","@id":"https:\/\/dibenedettoproductions.com\/#website","url":"https:\/\/dibenedettoproductions.com\/","name":"Di Benedetto Productions","description":"","publisher":{"@id":"https:\/\/dibenedettoproductions.com\/#organization"},"potentialAction":[{"@type":"SearchAction","target":{"@type":"EntryPoint","urlTemplate":"https:\/\/dibenedettoproductions.com\/?s={search_term_string}"},"query-input":"required name=search_term_string"}],"inLanguage":"it-IT"},{"@type":"Organization","@id":"https:\/\/dibenedettoproductions.com\/#organization","name":"DI BENEDETTO PRODUCTIONS","url":"https:\/\/dibenedettoproductions.com\/","sameAs":[],"logo":{"@type":"ImageObject","inLanguage":"it-IT","@id":"https:\/\/dibenedettoproductions.com\/#\/schema\/logo\/image\/","url":"https:\/\/dibenedettoproductions.com\/wp-content\/uploads\/2021\/09\/logo_di_benedetto_productions.jpg","contentUrl":"https:\/\/dibenedettoproductions.com\/wp-content\/uploads\/2021\/09\/logo_di_benedetto_productions.jpg","width":225,"height":225,"caption":"DI BENEDETTO PRODUCTIONS"},"image":{"@id":"https:\/\/dibenedettoproductions.com\/#\/schema\/logo\/image\/"}}]}},"_links":{"self":[{"href":"https:\/\/dibenedettoproductions.com\/index.php?rest_route=\/wp\/v2\/pages\/3687","targetHints":{"allow":["GET"]}}],"collection":[{"href":"https:\/\/dibenedettoproductions.com\/index.php?rest_route=\/wp\/v2\/pages"}],"about":[{"href":"https:\/\/dibenedettoproductions.com\/index.php?rest_route=\/wp\/v2\/types\/page"}],"author":[{"embeddable":true,"href":"https:\/\/dibenedettoproductions.com\/index.php?rest_route=\/wp\/v2\/users\/1"}],"replies":[{"embeddable":true,"href":"https:\/\/dibenedettoproductions.com\/index.php?rest_route=%2Fwp%2Fv2%2Fcomments&post=3687"}],"version-history":[{"count":10,"href":"https:\/\/dibenedettoproductions.com\/index.php?rest_route=\/wp\/v2\/pages\/3687\/revisions"}],"predecessor-version":[{"id":5695,"href":"https:\/\/dibenedettoproductions.com\/index.php?rest_route=\/wp\/v2\/pages\/3687\/revisions\/5695"}],"wp:attachment":[{"href":"https:\/\/dibenedettoproductions.com\/index.php?rest_route=%2Fwp%2Fv2%2Fmedia&parent=3687"}],"wp:term":[{"taxonomy":"category","embeddable":true,"href":"https:\/\/dibenedettoproductions.com\/index.php?rest_route=%2Fwp%2Fv2%2Fcategories&post=3687"},{"taxonomy":"post_tag","embeddable":true,"href":"https:\/\/dibenedettoproductions.com\/index.php?rest_route=%2Fwp%2Fv2%2Ftags&post=3687"}],"curies":[{"name":"wp","href":"https:\/\/api.w.org\/{rel}","templated":true}]}}