{"id":3678,"date":"2021-02-23T10:18:57","date_gmt":"2021-02-23T10:18:57","guid":{"rendered":"https:\/\/dibenedettoproductions.com\/?page_id=3678"},"modified":"2021-08-05T15:06:19","modified_gmt":"2021-08-05T15:06:19","slug":"el-viernes","status":"publish","type":"page","link":"https:\/\/dibenedettoproductions.com\/?page_id=3678","title":{"rendered":"El Viernes"},"content":{"rendered":"\t\t<div data-elementor-type=\"wp-page\" data-elementor-id=\"3678\" class=\"elementor elementor-3678\" data-elementor-settings=\"[]\">\n\t\t\t\t\t\t<div class=\"elementor-inner\">\n\t\t\t\t\t\t\t<div class=\"elementor-section-wrap\">\n\t\t\t\t\t\t\t<section class=\"elementor-section elementor-top-section elementor-element elementor-element-9df5df7 elementor-section-stretched elementor-section-boxed elementor-section-height-default elementor-section-height-default\" data-id=\"9df5df7\" data-element_type=\"section\" data-settings=\"{&quot;stretch_section&quot;:&quot;section-stretched&quot;,&quot;background_background&quot;:&quot;classic&quot;}\">\n\t\t\t\t\t\t<div class=\"elementor-container elementor-column-gap-default\">\n\t\t\t\t\t\t\t<div class=\"elementor-row\">\n\t\t\t\t\t<div class=\"elementor-column elementor-col-25 elementor-top-column elementor-element elementor-element-41275de\" data-id=\"41275de\" data-element_type=\"column\">\n\t\t\t<div class=\"elementor-column-wrap elementor-element-populated\">\n\t\t\t\t\t\t\t<div class=\"elementor-widget-wrap\">\n\t\t\t\t\t\t<div class=\"elementor-element elementor-element-8796a8b elementor-align-center elementor-widget elementor-widget-button\" data-id=\"8796a8b\" data-element_type=\"widget\" data-widget_type=\"button.default\">\n\t\t\t\t<div class=\"elementor-widget-container\">\n\t\t\t\t\t<div class=\"elementor-button-wrapper\">\n\t\t\t<a href=\"https:\/\/open.spotify.com\/track\/1U7jXo16xalQe8UA5W7hfH?si=mHEyXWo2Slaw8ZfP9Zoocw%20\" class=\"elementor-button-link elementor-button elementor-size-sm\" role=\"button\">\n\t\t\t\t\t\t<span class=\"elementor-button-content-wrapper\">\n\t\t\t\t\t\t<span class=\"elementor-button-text\">SPOTIFY<\/span>\n\t\t<\/span>\n\t\t\t\t\t<\/a>\n\t\t<\/div>\n\t\t\t\t<\/div>\n\t\t\t\t<\/div>\n\t\t\t\t\t\t<\/div>\n\t\t\t\t\t<\/div>\n\t\t<\/div>\n\t\t\t\t<div class=\"elementor-column elementor-col-25 elementor-top-column elementor-element elementor-element-292577d\" data-id=\"292577d\" data-element_type=\"column\">\n\t\t\t<div class=\"elementor-column-wrap elementor-element-populated\">\n\t\t\t\t\t\t\t<div class=\"elementor-widget-wrap\">\n\t\t\t\t\t\t<div class=\"elementor-element elementor-element-58e20de elementor-align-center elementor-widget elementor-widget-button\" data-id=\"58e20de\" data-element_type=\"widget\" data-widget_type=\"button.default\">\n\t\t\t\t<div class=\"elementor-widget-container\">\n\t\t\t\t\t<div class=\"elementor-button-wrapper\">\n\t\t\t<a href=\"https:\/\/music.apple.com\/us\/album\/el-viernes\/1462890142?i=1462890143%20\" class=\"elementor-button-link elementor-button elementor-size-sm\" role=\"button\">\n\t\t\t\t\t\t<span class=\"elementor-button-content-wrapper\">\n\t\t\t\t\t\t<span class=\"elementor-button-text\">APPLE MUSIC<\/span>\n\t\t<\/span>\n\t\t\t\t\t<\/a>\n\t\t<\/div>\n\t\t\t\t<\/div>\n\t\t\t\t<\/div>\n\t\t\t\t\t\t<\/div>\n\t\t\t\t\t<\/div>\n\t\t<\/div>\n\t\t\t\t<div class=\"elementor-column elementor-col-25 elementor-top-column elementor-element elementor-element-1bce96d\" data-id=\"1bce96d\" data-element_type=\"column\">\n\t\t\t<div class=\"elementor-column-wrap elementor-element-populated\">\n\t\t\t\t\t\t\t<div class=\"elementor-widget-wrap\">\n\t\t\t\t\t\t<div class=\"elementor-element elementor-element-9bef13b elementor-align-center elementor-widget elementor-widget-button\" data-id=\"9bef13b\" data-element_type=\"widget\" data-widget_type=\"button.default\">\n\t\t\t\t<div class=\"elementor-widget-container\">\n\t\t\t\t\t<div class=\"elementor-button-wrapper\">\n\t\t\t<a href=\"https:\/\/deezer.page.link\/AGCK4NLk2jrtMRb86%20\" class=\"elementor-button-link elementor-button elementor-size-sm\" role=\"button\">\n\t\t\t\t\t\t<span class=\"elementor-button-content-wrapper\">\n\t\t\t\t\t\t<span class=\"elementor-button-text\">DEEZER<\/span>\n\t\t<\/span>\n\t\t\t\t\t<\/a>\n\t\t<\/div>\n\t\t\t\t<\/div>\n\t\t\t\t<\/div>\n\t\t\t\t\t\t<\/div>\n\t\t\t\t\t<\/div>\n\t\t<\/div>\n\t\t\t\t<div class=\"elementor-column elementor-col-25 elementor-top-column elementor-element elementor-element-e6814ec\" data-id=\"e6814ec\" data-element_type=\"column\">\n\t\t\t<div class=\"elementor-column-wrap elementor-element-populated\">\n\t\t\t\t\t\t\t<div class=\"elementor-widget-wrap\">\n\t\t\t\t\t\t<div class=\"elementor-element elementor-element-61c6943 elementor-align-center elementor-widget elementor-widget-button\" data-id=\"61c6943\" data-element_type=\"widget\" data-widget_type=\"button.default\">\n\t\t\t\t<div class=\"elementor-widget-container\">\n\t\t\t\t\t<div class=\"elementor-button-wrapper\">\n\t\t\t<a href=\"https:\/\/music.amazon.com\/albums\/B07RM3RTQ1?trackAsin=B07RM41FYM&#038;ref=dm_sh_54c7-c242-dmcp-0a78-ce4d7&#038;musicTerritory=US&#038;marketplaceId=ATVPDKIKX0DER\" class=\"elementor-button-link elementor-button elementor-size-sm\" role=\"button\">\n\t\t\t\t\t\t<span class=\"elementor-button-content-wrapper\">\n\t\t\t\t\t\t<span class=\"elementor-button-text\">AMAZON MUSIC<\/span>\n\t\t<\/span>\n\t\t\t\t\t<\/a>\n\t\t<\/div>\n\t\t\t\t<\/div>\n\t\t\t\t<\/div>\n\t\t\t\t\t\t<\/div>\n\t\t\t\t\t<\/div>\n\t\t<\/div>\n\t\t\t\t\t\t\t\t<\/div>\n\t\t\t\t\t<\/div>\n\t\t<\/section>\n\t\t\t\t<section class=\"elementor-section elementor-top-section elementor-element elementor-element-32f1b3d elementor-section-stretched elementor-section-boxed elementor-section-height-default elementor-section-height-default\" data-id=\"32f1b3d\" data-element_type=\"section\" data-settings=\"{&quot;stretch_section&quot;:&quot;section-stretched&quot;,&quot;background_background&quot;:&quot;classic&quot;}\">\n\t\t\t\t\t\t<div class=\"elementor-container elementor-column-gap-default\">\n\t\t\t\t\t\t\t<div class=\"elementor-row\">\n\t\t\t\t\t<div class=\"elementor-column elementor-col-100 elementor-top-column elementor-element elementor-element-9d858a2\" data-id=\"9d858a2\" data-element_type=\"column\">\n\t\t\t<div class=\"elementor-column-wrap elementor-element-populated\">\n\t\t\t\t\t\t\t<div class=\"elementor-widget-wrap\">\n\t\t\t\t\t\t<div class=\"elementor-element elementor-element-566a71f elementor-widget elementor-widget-text-editor\" data-id=\"566a71f\" data-element_type=\"widget\" data-widget_type=\"text-editor.default\">\n\t\t\t\t<div class=\"elementor-widget-container\">\n\t\t\t\t\t\t\t\t<div class=\"elementor-text-editor elementor-clearfix\">\n\t\t\t\t<div><p style=\"text-align: center;\"><span style=\"color: #ffffff;\">Ya yo me cans\u00e9 de la rutina y a lo negativo de mi vida le puse soluci\u00f3n<\/span><\/p><p style=\"text-align: center;\"><span style=\"color: #ffffff;\">Yo quiero un rumb\u00f3n que me lleve de camino al malec\u00f3n<\/span><\/p><p style=\"text-align: center;\"><span style=\"color: #ffffff;\">A cantar una buena bachata a ver si me llevo par de muchachas<\/span><\/p><p style=\"text-align: center;\"><span style=\"color: #ffffff;\">Hoy quiero una discoteca para quedarme sin un peso en la cartera<\/span><\/p><p style=\"text-align: center;\"><span style=\"color: #ffffff;\">Y es que hoy es viernes y el cuerpo lo sabe Y yo me voy pa la calle sin tener que dar detalles<\/span><\/p><p style=\"text-align: center;\"><span style=\"color: #ffffff;\">Y es que hoy es viernes y el cuerpo lo sabe y yo me voy para la calle<\/span><\/p><p style=\"text-align: center;\"><span style=\"color: #ffffff;\">Porque hoy estamos vivos pero ma\u00f1ana qui\u00e9n sabe<\/span><\/p><p style=\"text-align: center;\"><span style=\"color: #ffffff;\">ee ee e ee ee ee e ee porque hoy estamos vivos pero ma\u00f1ana qui\u00e9n sabe<\/span><\/p><p style=\"text-align: center;\"><span style=\"color: #ffffff;\">ee ee e ee ee ee e ee porque hoy estamos vivos pero ma\u00f1ana qui\u00e9n sabe<\/span><\/p><p style=\"text-align: center;\"><span style=\"color: #ffffff;\">Y es que estoy para fiesta estoy pa party todo el d\u00eda<\/span><\/p><p style=\"text-align: center;\"><span style=\"color: #ffffff;\">si no te hago caso entonces mala m\u00eda aqu\u00ed cada cual vive su vida como quiere<\/span><\/p><p style=\"text-align: center;\"><span style=\"color: #ffffff;\">y yo vivo la m\u00eda y no quiero que me celen<\/span><\/p><p style=\"text-align: center;\"><span style=\"color: #ffffff;\">ay yo no quiero perro ni gato pues pa perro yo y soy Sato<\/span><\/p><p style=\"text-align: center;\"><span style=\"color: #ffffff;\">no estoy para sufrimiento ni maltrato solo yo te quiero para un rato<\/span><\/p><p style=\"text-align: center;\"><span style=\"color: #ffffff;\">y es que hoy es viernes y el cuerpo lo sabe Y yo me voy para la calle sin tener que dar detalles<\/span><\/p><p style=\"text-align: center;\"><span style=\"color: #ffffff;\">Y es que hoy es viernes y el cuerpo lo sabe y yo me voy para la calle<\/span><\/p><p style=\"text-align: center;\"><span style=\"color: #ffffff;\">porque hoy estamos vivos pero ma\u00f1ana qui\u00e9n sabe<\/span><\/p><p style=\"text-align: center;\"><span style=\"color: #ffffff;\">ee ee e ee ee ee e ee porque hoy estamos vivos pero ma\u00f1ana qui\u00e9n sabe<\/span><\/p><p style=\"text-align: center;\"><span style=\"color: #ffffff;\">ee ee e ee ee ee e ee porque hoy estamos vivos pero ma\u00f1ana qui\u00e9n sabe<\/span><\/p><p style=\"text-align: center;\"><span style=\"color: #ffffff;\">ya yo me cans\u00e9 de la rutina y a lo negativo de mi vida le puse soluci\u00f3n<\/span><\/p><p style=\"text-align: center;\"><span style=\"color: #ffffff;\">yo quiero un rumb\u00f3n que me lleve de camino al malec\u00f3n<\/span><\/p><p style=\"text-align: center;\"><span style=\"color: #ffffff;\">pa cantar una buena bachata a ver si me llevo par de muchachas<\/span><\/p><p style=\"text-align: center;\"><span style=\"color: #ffffff;\">hoy quiero una discoteca para quedarme sin un peso en la cartera<\/span><\/p><p style=\"text-align: center;\"><span style=\"color: #ffffff;\">y es que hoy es viernes y el cuerpo lo sabe Y yo me voy para la calle sin tener que dar detalles<\/span><\/p><p style=\"text-align: center;\"><span style=\"color: #ffffff;\">Y es que hoy es viernes y el cuerpo lo sabe y yo me voy para la calle<\/span><\/p><p style=\"text-align: center;\"><span style=\"color: #ffffff;\">porque hoy estamos vivos pero ma\u00f1ana qui\u00e9n sabe<\/span><\/p><p style=\"text-align: center;\"><span style=\"color: #ffffff;\">ay yo no quiero perro ni gato pues para perro yo y soy sato<\/span><\/p><p style=\"text-align: center;\"><span style=\"color: #ffffff;\">No estoy para sufrimiento ni maltrato solo yo te quiero para un rato<\/span><\/p><p style=\"text-align: center;\"><span style=\"color: #ffffff;\">ay yo no quiero perro ni gato pues para perro yo y soy sato<\/span><\/p><p style=\"text-align: center;\"><span style=\"color: #ffffff;\">no estoy para sufrimiento ni maltrato solo yo te quiero para un rato<\/span><\/p><p style=\"text-align: center;\"><span style=\"color: #ffffff;\">celular Music Unic dice lo kila Enzo la Melod\u00eda secreta<\/span><\/p><p style=\"text-align: center;\"><span style=\"color: #ffffff;\">y Benedetto Production Liban pro<\/span><\/p><p style=\"text-align: center;\"><span style=\"color: #ffffff;\">La far\u00e1ndula italiana vaya coge otra bala<\/span><\/p><\/div>\t\t\t\t\t<\/div>\n\t\t\t\t\t\t<\/div>\n\t\t\t\t<\/div>\n\t\t\t\t\t\t<\/div>\n\t\t\t\t\t<\/div>\n\t\t<\/div>\n\t\t\t\t\t\t\t\t<\/div>\n\t\t\t\t\t<\/div>\n\t\t<\/section>\n\t\t\t\t\t\t<\/div>\n\t\t\t\t\t\t<\/div>\n\t\t\t\t\t<\/div>\n\t\t","protected":false},"excerpt":{"rendered":"<p>SPOTIFY APPLE MUSIC DEEZER AMAZON MUSIC Ya yo me cans\u00e9 de la rutina y a lo negativo de mi vida le puse soluci\u00f3n Yo quiero un rumb\u00f3n que me lleve de camino al malec\u00f3n A cantar una buena bachata a ver si me llevo par de muchachas Hoy quiero una discoteca para quedarme sin un.<\/p>\n","protected":false},"author":1,"featured_media":0,"parent":0,"menu_order":0,"comment_status":"closed","ping_status":"closed","template":"","meta":{"footnotes":""},"categories":[42],"tags":[],"class_list":["post-3678","page","type-page","status-publish","hentry","category-testi"],"yoast_head":"<!-- This site is optimized with the Yoast SEO plugin v19.6.1 - https:\/\/yoast.com\/wordpress\/plugins\/seo\/ -->\n<title>El Viernes - Di Benedetto Productions<\/title>\n<meta name=\"robots\" content=\"index, follow, max-snippet:-1, max-image-preview:large, max-video-preview:-1\" \/>\n<link rel=\"canonical\" href=\"https:\/\/dibenedettoproductions.com\/?page_id=3678\" \/>\n<meta property=\"og:locale\" content=\"it_IT\" \/>\n<meta property=\"og:type\" content=\"article\" \/>\n<meta property=\"og:title\" content=\"El Viernes - Di Benedetto Productions\" \/>\n<meta property=\"og:description\" content=\"SPOTIFY APPLE MUSIC DEEZER AMAZON MUSIC Ya yo me cans\u00e9 de la rutina y a lo negativo de mi vida le puse soluci\u00f3n Yo quiero un rumb\u00f3n que me lleve de camino al malec\u00f3n A cantar una buena bachata a ver si me llevo par de muchachas Hoy quiero una discoteca para quedarme sin un.\" \/>\n<meta property=\"og:url\" content=\"https:\/\/dibenedettoproductions.com\/?page_id=3678\" \/>\n<meta property=\"og:site_name\" content=\"Di Benedetto Productions\" \/>\n<meta property=\"article:modified_time\" content=\"2021-08-05T15:06:19+00:00\" \/>\n<meta name=\"twitter:card\" content=\"summary_large_image\" \/>\n<meta name=\"twitter:label1\" content=\"Tempo di lettura stimato\" \/>\n\t<meta name=\"twitter:data1\" content=\"2 minuti\" \/>\n<script type=\"application\/ld+json\" class=\"yoast-schema-graph\">{\"@context\":\"https:\/\/schema.org\",\"@graph\":[{\"@type\":\"WebPage\",\"@id\":\"https:\/\/dibenedettoproductions.com\/?page_id=3678\",\"url\":\"https:\/\/dibenedettoproductions.com\/?page_id=3678\",\"name\":\"El Viernes - Di Benedetto Productions\",\"isPartOf\":{\"@id\":\"https:\/\/dibenedettoproductions.com\/#website\"},\"datePublished\":\"2021-02-23T10:18:57+00:00\",\"dateModified\":\"2021-08-05T15:06:19+00:00\",\"breadcrumb\":{\"@id\":\"https:\/\/dibenedettoproductions.com\/?page_id=3678#breadcrumb\"},\"inLanguage\":\"it-IT\",\"potentialAction\":[{\"@type\":\"ReadAction\",\"target\":[\"https:\/\/dibenedettoproductions.com\/?page_id=3678\"]}]},{\"@type\":\"BreadcrumbList\",\"@id\":\"https:\/\/dibenedettoproductions.com\/?page_id=3678#breadcrumb\",\"itemListElement\":[{\"@type\":\"ListItem\",\"position\":1,\"name\":\"Home\",\"item\":\"https:\/\/dibenedettoproductions.com\/\"},{\"@type\":\"ListItem\",\"position\":2,\"name\":\"El Viernes\"}]},{\"@type\":\"WebSite\",\"@id\":\"https:\/\/dibenedettoproductions.com\/#website\",\"url\":\"https:\/\/dibenedettoproductions.com\/\",\"name\":\"Di Benedetto Productions\",\"description\":\"\",\"publisher\":{\"@id\":\"https:\/\/dibenedettoproductions.com\/#organization\"},\"potentialAction\":[{\"@type\":\"SearchAction\",\"target\":{\"@type\":\"EntryPoint\",\"urlTemplate\":\"https:\/\/dibenedettoproductions.com\/?s={search_term_string}\"},\"query-input\":\"required name=search_term_string\"}],\"inLanguage\":\"it-IT\"},{\"@type\":\"Organization\",\"@id\":\"https:\/\/dibenedettoproductions.com\/#organization\",\"name\":\"DI BENEDETTO PRODUCTIONS\",\"url\":\"https:\/\/dibenedettoproductions.com\/\",\"sameAs\":[],\"logo\":{\"@type\":\"ImageObject\",\"inLanguage\":\"it-IT\",\"@id\":\"https:\/\/dibenedettoproductions.com\/#\/schema\/logo\/image\/\",\"url\":\"https:\/\/dibenedettoproductions.com\/wp-content\/uploads\/2021\/09\/logo_di_benedetto_productions.jpg\",\"contentUrl\":\"https:\/\/dibenedettoproductions.com\/wp-content\/uploads\/2021\/09\/logo_di_benedetto_productions.jpg\",\"width\":225,\"height\":225,\"caption\":\"DI BENEDETTO PRODUCTIONS\"},\"image\":{\"@id\":\"https:\/\/dibenedettoproductions.com\/#\/schema\/logo\/image\/\"}}]}<\/script>\n<!-- \/ Yoast SEO plugin. -->","yoast_head_json":{"title":"El Viernes - Di Benedetto Productions","robots":{"index":"index","follow":"follow","max-snippet":"max-snippet:-1","max-image-preview":"max-image-preview:large","max-video-preview":"max-video-preview:-1"},"canonical":"https:\/\/dibenedettoproductions.com\/?page_id=3678","og_locale":"it_IT","og_type":"article","og_title":"El Viernes - Di Benedetto Productions","og_description":"SPOTIFY APPLE MUSIC DEEZER AMAZON MUSIC Ya yo me cans\u00e9 de la rutina y a lo negativo de mi vida le puse soluci\u00f3n Yo quiero un rumb\u00f3n que me lleve de camino al malec\u00f3n A cantar una buena bachata a ver si me llevo par de muchachas Hoy quiero una discoteca para quedarme sin un.","og_url":"https:\/\/dibenedettoproductions.com\/?page_id=3678","og_site_name":"Di Benedetto Productions","article_modified_time":"2021-08-05T15:06:19+00:00","twitter_card":"summary_large_image","twitter_misc":{"Tempo di lettura stimato":"2 minuti"},"schema":{"@context":"https:\/\/schema.org","@graph":[{"@type":"WebPage","@id":"https:\/\/dibenedettoproductions.com\/?page_id=3678","url":"https:\/\/dibenedettoproductions.com\/?page_id=3678","name":"El Viernes - Di Benedetto Productions","isPartOf":{"@id":"https:\/\/dibenedettoproductions.com\/#website"},"datePublished":"2021-02-23T10:18:57+00:00","dateModified":"2021-08-05T15:06:19+00:00","breadcrumb":{"@id":"https:\/\/dibenedettoproductions.com\/?page_id=3678#breadcrumb"},"inLanguage":"it-IT","potentialAction":[{"@type":"ReadAction","target":["https:\/\/dibenedettoproductions.com\/?page_id=3678"]}]},{"@type":"BreadcrumbList","@id":"https:\/\/dibenedettoproductions.com\/?page_id=3678#breadcrumb","itemListElement":[{"@type":"ListItem","position":1,"name":"Home","item":"https:\/\/dibenedettoproductions.com\/"},{"@type":"ListItem","position":2,"name":"El Viernes"}]},{"@type":"WebSite","@id":"https:\/\/dibenedettoproductions.com\/#website","url":"https:\/\/dibenedettoproductions.com\/","name":"Di Benedetto Productions","description":"","publisher":{"@id":"https:\/\/dibenedettoproductions.com\/#organization"},"potentialAction":[{"@type":"SearchAction","target":{"@type":"EntryPoint","urlTemplate":"https:\/\/dibenedettoproductions.com\/?s={search_term_string}"},"query-input":"required name=search_term_string"}],"inLanguage":"it-IT"},{"@type":"Organization","@id":"https:\/\/dibenedettoproductions.com\/#organization","name":"DI BENEDETTO PRODUCTIONS","url":"https:\/\/dibenedettoproductions.com\/","sameAs":[],"logo":{"@type":"ImageObject","inLanguage":"it-IT","@id":"https:\/\/dibenedettoproductions.com\/#\/schema\/logo\/image\/","url":"https:\/\/dibenedettoproductions.com\/wp-content\/uploads\/2021\/09\/logo_di_benedetto_productions.jpg","contentUrl":"https:\/\/dibenedettoproductions.com\/wp-content\/uploads\/2021\/09\/logo_di_benedetto_productions.jpg","width":225,"height":225,"caption":"DI BENEDETTO PRODUCTIONS"},"image":{"@id":"https:\/\/dibenedettoproductions.com\/#\/schema\/logo\/image\/"}}]}},"_links":{"self":[{"href":"https:\/\/dibenedettoproductions.com\/index.php?rest_route=\/wp\/v2\/pages\/3678","targetHints":{"allow":["GET"]}}],"collection":[{"href":"https:\/\/dibenedettoproductions.com\/index.php?rest_route=\/wp\/v2\/pages"}],"about":[{"href":"https:\/\/dibenedettoproductions.com\/index.php?rest_route=\/wp\/v2\/types\/page"}],"author":[{"embeddable":true,"href":"https:\/\/dibenedettoproductions.com\/index.php?rest_route=\/wp\/v2\/users\/1"}],"replies":[{"embeddable":true,"href":"https:\/\/dibenedettoproductions.com\/index.php?rest_route=%2Fwp%2Fv2%2Fcomments&post=3678"}],"version-history":[{"count":7,"href":"https:\/\/dibenedettoproductions.com\/index.php?rest_route=\/wp\/v2\/pages\/3678\/revisions"}],"predecessor-version":[{"id":5689,"href":"https:\/\/dibenedettoproductions.com\/index.php?rest_route=\/wp\/v2\/pages\/3678\/revisions\/5689"}],"wp:attachment":[{"href":"https:\/\/dibenedettoproductions.com\/index.php?rest_route=%2Fwp%2Fv2%2Fmedia&parent=3678"}],"wp:term":[{"taxonomy":"category","embeddable":true,"href":"https:\/\/dibenedettoproductions.com\/index.php?rest_route=%2Fwp%2Fv2%2Fcategories&post=3678"},{"taxonomy":"post_tag","embeddable":true,"href":"https:\/\/dibenedettoproductions.com\/index.php?rest_route=%2Fwp%2Fv2%2Ftags&post=3678"}],"curies":[{"name":"wp","href":"https:\/\/api.w.org\/{rel}","templated":true}]}}