{"id":3652,"date":"2021-02-23T10:01:44","date_gmt":"2021-02-23T10:01:44","guid":{"rendered":"https:\/\/dibenedettoproductions.com\/?page_id=3652"},"modified":"2021-08-05T15:04:19","modified_gmt":"2021-08-05T15:04:19","slug":"dos-mujeres","status":"publish","type":"page","link":"https:\/\/dibenedettoproductions.com\/?page_id=3652","title":{"rendered":"Dos Mujeres"},"content":{"rendered":"\t\t<div data-elementor-type=\"wp-page\" data-elementor-id=\"3652\" class=\"elementor elementor-3652\" data-elementor-settings=\"[]\">\n\t\t\t\t\t\t<div class=\"elementor-inner\">\n\t\t\t\t\t\t\t<div class=\"elementor-section-wrap\">\n\t\t\t\t\t\t\t<section class=\"elementor-section elementor-top-section elementor-element elementor-element-db716da elementor-section-stretched elementor-section-boxed elementor-section-height-default elementor-section-height-default\" data-id=\"db716da\" data-element_type=\"section\" data-settings=\"{&quot;stretch_section&quot;:&quot;section-stretched&quot;,&quot;background_background&quot;:&quot;classic&quot;}\">\n\t\t\t\t\t\t<div class=\"elementor-container elementor-column-gap-default\">\n\t\t\t\t\t\t\t<div class=\"elementor-row\">\n\t\t\t\t\t<div class=\"elementor-column elementor-col-25 elementor-top-column elementor-element elementor-element-8c5ca53\" data-id=\"8c5ca53\" data-element_type=\"column\">\n\t\t\t<div class=\"elementor-column-wrap elementor-element-populated\">\n\t\t\t\t\t\t\t<div class=\"elementor-widget-wrap\">\n\t\t\t\t\t\t<div class=\"elementor-element elementor-element-09c588b elementor-align-center elementor-widget elementor-widget-button\" data-id=\"09c588b\" data-element_type=\"widget\" data-widget_type=\"button.default\">\n\t\t\t\t<div class=\"elementor-widget-container\">\n\t\t\t\t\t<div class=\"elementor-button-wrapper\">\n\t\t\t<a href=\"https:\/\/open.spotify.com\/track\/63iRHePSrvwDsaiX7r4uZZ?si=1HIkUpMJQm-Vp7xV5GJosQ\" class=\"elementor-button-link elementor-button elementor-size-sm\" role=\"button\">\n\t\t\t\t\t\t<span class=\"elementor-button-content-wrapper\">\n\t\t\t\t\t\t<span class=\"elementor-button-text\">SPOTIFY<\/span>\n\t\t<\/span>\n\t\t\t\t\t<\/a>\n\t\t<\/div>\n\t\t\t\t<\/div>\n\t\t\t\t<\/div>\n\t\t\t\t\t\t<\/div>\n\t\t\t\t\t<\/div>\n\t\t<\/div>\n\t\t\t\t<div class=\"elementor-column elementor-col-25 elementor-top-column elementor-element elementor-element-f69244e\" data-id=\"f69244e\" data-element_type=\"column\">\n\t\t\t<div class=\"elementor-column-wrap elementor-element-populated\">\n\t\t\t\t\t\t\t<div class=\"elementor-widget-wrap\">\n\t\t\t\t\t\t<div class=\"elementor-element elementor-element-fe19080 elementor-align-center elementor-widget elementor-widget-button\" data-id=\"fe19080\" data-element_type=\"widget\" data-widget_type=\"button.default\">\n\t\t\t\t<div class=\"elementor-widget-container\">\n\t\t\t\t\t<div class=\"elementor-button-wrapper\">\n\t\t\t<a href=\"https:\/\/music.apple.com\/us\/album\/dos-mujeres\/1439224008?i=1439224009%20\" class=\"elementor-button-link elementor-button elementor-size-sm\" role=\"button\">\n\t\t\t\t\t\t<span class=\"elementor-button-content-wrapper\">\n\t\t\t\t\t\t<span class=\"elementor-button-text\">APPLE MUSIC<\/span>\n\t\t<\/span>\n\t\t\t\t\t<\/a>\n\t\t<\/div>\n\t\t\t\t<\/div>\n\t\t\t\t<\/div>\n\t\t\t\t\t\t<\/div>\n\t\t\t\t\t<\/div>\n\t\t<\/div>\n\t\t\t\t<div class=\"elementor-column elementor-col-25 elementor-top-column elementor-element elementor-element-2410de5\" data-id=\"2410de5\" data-element_type=\"column\">\n\t\t\t<div class=\"elementor-column-wrap elementor-element-populated\">\n\t\t\t\t\t\t\t<div class=\"elementor-widget-wrap\">\n\t\t\t\t\t\t<div class=\"elementor-element elementor-element-de87980 elementor-align-center elementor-widget elementor-widget-button\" data-id=\"de87980\" data-element_type=\"widget\" data-widget_type=\"button.default\">\n\t\t\t\t<div class=\"elementor-widget-container\">\n\t\t\t\t\t<div class=\"elementor-button-wrapper\">\n\t\t\t<a href=\"https:\/\/deezer.page.link\/aw5rQzQCmt3DQcqc7%20\" class=\"elementor-button-link elementor-button elementor-size-sm\" role=\"button\">\n\t\t\t\t\t\t<span class=\"elementor-button-content-wrapper\">\n\t\t\t\t\t\t<span class=\"elementor-button-text\">DEEZER<\/span>\n\t\t<\/span>\n\t\t\t\t\t<\/a>\n\t\t<\/div>\n\t\t\t\t<\/div>\n\t\t\t\t<\/div>\n\t\t\t\t\t\t<\/div>\n\t\t\t\t\t<\/div>\n\t\t<\/div>\n\t\t\t\t<div class=\"elementor-column elementor-col-25 elementor-top-column elementor-element elementor-element-a296f6b\" data-id=\"a296f6b\" data-element_type=\"column\">\n\t\t\t<div class=\"elementor-column-wrap elementor-element-populated\">\n\t\t\t\t\t\t\t<div class=\"elementor-widget-wrap\">\n\t\t\t\t\t\t<div class=\"elementor-element elementor-element-186046c elementor-align-center elementor-widget elementor-widget-button\" data-id=\"186046c\" data-element_type=\"widget\" data-widget_type=\"button.default\">\n\t\t\t\t<div class=\"elementor-widget-container\">\n\t\t\t\t\t<div class=\"elementor-button-wrapper\">\n\t\t\t<a href=\"https:\/\/music.amazon.com\/albums\/B07T9FKV9C?trackAsin=B07T8B6KGX&#038;ref=dm_sh_3f95-10ff-dmcp-1c22-70e2b&#038;musicTerritory=US&#038;marketplaceId=ATVPDKIKX0DER%20\" class=\"elementor-button-link elementor-button elementor-size-sm\" role=\"button\">\n\t\t\t\t\t\t<span class=\"elementor-button-content-wrapper\">\n\t\t\t\t\t\t<span class=\"elementor-button-text\">AMAZON MUSIC<\/span>\n\t\t<\/span>\n\t\t\t\t\t<\/a>\n\t\t<\/div>\n\t\t\t\t<\/div>\n\t\t\t\t<\/div>\n\t\t\t\t\t\t<\/div>\n\t\t\t\t\t<\/div>\n\t\t<\/div>\n\t\t\t\t\t\t\t\t<\/div>\n\t\t\t\t\t<\/div>\n\t\t<\/section>\n\t\t\t\t<section class=\"elementor-section elementor-top-section elementor-element elementor-element-193d900 elementor-section-stretched elementor-section-boxed elementor-section-height-default elementor-section-height-default\" data-id=\"193d900\" data-element_type=\"section\" data-settings=\"{&quot;stretch_section&quot;:&quot;section-stretched&quot;,&quot;background_background&quot;:&quot;classic&quot;}\">\n\t\t\t\t\t\t<div class=\"elementor-container elementor-column-gap-default\">\n\t\t\t\t\t\t\t<div class=\"elementor-row\">\n\t\t\t\t\t<div class=\"elementor-column elementor-col-100 elementor-top-column elementor-element elementor-element-7006e8d\" data-id=\"7006e8d\" data-element_type=\"column\">\n\t\t\t<div class=\"elementor-column-wrap elementor-element-populated\">\n\t\t\t\t\t\t\t<div class=\"elementor-widget-wrap\">\n\t\t\t\t\t\t<div class=\"elementor-element elementor-element-bb416ba elementor-widget elementor-widget-text-editor\" data-id=\"bb416ba\" data-element_type=\"widget\" data-widget_type=\"text-editor.default\">\n\t\t\t\t<div class=\"elementor-widget-container\">\n\t\t\t\t\t\t\t\t<div class=\"elementor-text-editor elementor-clearfix\">\n\t\t\t\t<div><p style=\"text-align: center;\"><span style=\"color: #ffffff;\">Yo creo que ha pasado el tiempo y no s\u00e9 a qui\u00e9n elegir<\/span><\/p><p style=\"text-align: center;\"><span style=\"color: #ffffff;\">Ha pasado el tiempo y no s\u00e9 qu\u00e9 decirle<\/span><\/p><p style=\"text-align: center;\"><span style=\"color: #ffffff;\">Ha pasado de todo, tengo tremenda pena<\/span><\/p><p style=\"text-align: center;\"><span style=\"color: #ffffff;\">Me gustan dos mujeres que clase de telenovela<\/span><\/p><p style=\"text-align: center;\"><span style=\"color: #ffffff;\">Una me gusta, una me quiere pero no me hace falta<\/span><\/p><p style=\"text-align: center;\"><span style=\"color: #ffffff;\">Una es para party, nada m\u00e1s para fiesta, para llevar a mi cama<\/span><\/p><p style=\"text-align: center;\"><span style=\"color: #ffffff;\">Qu\u00e9 clase de l\u00edo, qu\u00e9 clase de rollo<\/span><\/p><p style=\"text-align: center;\"><span style=\"color: #ffffff;\">No s\u00e9 Con qui\u00e9n decidirme<\/span><\/p><p style=\"text-align: center;\"><span style=\"color: #ffffff;\">Pasan las horas, m\u00e1s pasa el tiempo y yo tengo que decirme que<\/span><\/p><p style=\"text-align: center;\">\u00a0<\/p><p style=\"text-align: center;\"><span style=\"color: #ffffff;\">No, que es mejor quedarme solo<\/span><\/p><p style=\"text-align: center;\"><span style=\"color: #ffffff;\">Que en cosa del amor soy loco<\/span><\/p><p style=\"text-align: center;\"><span style=\"color: #ffffff;\">Mi mayor, mi peor castigo fue destapar lo que he vivido<\/span><\/p><p style=\"text-align: center;\"><span style=\"color: #ffffff;\">Una es para hacer chucuchu, la otra para hacer chacacha<\/span><\/p><p style=\"text-align: center;\"><span style=\"color: #ffffff;\">Una lo hace con glamour, la otra lo hace con maldad<\/span><\/p><p style=\"text-align: center;\"><span style=\"color: #ffffff;\">Una que con maldad me pide que se la saque adentro<\/span><\/p><p style=\"text-align: center;\"><span style=\"color: #ffffff;\">Una que no me quiere nada, que nada es para mordernos<\/span><\/p><p style=\"text-align: center;\">\u00a0<\/p><p style=\"text-align: center;\"><span style=\"color: #ffffff;\">Una me quiere para sexo, la otra me demuestra amor inmenso<\/span><\/p><p style=\"text-align: center;\"><span style=\"color: #ffffff;\">A las dos se lo hago pero a una la quiero y dejo de ser un repartero<\/span><\/p><p style=\"text-align: center;\"><span style=\"color: #ffffff;\">Con una me involucro porque s\u00e9 que me buscar\u00e1 donde yo est\u00e9<\/span><\/p><p style=\"text-align: center;\"><span style=\"color: #ffffff;\">Con la otra en la cama derretimos el hielo<\/span><\/p><p style=\"text-align: center;\"><span style=\"color: #ffffff;\">Pero no me la llevo a tres metros sobre el cielo<\/span><\/p><p style=\"text-align: center;\">\u00a0<\/p><p style=\"text-align: center;\"><span style=\"color: #ffffff;\">Tengo que decirme que no<\/span><\/p><p style=\"text-align: center;\"><span style=\"color: #ffffff;\">Que es mejor quedarme solo<\/span><\/p><p style=\"text-align: center;\"><span style=\"color: #ffffff;\">Que en cosa del amor soy loco<\/span><\/p><p style=\"text-align: center;\"><span style=\"color: #ffffff;\">Mi mayor, mi peor castigo fue destapar lo que he vivido<\/span><\/p><p style=\"text-align: center;\"><span style=\"color: #ffffff;\">Una es para hacer chucuchu, la otra para hacer chacacha<\/span><\/p><p style=\"text-align: center;\"><span style=\"color: #ffffff;\">Una lo hace con glamour, la otra lo hace con maldad<\/span><\/p><p style=\"text-align: center;\"><span style=\"color: #ffffff;\">Una que con maldad me pide que se la saque adentro<\/span><\/p><p style=\"text-align: center;\"><span style=\"color: #ffffff;\">Una que no me quiere nada, que nada es para mordernos<\/span><\/p><p style=\"text-align: center;\">\u00a0<\/p><p style=\"text-align: center;\"><span style=\"color: #ffffff;\">Una que con maldad me pide, que con glamour me da<\/span><\/p><p style=\"text-align: center;\"><span style=\"color: #ffffff;\">Otra que me llama todas las noches para prender nada m\u00e1s<\/span><\/p><p style=\"text-align: center;\"><span style=\"color: #ffffff;\">Yo s\u00e9 que no me quiere pero me gusta c\u00f3mo me la da<\/span><\/p><p style=\"text-align: center;\"><span style=\"color: #ffffff;\">Me gusta mami cantidad<\/span><\/p><p style=\"text-align: center;\">\u00a0<\/p><p style=\"text-align: center;\"><span style=\"color: #ffffff;\">T\u00fa nos muerdes papi ya t\u00fa nos conoces<\/span><\/p><p style=\"text-align: center;\"><span style=\"color: #ffffff;\">Nosotros somos los due\u00f1os de la receta<\/span><\/p><p style=\"text-align: center;\"><span style=\"color: #ffffff;\">Todo el mundo preparado, que esto ya se calent\u00f3<\/span><\/p><p style=\"text-align: center;\">\u00a0<\/p><p style=\"text-align: center;\"><span style=\"color: #ffffff;\">Una me gusta, una me quiere pero no me hace falta<\/span><\/p><p style=\"text-align: center;\"><span style=\"color: #ffffff;\">Una es para party, nada m\u00e1s para fiesta, para llevar a mi cama<\/span><\/p><p style=\"text-align: center;\"><span style=\"color: #ffffff;\">Qu\u00e9 clase de l\u00edo, qu\u00e9 clase de rollo<\/span><\/p><p style=\"text-align: center;\"><span style=\"color: #ffffff;\">No s\u00e9 Con qui\u00e9n decidirme<\/span><\/p><p style=\"text-align: center;\"><span style=\"color: #ffffff;\">Pasan las horas, m\u00e1s pasa el tiempo y yo tengo que decirme que<\/span><\/p><p style=\"text-align: center;\">\u00a0<\/p><p style=\"text-align: center;\"><span style=\"color: #ffffff;\">No, que es mejor quedarme solo<\/span><\/p><p style=\"text-align: center;\"><span style=\"color: #ffffff;\">Que en cosa del amor soy loco<\/span><\/p><p style=\"text-align: center;\"><span style=\"color: #ffffff;\">Mi mayor, mi peor castigo fue destapar lo que he vivido<\/span><\/p><p style=\"text-align: center;\"><span style=\"color: #ffffff;\">Una es para hacer chucuchu, la otra para hacer chacacha<\/span><\/p><p style=\"text-align: center;\"><span style=\"color: #ffffff;\">Una lo hace con glamour, la otra lo hace con maldad<\/span><\/p><p style=\"text-align: center;\"><span style=\"color: #ffffff;\">Una que con maldad me pide que se la saque adentro<\/span><\/p><p style=\"text-align: center;\"><span style=\"color: #ffffff;\">Una que no me quiere nada, que nada es para mordernos<\/span><\/p><p style=\"text-align: center;\"><span style=\"color: #ffffff;\">Tengo que decirme que no<\/span><\/p><\/div>\t\t\t\t\t<\/div>\n\t\t\t\t\t\t<\/div>\n\t\t\t\t<\/div>\n\t\t\t\t\t\t<\/div>\n\t\t\t\t\t<\/div>\n\t\t<\/div>\n\t\t\t\t\t\t\t\t<\/div>\n\t\t\t\t\t<\/div>\n\t\t<\/section>\n\t\t\t\t\t\t<\/div>\n\t\t\t\t\t\t<\/div>\n\t\t\t\t\t<\/div>\n\t\t","protected":false},"excerpt":{"rendered":"<p>SPOTIFY APPLE MUSIC DEEZER AMAZON MUSIC Yo creo que ha pasado el tiempo y no s\u00e9 a qui\u00e9n elegir Ha pasado el tiempo y no s\u00e9 qu\u00e9 decirle Ha pasado de todo, tengo tremenda pena Me gustan dos mujeres que clase de telenovela Una me gusta, una me quiere pero no me hace falta Una.<\/p>\n","protected":false},"author":1,"featured_media":0,"parent":0,"menu_order":0,"comment_status":"closed","ping_status":"closed","template":"","meta":{"footnotes":""},"categories":[42],"tags":[],"class_list":["post-3652","page","type-page","status-publish","hentry","category-testi"],"yoast_head":"<!-- This site is optimized with the Yoast SEO plugin v19.6.1 - https:\/\/yoast.com\/wordpress\/plugins\/seo\/ -->\n<title>Dos Mujeres - Di Benedetto Productions<\/title>\n<meta name=\"robots\" content=\"index, follow, max-snippet:-1, max-image-preview:large, max-video-preview:-1\" \/>\n<link rel=\"canonical\" href=\"https:\/\/dibenedettoproductions.com\/?page_id=3652\" \/>\n<meta property=\"og:locale\" content=\"it_IT\" \/>\n<meta property=\"og:type\" content=\"article\" \/>\n<meta property=\"og:title\" content=\"Dos Mujeres - Di Benedetto Productions\" \/>\n<meta property=\"og:description\" content=\"SPOTIFY APPLE MUSIC DEEZER AMAZON MUSIC Yo creo que ha pasado el tiempo y no s\u00e9 a qui\u00e9n elegir Ha pasado el tiempo y no s\u00e9 qu\u00e9 decirle Ha pasado de todo, tengo tremenda pena Me gustan dos mujeres que clase de telenovela Una me gusta, una me quiere pero no me hace falta Una.\" \/>\n<meta property=\"og:url\" content=\"https:\/\/dibenedettoproductions.com\/?page_id=3652\" \/>\n<meta property=\"og:site_name\" content=\"Di Benedetto Productions\" \/>\n<meta property=\"article:modified_time\" content=\"2021-08-05T15:04:19+00:00\" \/>\n<meta name=\"twitter:card\" content=\"summary_large_image\" \/>\n<meta name=\"twitter:label1\" content=\"Tempo di lettura stimato\" \/>\n\t<meta name=\"twitter:data1\" content=\"2 minuti\" \/>\n<script type=\"application\/ld+json\" class=\"yoast-schema-graph\">{\"@context\":\"https:\/\/schema.org\",\"@graph\":[{\"@type\":\"WebPage\",\"@id\":\"https:\/\/dibenedettoproductions.com\/?page_id=3652\",\"url\":\"https:\/\/dibenedettoproductions.com\/?page_id=3652\",\"name\":\"Dos Mujeres - Di Benedetto Productions\",\"isPartOf\":{\"@id\":\"https:\/\/dibenedettoproductions.com\/#website\"},\"datePublished\":\"2021-02-23T10:01:44+00:00\",\"dateModified\":\"2021-08-05T15:04:19+00:00\",\"breadcrumb\":{\"@id\":\"https:\/\/dibenedettoproductions.com\/?page_id=3652#breadcrumb\"},\"inLanguage\":\"it-IT\",\"potentialAction\":[{\"@type\":\"ReadAction\",\"target\":[\"https:\/\/dibenedettoproductions.com\/?page_id=3652\"]}]},{\"@type\":\"BreadcrumbList\",\"@id\":\"https:\/\/dibenedettoproductions.com\/?page_id=3652#breadcrumb\",\"itemListElement\":[{\"@type\":\"ListItem\",\"position\":1,\"name\":\"Home\",\"item\":\"https:\/\/dibenedettoproductions.com\/\"},{\"@type\":\"ListItem\",\"position\":2,\"name\":\"Dos Mujeres\"}]},{\"@type\":\"WebSite\",\"@id\":\"https:\/\/dibenedettoproductions.com\/#website\",\"url\":\"https:\/\/dibenedettoproductions.com\/\",\"name\":\"Di Benedetto Productions\",\"description\":\"\",\"publisher\":{\"@id\":\"https:\/\/dibenedettoproductions.com\/#organization\"},\"potentialAction\":[{\"@type\":\"SearchAction\",\"target\":{\"@type\":\"EntryPoint\",\"urlTemplate\":\"https:\/\/dibenedettoproductions.com\/?s={search_term_string}\"},\"query-input\":\"required name=search_term_string\"}],\"inLanguage\":\"it-IT\"},{\"@type\":\"Organization\",\"@id\":\"https:\/\/dibenedettoproductions.com\/#organization\",\"name\":\"DI BENEDETTO PRODUCTIONS\",\"url\":\"https:\/\/dibenedettoproductions.com\/\",\"sameAs\":[],\"logo\":{\"@type\":\"ImageObject\",\"inLanguage\":\"it-IT\",\"@id\":\"https:\/\/dibenedettoproductions.com\/#\/schema\/logo\/image\/\",\"url\":\"https:\/\/dibenedettoproductions.com\/wp-content\/uploads\/2021\/09\/logo_di_benedetto_productions.jpg\",\"contentUrl\":\"https:\/\/dibenedettoproductions.com\/wp-content\/uploads\/2021\/09\/logo_di_benedetto_productions.jpg\",\"width\":225,\"height\":225,\"caption\":\"DI BENEDETTO PRODUCTIONS\"},\"image\":{\"@id\":\"https:\/\/dibenedettoproductions.com\/#\/schema\/logo\/image\/\"}}]}<\/script>\n<!-- \/ Yoast SEO plugin. -->","yoast_head_json":{"title":"Dos Mujeres - Di Benedetto Productions","robots":{"index":"index","follow":"follow","max-snippet":"max-snippet:-1","max-image-preview":"max-image-preview:large","max-video-preview":"max-video-preview:-1"},"canonical":"https:\/\/dibenedettoproductions.com\/?page_id=3652","og_locale":"it_IT","og_type":"article","og_title":"Dos Mujeres - Di Benedetto Productions","og_description":"SPOTIFY APPLE MUSIC DEEZER AMAZON MUSIC Yo creo que ha pasado el tiempo y no s\u00e9 a qui\u00e9n elegir Ha pasado el tiempo y no s\u00e9 qu\u00e9 decirle Ha pasado de todo, tengo tremenda pena Me gustan dos mujeres que clase de telenovela Una me gusta, una me quiere pero no me hace falta Una.","og_url":"https:\/\/dibenedettoproductions.com\/?page_id=3652","og_site_name":"Di Benedetto Productions","article_modified_time":"2021-08-05T15:04:19+00:00","twitter_card":"summary_large_image","twitter_misc":{"Tempo di lettura stimato":"2 minuti"},"schema":{"@context":"https:\/\/schema.org","@graph":[{"@type":"WebPage","@id":"https:\/\/dibenedettoproductions.com\/?page_id=3652","url":"https:\/\/dibenedettoproductions.com\/?page_id=3652","name":"Dos Mujeres - Di Benedetto Productions","isPartOf":{"@id":"https:\/\/dibenedettoproductions.com\/#website"},"datePublished":"2021-02-23T10:01:44+00:00","dateModified":"2021-08-05T15:04:19+00:00","breadcrumb":{"@id":"https:\/\/dibenedettoproductions.com\/?page_id=3652#breadcrumb"},"inLanguage":"it-IT","potentialAction":[{"@type":"ReadAction","target":["https:\/\/dibenedettoproductions.com\/?page_id=3652"]}]},{"@type":"BreadcrumbList","@id":"https:\/\/dibenedettoproductions.com\/?page_id=3652#breadcrumb","itemListElement":[{"@type":"ListItem","position":1,"name":"Home","item":"https:\/\/dibenedettoproductions.com\/"},{"@type":"ListItem","position":2,"name":"Dos Mujeres"}]},{"@type":"WebSite","@id":"https:\/\/dibenedettoproductions.com\/#website","url":"https:\/\/dibenedettoproductions.com\/","name":"Di Benedetto Productions","description":"","publisher":{"@id":"https:\/\/dibenedettoproductions.com\/#organization"},"potentialAction":[{"@type":"SearchAction","target":{"@type":"EntryPoint","urlTemplate":"https:\/\/dibenedettoproductions.com\/?s={search_term_string}"},"query-input":"required name=search_term_string"}],"inLanguage":"it-IT"},{"@type":"Organization","@id":"https:\/\/dibenedettoproductions.com\/#organization","name":"DI BENEDETTO PRODUCTIONS","url":"https:\/\/dibenedettoproductions.com\/","sameAs":[],"logo":{"@type":"ImageObject","inLanguage":"it-IT","@id":"https:\/\/dibenedettoproductions.com\/#\/schema\/logo\/image\/","url":"https:\/\/dibenedettoproductions.com\/wp-content\/uploads\/2021\/09\/logo_di_benedetto_productions.jpg","contentUrl":"https:\/\/dibenedettoproductions.com\/wp-content\/uploads\/2021\/09\/logo_di_benedetto_productions.jpg","width":225,"height":225,"caption":"DI BENEDETTO PRODUCTIONS"},"image":{"@id":"https:\/\/dibenedettoproductions.com\/#\/schema\/logo\/image\/"}}]}},"_links":{"self":[{"href":"https:\/\/dibenedettoproductions.com\/index.php?rest_route=\/wp\/v2\/pages\/3652","targetHints":{"allow":["GET"]}}],"collection":[{"href":"https:\/\/dibenedettoproductions.com\/index.php?rest_route=\/wp\/v2\/pages"}],"about":[{"href":"https:\/\/dibenedettoproductions.com\/index.php?rest_route=\/wp\/v2\/types\/page"}],"author":[{"embeddable":true,"href":"https:\/\/dibenedettoproductions.com\/index.php?rest_route=\/wp\/v2\/users\/1"}],"replies":[{"embeddable":true,"href":"https:\/\/dibenedettoproductions.com\/index.php?rest_route=%2Fwp%2Fv2%2Fcomments&post=3652"}],"version-history":[{"count":7,"href":"https:\/\/dibenedettoproductions.com\/index.php?rest_route=\/wp\/v2\/pages\/3652\/revisions"}],"predecessor-version":[{"id":5674,"href":"https:\/\/dibenedettoproductions.com\/index.php?rest_route=\/wp\/v2\/pages\/3652\/revisions\/5674"}],"wp:attachment":[{"href":"https:\/\/dibenedettoproductions.com\/index.php?rest_route=%2Fwp%2Fv2%2Fmedia&parent=3652"}],"wp:term":[{"taxonomy":"category","embeddable":true,"href":"https:\/\/dibenedettoproductions.com\/index.php?rest_route=%2Fwp%2Fv2%2Fcategories&post=3652"},{"taxonomy":"post_tag","embeddable":true,"href":"https:\/\/dibenedettoproductions.com\/index.php?rest_route=%2Fwp%2Fv2%2Ftags&post=3652"}],"curies":[{"name":"wp","href":"https:\/\/api.w.org\/{rel}","templated":true}]}}