{"id":3643,"date":"2021-02-23T09:48:57","date_gmt":"2021-02-23T09:48:57","guid":{"rendered":"https:\/\/dibenedettoproductions.com\/?page_id=3643"},"modified":"2021-08-05T15:03:53","modified_gmt":"2021-08-05T15:03:53","slug":"descara-sin-cara","status":"publish","type":"page","link":"https:\/\/dibenedettoproductions.com\/?page_id=3643","title":{"rendered":"Descar\u00e1 Sin Cara"},"content":{"rendered":"\t\t<div data-elementor-type=\"wp-page\" data-elementor-id=\"3643\" class=\"elementor elementor-3643\" data-elementor-settings=\"[]\">\n\t\t\t\t\t\t<div class=\"elementor-inner\">\n\t\t\t\t\t\t\t<div class=\"elementor-section-wrap\">\n\t\t\t\t\t\t\t<section class=\"elementor-section elementor-top-section elementor-element elementor-element-3ed7d4e elementor-section-stretched elementor-section-boxed elementor-section-height-default elementor-section-height-default\" data-id=\"3ed7d4e\" data-element_type=\"section\" data-settings=\"{&quot;stretch_section&quot;:&quot;section-stretched&quot;,&quot;background_background&quot;:&quot;classic&quot;}\">\n\t\t\t\t\t\t<div class=\"elementor-container elementor-column-gap-default\">\n\t\t\t\t\t\t\t<div class=\"elementor-row\">\n\t\t\t\t\t<div class=\"elementor-column elementor-col-25 elementor-top-column elementor-element elementor-element-9e357f2\" data-id=\"9e357f2\" data-element_type=\"column\">\n\t\t\t<div class=\"elementor-column-wrap elementor-element-populated\">\n\t\t\t\t\t\t\t<div class=\"elementor-widget-wrap\">\n\t\t\t\t\t\t<div class=\"elementor-element elementor-element-2ae8af1 elementor-align-center elementor-widget elementor-widget-button\" data-id=\"2ae8af1\" data-element_type=\"widget\" data-widget_type=\"button.default\">\n\t\t\t\t<div class=\"elementor-widget-container\">\n\t\t\t\t\t<div class=\"elementor-button-wrapper\">\n\t\t\t<a href=\"https:\/\/open.spotify.com\/track\/372a5SIMqP3FDDB2GlNQIG?si=S7EDLuwXTsaw5BEho8wAVA%20\" class=\"elementor-button-link elementor-button elementor-size-sm\" role=\"button\">\n\t\t\t\t\t\t<span class=\"elementor-button-content-wrapper\">\n\t\t\t\t\t\t<span class=\"elementor-button-text\">SPOTIFY<\/span>\n\t\t<\/span>\n\t\t\t\t\t<\/a>\n\t\t<\/div>\n\t\t\t\t<\/div>\n\t\t\t\t<\/div>\n\t\t\t\t\t\t<\/div>\n\t\t\t\t\t<\/div>\n\t\t<\/div>\n\t\t\t\t<div class=\"elementor-column elementor-col-25 elementor-top-column elementor-element elementor-element-8de8167\" data-id=\"8de8167\" data-element_type=\"column\">\n\t\t\t<div class=\"elementor-column-wrap elementor-element-populated\">\n\t\t\t\t\t\t\t<div class=\"elementor-widget-wrap\">\n\t\t\t\t\t\t<div class=\"elementor-element elementor-element-5fd291f elementor-align-center elementor-widget elementor-widget-button\" data-id=\"5fd291f\" data-element_type=\"widget\" data-widget_type=\"button.default\">\n\t\t\t\t<div class=\"elementor-widget-container\">\n\t\t\t\t\t<div class=\"elementor-button-wrapper\">\n\t\t\t<a href=\"https:\/\/music.apple.com\/us\/album\/descara-sin-cara\/1443566105?i=1443566107\" class=\"elementor-button-link elementor-button elementor-size-sm\" role=\"button\">\n\t\t\t\t\t\t<span class=\"elementor-button-content-wrapper\">\n\t\t\t\t\t\t<span class=\"elementor-button-text\">APPLE MUSIC<\/span>\n\t\t<\/span>\n\t\t\t\t\t<\/a>\n\t\t<\/div>\n\t\t\t\t<\/div>\n\t\t\t\t<\/div>\n\t\t\t\t\t\t<\/div>\n\t\t\t\t\t<\/div>\n\t\t<\/div>\n\t\t\t\t<div class=\"elementor-column elementor-col-25 elementor-top-column elementor-element elementor-element-2d93b9f\" data-id=\"2d93b9f\" data-element_type=\"column\">\n\t\t\t<div class=\"elementor-column-wrap elementor-element-populated\">\n\t\t\t\t\t\t\t<div class=\"elementor-widget-wrap\">\n\t\t\t\t\t\t<div class=\"elementor-element elementor-element-fd18c31 elementor-align-center elementor-widget elementor-widget-button\" data-id=\"fd18c31\" data-element_type=\"widget\" data-widget_type=\"button.default\">\n\t\t\t\t<div class=\"elementor-widget-container\">\n\t\t\t\t\t<div class=\"elementor-button-wrapper\">\n\t\t\t<a href=\"https:\/\/deezer.page.link\/qFvBcytKqutbp5Pr6%20\" class=\"elementor-button-link elementor-button elementor-size-sm\" role=\"button\">\n\t\t\t\t\t\t<span class=\"elementor-button-content-wrapper\">\n\t\t\t\t\t\t<span class=\"elementor-button-text\">DEEZER<\/span>\n\t\t<\/span>\n\t\t\t\t\t<\/a>\n\t\t<\/div>\n\t\t\t\t<\/div>\n\t\t\t\t<\/div>\n\t\t\t\t\t\t<\/div>\n\t\t\t\t\t<\/div>\n\t\t<\/div>\n\t\t\t\t<div class=\"elementor-column elementor-col-25 elementor-top-column elementor-element elementor-element-6fe2697\" data-id=\"6fe2697\" data-element_type=\"column\">\n\t\t\t<div class=\"elementor-column-wrap elementor-element-populated\">\n\t\t\t\t\t\t\t<div class=\"elementor-widget-wrap\">\n\t\t\t\t\t\t<div class=\"elementor-element elementor-element-b440064 elementor-align-center elementor-widget elementor-widget-button\" data-id=\"b440064\" data-element_type=\"widget\" data-widget_type=\"button.default\">\n\t\t\t\t<div class=\"elementor-widget-container\">\n\t\t\t\t\t<div class=\"elementor-button-wrapper\">\n\t\t\t<a href=\"https:\/\/music.amazon.com\/albums\/B07T8B7GTF?trackAsin=B07T8B5T3P&#038;ref=dm_sh_f0b1-8088-dmcp-367c-58f6d&#038;musicTerritory=US&#038;marketplaceId=ATVPDKIKX0DER%20\" class=\"elementor-button-link elementor-button elementor-size-sm\" role=\"button\">\n\t\t\t\t\t\t<span class=\"elementor-button-content-wrapper\">\n\t\t\t\t\t\t<span class=\"elementor-button-text\">AMAZON MUSIC<\/span>\n\t\t<\/span>\n\t\t\t\t\t<\/a>\n\t\t<\/div>\n\t\t\t\t<\/div>\n\t\t\t\t<\/div>\n\t\t\t\t\t\t<\/div>\n\t\t\t\t\t<\/div>\n\t\t<\/div>\n\t\t\t\t\t\t\t\t<\/div>\n\t\t\t\t\t<\/div>\n\t\t<\/section>\n\t\t\t\t<section class=\"elementor-section elementor-top-section elementor-element elementor-element-12bbd5b elementor-section-stretched elementor-section-boxed elementor-section-height-default elementor-section-height-default\" data-id=\"12bbd5b\" data-element_type=\"section\" data-settings=\"{&quot;stretch_section&quot;:&quot;section-stretched&quot;,&quot;background_background&quot;:&quot;classic&quot;}\">\n\t\t\t\t\t\t<div class=\"elementor-container elementor-column-gap-default\">\n\t\t\t\t\t\t\t<div class=\"elementor-row\">\n\t\t\t\t\t<div class=\"elementor-column elementor-col-100 elementor-top-column elementor-element elementor-element-4753c05\" data-id=\"4753c05\" data-element_type=\"column\">\n\t\t\t<div class=\"elementor-column-wrap elementor-element-populated\">\n\t\t\t\t\t\t\t<div class=\"elementor-widget-wrap\">\n\t\t\t\t\t\t<div class=\"elementor-element elementor-element-1598528 elementor-widget elementor-widget-text-editor\" data-id=\"1598528\" data-element_type=\"widget\" data-widget_type=\"text-editor.default\">\n\t\t\t\t<div class=\"elementor-widget-container\">\n\t\t\t\t\t\t\t\t<div class=\"elementor-text-editor elementor-clearfix\">\n\t\t\t\t<div><p style=\"text-align: center;\"><span style=\"color: #ffffff;\">Advance oe mira vega ruso<\/span><\/p><p style=\"text-align: center;\"><span style=\"color: #ffffff;\">Ohhhh ohhhh<\/span><\/p><p style=\"text-align: center;\"><span style=\"color: #ffffff;\">Hay dicen que soy malo<\/span><\/p><p style=\"text-align: center;\"><span style=\"color: #ffffff;\">Hablan sin saber<\/span><\/p><p style=\"text-align: center;\"><span style=\"color: #ffffff;\">Sal de arriba de mi vida<\/span><\/p><p style=\"text-align: center;\"><span style=\"color: #ffffff;\">Loco sup\u00e9rate<\/span><\/p><p style=\"text-align: center;\"><span style=\"color: #ffffff;\">Que ya yo te pase<\/span><\/p><p style=\"text-align: center;\"><span style=\"color: #ffffff;\">Que ya yo te solt\u00e9<\/span><\/p><p style=\"text-align: center;\"><span style=\"color: #ffffff;\">Yo quiero to el mundo conmigo diciendo que<\/span><\/p><p style=\"text-align: center;\"><span style=\"color: #ffffff;\">T\u00fa tienes que parar t\u00fa tienes que detenerte<\/span><\/p><p style=\"text-align: center;\"><span style=\"color: #ffffff;\">Y es que t\u00fa vives en el chisme<\/span><\/p><p style=\"text-align: center;\"><span style=\"color: #ffffff;\">Y es que t\u00fa vives en el brete<\/span><\/p><p style=\"text-align: center;\"><span style=\"color: #ffffff;\">Y es que t\u00fa tienes que parar parar parar<\/span><\/p><p style=\"text-align: center;\"><span style=\"color: #ffffff;\">T\u00fa tienes que detenerte<\/span><\/p><p style=\"text-align: center;\"><span style=\"color: #ffffff;\">Que t\u00fa vives en el chisme<\/span><\/p><p style=\"text-align: center;\"><span style=\"color: #ffffff;\">Y es que t\u00fa vives en el brete<\/span><\/p><p style=\"text-align: center;\"><span style=\"color: #ffffff;\">T\u00fa tienes que para tu tienes que que que<\/span><\/p><p style=\"text-align: center;\"><span style=\"color: #ffffff;\">Que dejar de estar pendiente a m\u00ed<\/span><\/p><p style=\"text-align: center;\"><span style=\"color: #ffffff;\">Sal de arriba de mi vida<\/span><\/p><p style=\"text-align: center;\"><span style=\"color: #ffffff;\">D\u00e9jame ser feliz<\/span><\/p><p style=\"text-align: center;\"><span style=\"color: #ffffff;\">Si ya no me muero por ti<\/span><\/p><p style=\"text-align: center;\"><span style=\"color: #ffffff;\">Y ya t\u00fa no eres mi pieza<\/span><\/p><p style=\"text-align: center;\"><span style=\"color: #ffffff;\">As\u00ed que dale tim\u00f3n<\/span><\/p><p style=\"text-align: center;\"><span style=\"color: #ffffff;\">Dale mami tate fresca<\/span><\/p><p style=\"text-align: center;\"><span style=\"color: #ffffff;\">T\u00fa tienes que parar t\u00fa tienes que detenerte<\/span><\/p><p style=\"text-align: center;\"><span style=\"color: #ffffff;\">Y es que t\u00fa vives en el chisme<\/span><\/p><p style=\"text-align: center;\"><span style=\"color: #ffffff;\">Y es que t\u00fa vives en el brete<\/span><\/p><p style=\"text-align: center;\"><span style=\"color: #ffffff;\">Y es que t\u00fa tienes que parar parar parar<\/span><\/p><p style=\"text-align: center;\"><span style=\"color: #ffffff;\">T\u00fa tienes que detenerte<\/span><\/p><p style=\"text-align: center;\"><span style=\"color: #ffffff;\">Que t\u00fa vives en el chisme<\/span><\/p><p style=\"text-align: center;\"><span style=\"color: #ffffff;\">Y es que t\u00fa vives en el brete<\/span><\/p><p style=\"text-align: center;\"><span style=\"color: #ffffff;\">Hay dicen que soy malo<\/span><\/p><p style=\"text-align: center;\"><span style=\"color: #ffffff;\">Hablan sin saber<\/span><\/p><p style=\"text-align: center;\"><span style=\"color: #ffffff;\">Sal de arriba de mi vida<\/span><\/p><p style=\"text-align: center;\"><span style=\"color: #ffffff;\">Loco sup\u00e9rate<\/span><\/p><p style=\"text-align: center;\"><span style=\"color: #ffffff;\">Que ya yo te pase<\/span><\/p><p style=\"text-align: center;\"><span style=\"color: #ffffff;\">Que ya yo te solt\u00e9<\/span><\/p><p style=\"text-align: center;\"><span style=\"color: #ffffff;\">Yo quiero to el mundo conmigo diciendo que<\/span><\/p><p style=\"text-align: center;\"><span style=\"color: #ffffff;\">Es advance estudio<\/span><\/p><p style=\"text-align: center;\"><span style=\"color: #ffffff;\">Es estudios advance<\/span><\/p><p style=\"text-align: center;\"><span style=\"color: #ffffff;\">Para ustedes no hay brake<\/span><\/p><p style=\"text-align: center;\"><span style=\"color: #ffffff;\">Pa ti mami no hay chance<\/span><\/p><p style=\"text-align: center;\"><span style=\"color: #ffffff;\">Ahora mira ahora si te duele<\/span><\/p><p style=\"text-align: center;\"><span style=\"color: #ffffff;\">Ahora mira ahora si te duele<\/span><\/p><p style=\"text-align: center;\"><span style=\"color: #ffffff;\">T\u00fa eres una loca sin plantilla<\/span><\/p><p style=\"text-align: center;\"><span style=\"color: #ffffff;\">T\u00fa eres una loca sin papeles<\/span><\/p><p style=\"text-align: center;\"><span style=\"color: #ffffff;\">T\u00fa eres una descarada sin cara<\/span><\/p><p style=\"text-align: center;\"><span style=\"color: #ffffff;\">T\u00fa eres una descarada sin rostro<\/span><\/p><p style=\"text-align: center;\"><span style=\"color: #ffffff;\">Con maldad me diste en toa la cara<\/span><\/p><p style=\"text-align: center;\"><span style=\"color: #ffffff;\">Con maldad me desfigura el rostro<\/span><\/p><p style=\"text-align: center;\"><span style=\"color: #ffffff;\">T\u00fa eres una descarada sin cara<\/span><\/p><p style=\"text-align: center;\"><span style=\"color: #ffffff;\">T\u00fa eres una descarada sin rostro<\/span><\/p><p style=\"text-align: center;\"><span style=\"color: #ffffff;\">Con maldad me diste en toa la cara<\/span><\/p><p style=\"text-align: center;\"><span style=\"color: #ffffff;\">Con maldad me desfigura el rostro<\/span><\/p><p style=\"text-align: center;\"><span style=\"color: #ffffff;\">y popo popo popo popo<\/span><\/p><p style=\"text-align: center;\"><span style=\"color: #ffffff;\">popo popo popopopo<\/span><\/p><p style=\"text-align: center;\"><span style=\"color: #ffffff;\">Fuego popo popo popo fuego<\/span><\/p><p style=\"text-align: center;\"><span style=\"color: #ffffff;\">T\u00fa eres una descarada sin cara<\/span><\/p><p style=\"text-align: center;\"><span style=\"color: #ffffff;\">T\u00fa eres una descarada sin rostro<\/span><\/p><p style=\"text-align: center;\"><span style=\"color: #ffffff;\">Con maldad me diste en toa la cara<\/span><\/p><p style=\"text-align: center;\"><span style=\"color: #ffffff;\">Con maldad me desfigura el rostro<\/span><\/p><p style=\"text-align: center;\"><span style=\"color: #ffffff;\">T\u00fa eres una descarada sin cara<\/span><\/p><p style=\"text-align: center;\"><span style=\"color: #ffffff;\">T\u00fa eres una descarada sin rostro<\/span><\/p><p style=\"text-align: center;\"><span style=\"color: #ffffff;\">Con maldad me diste en toa la cara<\/span><\/p><p style=\"text-align: center;\"><span style=\"color: #ffffff;\">Con maldad me desfigura el rostro<\/span><\/p><p style=\"text-align: center;\"><span style=\"color: #ffffff;\">Oye advance estudio<\/span><\/p><p style=\"text-align: center;\"><span style=\"color: #ffffff;\">Tu lo conoces es el Enzo<\/span><\/p><p style=\"text-align: center;\"><span style=\"color: #ffffff;\">Oye mira<\/span><\/p><p style=\"text-align: center;\"><span style=\"color: #ffffff;\">T\u00fa sabes c\u00f3mo es<\/span><\/p><p style=\"text-align: center;\"><span style=\"color: #ffffff;\">Di Benedetto Production<\/span><\/p><p style=\"text-align: center;\"><span style=\"color: #ffffff;\">Bienvenido a otro cap\u00edtulo<\/span><\/p><p style=\"text-align: center;\"><span style=\"color: #ffffff;\">Nosotros estamos haciendo m\u00fasica<\/span><\/p><p style=\"text-align: center;\"><span style=\"color: #ffffff;\">Y ustedes el rid\u00edculo<\/span><\/p><p style=\"text-align: center;\"><span style=\"color: #ffffff;\">Mira mira te voy a decir<\/span><\/p><p style=\"text-align: center;\"><span style=\"color: #ffffff;\">Te solt\u00e9 te solt\u00e9 te solt\u00e9<\/span><\/p><p style=\"text-align: center;\"><span style=\"color: #ffffff;\">Te la di te la di te la di<\/span><\/p><p style=\"text-align: center;\"><span style=\"color: #ffffff;\">despu\u00e9s no digas que no te advert\u00ed.<\/span><\/p><\/div>\t\t\t\t\t<\/div>\n\t\t\t\t\t\t<\/div>\n\t\t\t\t<\/div>\n\t\t\t\t\t\t<\/div>\n\t\t\t\t\t<\/div>\n\t\t<\/div>\n\t\t\t\t\t\t\t\t<\/div>\n\t\t\t\t\t<\/div>\n\t\t<\/section>\n\t\t\t\t\t\t<\/div>\n\t\t\t\t\t\t<\/div>\n\t\t\t\t\t<\/div>\n\t\t","protected":false},"excerpt":{"rendered":"<p>SPOTIFY APPLE MUSIC DEEZER AMAZON MUSIC Advance oe mira vega ruso Ohhhh ohhhh Hay dicen que soy malo Hablan sin saber Sal de arriba de mi vida Loco sup\u00e9rate Que ya yo te pase Que ya yo te solt\u00e9 Yo quiero to el mundo conmigo diciendo que T\u00fa tienes que parar t\u00fa tienes que detenerte.<\/p>\n","protected":false},"author":1,"featured_media":0,"parent":0,"menu_order":0,"comment_status":"closed","ping_status":"closed","template":"","meta":{"footnotes":""},"categories":[42],"tags":[],"class_list":["post-3643","page","type-page","status-publish","hentry","category-testi"],"yoast_head":"<!-- This site is optimized with the Yoast SEO plugin v19.6.1 - https:\/\/yoast.com\/wordpress\/plugins\/seo\/ -->\n<title>Descar\u00e1 Sin Cara - Di Benedetto Productions<\/title>\n<meta name=\"robots\" content=\"index, follow, max-snippet:-1, max-image-preview:large, max-video-preview:-1\" \/>\n<link rel=\"canonical\" href=\"https:\/\/dibenedettoproductions.com\/?page_id=3643\" \/>\n<meta property=\"og:locale\" content=\"it_IT\" \/>\n<meta property=\"og:type\" content=\"article\" \/>\n<meta property=\"og:title\" content=\"Descar\u00e1 Sin Cara - Di Benedetto Productions\" \/>\n<meta property=\"og:description\" content=\"SPOTIFY APPLE MUSIC DEEZER AMAZON MUSIC Advance oe mira vega ruso Ohhhh ohhhh Hay dicen que soy malo Hablan sin saber Sal de arriba de mi vida Loco sup\u00e9rate Que ya yo te pase Que ya yo te solt\u00e9 Yo quiero to el mundo conmigo diciendo que T\u00fa tienes que parar t\u00fa tienes que detenerte.\" \/>\n<meta property=\"og:url\" content=\"https:\/\/dibenedettoproductions.com\/?page_id=3643\" \/>\n<meta property=\"og:site_name\" content=\"Di Benedetto Productions\" \/>\n<meta property=\"article:modified_time\" content=\"2021-08-05T15:03:53+00:00\" \/>\n<meta name=\"twitter:card\" content=\"summary_large_image\" \/>\n<meta name=\"twitter:label1\" content=\"Tempo di lettura stimato\" \/>\n\t<meta name=\"twitter:data1\" content=\"2 minuti\" \/>\n<script type=\"application\/ld+json\" class=\"yoast-schema-graph\">{\"@context\":\"https:\/\/schema.org\",\"@graph\":[{\"@type\":\"WebPage\",\"@id\":\"https:\/\/dibenedettoproductions.com\/?page_id=3643\",\"url\":\"https:\/\/dibenedettoproductions.com\/?page_id=3643\",\"name\":\"Descar\u00e1 Sin Cara - Di Benedetto Productions\",\"isPartOf\":{\"@id\":\"https:\/\/dibenedettoproductions.com\/#website\"},\"datePublished\":\"2021-02-23T09:48:57+00:00\",\"dateModified\":\"2021-08-05T15:03:53+00:00\",\"breadcrumb\":{\"@id\":\"https:\/\/dibenedettoproductions.com\/?page_id=3643#breadcrumb\"},\"inLanguage\":\"it-IT\",\"potentialAction\":[{\"@type\":\"ReadAction\",\"target\":[\"https:\/\/dibenedettoproductions.com\/?page_id=3643\"]}]},{\"@type\":\"BreadcrumbList\",\"@id\":\"https:\/\/dibenedettoproductions.com\/?page_id=3643#breadcrumb\",\"itemListElement\":[{\"@type\":\"ListItem\",\"position\":1,\"name\":\"Home\",\"item\":\"https:\/\/dibenedettoproductions.com\/\"},{\"@type\":\"ListItem\",\"position\":2,\"name\":\"Descar\u00e1 Sin Cara\"}]},{\"@type\":\"WebSite\",\"@id\":\"https:\/\/dibenedettoproductions.com\/#website\",\"url\":\"https:\/\/dibenedettoproductions.com\/\",\"name\":\"Di Benedetto Productions\",\"description\":\"\",\"publisher\":{\"@id\":\"https:\/\/dibenedettoproductions.com\/#organization\"},\"potentialAction\":[{\"@type\":\"SearchAction\",\"target\":{\"@type\":\"EntryPoint\",\"urlTemplate\":\"https:\/\/dibenedettoproductions.com\/?s={search_term_string}\"},\"query-input\":\"required name=search_term_string\"}],\"inLanguage\":\"it-IT\"},{\"@type\":\"Organization\",\"@id\":\"https:\/\/dibenedettoproductions.com\/#organization\",\"name\":\"DI BENEDETTO PRODUCTIONS\",\"url\":\"https:\/\/dibenedettoproductions.com\/\",\"sameAs\":[],\"logo\":{\"@type\":\"ImageObject\",\"inLanguage\":\"it-IT\",\"@id\":\"https:\/\/dibenedettoproductions.com\/#\/schema\/logo\/image\/\",\"url\":\"https:\/\/dibenedettoproductions.com\/wp-content\/uploads\/2021\/09\/logo_di_benedetto_productions.jpg\",\"contentUrl\":\"https:\/\/dibenedettoproductions.com\/wp-content\/uploads\/2021\/09\/logo_di_benedetto_productions.jpg\",\"width\":225,\"height\":225,\"caption\":\"DI BENEDETTO PRODUCTIONS\"},\"image\":{\"@id\":\"https:\/\/dibenedettoproductions.com\/#\/schema\/logo\/image\/\"}}]}<\/script>\n<!-- \/ Yoast SEO plugin. -->","yoast_head_json":{"title":"Descar\u00e1 Sin Cara - Di Benedetto Productions","robots":{"index":"index","follow":"follow","max-snippet":"max-snippet:-1","max-image-preview":"max-image-preview:large","max-video-preview":"max-video-preview:-1"},"canonical":"https:\/\/dibenedettoproductions.com\/?page_id=3643","og_locale":"it_IT","og_type":"article","og_title":"Descar\u00e1 Sin Cara - Di Benedetto Productions","og_description":"SPOTIFY APPLE MUSIC DEEZER AMAZON MUSIC Advance oe mira vega ruso Ohhhh ohhhh Hay dicen que soy malo Hablan sin saber Sal de arriba de mi vida Loco sup\u00e9rate Que ya yo te pase Que ya yo te solt\u00e9 Yo quiero to el mundo conmigo diciendo que T\u00fa tienes que parar t\u00fa tienes que detenerte.","og_url":"https:\/\/dibenedettoproductions.com\/?page_id=3643","og_site_name":"Di Benedetto Productions","article_modified_time":"2021-08-05T15:03:53+00:00","twitter_card":"summary_large_image","twitter_misc":{"Tempo di lettura stimato":"2 minuti"},"schema":{"@context":"https:\/\/schema.org","@graph":[{"@type":"WebPage","@id":"https:\/\/dibenedettoproductions.com\/?page_id=3643","url":"https:\/\/dibenedettoproductions.com\/?page_id=3643","name":"Descar\u00e1 Sin Cara - Di Benedetto Productions","isPartOf":{"@id":"https:\/\/dibenedettoproductions.com\/#website"},"datePublished":"2021-02-23T09:48:57+00:00","dateModified":"2021-08-05T15:03:53+00:00","breadcrumb":{"@id":"https:\/\/dibenedettoproductions.com\/?page_id=3643#breadcrumb"},"inLanguage":"it-IT","potentialAction":[{"@type":"ReadAction","target":["https:\/\/dibenedettoproductions.com\/?page_id=3643"]}]},{"@type":"BreadcrumbList","@id":"https:\/\/dibenedettoproductions.com\/?page_id=3643#breadcrumb","itemListElement":[{"@type":"ListItem","position":1,"name":"Home","item":"https:\/\/dibenedettoproductions.com\/"},{"@type":"ListItem","position":2,"name":"Descar\u00e1 Sin Cara"}]},{"@type":"WebSite","@id":"https:\/\/dibenedettoproductions.com\/#website","url":"https:\/\/dibenedettoproductions.com\/","name":"Di Benedetto Productions","description":"","publisher":{"@id":"https:\/\/dibenedettoproductions.com\/#organization"},"potentialAction":[{"@type":"SearchAction","target":{"@type":"EntryPoint","urlTemplate":"https:\/\/dibenedettoproductions.com\/?s={search_term_string}"},"query-input":"required name=search_term_string"}],"inLanguage":"it-IT"},{"@type":"Organization","@id":"https:\/\/dibenedettoproductions.com\/#organization","name":"DI BENEDETTO PRODUCTIONS","url":"https:\/\/dibenedettoproductions.com\/","sameAs":[],"logo":{"@type":"ImageObject","inLanguage":"it-IT","@id":"https:\/\/dibenedettoproductions.com\/#\/schema\/logo\/image\/","url":"https:\/\/dibenedettoproductions.com\/wp-content\/uploads\/2021\/09\/logo_di_benedetto_productions.jpg","contentUrl":"https:\/\/dibenedettoproductions.com\/wp-content\/uploads\/2021\/09\/logo_di_benedetto_productions.jpg","width":225,"height":225,"caption":"DI BENEDETTO PRODUCTIONS"},"image":{"@id":"https:\/\/dibenedettoproductions.com\/#\/schema\/logo\/image\/"}}]}},"_links":{"self":[{"href":"https:\/\/dibenedettoproductions.com\/index.php?rest_route=\/wp\/v2\/pages\/3643","targetHints":{"allow":["GET"]}}],"collection":[{"href":"https:\/\/dibenedettoproductions.com\/index.php?rest_route=\/wp\/v2\/pages"}],"about":[{"href":"https:\/\/dibenedettoproductions.com\/index.php?rest_route=\/wp\/v2\/types\/page"}],"author":[{"embeddable":true,"href":"https:\/\/dibenedettoproductions.com\/index.php?rest_route=\/wp\/v2\/users\/1"}],"replies":[{"embeddable":true,"href":"https:\/\/dibenedettoproductions.com\/index.php?rest_route=%2Fwp%2Fv2%2Fcomments&post=3643"}],"version-history":[{"count":7,"href":"https:\/\/dibenedettoproductions.com\/index.php?rest_route=\/wp\/v2\/pages\/3643\/revisions"}],"predecessor-version":[{"id":5665,"href":"https:\/\/dibenedettoproductions.com\/index.php?rest_route=\/wp\/v2\/pages\/3643\/revisions\/5665"}],"wp:attachment":[{"href":"https:\/\/dibenedettoproductions.com\/index.php?rest_route=%2Fwp%2Fv2%2Fmedia&parent=3643"}],"wp:term":[{"taxonomy":"category","embeddable":true,"href":"https:\/\/dibenedettoproductions.com\/index.php?rest_route=%2Fwp%2Fv2%2Fcategories&post=3643"},{"taxonomy":"post_tag","embeddable":true,"href":"https:\/\/dibenedettoproductions.com\/index.php?rest_route=%2Fwp%2Fv2%2Ftags&post=3643"}],"curies":[{"name":"wp","href":"https:\/\/api.w.org\/{rel}","templated":true}]}}