{"id":3617,"date":"2021-02-23T09:39:06","date_gmt":"2021-02-23T09:39:06","guid":{"rendered":"https:\/\/dibenedettoproductions.com\/?page_id=3617"},"modified":"2021-08-05T15:01:39","modified_gmt":"2021-08-05T15:01:39","slug":"cosas-de-la-vida","status":"publish","type":"page","link":"https:\/\/dibenedettoproductions.com\/?page_id=3617","title":{"rendered":"Cosas De La Vida"},"content":{"rendered":"\t\t<div data-elementor-type=\"wp-page\" data-elementor-id=\"3617\" class=\"elementor elementor-3617\" data-elementor-settings=\"[]\">\n\t\t\t\t\t\t<div class=\"elementor-inner\">\n\t\t\t\t\t\t\t<div class=\"elementor-section-wrap\">\n\t\t\t\t\t\t\t<section class=\"elementor-section elementor-top-section elementor-element elementor-element-8312a80 elementor-section-stretched elementor-section-boxed elementor-section-height-default elementor-section-height-default\" data-id=\"8312a80\" data-element_type=\"section\" data-settings=\"{&quot;stretch_section&quot;:&quot;section-stretched&quot;,&quot;background_background&quot;:&quot;classic&quot;}\">\n\t\t\t\t\t\t<div class=\"elementor-container elementor-column-gap-default\">\n\t\t\t\t\t\t\t<div class=\"elementor-row\">\n\t\t\t\t\t<div class=\"elementor-column elementor-col-25 elementor-top-column elementor-element elementor-element-b8b62d3\" data-id=\"b8b62d3\" data-element_type=\"column\">\n\t\t\t<div class=\"elementor-column-wrap elementor-element-populated\">\n\t\t\t\t\t\t\t<div class=\"elementor-widget-wrap\">\n\t\t\t\t\t\t<div class=\"elementor-element elementor-element-128f625 elementor-align-center elementor-widget elementor-widget-button\" data-id=\"128f625\" data-element_type=\"widget\" data-widget_type=\"button.default\">\n\t\t\t\t<div class=\"elementor-widget-container\">\n\t\t\t\t\t<div class=\"elementor-button-wrapper\">\n\t\t\t<a href=\"https:\/\/open.spotify.com\/track\/6IMDjlHBcI8fUFg9nwBRfV?si=hzX_jDgTSuOApTvrRKaf2w\" class=\"elementor-button-link elementor-button elementor-size-sm\" role=\"button\">\n\t\t\t\t\t\t<span class=\"elementor-button-content-wrapper\">\n\t\t\t\t\t\t<span class=\"elementor-button-text\">SPOTIFY<\/span>\n\t\t<\/span>\n\t\t\t\t\t<\/a>\n\t\t<\/div>\n\t\t\t\t<\/div>\n\t\t\t\t<\/div>\n\t\t\t\t\t\t<\/div>\n\t\t\t\t\t<\/div>\n\t\t<\/div>\n\t\t\t\t<div class=\"elementor-column elementor-col-25 elementor-top-column elementor-element elementor-element-c99b92c\" data-id=\"c99b92c\" data-element_type=\"column\">\n\t\t\t<div class=\"elementor-column-wrap elementor-element-populated\">\n\t\t\t\t\t\t\t<div class=\"elementor-widget-wrap\">\n\t\t\t\t\t\t<div class=\"elementor-element elementor-element-d3a7561 elementor-align-center elementor-widget elementor-widget-button\" data-id=\"d3a7561\" data-element_type=\"widget\" data-widget_type=\"button.default\">\n\t\t\t\t<div class=\"elementor-widget-container\">\n\t\t\t\t\t<div class=\"elementor-button-wrapper\">\n\t\t\t<a href=\"https:\/\/music.apple.com\/us\/album\/cosas-de-la-vida\/1449619634?i=1449619635%20\" class=\"elementor-button-link elementor-button elementor-size-sm\" role=\"button\">\n\t\t\t\t\t\t<span class=\"elementor-button-content-wrapper\">\n\t\t\t\t\t\t<span class=\"elementor-button-text\">APPLE MUSIC<\/span>\n\t\t<\/span>\n\t\t\t\t\t<\/a>\n\t\t<\/div>\n\t\t\t\t<\/div>\n\t\t\t\t<\/div>\n\t\t\t\t\t\t<\/div>\n\t\t\t\t\t<\/div>\n\t\t<\/div>\n\t\t\t\t<div class=\"elementor-column elementor-col-25 elementor-top-column elementor-element elementor-element-d2bb9f9\" data-id=\"d2bb9f9\" data-element_type=\"column\">\n\t\t\t<div class=\"elementor-column-wrap elementor-element-populated\">\n\t\t\t\t\t\t\t<div class=\"elementor-widget-wrap\">\n\t\t\t\t\t\t<div class=\"elementor-element elementor-element-99cba93 elementor-align-center elementor-widget elementor-widget-button\" data-id=\"99cba93\" data-element_type=\"widget\" data-widget_type=\"button.default\">\n\t\t\t\t<div class=\"elementor-widget-container\">\n\t\t\t\t\t<div class=\"elementor-button-wrapper\">\n\t\t\t<a href=\"https:\/\/deezer.page.link\/CYEwiiCRe9JdDrqu9\" class=\"elementor-button-link elementor-button elementor-size-sm\" role=\"button\">\n\t\t\t\t\t\t<span class=\"elementor-button-content-wrapper\">\n\t\t\t\t\t\t<span class=\"elementor-button-text\">DEEZER<\/span>\n\t\t<\/span>\n\t\t\t\t\t<\/a>\n\t\t<\/div>\n\t\t\t\t<\/div>\n\t\t\t\t<\/div>\n\t\t\t\t\t\t<\/div>\n\t\t\t\t\t<\/div>\n\t\t<\/div>\n\t\t\t\t<div class=\"elementor-column elementor-col-25 elementor-top-column elementor-element elementor-element-af321fc\" data-id=\"af321fc\" data-element_type=\"column\">\n\t\t\t<div class=\"elementor-column-wrap elementor-element-populated\">\n\t\t\t\t\t\t\t<div class=\"elementor-widget-wrap\">\n\t\t\t\t\t\t<div class=\"elementor-element elementor-element-a5d1e92 elementor-align-center elementor-widget elementor-widget-button\" data-id=\"a5d1e92\" data-element_type=\"widget\" data-widget_type=\"button.default\">\n\t\t\t\t<div class=\"elementor-widget-container\">\n\t\t\t\t\t<div class=\"elementor-button-wrapper\">\n\t\t\t<a href=\"https:\/\/music.amazon.com\/albums\/B07PN5JC3M?trackAsin=B07PM85Q91&#038;ref=dm_sh_bc87-f1d3-dmcp-7a28-637b6&#038;musicTerritory=US&#038;marketplaceId=ATVPDKIKX0DER%20\" class=\"elementor-button-link elementor-button elementor-size-sm\" role=\"button\">\n\t\t\t\t\t\t<span class=\"elementor-button-content-wrapper\">\n\t\t\t\t\t\t<span class=\"elementor-button-text\">AMAZON MUSIC<\/span>\n\t\t<\/span>\n\t\t\t\t\t<\/a>\n\t\t<\/div>\n\t\t\t\t<\/div>\n\t\t\t\t<\/div>\n\t\t\t\t\t\t<\/div>\n\t\t\t\t\t<\/div>\n\t\t<\/div>\n\t\t\t\t\t\t\t\t<\/div>\n\t\t\t\t\t<\/div>\n\t\t<\/section>\n\t\t\t\t<section class=\"elementor-section elementor-top-section elementor-element elementor-element-25953e6 elementor-section-stretched elementor-section-boxed elementor-section-height-default elementor-section-height-default\" data-id=\"25953e6\" data-element_type=\"section\" data-settings=\"{&quot;stretch_section&quot;:&quot;section-stretched&quot;,&quot;background_background&quot;:&quot;classic&quot;}\">\n\t\t\t\t\t\t<div class=\"elementor-container elementor-column-gap-default\">\n\t\t\t\t\t\t\t<div class=\"elementor-row\">\n\t\t\t\t\t<div class=\"elementor-column elementor-col-100 elementor-top-column elementor-element elementor-element-6e4ed1f\" data-id=\"6e4ed1f\" data-element_type=\"column\">\n\t\t\t<div class=\"elementor-column-wrap elementor-element-populated\">\n\t\t\t\t\t\t\t<div class=\"elementor-widget-wrap\">\n\t\t\t\t\t\t<div class=\"elementor-element elementor-element-21fd70d elementor-widget elementor-widget-text-editor\" data-id=\"21fd70d\" data-element_type=\"widget\" data-widget_type=\"text-editor.default\">\n\t\t\t\t<div class=\"elementor-widget-container\">\n\t\t\t\t\t\t\t\t<div class=\"elementor-text-editor elementor-clearfix\">\n\t\t\t\t<div><p style=\"text-align: center;\"><span style=\"color: #ffffff;\">Enzo, sanky d\u00edmelo parce<\/span><\/p><p style=\"text-align: center;\"><span style=\"color: #ffffff;\">T\u00fa me ense\u00f1aste a ser tal y como soy ahora no vengas a quejarte<\/span><\/p><p style=\"text-align: center;\"><span style=\"color: #ffffff;\">Dale sigue t\u00fa camino que ya es muy tarde<\/span><\/p><p style=\"text-align: center;\"><span style=\"color: #ffffff;\">Pa venir a decirme nada y reclamarme y es que<\/span><\/p><p style=\"text-align: center;\"><span style=\"color: #ffffff;\">Por personas como t\u00fa hay otras como yo<\/span><\/p><p style=\"text-align: center;\"><span style=\"color: #ffffff;\">Que no creemos en el amor<\/span><\/p><p style=\"text-align: center;\"><span style=\"color: #ffffff;\">Las personas como t\u00fa, no tienen perd\u00f3n<\/span><\/p><p style=\"text-align: center;\"><span style=\"color: #ffffff;\">Porque son mala mala mala y puede ser peor<\/span><\/p><p style=\"text-align: center;\"><span style=\"color: #ffffff;\">No venga a quejarte yo te mat\u00e9 con la misma arma que me disparaste<\/span><\/p><p style=\"text-align: center;\"><span style=\"color: #ffffff;\">T\u00fa pensaste que yo era un mal tipo y me trataste como un traste y as\u00ed no<\/span><\/p><p style=\"text-align: center;\"><span style=\"color: #ffffff;\">As\u00ed no se hace titi no, eso que t\u00fa hiciste no sirvi\u00f3<\/span><\/p><p style=\"text-align: center;\"><span style=\"color: #ffffff;\">Por personas como t\u00fa hay otras como yo<\/span><\/p><p style=\"text-align: center;\"><span style=\"color: #ffffff;\">Que no creemos en el amor<\/span><\/p><p style=\"text-align: center;\"><span style=\"color: #ffffff;\">Las personas como t\u00fa, no tienen perd\u00f3n<\/span><\/p><p style=\"text-align: center;\"><span style=\"color: #ffffff;\">Porque son mala mala mala y puede ser peor<\/span><\/p><p style=\"text-align: center;\"><span style=\"color: #ffffff;\">Yo nunca cre\u00ed, que esto me iba a pasar a m\u00ed<\/span><\/p><p style=\"text-align: center;\"><span style=\"color: #ffffff;\">Que esto se iba acabar as\u00ed, Que esto se iba acabar as\u00ed<\/span><\/p><p style=\"text-align: center;\"><span style=\"color: #ffffff;\">T\u00fa eres mostra haciendo herida, t\u00fa eres mostra haciendo da\u00f1o<\/span><\/p><p style=\"text-align: center;\"><span style=\"color: #ffffff;\">Y gracias a dios Sal\u00ed de ti ya no caigo en ning\u00fan enga\u00f1o<\/span><\/p><p style=\"text-align: center;\"><span style=\"color: #ffffff;\">T\u00fa me ense\u00f1aste a ser tal y como soy ahora no vengas a quejarte<\/span><\/p><p style=\"text-align: center;\"><span style=\"color: #ffffff;\">Dale sigue tu camino que ya es muy tarde<\/span><\/p><p style=\"text-align: center;\"><span style=\"color: #ffffff;\">Pa venir a decirme nada y reclamarme y es que<\/span><\/p><p style=\"text-align: center;\"><span style=\"color: #ffffff;\">Dale papi riega la bola pa que se forme el run run<\/span><\/p><p style=\"text-align: center;\"><span style=\"color: #ffffff;\">Que yo que yo que yo<\/span><\/p><p style=\"text-align: center;\"><span style=\"color: #ffffff;\">Por personas como t\u00fa hay otras como yo<\/span><\/p><p style=\"text-align: center;\"><span style=\"color: #ffffff;\">Que no creemos en el amor<\/span><\/p><p style=\"text-align: center;\"><span style=\"color: #ffffff;\">Las personas como t\u00fa, no tienen perd\u00f3n<\/span><\/p><p style=\"text-align: center;\"><span style=\"color: #ffffff;\">Porque son mala mala mala y puede ser peor<\/span><\/p><p style=\"text-align: center;\"><span style=\"color: #ffffff;\">Di Benedetto Production don don don<\/span><\/p><p style=\"text-align: center;\"><span style=\"color: #ffffff;\">El due\u00f1o de la operaci\u00f3n<\/span><\/p><p style=\"text-align: center;\"><span style=\"color: #ffffff;\">Ustedes siguen bateando hiles y nosotros bot\u00e1ndola de jonr\u00f3n ron ron ron<\/span><\/p><p style=\"text-align: center;\"><span style=\"color: #ffffff;\">Frankie boy te mata con la producci\u00f3n<\/span><\/p><p style=\"text-align: center;\"><span style=\"color: #ffffff;\">Enzo te mata con la melod\u00eda<\/span><\/p><p style=\"text-align: center;\"><span style=\"color: #ffffff;\">Estas son cosas que pasan<\/span><\/p><p style=\"text-align: center;\"><span style=\"color: #ffffff;\">Estas son cosas de la vida<\/span><\/p><p style=\"text-align: center;\"><span style=\"color: #ffffff;\">Por personas como t\u00fa hay otras como yo<\/span><\/p><p style=\"text-align: center;\"><span style=\"color: #ffffff;\">Que no creemos en el amor<\/span><\/p><p style=\"text-align: center;\"><span style=\"color: #ffffff;\">Las personas como t\u00fa, no tienen perd\u00f3n<\/span><\/p><p style=\"text-align: center;\"><span style=\"color: #ffffff;\">Porque son mala mala mala y puede ser peor<\/span><\/p><p style=\"text-align: center;\"><span style=\"color: #ffffff;\">Escuchaste<\/span><\/p><\/div>\t\t\t\t\t<\/div>\n\t\t\t\t\t\t<\/div>\n\t\t\t\t<\/div>\n\t\t\t\t\t\t<\/div>\n\t\t\t\t\t<\/div>\n\t\t<\/div>\n\t\t\t\t\t\t\t\t<\/div>\n\t\t\t\t\t<\/div>\n\t\t<\/section>\n\t\t\t\t\t\t<\/div>\n\t\t\t\t\t\t<\/div>\n\t\t\t\t\t<\/div>\n\t\t","protected":false},"excerpt":{"rendered":"<p>SPOTIFY APPLE MUSIC DEEZER AMAZON MUSIC Enzo, sanky d\u00edmelo parce T\u00fa me ense\u00f1aste a ser tal y como soy ahora no vengas a quejarte Dale sigue t\u00fa camino que ya es muy tarde Pa venir a decirme nada y reclamarme y es que Por personas como t\u00fa hay otras como yo Que no creemos en.<\/p>\n","protected":false},"author":1,"featured_media":0,"parent":0,"menu_order":0,"comment_status":"closed","ping_status":"closed","template":"","meta":{"footnotes":""},"categories":[42],"tags":[],"class_list":["post-3617","page","type-page","status-publish","hentry","category-testi"],"yoast_head":"<!-- This site is optimized with the Yoast SEO plugin v19.6.1 - https:\/\/yoast.com\/wordpress\/plugins\/seo\/ -->\n<title>Cosas De La Vida - Di Benedetto Productions<\/title>\n<meta name=\"robots\" content=\"index, follow, max-snippet:-1, max-image-preview:large, max-video-preview:-1\" \/>\n<link rel=\"canonical\" href=\"https:\/\/dibenedettoproductions.com\/?page_id=3617\" \/>\n<meta property=\"og:locale\" content=\"it_IT\" \/>\n<meta property=\"og:type\" content=\"article\" \/>\n<meta property=\"og:title\" content=\"Cosas De La Vida - Di Benedetto Productions\" \/>\n<meta property=\"og:description\" content=\"SPOTIFY APPLE MUSIC DEEZER AMAZON MUSIC Enzo, sanky d\u00edmelo parce T\u00fa me ense\u00f1aste a ser tal y como soy ahora no vengas a quejarte Dale sigue t\u00fa camino que ya es muy tarde Pa venir a decirme nada y reclamarme y es que Por personas como t\u00fa hay otras como yo Que no creemos en.\" \/>\n<meta property=\"og:url\" content=\"https:\/\/dibenedettoproductions.com\/?page_id=3617\" \/>\n<meta property=\"og:site_name\" content=\"Di Benedetto Productions\" \/>\n<meta property=\"article:modified_time\" content=\"2021-08-05T15:01:39+00:00\" \/>\n<meta name=\"twitter:card\" content=\"summary_large_image\" \/>\n<meta name=\"twitter:label1\" content=\"Tempo di lettura stimato\" \/>\n\t<meta name=\"twitter:data1\" content=\"2 minuti\" \/>\n<script type=\"application\/ld+json\" class=\"yoast-schema-graph\">{\"@context\":\"https:\/\/schema.org\",\"@graph\":[{\"@type\":\"WebPage\",\"@id\":\"https:\/\/dibenedettoproductions.com\/?page_id=3617\",\"url\":\"https:\/\/dibenedettoproductions.com\/?page_id=3617\",\"name\":\"Cosas De La Vida - Di Benedetto Productions\",\"isPartOf\":{\"@id\":\"https:\/\/dibenedettoproductions.com\/#website\"},\"datePublished\":\"2021-02-23T09:39:06+00:00\",\"dateModified\":\"2021-08-05T15:01:39+00:00\",\"breadcrumb\":{\"@id\":\"https:\/\/dibenedettoproductions.com\/?page_id=3617#breadcrumb\"},\"inLanguage\":\"it-IT\",\"potentialAction\":[{\"@type\":\"ReadAction\",\"target\":[\"https:\/\/dibenedettoproductions.com\/?page_id=3617\"]}]},{\"@type\":\"BreadcrumbList\",\"@id\":\"https:\/\/dibenedettoproductions.com\/?page_id=3617#breadcrumb\",\"itemListElement\":[{\"@type\":\"ListItem\",\"position\":1,\"name\":\"Home\",\"item\":\"https:\/\/dibenedettoproductions.com\/\"},{\"@type\":\"ListItem\",\"position\":2,\"name\":\"Cosas De La Vida\"}]},{\"@type\":\"WebSite\",\"@id\":\"https:\/\/dibenedettoproductions.com\/#website\",\"url\":\"https:\/\/dibenedettoproductions.com\/\",\"name\":\"Di Benedetto Productions\",\"description\":\"\",\"publisher\":{\"@id\":\"https:\/\/dibenedettoproductions.com\/#organization\"},\"potentialAction\":[{\"@type\":\"SearchAction\",\"target\":{\"@type\":\"EntryPoint\",\"urlTemplate\":\"https:\/\/dibenedettoproductions.com\/?s={search_term_string}\"},\"query-input\":\"required name=search_term_string\"}],\"inLanguage\":\"it-IT\"},{\"@type\":\"Organization\",\"@id\":\"https:\/\/dibenedettoproductions.com\/#organization\",\"name\":\"DI BENEDETTO PRODUCTIONS\",\"url\":\"https:\/\/dibenedettoproductions.com\/\",\"sameAs\":[],\"logo\":{\"@type\":\"ImageObject\",\"inLanguage\":\"it-IT\",\"@id\":\"https:\/\/dibenedettoproductions.com\/#\/schema\/logo\/image\/\",\"url\":\"https:\/\/dibenedettoproductions.com\/wp-content\/uploads\/2021\/09\/logo_di_benedetto_productions.jpg\",\"contentUrl\":\"https:\/\/dibenedettoproductions.com\/wp-content\/uploads\/2021\/09\/logo_di_benedetto_productions.jpg\",\"width\":225,\"height\":225,\"caption\":\"DI BENEDETTO PRODUCTIONS\"},\"image\":{\"@id\":\"https:\/\/dibenedettoproductions.com\/#\/schema\/logo\/image\/\"}}]}<\/script>\n<!-- \/ Yoast SEO plugin. -->","yoast_head_json":{"title":"Cosas De La Vida - Di Benedetto Productions","robots":{"index":"index","follow":"follow","max-snippet":"max-snippet:-1","max-image-preview":"max-image-preview:large","max-video-preview":"max-video-preview:-1"},"canonical":"https:\/\/dibenedettoproductions.com\/?page_id=3617","og_locale":"it_IT","og_type":"article","og_title":"Cosas De La Vida - Di Benedetto Productions","og_description":"SPOTIFY APPLE MUSIC DEEZER AMAZON MUSIC Enzo, sanky d\u00edmelo parce T\u00fa me ense\u00f1aste a ser tal y como soy ahora no vengas a quejarte Dale sigue t\u00fa camino que ya es muy tarde Pa venir a decirme nada y reclamarme y es que Por personas como t\u00fa hay otras como yo Que no creemos en.","og_url":"https:\/\/dibenedettoproductions.com\/?page_id=3617","og_site_name":"Di Benedetto Productions","article_modified_time":"2021-08-05T15:01:39+00:00","twitter_card":"summary_large_image","twitter_misc":{"Tempo di lettura stimato":"2 minuti"},"schema":{"@context":"https:\/\/schema.org","@graph":[{"@type":"WebPage","@id":"https:\/\/dibenedettoproductions.com\/?page_id=3617","url":"https:\/\/dibenedettoproductions.com\/?page_id=3617","name":"Cosas De La Vida - Di Benedetto Productions","isPartOf":{"@id":"https:\/\/dibenedettoproductions.com\/#website"},"datePublished":"2021-02-23T09:39:06+00:00","dateModified":"2021-08-05T15:01:39+00:00","breadcrumb":{"@id":"https:\/\/dibenedettoproductions.com\/?page_id=3617#breadcrumb"},"inLanguage":"it-IT","potentialAction":[{"@type":"ReadAction","target":["https:\/\/dibenedettoproductions.com\/?page_id=3617"]}]},{"@type":"BreadcrumbList","@id":"https:\/\/dibenedettoproductions.com\/?page_id=3617#breadcrumb","itemListElement":[{"@type":"ListItem","position":1,"name":"Home","item":"https:\/\/dibenedettoproductions.com\/"},{"@type":"ListItem","position":2,"name":"Cosas De La Vida"}]},{"@type":"WebSite","@id":"https:\/\/dibenedettoproductions.com\/#website","url":"https:\/\/dibenedettoproductions.com\/","name":"Di Benedetto Productions","description":"","publisher":{"@id":"https:\/\/dibenedettoproductions.com\/#organization"},"potentialAction":[{"@type":"SearchAction","target":{"@type":"EntryPoint","urlTemplate":"https:\/\/dibenedettoproductions.com\/?s={search_term_string}"},"query-input":"required name=search_term_string"}],"inLanguage":"it-IT"},{"@type":"Organization","@id":"https:\/\/dibenedettoproductions.com\/#organization","name":"DI BENEDETTO PRODUCTIONS","url":"https:\/\/dibenedettoproductions.com\/","sameAs":[],"logo":{"@type":"ImageObject","inLanguage":"it-IT","@id":"https:\/\/dibenedettoproductions.com\/#\/schema\/logo\/image\/","url":"https:\/\/dibenedettoproductions.com\/wp-content\/uploads\/2021\/09\/logo_di_benedetto_productions.jpg","contentUrl":"https:\/\/dibenedettoproductions.com\/wp-content\/uploads\/2021\/09\/logo_di_benedetto_productions.jpg","width":225,"height":225,"caption":"DI BENEDETTO PRODUCTIONS"},"image":{"@id":"https:\/\/dibenedettoproductions.com\/#\/schema\/logo\/image\/"}}]}},"_links":{"self":[{"href":"https:\/\/dibenedettoproductions.com\/index.php?rest_route=\/wp\/v2\/pages\/3617","targetHints":{"allow":["GET"]}}],"collection":[{"href":"https:\/\/dibenedettoproductions.com\/index.php?rest_route=\/wp\/v2\/pages"}],"about":[{"href":"https:\/\/dibenedettoproductions.com\/index.php?rest_route=\/wp\/v2\/types\/page"}],"author":[{"embeddable":true,"href":"https:\/\/dibenedettoproductions.com\/index.php?rest_route=\/wp\/v2\/users\/1"}],"replies":[{"embeddable":true,"href":"https:\/\/dibenedettoproductions.com\/index.php?rest_route=%2Fwp%2Fv2%2Fcomments&post=3617"}],"version-history":[{"count":7,"href":"https:\/\/dibenedettoproductions.com\/index.php?rest_route=\/wp\/v2\/pages\/3617\/revisions"}],"predecessor-version":[{"id":5650,"href":"https:\/\/dibenedettoproductions.com\/index.php?rest_route=\/wp\/v2\/pages\/3617\/revisions\/5650"}],"wp:attachment":[{"href":"https:\/\/dibenedettoproductions.com\/index.php?rest_route=%2Fwp%2Fv2%2Fmedia&parent=3617"}],"wp:term":[{"taxonomy":"category","embeddable":true,"href":"https:\/\/dibenedettoproductions.com\/index.php?rest_route=%2Fwp%2Fv2%2Fcategories&post=3617"},{"taxonomy":"post_tag","embeddable":true,"href":"https:\/\/dibenedettoproductions.com\/index.php?rest_route=%2Fwp%2Fv2%2Ftags&post=3617"}],"curies":[{"name":"wp","href":"https:\/\/api.w.org\/{rel}","templated":true}]}}