{"id":3599,"date":"2021-02-23T09:28:55","date_gmt":"2021-02-23T09:28:55","guid":{"rendered":"https:\/\/dibenedettoproductions.com\/?page_id=3599"},"modified":"2021-08-05T15:00:56","modified_gmt":"2021-08-05T15:00:56","slug":"colegio","status":"publish","type":"page","link":"https:\/\/dibenedettoproductions.com\/?page_id=3599","title":{"rendered":"Colegio"},"content":{"rendered":"\t\t<div data-elementor-type=\"wp-page\" data-elementor-id=\"3599\" class=\"elementor elementor-3599\" data-elementor-settings=\"[]\">\n\t\t\t\t\t\t<div class=\"elementor-inner\">\n\t\t\t\t\t\t\t<div class=\"elementor-section-wrap\">\n\t\t\t\t\t\t\t<section class=\"elementor-section elementor-top-section elementor-element elementor-element-a4936cd elementor-section-stretched elementor-section-boxed elementor-section-height-default elementor-section-height-default\" data-id=\"a4936cd\" data-element_type=\"section\" data-settings=\"{&quot;stretch_section&quot;:&quot;section-stretched&quot;,&quot;background_background&quot;:&quot;classic&quot;}\">\n\t\t\t\t\t\t<div class=\"elementor-container elementor-column-gap-default\">\n\t\t\t\t\t\t\t<div class=\"elementor-row\">\n\t\t\t\t\t<div class=\"elementor-column elementor-col-25 elementor-top-column elementor-element elementor-element-a8eca74\" data-id=\"a8eca74\" data-element_type=\"column\">\n\t\t\t<div class=\"elementor-column-wrap elementor-element-populated\">\n\t\t\t\t\t\t\t<div class=\"elementor-widget-wrap\">\n\t\t\t\t\t\t<div class=\"elementor-element elementor-element-7acaa2e elementor-align-center elementor-widget elementor-widget-button\" data-id=\"7acaa2e\" data-element_type=\"widget\" data-widget_type=\"button.default\">\n\t\t\t\t<div class=\"elementor-widget-container\">\n\t\t\t\t\t<div class=\"elementor-button-wrapper\">\n\t\t\t<a href=\"https:\/\/open.spotify.com\/track\/3hZmIP4GUrhuBuG6FRPIj4?si=7jaRg-G0QbSn03T9gRsEpA\" class=\"elementor-button-link elementor-button elementor-size-sm\" role=\"button\">\n\t\t\t\t\t\t<span class=\"elementor-button-content-wrapper\">\n\t\t\t\t\t\t<span class=\"elementor-button-text\">SPOTIFY<\/span>\n\t\t<\/span>\n\t\t\t\t\t<\/a>\n\t\t<\/div>\n\t\t\t\t<\/div>\n\t\t\t\t<\/div>\n\t\t\t\t\t\t<\/div>\n\t\t\t\t\t<\/div>\n\t\t<\/div>\n\t\t\t\t<div class=\"elementor-column elementor-col-25 elementor-top-column elementor-element elementor-element-9314208\" data-id=\"9314208\" data-element_type=\"column\">\n\t\t\t<div class=\"elementor-column-wrap elementor-element-populated\">\n\t\t\t\t\t\t\t<div class=\"elementor-widget-wrap\">\n\t\t\t\t\t\t<div class=\"elementor-element elementor-element-875078d elementor-align-center elementor-widget elementor-widget-button\" data-id=\"875078d\" data-element_type=\"widget\" data-widget_type=\"button.default\">\n\t\t\t\t<div class=\"elementor-widget-container\">\n\t\t\t\t\t<div class=\"elementor-button-wrapper\">\n\t\t\t<a href=\"https:\/\/music.apple.com\/us\/album\/colegio\/1512956959?i=1512956960%20\" class=\"elementor-button-link elementor-button elementor-size-sm\" role=\"button\">\n\t\t\t\t\t\t<span class=\"elementor-button-content-wrapper\">\n\t\t\t\t\t\t<span class=\"elementor-button-text\">APPLE MUSIC<\/span>\n\t\t<\/span>\n\t\t\t\t\t<\/a>\n\t\t<\/div>\n\t\t\t\t<\/div>\n\t\t\t\t<\/div>\n\t\t\t\t\t\t<\/div>\n\t\t\t\t\t<\/div>\n\t\t<\/div>\n\t\t\t\t<div class=\"elementor-column elementor-col-25 elementor-top-column elementor-element elementor-element-098f483\" data-id=\"098f483\" data-element_type=\"column\">\n\t\t\t<div class=\"elementor-column-wrap elementor-element-populated\">\n\t\t\t\t\t\t\t<div class=\"elementor-widget-wrap\">\n\t\t\t\t\t\t<div class=\"elementor-element elementor-element-adf7a84 elementor-align-center elementor-widget elementor-widget-button\" data-id=\"adf7a84\" data-element_type=\"widget\" data-widget_type=\"button.default\">\n\t\t\t\t<div class=\"elementor-widget-container\">\n\t\t\t\t\t<div class=\"elementor-button-wrapper\">\n\t\t\t<a href=\"https:\/\/deezer.page.link\/o6Noo7zt2vLH7Mzu7%20\" class=\"elementor-button-link elementor-button elementor-size-sm\" role=\"button\">\n\t\t\t\t\t\t<span class=\"elementor-button-content-wrapper\">\n\t\t\t\t\t\t<span class=\"elementor-button-text\">DEEZER<\/span>\n\t\t<\/span>\n\t\t\t\t\t<\/a>\n\t\t<\/div>\n\t\t\t\t<\/div>\n\t\t\t\t<\/div>\n\t\t\t\t\t\t<\/div>\n\t\t\t\t\t<\/div>\n\t\t<\/div>\n\t\t\t\t<div class=\"elementor-column elementor-col-25 elementor-top-column elementor-element elementor-element-9c0e987\" data-id=\"9c0e987\" data-element_type=\"column\">\n\t\t\t<div class=\"elementor-column-wrap elementor-element-populated\">\n\t\t\t\t\t\t\t<div class=\"elementor-widget-wrap\">\n\t\t\t\t\t\t<div class=\"elementor-element elementor-element-8ea3757 elementor-align-center elementor-widget elementor-widget-button\" data-id=\"8ea3757\" data-element_type=\"widget\" data-widget_type=\"button.default\">\n\t\t\t\t<div class=\"elementor-widget-container\">\n\t\t\t\t\t<div class=\"elementor-button-wrapper\">\n\t\t\t<a href=\"https:\/\/music.amazon.com\/albums\/B088HYY53G?trackAsin=B088J6F62K&#038;ref=dm_sh_48c3-8112-dmcp-e5da-e7915&#038;musicTerritory=US&#038;marketplaceId=ATVPDKIKX0DER%20\" class=\"elementor-button-link elementor-button elementor-size-sm\" role=\"button\">\n\t\t\t\t\t\t<span class=\"elementor-button-content-wrapper\">\n\t\t\t\t\t\t<span class=\"elementor-button-text\">AMAZON MUSIC<\/span>\n\t\t<\/span>\n\t\t\t\t\t<\/a>\n\t\t<\/div>\n\t\t\t\t<\/div>\n\t\t\t\t<\/div>\n\t\t\t\t\t\t<\/div>\n\t\t\t\t\t<\/div>\n\t\t<\/div>\n\t\t\t\t\t\t\t\t<\/div>\n\t\t\t\t\t<\/div>\n\t\t<\/section>\n\t\t\t\t<section class=\"elementor-section elementor-top-section elementor-element elementor-element-d31a190 elementor-section-stretched elementor-section-boxed elementor-section-height-default elementor-section-height-default\" data-id=\"d31a190\" data-element_type=\"section\" data-settings=\"{&quot;stretch_section&quot;:&quot;section-stretched&quot;,&quot;background_background&quot;:&quot;classic&quot;}\">\n\t\t\t\t\t\t<div class=\"elementor-container elementor-column-gap-default\">\n\t\t\t\t\t\t\t<div class=\"elementor-row\">\n\t\t\t\t\t<div class=\"elementor-column elementor-col-100 elementor-top-column elementor-element elementor-element-aac0df4\" data-id=\"aac0df4\" data-element_type=\"column\">\n\t\t\t<div class=\"elementor-column-wrap elementor-element-populated\">\n\t\t\t\t\t\t\t<div class=\"elementor-widget-wrap\">\n\t\t\t\t\t\t<div class=\"elementor-element elementor-element-5ed6464 elementor-widget elementor-widget-text-editor\" data-id=\"5ed6464\" data-element_type=\"widget\" data-widget_type=\"text-editor.default\">\n\t\t\t\t<div class=\"elementor-widget-container\">\n\t\t\t\t\t\t\t\t<div class=\"elementor-text-editor elementor-clearfix\">\n\t\t\t\t<div><p style=\"text-align: center;\"><span style=\"color: #ffffff;\">En la cama hacemos todas las poses<\/span><\/p><p style=\"text-align: center;\"><span style=\"color: #ffffff;\">Y el bobo de tu novio no lo sabe<\/span><\/p><p style=\"text-align: center;\"><span style=\"color: #ffffff;\">Dale mami que ya son las doce<\/span><\/p><p style=\"text-align: center;\"><span style=\"color: #ffffff;\">En el mismo lugar deja la llave<\/span><\/p><p style=\"text-align: center;\">\u00a0<\/p><p style=\"text-align: center;\"><span style=\"color: #ffffff;\">Para comernos como en el colegio<\/span><\/p><p style=\"text-align: center;\"><span style=\"color: #ffffff;\">Si te llamo para hacerlo<\/span><\/p><p style=\"text-align: center;\"><span style=\"color: #ffffff;\">Par\u00e1melo mientras prendo<\/span><\/p><p style=\"text-align: center;\"><span style=\"color: #ffffff;\">Para comernos como en el colegio<\/span><\/p><p style=\"text-align: center;\"><span style=\"color: #ffffff;\">Si te llamo para hacerlo<\/span><\/p><p style=\"text-align: center;\"><span style=\"color: #ffffff;\">Par\u00e1melo mientras prendo<\/span><\/p><p style=\"text-align: center;\">\u00a0<\/p><p style=\"text-align: center;\"><span style=\"color: #ffffff;\">Hagamos una org\u00eda, sigue mi deseo<\/span><\/p><p style=\"text-align: center;\"><span style=\"color: #ffffff;\">Que hace como dos meses que ya no te veo<\/span><\/p><p style=\"text-align: center;\"><span style=\"color: #ffffff;\">S\u00f3lo por instagram te leo<\/span><\/p><p style=\"text-align: center;\"><span style=\"color: #ffffff;\">M\u00e1ndame tu Lucky Charm a ver si te poseo<\/span><\/p><p style=\"text-align: center;\"><span style=\"color: #ffffff;\">te hago m\u00eda, eso ya mami t\u00fa lo sab\u00edas<\/span><\/p><p style=\"text-align: center;\"><span style=\"color: #ffffff;\">Cuando siempre conmigo t\u00fa te ven\u00edas<\/span><\/p><p style=\"text-align: center;\"><span style=\"color: #ffffff;\">Lo hac\u00edamos y despu\u00e9s te re\u00edas<\/span><\/p><p style=\"text-align: center;\"><span style=\"color: #ffffff;\">Yo s\u00e9 que me quieres todav\u00eda<\/span><\/p><p style=\"text-align: center;\">\u00a0<\/p><p style=\"text-align: center;\"><span style=\"color: #ffffff;\">Para comernos como en el colegio<\/span><\/p><p style=\"text-align: center;\"><span style=\"color: #ffffff;\">Si te llamo para hacerlo<\/span><\/p><p style=\"text-align: center;\"><span style=\"color: #ffffff;\">Par\u00e1melo mientras prendo<\/span><\/p><p style=\"text-align: center;\"><span style=\"color: #ffffff;\">Para comernos como en el colegio<\/span><\/p><p style=\"text-align: center;\"><span style=\"color: #ffffff;\">Si te llamo para hacerlo<\/span><\/p><p style=\"text-align: center;\"><span style=\"color: #ffffff;\">Par\u00e1melo mientras prendo<\/span><\/p><p style=\"text-align: center;\">\u00a0<\/p><p style=\"text-align: center;\"><span style=\"color: #ffffff;\">T\u00fa mi alumna y yo tu profesor<\/span><\/p><p style=\"text-align: center;\"><span style=\"color: #ffffff;\">Todav\u00eda recuerdo el perfume Christian Dior<\/span><\/p><p style=\"text-align: center;\"><span style=\"color: #ffffff;\">La primera que te hice el amor<\/span><\/p><p style=\"text-align: center;\"><span style=\"color: #ffffff;\">Y en la discoteca nos fuimos a vapor<\/span><\/p><p style=\"text-align: center;\"><span style=\"color: #ffffff;\">Yo fui tu maestro en la cama<\/span><\/p><p style=\"text-align: center;\"><span style=\"color: #ffffff;\">T\u00fa fuiste mi primera dama<\/span><\/p><p style=\"text-align: center;\"><span style=\"color: #ffffff;\">Dile la verdad que t\u00fa no lo amas<\/span><\/p><p style=\"text-align: center;\"><span style=\"color: #ffffff;\">Por eso es que por las noches me llamas<\/span><\/p><p style=\"text-align: center;\"><span style=\"color: #ffffff;\">Para que te d\u00e9<\/span><\/p><p style=\"text-align: center;\">\u00a0<\/p><p style=\"text-align: center;\"><span style=\"color: #ffffff;\">En la cama hacemos todas las poses<\/span><\/p><p style=\"text-align: center;\"><span style=\"color: #ffffff;\">Y el bobo de tu novio no lo sabe<\/span><\/p><p style=\"text-align: center;\"><span style=\"color: #ffffff;\">Dale mami que ya son las doce<\/span><\/p><p style=\"text-align: center;\"><span style=\"color: #ffffff;\">En el mismo lugar deja la llave<\/span><\/p><p style=\"text-align: center;\">\u00a0<\/p><p style=\"text-align: center;\">\u00a0<\/p><p style=\"text-align: center;\"><span style=\"color: #ffffff;\">Para comernos como en el colegio<\/span><\/p><p style=\"text-align: center;\"><span style=\"color: #ffffff;\">Si te llamo para hacerlo<\/span><\/p><p style=\"text-align: center;\"><span style=\"color: #ffffff;\">Par\u00e1melo mientras prendo<\/span><\/p><p style=\"text-align: center;\"><span style=\"color: #ffffff;\">Para comernos como en el colegio<\/span><\/p><p style=\"text-align: center;\"><span style=\"color: #ffffff;\">Si te llamo para hacerlo<\/span><\/p><p style=\"text-align: center;\"><span style=\"color: #ffffff;\">Par\u00e1melo mientras prendo<\/span><\/p><\/div>\t\t\t\t\t<\/div>\n\t\t\t\t\t\t<\/div>\n\t\t\t\t<\/div>\n\t\t\t\t\t\t<\/div>\n\t\t\t\t\t<\/div>\n\t\t<\/div>\n\t\t\t\t\t\t\t\t<\/div>\n\t\t\t\t\t<\/div>\n\t\t<\/section>\n\t\t\t\t\t\t<\/div>\n\t\t\t\t\t\t<\/div>\n\t\t\t\t\t<\/div>\n\t\t","protected":false},"excerpt":{"rendered":"<p>SPOTIFY APPLE MUSIC DEEZER AMAZON MUSIC En la cama hacemos todas las poses Y el bobo de tu novio no lo sabe Dale mami que ya son las doce En el mismo lugar deja la llave \u00a0 Para comernos como en el colegio Si te llamo para hacerlo Par\u00e1melo mientras prendo Para comernos como en.<\/p>\n","protected":false},"author":1,"featured_media":0,"parent":0,"menu_order":0,"comment_status":"closed","ping_status":"closed","template":"","meta":{"footnotes":""},"categories":[42],"tags":[],"class_list":["post-3599","page","type-page","status-publish","hentry","category-testi"],"yoast_head":"<!-- This site is optimized with the Yoast SEO plugin v19.6.1 - https:\/\/yoast.com\/wordpress\/plugins\/seo\/ -->\n<title>Colegio - Di Benedetto Productions<\/title>\n<meta name=\"robots\" content=\"index, follow, max-snippet:-1, max-image-preview:large, max-video-preview:-1\" \/>\n<link rel=\"canonical\" href=\"https:\/\/dibenedettoproductions.com\/?page_id=3599\" \/>\n<meta property=\"og:locale\" content=\"it_IT\" \/>\n<meta property=\"og:type\" content=\"article\" \/>\n<meta property=\"og:title\" content=\"Colegio - Di Benedetto Productions\" \/>\n<meta property=\"og:description\" content=\"SPOTIFY APPLE MUSIC DEEZER AMAZON MUSIC En la cama hacemos todas las poses Y el bobo de tu novio no lo sabe Dale mami que ya son las doce En el mismo lugar deja la llave \u00a0 Para comernos como en el colegio Si te llamo para hacerlo Par\u00e1melo mientras prendo Para comernos como en.\" \/>\n<meta property=\"og:url\" content=\"https:\/\/dibenedettoproductions.com\/?page_id=3599\" \/>\n<meta property=\"og:site_name\" content=\"Di Benedetto Productions\" \/>\n<meta property=\"article:modified_time\" content=\"2021-08-05T15:00:56+00:00\" \/>\n<meta name=\"twitter:card\" content=\"summary_large_image\" \/>\n<meta name=\"twitter:label1\" content=\"Tempo di lettura stimato\" \/>\n\t<meta name=\"twitter:data1\" content=\"1 minuto\" \/>\n<script type=\"application\/ld+json\" class=\"yoast-schema-graph\">{\"@context\":\"https:\/\/schema.org\",\"@graph\":[{\"@type\":\"WebPage\",\"@id\":\"https:\/\/dibenedettoproductions.com\/?page_id=3599\",\"url\":\"https:\/\/dibenedettoproductions.com\/?page_id=3599\",\"name\":\"Colegio - Di Benedetto Productions\",\"isPartOf\":{\"@id\":\"https:\/\/dibenedettoproductions.com\/#website\"},\"datePublished\":\"2021-02-23T09:28:55+00:00\",\"dateModified\":\"2021-08-05T15:00:56+00:00\",\"breadcrumb\":{\"@id\":\"https:\/\/dibenedettoproductions.com\/?page_id=3599#breadcrumb\"},\"inLanguage\":\"it-IT\",\"potentialAction\":[{\"@type\":\"ReadAction\",\"target\":[\"https:\/\/dibenedettoproductions.com\/?page_id=3599\"]}]},{\"@type\":\"BreadcrumbList\",\"@id\":\"https:\/\/dibenedettoproductions.com\/?page_id=3599#breadcrumb\",\"itemListElement\":[{\"@type\":\"ListItem\",\"position\":1,\"name\":\"Home\",\"item\":\"https:\/\/dibenedettoproductions.com\/\"},{\"@type\":\"ListItem\",\"position\":2,\"name\":\"Colegio\"}]},{\"@type\":\"WebSite\",\"@id\":\"https:\/\/dibenedettoproductions.com\/#website\",\"url\":\"https:\/\/dibenedettoproductions.com\/\",\"name\":\"Di Benedetto Productions\",\"description\":\"\",\"publisher\":{\"@id\":\"https:\/\/dibenedettoproductions.com\/#organization\"},\"potentialAction\":[{\"@type\":\"SearchAction\",\"target\":{\"@type\":\"EntryPoint\",\"urlTemplate\":\"https:\/\/dibenedettoproductions.com\/?s={search_term_string}\"},\"query-input\":\"required name=search_term_string\"}],\"inLanguage\":\"it-IT\"},{\"@type\":\"Organization\",\"@id\":\"https:\/\/dibenedettoproductions.com\/#organization\",\"name\":\"DI BENEDETTO PRODUCTIONS\",\"url\":\"https:\/\/dibenedettoproductions.com\/\",\"sameAs\":[],\"logo\":{\"@type\":\"ImageObject\",\"inLanguage\":\"it-IT\",\"@id\":\"https:\/\/dibenedettoproductions.com\/#\/schema\/logo\/image\/\",\"url\":\"https:\/\/dibenedettoproductions.com\/wp-content\/uploads\/2021\/09\/logo_di_benedetto_productions.jpg\",\"contentUrl\":\"https:\/\/dibenedettoproductions.com\/wp-content\/uploads\/2021\/09\/logo_di_benedetto_productions.jpg\",\"width\":225,\"height\":225,\"caption\":\"DI BENEDETTO PRODUCTIONS\"},\"image\":{\"@id\":\"https:\/\/dibenedettoproductions.com\/#\/schema\/logo\/image\/\"}}]}<\/script>\n<!-- \/ Yoast SEO plugin. -->","yoast_head_json":{"title":"Colegio - Di Benedetto Productions","robots":{"index":"index","follow":"follow","max-snippet":"max-snippet:-1","max-image-preview":"max-image-preview:large","max-video-preview":"max-video-preview:-1"},"canonical":"https:\/\/dibenedettoproductions.com\/?page_id=3599","og_locale":"it_IT","og_type":"article","og_title":"Colegio - Di Benedetto Productions","og_description":"SPOTIFY APPLE MUSIC DEEZER AMAZON MUSIC En la cama hacemos todas las poses Y el bobo de tu novio no lo sabe Dale mami que ya son las doce En el mismo lugar deja la llave \u00a0 Para comernos como en el colegio Si te llamo para hacerlo Par\u00e1melo mientras prendo Para comernos como en.","og_url":"https:\/\/dibenedettoproductions.com\/?page_id=3599","og_site_name":"Di Benedetto Productions","article_modified_time":"2021-08-05T15:00:56+00:00","twitter_card":"summary_large_image","twitter_misc":{"Tempo di lettura stimato":"1 minuto"},"schema":{"@context":"https:\/\/schema.org","@graph":[{"@type":"WebPage","@id":"https:\/\/dibenedettoproductions.com\/?page_id=3599","url":"https:\/\/dibenedettoproductions.com\/?page_id=3599","name":"Colegio - Di Benedetto Productions","isPartOf":{"@id":"https:\/\/dibenedettoproductions.com\/#website"},"datePublished":"2021-02-23T09:28:55+00:00","dateModified":"2021-08-05T15:00:56+00:00","breadcrumb":{"@id":"https:\/\/dibenedettoproductions.com\/?page_id=3599#breadcrumb"},"inLanguage":"it-IT","potentialAction":[{"@type":"ReadAction","target":["https:\/\/dibenedettoproductions.com\/?page_id=3599"]}]},{"@type":"BreadcrumbList","@id":"https:\/\/dibenedettoproductions.com\/?page_id=3599#breadcrumb","itemListElement":[{"@type":"ListItem","position":1,"name":"Home","item":"https:\/\/dibenedettoproductions.com\/"},{"@type":"ListItem","position":2,"name":"Colegio"}]},{"@type":"WebSite","@id":"https:\/\/dibenedettoproductions.com\/#website","url":"https:\/\/dibenedettoproductions.com\/","name":"Di Benedetto Productions","description":"","publisher":{"@id":"https:\/\/dibenedettoproductions.com\/#organization"},"potentialAction":[{"@type":"SearchAction","target":{"@type":"EntryPoint","urlTemplate":"https:\/\/dibenedettoproductions.com\/?s={search_term_string}"},"query-input":"required name=search_term_string"}],"inLanguage":"it-IT"},{"@type":"Organization","@id":"https:\/\/dibenedettoproductions.com\/#organization","name":"DI BENEDETTO PRODUCTIONS","url":"https:\/\/dibenedettoproductions.com\/","sameAs":[],"logo":{"@type":"ImageObject","inLanguage":"it-IT","@id":"https:\/\/dibenedettoproductions.com\/#\/schema\/logo\/image\/","url":"https:\/\/dibenedettoproductions.com\/wp-content\/uploads\/2021\/09\/logo_di_benedetto_productions.jpg","contentUrl":"https:\/\/dibenedettoproductions.com\/wp-content\/uploads\/2021\/09\/logo_di_benedetto_productions.jpg","width":225,"height":225,"caption":"DI BENEDETTO PRODUCTIONS"},"image":{"@id":"https:\/\/dibenedettoproductions.com\/#\/schema\/logo\/image\/"}}]}},"_links":{"self":[{"href":"https:\/\/dibenedettoproductions.com\/index.php?rest_route=\/wp\/v2\/pages\/3599","targetHints":{"allow":["GET"]}}],"collection":[{"href":"https:\/\/dibenedettoproductions.com\/index.php?rest_route=\/wp\/v2\/pages"}],"about":[{"href":"https:\/\/dibenedettoproductions.com\/index.php?rest_route=\/wp\/v2\/types\/page"}],"author":[{"embeddable":true,"href":"https:\/\/dibenedettoproductions.com\/index.php?rest_route=\/wp\/v2\/users\/1"}],"replies":[{"embeddable":true,"href":"https:\/\/dibenedettoproductions.com\/index.php?rest_route=%2Fwp%2Fv2%2Fcomments&post=3599"}],"version-history":[{"count":7,"href":"https:\/\/dibenedettoproductions.com\/index.php?rest_route=\/wp\/v2\/pages\/3599\/revisions"}],"predecessor-version":[{"id":5638,"href":"https:\/\/dibenedettoproductions.com\/index.php?rest_route=\/wp\/v2\/pages\/3599\/revisions\/5638"}],"wp:attachment":[{"href":"https:\/\/dibenedettoproductions.com\/index.php?rest_route=%2Fwp%2Fv2%2Fmedia&parent=3599"}],"wp:term":[{"taxonomy":"category","embeddable":true,"href":"https:\/\/dibenedettoproductions.com\/index.php?rest_route=%2Fwp%2Fv2%2Fcategories&post=3599"},{"taxonomy":"post_tag","embeddable":true,"href":"https:\/\/dibenedettoproductions.com\/index.php?rest_route=%2Fwp%2Fv2%2Ftags&post=3599"}],"curies":[{"name":"wp","href":"https:\/\/api.w.org\/{rel}","templated":true}]}}