{"id":3565,"date":"2021-02-23T09:14:56","date_gmt":"2021-02-23T09:14:56","guid":{"rendered":"https:\/\/dibenedettoproductions.com\/?page_id=3565"},"modified":"2021-08-05T14:58:33","modified_gmt":"2021-08-05T14:58:33","slug":"anda-cuentale","status":"publish","type":"page","link":"https:\/\/dibenedettoproductions.com\/?page_id=3565","title":{"rendered":"Anda Cu\u00e9ntale"},"content":{"rendered":"\t\t<div data-elementor-type=\"wp-page\" data-elementor-id=\"3565\" class=\"elementor elementor-3565\" data-elementor-settings=\"[]\">\n\t\t\t\t\t\t<div class=\"elementor-inner\">\n\t\t\t\t\t\t\t<div class=\"elementor-section-wrap\">\n\t\t\t\t\t\t\t<section class=\"elementor-section elementor-top-section elementor-element elementor-element-2b37989 elementor-section-stretched elementor-section-boxed elementor-section-height-default elementor-section-height-default\" data-id=\"2b37989\" data-element_type=\"section\" data-settings=\"{&quot;stretch_section&quot;:&quot;section-stretched&quot;,&quot;background_background&quot;:&quot;classic&quot;}\">\n\t\t\t\t\t\t<div class=\"elementor-container elementor-column-gap-default\">\n\t\t\t\t\t\t\t<div class=\"elementor-row\">\n\t\t\t\t\t<div class=\"elementor-column elementor-col-25 elementor-top-column elementor-element elementor-element-6ce621a\" data-id=\"6ce621a\" data-element_type=\"column\">\n\t\t\t<div class=\"elementor-column-wrap elementor-element-populated\">\n\t\t\t\t\t\t\t<div class=\"elementor-widget-wrap\">\n\t\t\t\t\t\t<div class=\"elementor-element elementor-element-aca683d elementor-align-center elementor-widget elementor-widget-button\" data-id=\"aca683d\" data-element_type=\"widget\" data-widget_type=\"button.default\">\n\t\t\t\t<div class=\"elementor-widget-container\">\n\t\t\t\t\t<div class=\"elementor-button-wrapper\">\n\t\t\t<a href=\"https:\/\/open.spotify.com\/track\/72cRkfoixfBlcYCZAqJJ4a?si=z11NHlmPSpiCgHN8YoM9gA%20\" class=\"elementor-button-link elementor-button elementor-size-sm\" role=\"button\">\n\t\t\t\t\t\t<span class=\"elementor-button-content-wrapper\">\n\t\t\t\t\t\t<span class=\"elementor-button-text\">SPOTIFY<\/span>\n\t\t<\/span>\n\t\t\t\t\t<\/a>\n\t\t<\/div>\n\t\t\t\t<\/div>\n\t\t\t\t<\/div>\n\t\t\t\t\t\t<\/div>\n\t\t\t\t\t<\/div>\n\t\t<\/div>\n\t\t\t\t<div class=\"elementor-column elementor-col-25 elementor-top-column elementor-element elementor-element-ba446af\" data-id=\"ba446af\" data-element_type=\"column\">\n\t\t\t<div class=\"elementor-column-wrap elementor-element-populated\">\n\t\t\t\t\t\t\t<div class=\"elementor-widget-wrap\">\n\t\t\t\t\t\t<div class=\"elementor-element elementor-element-ef4881f elementor-align-center elementor-widget elementor-widget-button\" data-id=\"ef4881f\" data-element_type=\"widget\" data-widget_type=\"button.default\">\n\t\t\t\t<div class=\"elementor-widget-container\">\n\t\t\t\t\t<div class=\"elementor-button-wrapper\">\n\t\t\t<a href=\"https:\/\/music.apple.com\/us\/album\/anda-cu%C3%A9ntale\/1349414259?i=1349414301\" class=\"elementor-button-link elementor-button elementor-size-sm\" role=\"button\">\n\t\t\t\t\t\t<span class=\"elementor-button-content-wrapper\">\n\t\t\t\t\t\t<span class=\"elementor-button-text\">APPLE MUSIC<\/span>\n\t\t<\/span>\n\t\t\t\t\t<\/a>\n\t\t<\/div>\n\t\t\t\t<\/div>\n\t\t\t\t<\/div>\n\t\t\t\t\t\t<\/div>\n\t\t\t\t\t<\/div>\n\t\t<\/div>\n\t\t\t\t<div class=\"elementor-column elementor-col-25 elementor-top-column elementor-element elementor-element-4c32f43\" data-id=\"4c32f43\" data-element_type=\"column\">\n\t\t\t<div class=\"elementor-column-wrap elementor-element-populated\">\n\t\t\t\t\t\t\t<div class=\"elementor-widget-wrap\">\n\t\t\t\t\t\t<div class=\"elementor-element elementor-element-3262772 elementor-align-center elementor-widget elementor-widget-button\" data-id=\"3262772\" data-element_type=\"widget\" data-widget_type=\"button.default\">\n\t\t\t\t<div class=\"elementor-widget-container\">\n\t\t\t\t\t<div class=\"elementor-button-wrapper\">\n\t\t\t<a href=\"https:\/\/deezer.page.link\/JNy6X12sMrXu8fD99\" class=\"elementor-button-link elementor-button elementor-size-sm\" role=\"button\">\n\t\t\t\t\t\t<span class=\"elementor-button-content-wrapper\">\n\t\t\t\t\t\t<span class=\"elementor-button-text\">DEEZER<\/span>\n\t\t<\/span>\n\t\t\t\t\t<\/a>\n\t\t<\/div>\n\t\t\t\t<\/div>\n\t\t\t\t<\/div>\n\t\t\t\t\t\t<\/div>\n\t\t\t\t\t<\/div>\n\t\t<\/div>\n\t\t\t\t<div class=\"elementor-column elementor-col-25 elementor-top-column elementor-element elementor-element-e5b5193\" data-id=\"e5b5193\" data-element_type=\"column\">\n\t\t\t<div class=\"elementor-column-wrap elementor-element-populated\">\n\t\t\t\t\t\t\t<div class=\"elementor-widget-wrap\">\n\t\t\t\t\t\t<div class=\"elementor-element elementor-element-628b616 elementor-align-center elementor-widget elementor-widget-button\" data-id=\"628b616\" data-element_type=\"widget\" data-widget_type=\"button.default\">\n\t\t\t\t<div class=\"elementor-widget-container\">\n\t\t\t\t\t<div class=\"elementor-button-wrapper\">\n\t\t\t<a href=\"https:\/\/music.amazon.com\/albums\/B07TDLLKK7?trackAsin=B07TFJ7MLW&#038;ref=dm_sh_8565-3c7c-dmcp-ce33-7ce79&#038;musicTerritory=US&#038;marketplaceId=ATVPDKIKX0DER%20\" class=\"elementor-button-link elementor-button elementor-size-sm\" role=\"button\">\n\t\t\t\t\t\t<span class=\"elementor-button-content-wrapper\">\n\t\t\t\t\t\t<span class=\"elementor-button-text\">AMAZON MUSIC<\/span>\n\t\t<\/span>\n\t\t\t\t\t<\/a>\n\t\t<\/div>\n\t\t\t\t<\/div>\n\t\t\t\t<\/div>\n\t\t\t\t\t\t<\/div>\n\t\t\t\t\t<\/div>\n\t\t<\/div>\n\t\t\t\t\t\t\t\t<\/div>\n\t\t\t\t\t<\/div>\n\t\t<\/section>\n\t\t\t\t<section class=\"elementor-section elementor-top-section elementor-element elementor-element-a8cef67 elementor-section-stretched elementor-section-boxed elementor-section-height-default elementor-section-height-default\" data-id=\"a8cef67\" data-element_type=\"section\" data-settings=\"{&quot;stretch_section&quot;:&quot;section-stretched&quot;,&quot;background_background&quot;:&quot;classic&quot;}\">\n\t\t\t\t\t\t<div class=\"elementor-container elementor-column-gap-default\">\n\t\t\t\t\t\t\t<div class=\"elementor-row\">\n\t\t\t\t\t<div class=\"elementor-column elementor-col-100 elementor-top-column elementor-element elementor-element-41d4763\" data-id=\"41d4763\" data-element_type=\"column\">\n\t\t\t<div class=\"elementor-column-wrap elementor-element-populated\">\n\t\t\t\t\t\t\t<div class=\"elementor-widget-wrap\">\n\t\t\t\t\t\t<div class=\"elementor-element elementor-element-a5e3be9 elementor-widget elementor-widget-text-editor\" data-id=\"a5e3be9\" data-element_type=\"widget\" data-widget_type=\"text-editor.default\">\n\t\t\t\t<div class=\"elementor-widget-container\">\n\t\t\t\t\t\t\t\t<div class=\"elementor-text-editor elementor-clearfix\">\n\t\t\t\t<div><p style=\"text-align: center;\"><span style=\"color: #ffffff;\">Comentan que me olvidaste<\/span><\/p><p style=\"text-align: center;\"><span style=\"color: #ffffff;\">Que de otro te enamoraste<\/span><\/p><p style=\"text-align: center;\"><span style=\"color: #ffffff;\">Anda cu\u00e9ntale que t\u00fa naciste para amarme<\/span><\/p><p style=\"text-align: center;\"><span style=\"color: #ffffff;\">Que t\u00fa naciste para amarme, que t\u00fa no puedes olvidarme<\/span><\/p><p style=\"text-align: center;\">\u00a0<\/p><p style=\"text-align: center;\"><span style=\"color: #ffffff;\">Anda cu\u00e9ntale, dale no le digas mentiras<\/span><\/p><p style=\"text-align: center;\"><span style=\"color: #ffffff;\">Dile que me llamas a escondidas<\/span><\/p><p style=\"text-align: center;\"><span style=\"color: #ffffff;\">Que te mata la monoton\u00eda baby todos los d\u00edas<\/span><\/p><p style=\"text-align: center;\"><span style=\"color: #ffffff;\">Cu\u00e9ntale, dale no le digas mentiras<\/span><\/p><p style=\"text-align: center;\"><span style=\"color: #ffffff;\">Dile que me llamas a escondidas<\/span><\/p><p style=\"text-align: center;\"><span style=\"color: #ffffff;\">Que te mata la monoton\u00eda baby todos los d\u00edas<\/span><\/p><p style=\"text-align: center;\"><span style=\"color: #ffffff;\">Es que nadie sabe, nadie sabe c\u00f3mo yo te tengo<\/span><\/p><p style=\"text-align: center;\"><span style=\"color: #ffffff;\">Dile baby que te est\u00e1s muriendo<\/span><\/p><p style=\"text-align: center;\"><span style=\"color: #ffffff;\">\u00c9l no sabe que te tengo grave, \u00e9l no lo sabe<\/span><\/p><p style=\"text-align: center;\"><span style=\"color: #ffffff;\">Anda d\u00edselo, que \u00e9l no te trata como yo te trato<\/span><\/p><p style=\"text-align: center;\"><span style=\"color: #ffffff;\">Que \u00e9l no te mata como yo te mato<\/span><\/p><p style=\"text-align: center;\"><span style=\"color: #ffffff;\">Y en la cama me pide un buen rato y yo te lo doy<\/span><\/p><p style=\"text-align: center;\">\u00a0<\/p><p style=\"text-align: center;\"><span style=\"color: #ffffff;\">Anda cu\u00e9ntale, dale no le digas mentiras<\/span><\/p><p style=\"text-align: center;\"><span style=\"color: #ffffff;\">Dile que me llamas a escondidas<\/span><\/p><p style=\"text-align: center;\"><span style=\"color: #ffffff;\">Que te mata la monoton\u00eda baby todos los d\u00edas<\/span><\/p><p style=\"text-align: center;\"><span style=\"color: #ffffff;\">Cu\u00e9ntale, dale no le digas mentiras<\/span><\/p><p style=\"text-align: center;\"><span style=\"color: #ffffff;\">Dile que me llamas a escondidas<\/span><\/p><p style=\"text-align: center;\"><span style=\"color: #ffffff;\">Que te mata la monoton\u00eda baby todos los d\u00edas<\/span><\/p><p style=\"text-align: center;\">\u00a0<\/p><p style=\"text-align: center;\"><span style=\"color: #ffffff;\">Y cuando estamos solos t\u00fa y yo<\/span><\/p><p style=\"text-align: center;\"><span style=\"color: #ffffff;\">En la cama haci\u00e9ndolo<\/span><\/p><p style=\"text-align: center;\"><span style=\"color: #ffffff;\">No te acuerdas de \u00e9l, t\u00fa le eres infiel, d\u00edselo beb\u00e9 que<\/span><\/p><p style=\"text-align: center;\"><span style=\"color: #ffffff;\">\u00c9l no te lleva el desayuno a la cama<\/span><\/p><p style=\"text-align: center;\"><span style=\"color: #ffffff;\">\u00c9l no te dice todos los d\u00edas que te ama<\/span><\/p><p style=\"text-align: center;\"><span style=\"color: #ffffff;\">T\u00fa no eres su consentida y cu\u00e9ntale, mentira no le digas<\/span><\/p><p style=\"text-align: center;\">\u00a0<\/p><p style=\"text-align: center;\"><span style=\"color: #ffffff;\">De que me llamas a escondidas<\/span><\/p><p style=\"text-align: center;\"><span style=\"color: #ffffff;\">Que te mata la monoton\u00eda baby todos los d\u00edas<\/span><\/p><p style=\"text-align: center;\"><span style=\"color: #ffffff;\">De que me llamas a escondidas<\/span><\/p><p style=\"text-align: center;\"><span style=\"color: #ffffff;\">Que te mata la monoton\u00eda baby todos los d\u00edas<\/span><\/p><p style=\"text-align: center;\">\u00a0<\/p><p style=\"text-align: center;\"><span style=\"color: #ffffff;\">Comentan que me olvidaste<\/span><\/p><p style=\"text-align: center;\"><span style=\"color: #ffffff;\">Que de otro te enamoraste<\/span><\/p><p style=\"text-align: center;\"><span style=\"color: #ffffff;\">Anda cu\u00e9ntale que t\u00fa naciste para amarme<\/span><\/p><p style=\"text-align: center;\"><span style=\"color: #ffffff;\">Anda cu\u00e9ntale que t\u00fa no puedes olvidarme<\/span><\/p><\/div>\t\t\t\t\t<\/div>\n\t\t\t\t\t\t<\/div>\n\t\t\t\t<\/div>\n\t\t\t\t\t\t<\/div>\n\t\t\t\t\t<\/div>\n\t\t<\/div>\n\t\t\t\t\t\t\t\t<\/div>\n\t\t\t\t\t<\/div>\n\t\t<\/section>\n\t\t\t\t\t\t<\/div>\n\t\t\t\t\t\t<\/div>\n\t\t\t\t\t<\/div>\n\t\t","protected":false},"excerpt":{"rendered":"<p>SPOTIFY APPLE MUSIC DEEZER AMAZON MUSIC Comentan que me olvidaste Que de otro te enamoraste Anda cu\u00e9ntale que t\u00fa naciste para amarme Que t\u00fa naciste para amarme, que t\u00fa no puedes olvidarme \u00a0 Anda cu\u00e9ntale, dale no le digas mentiras Dile que me llamas a escondidas Que te mata la monoton\u00eda baby todos los d\u00edas.<\/p>\n","protected":false},"author":1,"featured_media":0,"parent":0,"menu_order":0,"comment_status":"closed","ping_status":"closed","template":"","meta":{"footnotes":""},"categories":[42],"tags":[],"class_list":["post-3565","page","type-page","status-publish","hentry","category-testi"],"yoast_head":"<!-- This site is optimized with the Yoast SEO plugin v19.6.1 - https:\/\/yoast.com\/wordpress\/plugins\/seo\/ -->\n<title>Anda Cu\u00e9ntale - Di Benedetto Productions<\/title>\n<meta name=\"robots\" content=\"index, follow, max-snippet:-1, max-image-preview:large, max-video-preview:-1\" \/>\n<link rel=\"canonical\" href=\"https:\/\/dibenedettoproductions.com\/?page_id=3565\" \/>\n<meta property=\"og:locale\" content=\"it_IT\" \/>\n<meta property=\"og:type\" content=\"article\" \/>\n<meta property=\"og:title\" content=\"Anda Cu\u00e9ntale - Di Benedetto Productions\" \/>\n<meta property=\"og:description\" content=\"SPOTIFY APPLE MUSIC DEEZER AMAZON MUSIC Comentan que me olvidaste Que de otro te enamoraste Anda cu\u00e9ntale que t\u00fa naciste para amarme Que t\u00fa naciste para amarme, que t\u00fa no puedes olvidarme \u00a0 Anda cu\u00e9ntale, dale no le digas mentiras Dile que me llamas a escondidas Que te mata la monoton\u00eda baby todos los d\u00edas.\" \/>\n<meta property=\"og:url\" content=\"https:\/\/dibenedettoproductions.com\/?page_id=3565\" \/>\n<meta property=\"og:site_name\" content=\"Di Benedetto Productions\" \/>\n<meta property=\"article:modified_time\" content=\"2021-08-05T14:58:33+00:00\" \/>\n<meta name=\"twitter:card\" content=\"summary_large_image\" \/>\n<meta name=\"twitter:label1\" content=\"Tempo di lettura stimato\" \/>\n\t<meta name=\"twitter:data1\" content=\"1 minuto\" \/>\n<script type=\"application\/ld+json\" class=\"yoast-schema-graph\">{\"@context\":\"https:\/\/schema.org\",\"@graph\":[{\"@type\":\"WebPage\",\"@id\":\"https:\/\/dibenedettoproductions.com\/?page_id=3565\",\"url\":\"https:\/\/dibenedettoproductions.com\/?page_id=3565\",\"name\":\"Anda Cu\u00e9ntale - Di Benedetto Productions\",\"isPartOf\":{\"@id\":\"https:\/\/dibenedettoproductions.com\/#website\"},\"datePublished\":\"2021-02-23T09:14:56+00:00\",\"dateModified\":\"2021-08-05T14:58:33+00:00\",\"breadcrumb\":{\"@id\":\"https:\/\/dibenedettoproductions.com\/?page_id=3565#breadcrumb\"},\"inLanguage\":\"it-IT\",\"potentialAction\":[{\"@type\":\"ReadAction\",\"target\":[\"https:\/\/dibenedettoproductions.com\/?page_id=3565\"]}]},{\"@type\":\"BreadcrumbList\",\"@id\":\"https:\/\/dibenedettoproductions.com\/?page_id=3565#breadcrumb\",\"itemListElement\":[{\"@type\":\"ListItem\",\"position\":1,\"name\":\"Home\",\"item\":\"https:\/\/dibenedettoproductions.com\/\"},{\"@type\":\"ListItem\",\"position\":2,\"name\":\"Anda Cu\u00e9ntale\"}]},{\"@type\":\"WebSite\",\"@id\":\"https:\/\/dibenedettoproductions.com\/#website\",\"url\":\"https:\/\/dibenedettoproductions.com\/\",\"name\":\"Di Benedetto Productions\",\"description\":\"\",\"publisher\":{\"@id\":\"https:\/\/dibenedettoproductions.com\/#organization\"},\"potentialAction\":[{\"@type\":\"SearchAction\",\"target\":{\"@type\":\"EntryPoint\",\"urlTemplate\":\"https:\/\/dibenedettoproductions.com\/?s={search_term_string}\"},\"query-input\":\"required name=search_term_string\"}],\"inLanguage\":\"it-IT\"},{\"@type\":\"Organization\",\"@id\":\"https:\/\/dibenedettoproductions.com\/#organization\",\"name\":\"DI BENEDETTO PRODUCTIONS\",\"url\":\"https:\/\/dibenedettoproductions.com\/\",\"sameAs\":[],\"logo\":{\"@type\":\"ImageObject\",\"inLanguage\":\"it-IT\",\"@id\":\"https:\/\/dibenedettoproductions.com\/#\/schema\/logo\/image\/\",\"url\":\"https:\/\/dibenedettoproductions.com\/wp-content\/uploads\/2021\/09\/logo_di_benedetto_productions.jpg\",\"contentUrl\":\"https:\/\/dibenedettoproductions.com\/wp-content\/uploads\/2021\/09\/logo_di_benedetto_productions.jpg\",\"width\":225,\"height\":225,\"caption\":\"DI BENEDETTO PRODUCTIONS\"},\"image\":{\"@id\":\"https:\/\/dibenedettoproductions.com\/#\/schema\/logo\/image\/\"}}]}<\/script>\n<!-- \/ Yoast SEO plugin. -->","yoast_head_json":{"title":"Anda Cu\u00e9ntale - Di Benedetto Productions","robots":{"index":"index","follow":"follow","max-snippet":"max-snippet:-1","max-image-preview":"max-image-preview:large","max-video-preview":"max-video-preview:-1"},"canonical":"https:\/\/dibenedettoproductions.com\/?page_id=3565","og_locale":"it_IT","og_type":"article","og_title":"Anda Cu\u00e9ntale - Di Benedetto Productions","og_description":"SPOTIFY APPLE MUSIC DEEZER AMAZON MUSIC Comentan que me olvidaste Que de otro te enamoraste Anda cu\u00e9ntale que t\u00fa naciste para amarme Que t\u00fa naciste para amarme, que t\u00fa no puedes olvidarme \u00a0 Anda cu\u00e9ntale, dale no le digas mentiras Dile que me llamas a escondidas Que te mata la monoton\u00eda baby todos los d\u00edas.","og_url":"https:\/\/dibenedettoproductions.com\/?page_id=3565","og_site_name":"Di Benedetto Productions","article_modified_time":"2021-08-05T14:58:33+00:00","twitter_card":"summary_large_image","twitter_misc":{"Tempo di lettura stimato":"1 minuto"},"schema":{"@context":"https:\/\/schema.org","@graph":[{"@type":"WebPage","@id":"https:\/\/dibenedettoproductions.com\/?page_id=3565","url":"https:\/\/dibenedettoproductions.com\/?page_id=3565","name":"Anda Cu\u00e9ntale - Di Benedetto Productions","isPartOf":{"@id":"https:\/\/dibenedettoproductions.com\/#website"},"datePublished":"2021-02-23T09:14:56+00:00","dateModified":"2021-08-05T14:58:33+00:00","breadcrumb":{"@id":"https:\/\/dibenedettoproductions.com\/?page_id=3565#breadcrumb"},"inLanguage":"it-IT","potentialAction":[{"@type":"ReadAction","target":["https:\/\/dibenedettoproductions.com\/?page_id=3565"]}]},{"@type":"BreadcrumbList","@id":"https:\/\/dibenedettoproductions.com\/?page_id=3565#breadcrumb","itemListElement":[{"@type":"ListItem","position":1,"name":"Home","item":"https:\/\/dibenedettoproductions.com\/"},{"@type":"ListItem","position":2,"name":"Anda Cu\u00e9ntale"}]},{"@type":"WebSite","@id":"https:\/\/dibenedettoproductions.com\/#website","url":"https:\/\/dibenedettoproductions.com\/","name":"Di Benedetto Productions","description":"","publisher":{"@id":"https:\/\/dibenedettoproductions.com\/#organization"},"potentialAction":[{"@type":"SearchAction","target":{"@type":"EntryPoint","urlTemplate":"https:\/\/dibenedettoproductions.com\/?s={search_term_string}"},"query-input":"required name=search_term_string"}],"inLanguage":"it-IT"},{"@type":"Organization","@id":"https:\/\/dibenedettoproductions.com\/#organization","name":"DI BENEDETTO PRODUCTIONS","url":"https:\/\/dibenedettoproductions.com\/","sameAs":[],"logo":{"@type":"ImageObject","inLanguage":"it-IT","@id":"https:\/\/dibenedettoproductions.com\/#\/schema\/logo\/image\/","url":"https:\/\/dibenedettoproductions.com\/wp-content\/uploads\/2021\/09\/logo_di_benedetto_productions.jpg","contentUrl":"https:\/\/dibenedettoproductions.com\/wp-content\/uploads\/2021\/09\/logo_di_benedetto_productions.jpg","width":225,"height":225,"caption":"DI BENEDETTO PRODUCTIONS"},"image":{"@id":"https:\/\/dibenedettoproductions.com\/#\/schema\/logo\/image\/"}}]}},"_links":{"self":[{"href":"https:\/\/dibenedettoproductions.com\/index.php?rest_route=\/wp\/v2\/pages\/3565","targetHints":{"allow":["GET"]}}],"collection":[{"href":"https:\/\/dibenedettoproductions.com\/index.php?rest_route=\/wp\/v2\/pages"}],"about":[{"href":"https:\/\/dibenedettoproductions.com\/index.php?rest_route=\/wp\/v2\/types\/page"}],"author":[{"embeddable":true,"href":"https:\/\/dibenedettoproductions.com\/index.php?rest_route=\/wp\/v2\/users\/1"}],"replies":[{"embeddable":true,"href":"https:\/\/dibenedettoproductions.com\/index.php?rest_route=%2Fwp%2Fv2%2Fcomments&post=3565"}],"version-history":[{"count":7,"href":"https:\/\/dibenedettoproductions.com\/index.php?rest_route=\/wp\/v2\/pages\/3565\/revisions"}],"predecessor-version":[{"id":5614,"href":"https:\/\/dibenedettoproductions.com\/index.php?rest_route=\/wp\/v2\/pages\/3565\/revisions\/5614"}],"wp:attachment":[{"href":"https:\/\/dibenedettoproductions.com\/index.php?rest_route=%2Fwp%2Fv2%2Fmedia&parent=3565"}],"wp:term":[{"taxonomy":"category","embeddable":true,"href":"https:\/\/dibenedettoproductions.com\/index.php?rest_route=%2Fwp%2Fv2%2Fcategories&post=3565"},{"taxonomy":"post_tag","embeddable":true,"href":"https:\/\/dibenedettoproductions.com\/index.php?rest_route=%2Fwp%2Fv2%2Ftags&post=3565"}],"curies":[{"name":"wp","href":"https:\/\/api.w.org\/{rel}","templated":true}]}}