{"id":3539,"date":"2021-02-22T17:26:37","date_gmt":"2021-02-22T17:26:37","guid":{"rendered":"https:\/\/dibenedettoproductions.com\/?page_id=3539"},"modified":"2021-08-05T14:58:07","modified_gmt":"2021-08-05T14:58:07","slug":"amor-ilegal","status":"publish","type":"page","link":"https:\/\/dibenedettoproductions.com\/?page_id=3539","title":{"rendered":"Amor Ilegal"},"content":{"rendered":"\t\t<div data-elementor-type=\"wp-page\" data-elementor-id=\"3539\" class=\"elementor elementor-3539\" data-elementor-settings=\"[]\">\n\t\t\t\t\t\t<div class=\"elementor-inner\">\n\t\t\t\t\t\t\t<div class=\"elementor-section-wrap\">\n\t\t\t\t\t\t\t<section class=\"elementor-section elementor-top-section elementor-element elementor-element-ff37a9c elementor-section-stretched elementor-section-boxed elementor-section-height-default elementor-section-height-default\" data-id=\"ff37a9c\" data-element_type=\"section\" data-settings=\"{&quot;stretch_section&quot;:&quot;section-stretched&quot;,&quot;background_background&quot;:&quot;classic&quot;}\">\n\t\t\t\t\t\t<div class=\"elementor-container elementor-column-gap-default\">\n\t\t\t\t\t\t\t<div class=\"elementor-row\">\n\t\t\t\t\t<div class=\"elementor-column elementor-col-25 elementor-top-column elementor-element elementor-element-b24fc01\" data-id=\"b24fc01\" data-element_type=\"column\">\n\t\t\t<div class=\"elementor-column-wrap elementor-element-populated\">\n\t\t\t\t\t\t\t<div class=\"elementor-widget-wrap\">\n\t\t\t\t\t\t<div class=\"elementor-element elementor-element-c2a6f51 elementor-align-center elementor-widget elementor-widget-button\" data-id=\"c2a6f51\" data-element_type=\"widget\" data-widget_type=\"button.default\">\n\t\t\t\t<div class=\"elementor-widget-container\">\n\t\t\t\t\t<div class=\"elementor-button-wrapper\">\n\t\t\t<a href=\"https:\/\/open.spotify.com\/track\/78u8tujXyRVyVRufQ3x6Je?si=tU6Q4jhdQLSnDR-6VvHMZA%20\" class=\"elementor-button-link elementor-button elementor-size-sm\" role=\"button\">\n\t\t\t\t\t\t<span class=\"elementor-button-content-wrapper\">\n\t\t\t\t\t\t<span class=\"elementor-button-text\">SPOTIFY<\/span>\n\t\t<\/span>\n\t\t\t\t\t<\/a>\n\t\t<\/div>\n\t\t\t\t<\/div>\n\t\t\t\t<\/div>\n\t\t\t\t\t\t<\/div>\n\t\t\t\t\t<\/div>\n\t\t<\/div>\n\t\t\t\t<div class=\"elementor-column elementor-col-25 elementor-top-column elementor-element elementor-element-4424d46\" data-id=\"4424d46\" data-element_type=\"column\">\n\t\t\t<div class=\"elementor-column-wrap elementor-element-populated\">\n\t\t\t\t\t\t\t<div class=\"elementor-widget-wrap\">\n\t\t\t\t\t\t<div class=\"elementor-element elementor-element-a9b4925 elementor-align-center elementor-widget elementor-widget-button\" data-id=\"a9b4925\" data-element_type=\"widget\" data-widget_type=\"button.default\">\n\t\t\t\t<div class=\"elementor-widget-container\">\n\t\t\t\t\t<div class=\"elementor-button-wrapper\">\n\t\t\t<a href=\"https:\/\/music.apple.com\/us\/album\/amor-ilegal\/1457856716?i=1457856717%20\" class=\"elementor-button-link elementor-button elementor-size-sm\" role=\"button\">\n\t\t\t\t\t\t<span class=\"elementor-button-content-wrapper\">\n\t\t\t\t\t\t<span class=\"elementor-button-text\">APPLE MUSIC<\/span>\n\t\t<\/span>\n\t\t\t\t\t<\/a>\n\t\t<\/div>\n\t\t\t\t<\/div>\n\t\t\t\t<\/div>\n\t\t\t\t\t\t<\/div>\n\t\t\t\t\t<\/div>\n\t\t<\/div>\n\t\t\t\t<div class=\"elementor-column elementor-col-25 elementor-top-column elementor-element elementor-element-b98cbea\" data-id=\"b98cbea\" data-element_type=\"column\">\n\t\t\t<div class=\"elementor-column-wrap elementor-element-populated\">\n\t\t\t\t\t\t\t<div class=\"elementor-widget-wrap\">\n\t\t\t\t\t\t<div class=\"elementor-element elementor-element-1efbfc1 elementor-align-center elementor-widget elementor-widget-button\" data-id=\"1efbfc1\" data-element_type=\"widget\" data-widget_type=\"button.default\">\n\t\t\t\t<div class=\"elementor-widget-container\">\n\t\t\t\t\t<div class=\"elementor-button-wrapper\">\n\t\t\t<a href=\"https:\/\/deezer.page.link\/KowXFofkNEvpnJhY7%20\" class=\"elementor-button-link elementor-button elementor-size-sm\" role=\"button\">\n\t\t\t\t\t\t<span class=\"elementor-button-content-wrapper\">\n\t\t\t\t\t\t<span class=\"elementor-button-text\">DEEZER<\/span>\n\t\t<\/span>\n\t\t\t\t\t<\/a>\n\t\t<\/div>\n\t\t\t\t<\/div>\n\t\t\t\t<\/div>\n\t\t\t\t\t\t<\/div>\n\t\t\t\t\t<\/div>\n\t\t<\/div>\n\t\t\t\t<div class=\"elementor-column elementor-col-25 elementor-top-column elementor-element elementor-element-817dfa4\" data-id=\"817dfa4\" data-element_type=\"column\">\n\t\t\t<div class=\"elementor-column-wrap elementor-element-populated\">\n\t\t\t\t\t\t\t<div class=\"elementor-widget-wrap\">\n\t\t\t\t\t\t<div class=\"elementor-element elementor-element-711469d elementor-align-center elementor-widget elementor-widget-button\" data-id=\"711469d\" data-element_type=\"widget\" data-widget_type=\"button.default\">\n\t\t\t\t<div class=\"elementor-widget-container\">\n\t\t\t\t\t<div class=\"elementor-button-wrapper\">\n\t\t\t<a href=\"https:\/\/music.amazon.com\/albums\/B07Q43LN7C?trackAsin=B07Q7GD7YZ&#038;ref=dm_sh_be42-d680-dmcp-3a1c-fd1fc&#038;musicTerritory=US&#038;marketplaceId=ATVPDKIKX0DER%20\" class=\"elementor-button-link elementor-button elementor-size-sm\" role=\"button\">\n\t\t\t\t\t\t<span class=\"elementor-button-content-wrapper\">\n\t\t\t\t\t\t<span class=\"elementor-button-text\">AMAZON MUSIC<\/span>\n\t\t<\/span>\n\t\t\t\t\t<\/a>\n\t\t<\/div>\n\t\t\t\t<\/div>\n\t\t\t\t<\/div>\n\t\t\t\t\t\t<\/div>\n\t\t\t\t\t<\/div>\n\t\t<\/div>\n\t\t\t\t\t\t\t\t<\/div>\n\t\t\t\t\t<\/div>\n\t\t<\/section>\n\t\t\t\t<section class=\"elementor-section elementor-top-section elementor-element elementor-element-d770116 elementor-section-stretched elementor-section-boxed elementor-section-height-default elementor-section-height-default\" data-id=\"d770116\" data-element_type=\"section\" data-settings=\"{&quot;stretch_section&quot;:&quot;section-stretched&quot;,&quot;background_background&quot;:&quot;classic&quot;}\">\n\t\t\t\t\t\t<div class=\"elementor-container elementor-column-gap-default\">\n\t\t\t\t\t\t\t<div class=\"elementor-row\">\n\t\t\t\t\t<div class=\"elementor-column elementor-col-100 elementor-top-column elementor-element elementor-element-29ba57d\" data-id=\"29ba57d\" data-element_type=\"column\">\n\t\t\t<div class=\"elementor-column-wrap elementor-element-populated\">\n\t\t\t\t\t\t\t<div class=\"elementor-widget-wrap\">\n\t\t\t\t\t\t<div class=\"elementor-element elementor-element-2c15a9a elementor-widget elementor-widget-text-editor\" data-id=\"2c15a9a\" data-element_type=\"widget\" data-widget_type=\"text-editor.default\">\n\t\t\t\t<div class=\"elementor-widget-container\">\n\t\t\t\t\t\t\t\t<div class=\"elementor-text-editor elementor-clearfix\">\n\t\t\t\t<div><p style=\"text-align: center;\"><span style=\"color: #ffffff;\">Yo s\u00e9 muy bien que est\u00e1 mal quitarte la ropa<\/span><\/p><p style=\"text-align: center;\"><span style=\"color: #ffffff;\">Que est\u00e1 prohibido tenerte y besar tu boca<\/span><\/p><p style=\"text-align: center;\"><span style=\"color: #ffffff;\">Pero t\u00fa me buscas siempre porque permanezco en tu mente<\/span><\/p><p style=\"text-align: center;\"><span style=\"color: #ffffff;\">Si te preguntan no les cuentes porque lo nuestro es<\/span><\/p><p style=\"text-align: center;\"><span style=\"color: #ffffff;\">Esto es un amor ilegal, que as\u00ed nos tiene<\/span><\/p><p style=\"text-align: center;\"><span style=\"color: #ffffff;\">No importa da igual que nos conviene<\/span><\/p><p style=\"text-align: center;\"><span style=\"color: #ffffff;\">Esto es un amor ilegal, que as\u00ed nos tiene<\/span><\/p><p style=\"text-align: center;\"><span style=\"color: #ffffff;\">No importa da igual que nos conviene<\/span><\/p><p style=\"text-align: center;\"><span style=\"color: #ffffff;\">Nuestro amor es ilegal mami pero yo soy tu dary<\/span><\/p><p style=\"text-align: center;\"><span style=\"color: #ffffff;\">Tu sabes bien que t\u00fa me gustas mami no te veo normal<\/span><\/p><p style=\"text-align: center;\"><span style=\"color: #ffffff;\">Tienes un cuerpo costural puesta demasiado brutal y yo<\/span><\/p><p style=\"text-align: center;\"><span style=\"color: #ffffff;\">Me gusta cuando te muerdes la boca y el cuerpo tuyo y el m\u00edo chocan<\/span><\/p><p style=\"text-align: center;\"><span style=\"color: #ffffff;\">Un efecto choral son poca nadie puede saber m\u00e1s que tu eres mi loca<\/span><\/p><p style=\"text-align: center;\"><span style=\"color: #ffffff;\">Pero yo quiero estar contigo y ya y tu quiere estar conmigo<\/span><\/p><p style=\"text-align: center;\"><span style=\"color: #ffffff;\">Aunque todo el mundo se oponga, eso a nosotros no nos importa<\/span><\/p><p style=\"text-align: center;\"><span style=\"color: #ffffff;\">Esto es un amor ilegal, que as\u00ed nos tiene<\/span><\/p><p style=\"text-align: center;\"><span style=\"color: #ffffff;\">No importa da igual que nos conviene<\/span><\/p><p style=\"text-align: center;\"><span style=\"color: #ffffff;\">Esto es un amor ilegal, que as\u00ed nos tiene<\/span><\/p><p style=\"text-align: center;\"><span style=\"color: #ffffff;\">No importa da igual que nos conviene<\/span><\/p><p style=\"text-align: center;\"><span style=\"color: #ffffff;\">Esto es un amor ilegal, que as\u00ed nos tiene<\/span><\/p><p style=\"text-align: center;\"><span style=\"color: #ffffff;\">No importa da igual que nos conviene<\/span><\/p><p style=\"text-align: center;\"><span style=\"color: #ffffff;\">Esto es un amor ilegal, que as\u00ed nos tiene<\/span><\/p><p style=\"text-align: center;\"><span style=\"color: #ffffff;\">No importa da igual que nos conviene<\/span><\/p><p style=\"text-align: center;\"><span style=\"color: #ffffff;\">Si esto est\u00e1 mal cond\u00e9name, en tu prisi\u00f3n enci\u00e9rrame<\/span><\/p><p style=\"text-align: center;\"><span style=\"color: #ffffff;\">Si es un delito ya lo s\u00e9, qu\u00e9 le vamos hacer<\/span><\/p><p style=\"text-align: center;\"><span style=\"color: #ffffff;\">Si esto est\u00e1 mal cond\u00e9name, en tu prisi\u00f3n enci\u00e9rrame<\/span><\/p><p style=\"text-align: center;\"><span style=\"color: #ffffff;\">Si es un delito ya lo s\u00e9, qu\u00e9 le vamos hacer<\/span><\/p><p style=\"text-align: center;\"><span style=\"color: #ffffff;\">Pero t\u00fa me buscas siempre porque permanezco en tu mente<\/span><\/p><p style=\"text-align: center;\"><span style=\"color: #ffffff;\">Si te preguntan no les cuentes porque lo nuestro es<\/span><\/p><p style=\"text-align: center;\"><span style=\"color: #ffffff;\">Esto es un amor ilegal, que as\u00ed nos tiene<\/span><\/p><p style=\"text-align: center;\"><span style=\"color: #ffffff;\">No importa da igual que nos conviene<\/span><\/p><p style=\"text-align: center;\"><span style=\"color: #ffffff;\">Esto es un amor ilegal, que as\u00ed nos tiene<\/span><\/p><p style=\"text-align: center;\"><span style=\"color: #ffffff;\">No importa da igual que nos conviene<\/span><\/p><p style=\"text-align: center;\"><span style=\"color: #ffffff;\">Esto es un amor ilegal, que as\u00ed nos tiene<\/span><\/p><p style=\"text-align: center;\"><span style=\"color: #ffffff;\">No importa da igual que nos conviene<\/span><\/p><p style=\"text-align: center;\"><span style=\"color: #ffffff;\">Esto es un amor ilegal, que as\u00ed nos tiene<\/span><\/p><p style=\"text-align: center;\"><span style=\"color: #ffffff;\">No importa da igual que nos conviene<\/span><\/p><p style=\"text-align: center;\"><span style=\"color: #ffffff;\">Jay simon la oficina secreta, planet record<\/span><\/p><p style=\"text-align: center;\"><span style=\"color: #ffffff;\">T\u00fa sabes ma, esa es la melod\u00eda secreta y Benedetto Production<\/span><\/p><\/div>\t\t\t\t\t<\/div>\n\t\t\t\t\t\t<\/div>\n\t\t\t\t<\/div>\n\t\t\t\t\t\t<\/div>\n\t\t\t\t\t<\/div>\n\t\t<\/div>\n\t\t\t\t\t\t\t\t<\/div>\n\t\t\t\t\t<\/div>\n\t\t<\/section>\n\t\t\t\t\t\t<\/div>\n\t\t\t\t\t\t<\/div>\n\t\t\t\t\t<\/div>\n\t\t","protected":false},"excerpt":{"rendered":"<p>SPOTIFY APPLE MUSIC DEEZER AMAZON MUSIC Yo s\u00e9 muy bien que est\u00e1 mal quitarte la ropa Que est\u00e1 prohibido tenerte y besar tu boca Pero t\u00fa me buscas siempre porque permanezco en tu mente Si te preguntan no les cuentes porque lo nuestro es Esto es un amor ilegal, que as\u00ed nos tiene No importa.<\/p>\n","protected":false},"author":1,"featured_media":0,"parent":0,"menu_order":0,"comment_status":"closed","ping_status":"closed","template":"","meta":{"footnotes":""},"categories":[42],"tags":[],"class_list":["post-3539","page","type-page","status-publish","hentry","category-testi"],"yoast_head":"<!-- This site is optimized with the Yoast SEO plugin v19.6.1 - https:\/\/yoast.com\/wordpress\/plugins\/seo\/ -->\n<title>Amor Ilegal - Di Benedetto Productions<\/title>\n<meta name=\"robots\" content=\"index, follow, max-snippet:-1, max-image-preview:large, max-video-preview:-1\" \/>\n<link rel=\"canonical\" href=\"https:\/\/dibenedettoproductions.com\/?page_id=3539\" \/>\n<meta property=\"og:locale\" content=\"it_IT\" \/>\n<meta property=\"og:type\" content=\"article\" \/>\n<meta property=\"og:title\" content=\"Amor Ilegal - Di Benedetto Productions\" \/>\n<meta property=\"og:description\" content=\"SPOTIFY APPLE MUSIC DEEZER AMAZON MUSIC Yo s\u00e9 muy bien que est\u00e1 mal quitarte la ropa Que est\u00e1 prohibido tenerte y besar tu boca Pero t\u00fa me buscas siempre porque permanezco en tu mente Si te preguntan no les cuentes porque lo nuestro es Esto es un amor ilegal, que as\u00ed nos tiene No importa.\" \/>\n<meta property=\"og:url\" content=\"https:\/\/dibenedettoproductions.com\/?page_id=3539\" \/>\n<meta property=\"og:site_name\" content=\"Di Benedetto Productions\" \/>\n<meta property=\"article:modified_time\" content=\"2021-08-05T14:58:07+00:00\" \/>\n<meta name=\"twitter:card\" content=\"summary_large_image\" \/>\n<meta name=\"twitter:label1\" content=\"Tempo di lettura stimato\" \/>\n\t<meta name=\"twitter:data1\" content=\"2 minuti\" \/>\n<script type=\"application\/ld+json\" class=\"yoast-schema-graph\">{\"@context\":\"https:\/\/schema.org\",\"@graph\":[{\"@type\":\"WebPage\",\"@id\":\"https:\/\/dibenedettoproductions.com\/?page_id=3539\",\"url\":\"https:\/\/dibenedettoproductions.com\/?page_id=3539\",\"name\":\"Amor Ilegal - Di Benedetto Productions\",\"isPartOf\":{\"@id\":\"https:\/\/dibenedettoproductions.com\/#website\"},\"datePublished\":\"2021-02-22T17:26:37+00:00\",\"dateModified\":\"2021-08-05T14:58:07+00:00\",\"breadcrumb\":{\"@id\":\"https:\/\/dibenedettoproductions.com\/?page_id=3539#breadcrumb\"},\"inLanguage\":\"it-IT\",\"potentialAction\":[{\"@type\":\"ReadAction\",\"target\":[\"https:\/\/dibenedettoproductions.com\/?page_id=3539\"]}]},{\"@type\":\"BreadcrumbList\",\"@id\":\"https:\/\/dibenedettoproductions.com\/?page_id=3539#breadcrumb\",\"itemListElement\":[{\"@type\":\"ListItem\",\"position\":1,\"name\":\"Home\",\"item\":\"https:\/\/dibenedettoproductions.com\/\"},{\"@type\":\"ListItem\",\"position\":2,\"name\":\"Amor Ilegal\"}]},{\"@type\":\"WebSite\",\"@id\":\"https:\/\/dibenedettoproductions.com\/#website\",\"url\":\"https:\/\/dibenedettoproductions.com\/\",\"name\":\"Di Benedetto Productions\",\"description\":\"\",\"publisher\":{\"@id\":\"https:\/\/dibenedettoproductions.com\/#organization\"},\"potentialAction\":[{\"@type\":\"SearchAction\",\"target\":{\"@type\":\"EntryPoint\",\"urlTemplate\":\"https:\/\/dibenedettoproductions.com\/?s={search_term_string}\"},\"query-input\":\"required name=search_term_string\"}],\"inLanguage\":\"it-IT\"},{\"@type\":\"Organization\",\"@id\":\"https:\/\/dibenedettoproductions.com\/#organization\",\"name\":\"DI BENEDETTO PRODUCTIONS\",\"url\":\"https:\/\/dibenedettoproductions.com\/\",\"sameAs\":[],\"logo\":{\"@type\":\"ImageObject\",\"inLanguage\":\"it-IT\",\"@id\":\"https:\/\/dibenedettoproductions.com\/#\/schema\/logo\/image\/\",\"url\":\"https:\/\/dibenedettoproductions.com\/wp-content\/uploads\/2021\/09\/logo_di_benedetto_productions.jpg\",\"contentUrl\":\"https:\/\/dibenedettoproductions.com\/wp-content\/uploads\/2021\/09\/logo_di_benedetto_productions.jpg\",\"width\":225,\"height\":225,\"caption\":\"DI BENEDETTO PRODUCTIONS\"},\"image\":{\"@id\":\"https:\/\/dibenedettoproductions.com\/#\/schema\/logo\/image\/\"}}]}<\/script>\n<!-- \/ Yoast SEO plugin. -->","yoast_head_json":{"title":"Amor Ilegal - Di Benedetto Productions","robots":{"index":"index","follow":"follow","max-snippet":"max-snippet:-1","max-image-preview":"max-image-preview:large","max-video-preview":"max-video-preview:-1"},"canonical":"https:\/\/dibenedettoproductions.com\/?page_id=3539","og_locale":"it_IT","og_type":"article","og_title":"Amor Ilegal - Di Benedetto Productions","og_description":"SPOTIFY APPLE MUSIC DEEZER AMAZON MUSIC Yo s\u00e9 muy bien que est\u00e1 mal quitarte la ropa Que est\u00e1 prohibido tenerte y besar tu boca Pero t\u00fa me buscas siempre porque permanezco en tu mente Si te preguntan no les cuentes porque lo nuestro es Esto es un amor ilegal, que as\u00ed nos tiene No importa.","og_url":"https:\/\/dibenedettoproductions.com\/?page_id=3539","og_site_name":"Di Benedetto Productions","article_modified_time":"2021-08-05T14:58:07+00:00","twitter_card":"summary_large_image","twitter_misc":{"Tempo di lettura stimato":"2 minuti"},"schema":{"@context":"https:\/\/schema.org","@graph":[{"@type":"WebPage","@id":"https:\/\/dibenedettoproductions.com\/?page_id=3539","url":"https:\/\/dibenedettoproductions.com\/?page_id=3539","name":"Amor Ilegal - Di Benedetto Productions","isPartOf":{"@id":"https:\/\/dibenedettoproductions.com\/#website"},"datePublished":"2021-02-22T17:26:37+00:00","dateModified":"2021-08-05T14:58:07+00:00","breadcrumb":{"@id":"https:\/\/dibenedettoproductions.com\/?page_id=3539#breadcrumb"},"inLanguage":"it-IT","potentialAction":[{"@type":"ReadAction","target":["https:\/\/dibenedettoproductions.com\/?page_id=3539"]}]},{"@type":"BreadcrumbList","@id":"https:\/\/dibenedettoproductions.com\/?page_id=3539#breadcrumb","itemListElement":[{"@type":"ListItem","position":1,"name":"Home","item":"https:\/\/dibenedettoproductions.com\/"},{"@type":"ListItem","position":2,"name":"Amor Ilegal"}]},{"@type":"WebSite","@id":"https:\/\/dibenedettoproductions.com\/#website","url":"https:\/\/dibenedettoproductions.com\/","name":"Di Benedetto Productions","description":"","publisher":{"@id":"https:\/\/dibenedettoproductions.com\/#organization"},"potentialAction":[{"@type":"SearchAction","target":{"@type":"EntryPoint","urlTemplate":"https:\/\/dibenedettoproductions.com\/?s={search_term_string}"},"query-input":"required name=search_term_string"}],"inLanguage":"it-IT"},{"@type":"Organization","@id":"https:\/\/dibenedettoproductions.com\/#organization","name":"DI BENEDETTO PRODUCTIONS","url":"https:\/\/dibenedettoproductions.com\/","sameAs":[],"logo":{"@type":"ImageObject","inLanguage":"it-IT","@id":"https:\/\/dibenedettoproductions.com\/#\/schema\/logo\/image\/","url":"https:\/\/dibenedettoproductions.com\/wp-content\/uploads\/2021\/09\/logo_di_benedetto_productions.jpg","contentUrl":"https:\/\/dibenedettoproductions.com\/wp-content\/uploads\/2021\/09\/logo_di_benedetto_productions.jpg","width":225,"height":225,"caption":"DI BENEDETTO PRODUCTIONS"},"image":{"@id":"https:\/\/dibenedettoproductions.com\/#\/schema\/logo\/image\/"}}]}},"_links":{"self":[{"href":"https:\/\/dibenedettoproductions.com\/index.php?rest_route=\/wp\/v2\/pages\/3539","targetHints":{"allow":["GET"]}}],"collection":[{"href":"https:\/\/dibenedettoproductions.com\/index.php?rest_route=\/wp\/v2\/pages"}],"about":[{"href":"https:\/\/dibenedettoproductions.com\/index.php?rest_route=\/wp\/v2\/types\/page"}],"author":[{"embeddable":true,"href":"https:\/\/dibenedettoproductions.com\/index.php?rest_route=\/wp\/v2\/users\/1"}],"replies":[{"embeddable":true,"href":"https:\/\/dibenedettoproductions.com\/index.php?rest_route=%2Fwp%2Fv2%2Fcomments&post=3539"}],"version-history":[{"count":7,"href":"https:\/\/dibenedettoproductions.com\/index.php?rest_route=\/wp\/v2\/pages\/3539\/revisions"}],"predecessor-version":[{"id":5605,"href":"https:\/\/dibenedettoproductions.com\/index.php?rest_route=\/wp\/v2\/pages\/3539\/revisions\/5605"}],"wp:attachment":[{"href":"https:\/\/dibenedettoproductions.com\/index.php?rest_route=%2Fwp%2Fv2%2Fmedia&parent=3539"}],"wp:term":[{"taxonomy":"category","embeddable":true,"href":"https:\/\/dibenedettoproductions.com\/index.php?rest_route=%2Fwp%2Fv2%2Fcategories&post=3539"},{"taxonomy":"post_tag","embeddable":true,"href":"https:\/\/dibenedettoproductions.com\/index.php?rest_route=%2Fwp%2Fv2%2Ftags&post=3539"}],"curies":[{"name":"wp","href":"https:\/\/api.w.org\/{rel}","templated":true}]}}