{"id":3517,"date":"2021-02-22T17:07:53","date_gmt":"2021-02-22T17:07:53","guid":{"rendered":"https:\/\/dibenedettoproductions.com\/?page_id=3517"},"modified":"2021-08-05T14:57:04","modified_gmt":"2021-08-05T14:57:04","slug":"amiga","status":"publish","type":"page","link":"https:\/\/dibenedettoproductions.com\/?page_id=3517","title":{"rendered":"Amiga"},"content":{"rendered":"\t\t<div data-elementor-type=\"wp-page\" data-elementor-id=\"3517\" class=\"elementor elementor-3517\" data-elementor-settings=\"[]\">\n\t\t\t\t\t\t<div class=\"elementor-inner\">\n\t\t\t\t\t\t\t<div class=\"elementor-section-wrap\">\n\t\t\t\t\t\t\t<section class=\"elementor-section elementor-top-section elementor-element elementor-element-4d0d946 elementor-section-stretched elementor-section-boxed elementor-section-height-default elementor-section-height-default\" data-id=\"4d0d946\" data-element_type=\"section\" data-settings=\"{&quot;stretch_section&quot;:&quot;section-stretched&quot;,&quot;background_background&quot;:&quot;classic&quot;}\">\n\t\t\t\t\t\t<div class=\"elementor-container elementor-column-gap-default\">\n\t\t\t\t\t\t\t<div class=\"elementor-row\">\n\t\t\t\t\t<div class=\"elementor-column elementor-col-25 elementor-top-column elementor-element elementor-element-3317c18\" data-id=\"3317c18\" data-element_type=\"column\">\n\t\t\t<div class=\"elementor-column-wrap elementor-element-populated\">\n\t\t\t\t\t\t\t<div class=\"elementor-widget-wrap\">\n\t\t\t\t\t\t<div class=\"elementor-element elementor-element-6b335a2 elementor-align-center elementor-widget elementor-widget-button\" data-id=\"6b335a2\" data-element_type=\"widget\" data-widget_type=\"button.default\">\n\t\t\t\t<div class=\"elementor-widget-container\">\n\t\t\t\t\t<div class=\"elementor-button-wrapper\">\n\t\t\t<a href=\"https:\/\/open.spotify.com\/track\/5EzLAM2bx2rI4lYVcahHCF?si=XBrdDoCaSMC9cDlDr9U4HQ%20\" class=\"elementor-button-link elementor-button elementor-size-sm\" role=\"button\">\n\t\t\t\t\t\t<span class=\"elementor-button-content-wrapper\">\n\t\t\t\t\t\t<span class=\"elementor-button-text\">SPOTIFY<\/span>\n\t\t<\/span>\n\t\t\t\t\t<\/a>\n\t\t<\/div>\n\t\t\t\t<\/div>\n\t\t\t\t<\/div>\n\t\t\t\t\t\t<\/div>\n\t\t\t\t\t<\/div>\n\t\t<\/div>\n\t\t\t\t<div class=\"elementor-column elementor-col-25 elementor-top-column elementor-element elementor-element-91351b9\" data-id=\"91351b9\" data-element_type=\"column\">\n\t\t\t<div class=\"elementor-column-wrap elementor-element-populated\">\n\t\t\t\t\t\t\t<div class=\"elementor-widget-wrap\">\n\t\t\t\t\t\t<div class=\"elementor-element elementor-element-966fe4d elementor-align-center elementor-widget elementor-widget-button\" data-id=\"966fe4d\" data-element_type=\"widget\" data-widget_type=\"button.default\">\n\t\t\t\t<div class=\"elementor-widget-container\">\n\t\t\t\t\t<div class=\"elementor-button-wrapper\">\n\t\t\t<a href=\"https:\/\/music.apple.com\/us\/album\/amiga\/1512956895?i=1512956896%20\" class=\"elementor-button-link elementor-button elementor-size-sm\" role=\"button\">\n\t\t\t\t\t\t<span class=\"elementor-button-content-wrapper\">\n\t\t\t\t\t\t<span class=\"elementor-button-text\">APPLE MUSIC<\/span>\n\t\t<\/span>\n\t\t\t\t\t<\/a>\n\t\t<\/div>\n\t\t\t\t<\/div>\n\t\t\t\t<\/div>\n\t\t\t\t\t\t<\/div>\n\t\t\t\t\t<\/div>\n\t\t<\/div>\n\t\t\t\t<div class=\"elementor-column elementor-col-25 elementor-top-column elementor-element elementor-element-531bc4a\" data-id=\"531bc4a\" data-element_type=\"column\">\n\t\t\t<div class=\"elementor-column-wrap elementor-element-populated\">\n\t\t\t\t\t\t\t<div class=\"elementor-widget-wrap\">\n\t\t\t\t\t\t<div class=\"elementor-element elementor-element-20dfedc elementor-align-center elementor-widget elementor-widget-button\" data-id=\"20dfedc\" data-element_type=\"widget\" data-widget_type=\"button.default\">\n\t\t\t\t<div class=\"elementor-widget-container\">\n\t\t\t\t\t<div class=\"elementor-button-wrapper\">\n\t\t\t<a href=\"https:\/\/deezer.page.link\/SFMuQa1ZLQ3tTaKi8%20\" class=\"elementor-button-link elementor-button elementor-size-sm\" role=\"button\">\n\t\t\t\t\t\t<span class=\"elementor-button-content-wrapper\">\n\t\t\t\t\t\t<span class=\"elementor-button-text\">DEEZER<\/span>\n\t\t<\/span>\n\t\t\t\t\t<\/a>\n\t\t<\/div>\n\t\t\t\t<\/div>\n\t\t\t\t<\/div>\n\t\t\t\t\t\t<\/div>\n\t\t\t\t\t<\/div>\n\t\t<\/div>\n\t\t\t\t<div class=\"elementor-column elementor-col-25 elementor-top-column elementor-element elementor-element-696d183\" data-id=\"696d183\" data-element_type=\"column\">\n\t\t\t<div class=\"elementor-column-wrap elementor-element-populated\">\n\t\t\t\t\t\t\t<div class=\"elementor-widget-wrap\">\n\t\t\t\t\t\t<div class=\"elementor-element elementor-element-26029ad elementor-align-center elementor-widget elementor-widget-button\" data-id=\"26029ad\" data-element_type=\"widget\" data-widget_type=\"button.default\">\n\t\t\t\t<div class=\"elementor-widget-container\">\n\t\t\t\t\t<div class=\"elementor-button-wrapper\">\n\t\t\t<a href=\"https:\/\/music.amazon.com\/albums\/B088JMD3Z2?trackAsin=B088JFD6CX&#038;ref=dm_sh_e5a0-c64c-dmcp-3d38-9f754&#038;musicTerritory=US&#038;marketplaceId=ATVPDKIKX0DER\" class=\"elementor-button-link elementor-button elementor-size-sm\" role=\"button\">\n\t\t\t\t\t\t<span class=\"elementor-button-content-wrapper\">\n\t\t\t\t\t\t<span class=\"elementor-button-text\">AMAZON MUSIC<\/span>\n\t\t<\/span>\n\t\t\t\t\t<\/a>\n\t\t<\/div>\n\t\t\t\t<\/div>\n\t\t\t\t<\/div>\n\t\t\t\t\t\t<\/div>\n\t\t\t\t\t<\/div>\n\t\t<\/div>\n\t\t\t\t\t\t\t\t<\/div>\n\t\t\t\t\t<\/div>\n\t\t<\/section>\n\t\t\t\t<section class=\"elementor-section elementor-top-section elementor-element elementor-element-ee63861 elementor-section-stretched elementor-section-boxed elementor-section-height-default elementor-section-height-default\" data-id=\"ee63861\" data-element_type=\"section\" data-settings=\"{&quot;stretch_section&quot;:&quot;section-stretched&quot;,&quot;background_background&quot;:&quot;classic&quot;}\">\n\t\t\t\t\t\t<div class=\"elementor-container elementor-column-gap-default\">\n\t\t\t\t\t\t\t<div class=\"elementor-row\">\n\t\t\t\t\t<div class=\"elementor-column elementor-col-100 elementor-top-column elementor-element elementor-element-5de9d03\" data-id=\"5de9d03\" data-element_type=\"column\">\n\t\t\t<div class=\"elementor-column-wrap elementor-element-populated\">\n\t\t\t\t\t\t\t<div class=\"elementor-widget-wrap\">\n\t\t\t\t\t\t<div class=\"elementor-element elementor-element-f16afc8 elementor-widget elementor-widget-text-editor\" data-id=\"f16afc8\" data-element_type=\"widget\" data-widget_type=\"text-editor.default\">\n\t\t\t\t<div class=\"elementor-widget-container\">\n\t\t\t\t\t\t\t\t<div class=\"elementor-text-editor elementor-clearfix\">\n\t\t\t\t<div><p style=\"text-align: center;\"><span style=\"color: #ffffff;\">Desde chiquita no le gusta lo mismo<\/span><\/p><p style=\"text-align: center;\"><span style=\"color: #ffffff;\">No est\u00e1 para eso de jugar con mu\u00f1eca<\/span><\/p><p style=\"text-align: center;\"><span style=\"color: #ffffff;\">Tiene una amiga que la ve diferente<\/span><\/p><p style=\"text-align: center;\"><span style=\"color: #ffffff;\">No le gustan los hombres, ella ya no est\u00e1 en esa<\/span><\/p><p style=\"text-align: center;\">\u00a0<\/p><p style=\"text-align: center;\"><span style=\"color: #ffffff;\">Porque un d\u00eda la hicieron sufrir<\/span><\/p><p style=\"text-align: center;\"><span style=\"color: #ffffff;\">Y en su amiga ella se refugi\u00f3<\/span><\/p><p style=\"text-align: center;\"><span style=\"color: #ffffff;\">Por los hombres nada quiere sentir<\/span><\/p><p style=\"text-align: center;\"><span style=\"color: #ffffff;\">Es una p\u00e1gina que ya pas\u00f3<\/span><\/p><p style=\"text-align: center;\">\u00a0<\/p><p style=\"text-align: center;\"><span style=\"color: #ffffff;\">Y ahora lo hace con su amiga<\/span><\/p><p style=\"text-align: center;\"><span style=\"color: #ffffff;\">Y en la vida prohibida ella se entreg\u00f3<\/span><\/p><p style=\"text-align: center;\"><span style=\"color: #ffffff;\">Y ahora lo hace con su amiga<\/span><\/p><p style=\"text-align: center;\"><span style=\"color: #ffffff;\">Porque parece que lo que le hicieron le gust\u00f3<\/span><\/p><p style=\"text-align: center;\"><span style=\"color: #ffffff;\">Y ahora lo hace con su amiga<\/span><\/p><p style=\"text-align: center;\"><span style=\"color: #ffffff;\">Y en la vida prohibida ella se entreg\u00f3<\/span><\/p><p style=\"text-align: center;\"><span style=\"color: #ffffff;\">Y ahora lo hace con su amiga<\/span><\/p><p style=\"text-align: center;\"><span style=\"color: #ffffff;\">Porque parece que lo que le hicieron le gust\u00f3<\/span><\/p><p style=\"text-align: center;\">\u00a0<\/p><p style=\"text-align: center;\"><span style=\"color: #ffffff;\">Nadie se puede enterar<\/span><\/p><p style=\"text-align: center;\"><span style=\"color: #ffffff;\">Porque la gente no comprender\u00eda<\/span><\/p><p style=\"text-align: center;\"><span style=\"color: #ffffff;\">Que le gustara las mujeres y no los hombres<\/span><\/p><p style=\"text-align: center;\"><span style=\"color: #ffffff;\">Porque las personas tienen eso en la cabeza todav\u00eda<\/span><\/p><p style=\"text-align: center;\"><span style=\"color: #ffffff;\">Y le da pena, vive a su gusto y muere por su condena<\/span><\/p><p style=\"text-align: center;\"><span style=\"color: #ffffff;\">Tiene dieciocho pero es una nena<\/span><\/p><p style=\"text-align: center;\"><span style=\"color: #ffffff;\">Y los problemas siempre bajan en cadena<\/span><\/p><p style=\"text-align: center;\"><span style=\"color: #ffffff;\">Su madre no aceptar\u00e1<\/span><\/p><p style=\"text-align: center;\"><span style=\"color: #ffffff;\">Pobrecita si se llega a enterar pap\u00e1<\/span><\/p><p style=\"text-align: center;\"><span style=\"color: #ffffff;\">Hay que vivir con los prejuicios de esta sociedad<\/span><\/p><p style=\"text-align: center;\"><span style=\"color: #ffffff;\">Porque tiene que esconderse si eso no est\u00e1 mal<\/span><\/p><p style=\"text-align: center;\">\u00a0<\/p><p style=\"text-align: center;\"><span style=\"color: #ffffff;\">Porque un d\u00eda la hicieron sufrir<\/span><\/p><p style=\"text-align: center;\"><span style=\"color: #ffffff;\">Y en su amiga ella se refugi\u00f3<\/span><\/p><p style=\"text-align: center;\"><span style=\"color: #ffffff;\">Por los hombres nada quiere sentir<\/span><\/p><p style=\"text-align: center;\"><span style=\"color: #ffffff;\">Es una p\u00e1gina que ya pas\u00f3<\/span><\/p><p style=\"text-align: center;\">\u00a0<\/p><p style=\"text-align: center;\"><span style=\"color: #ffffff;\">Y ahora lo hace con su amiga<\/span><\/p><p style=\"text-align: center;\"><span style=\"color: #ffffff;\">Y en la vida prohibida ella se entreg\u00f3<\/span><\/p><p style=\"text-align: center;\"><span style=\"color: #ffffff;\">Y ahora lo hace con su amiga<\/span><\/p><p style=\"text-align: center;\"><span style=\"color: #ffffff;\">Porque parece que lo que le hicieron le gust\u00f3<\/span><\/p><p style=\"text-align: center;\"><span style=\"color: #ffffff;\">Y ahora lo hace con su amiga<\/span><\/p><p style=\"text-align: center;\"><span style=\"color: #ffffff;\">Y en la vida prohibida ella se entreg\u00f3<\/span><\/p><p style=\"text-align: center;\"><span style=\"color: #ffffff;\">Y ahora lo hace con su amiga<\/span><\/p><p style=\"text-align: center;\"><span style=\"color: #ffffff;\">Porque parece que lo que le hicieron le gust\u00f3<\/span><\/p><p style=\"text-align: center;\">\u00a0<\/p><p style=\"text-align: center;\"><span style=\"color: #ffffff;\">Ella se esconde, lo que hacen con ella no tiene nombre<\/span><\/p><p style=\"text-align: center;\"><span style=\"color: #ffffff;\">Solo a sus sentimientos responde<\/span><\/p><p style=\"text-align: center;\"><span style=\"color: #ffffff;\">A veces tiene ganas de apretar el gatillo de cualquier revolver<\/span><\/p><p style=\"text-align: center;\"><span style=\"color: #ffffff;\">Y decir adi\u00f3s<\/span><\/p><p style=\"text-align: center;\"><span style=\"color: #ffffff;\">Esta vida que nunca la comprendi\u00f3<\/span><\/p><p style=\"text-align: center;\"><span style=\"color: #ffffff;\">A ese hombre que un d\u00eda la traicion\u00f3<\/span><\/p><p style=\"text-align: center;\"><span style=\"color: #ffffff;\">Que la dej\u00f3 vac\u00eda porque todo le dio<\/span><\/p><p style=\"text-align: center;\"><span style=\"color: #ffffff;\">Y otra vida la amiga le ofreci\u00f3<\/span><\/p><p style=\"text-align: center;\">\u00a0<\/p><p style=\"text-align: center;\"><span style=\"color: #ffffff;\">Su madre no aceptar\u00e1<\/span><\/p><p style=\"text-align: center;\"><span style=\"color: #ffffff;\">Pobrecita si se llega a enterar pap\u00e1<\/span><\/p><p style=\"text-align: center;\"><span style=\"color: #ffffff;\">Hay que vivir con los prejuicios de esta sociedad<\/span><\/p><p style=\"text-align: center;\"><span style=\"color: #ffffff;\">Porque tiene que esconderse si eso no est\u00e1 mal<\/span><\/p><p style=\"text-align: center;\">\u00a0<\/p><p style=\"text-align: center;\"><span style=\"color: #ffffff;\">Porque a ella la hicieron sufrir<\/span><\/p><p style=\"text-align: center;\"><span style=\"color: #ffffff;\">Y en su amiga ella se refugi\u00f3<\/span><\/p><p style=\"text-align: center;\"><span style=\"color: #ffffff;\">Por los hombres nada quiere sentir<\/span><\/p><p style=\"text-align: center;\"><span style=\"color: #ffffff;\">Es una p\u00e1gina que ya pas\u00f3<\/span><\/p><p style=\"text-align: center;\">\u00a0<\/p><p style=\"text-align: center;\"><span style=\"color: #ffffff;\">Y ahora lo hace con su amiga<\/span><\/p><p style=\"text-align: center;\"><span style=\"color: #ffffff;\">Y en la vida prohibida ella se entreg\u00f3<\/span><\/p><p style=\"text-align: center;\"><span style=\"color: #ffffff;\">Y ahora lo hace con su amiga<\/span><\/p><p style=\"text-align: center;\"><span style=\"color: #ffffff;\">Porque parece que lo que le hicieron le gust\u00f3<\/span><\/p><p style=\"text-align: center;\"><span style=\"color: #ffffff;\">Y ahora lo hace con su amiga<\/span><\/p><p style=\"text-align: center;\"><span style=\"color: #ffffff;\">Y en la vida prohibida ella se entreg\u00f3<\/span><\/p><p style=\"text-align: center;\"><span style=\"color: #ffffff;\">Y ahora lo hace con su amiga<\/span><\/p><p style=\"text-align: center;\"><span style=\"color: #ffffff;\">Porque parece que lo que le hicieron le gust\u00f3<\/span><\/p><\/div>\t\t\t\t\t<\/div>\n\t\t\t\t\t\t<\/div>\n\t\t\t\t<\/div>\n\t\t\t\t\t\t<\/div>\n\t\t\t\t\t<\/div>\n\t\t<\/div>\n\t\t\t\t\t\t\t\t<\/div>\n\t\t\t\t\t<\/div>\n\t\t<\/section>\n\t\t\t\t\t\t<\/div>\n\t\t\t\t\t\t<\/div>\n\t\t\t\t\t<\/div>\n\t\t","protected":false},"excerpt":{"rendered":"<p>SPOTIFY APPLE MUSIC DEEZER AMAZON MUSIC Desde chiquita no le gusta lo mismo No est\u00e1 para eso de jugar con mu\u00f1eca Tiene una amiga que la ve diferente No le gustan los hombres, ella ya no est\u00e1 en esa \u00a0 Porque un d\u00eda la hicieron sufrir Y en su amiga ella se refugi\u00f3 Por los.<\/p>\n","protected":false},"author":1,"featured_media":0,"parent":0,"menu_order":0,"comment_status":"closed","ping_status":"closed","template":"","meta":{"footnotes":""},"categories":[42],"tags":[],"class_list":["post-3517","page","type-page","status-publish","hentry","category-testi"],"yoast_head":"<!-- This site is optimized with the Yoast SEO plugin v19.6.1 - https:\/\/yoast.com\/wordpress\/plugins\/seo\/ -->\n<title>Amiga - Di Benedetto Productions<\/title>\n<meta name=\"robots\" content=\"index, follow, max-snippet:-1, max-image-preview:large, max-video-preview:-1\" \/>\n<link rel=\"canonical\" href=\"https:\/\/dibenedettoproductions.com\/?page_id=3517\" \/>\n<meta property=\"og:locale\" content=\"it_IT\" \/>\n<meta property=\"og:type\" content=\"article\" \/>\n<meta property=\"og:title\" content=\"Amiga - Di Benedetto Productions\" \/>\n<meta property=\"og:description\" content=\"SPOTIFY APPLE MUSIC DEEZER AMAZON MUSIC Desde chiquita no le gusta lo mismo No est\u00e1 para eso de jugar con mu\u00f1eca Tiene una amiga que la ve diferente No le gustan los hombres, ella ya no est\u00e1 en esa \u00a0 Porque un d\u00eda la hicieron sufrir Y en su amiga ella se refugi\u00f3 Por los.\" \/>\n<meta property=\"og:url\" content=\"https:\/\/dibenedettoproductions.com\/?page_id=3517\" \/>\n<meta property=\"og:site_name\" content=\"Di Benedetto Productions\" \/>\n<meta property=\"article:modified_time\" content=\"2021-08-05T14:57:04+00:00\" \/>\n<meta name=\"twitter:card\" content=\"summary_large_image\" \/>\n<meta name=\"twitter:label1\" content=\"Tempo di lettura stimato\" \/>\n\t<meta name=\"twitter:data1\" content=\"2 minuti\" \/>\n<script type=\"application\/ld+json\" class=\"yoast-schema-graph\">{\"@context\":\"https:\/\/schema.org\",\"@graph\":[{\"@type\":\"WebPage\",\"@id\":\"https:\/\/dibenedettoproductions.com\/?page_id=3517\",\"url\":\"https:\/\/dibenedettoproductions.com\/?page_id=3517\",\"name\":\"Amiga - Di Benedetto Productions\",\"isPartOf\":{\"@id\":\"https:\/\/dibenedettoproductions.com\/#website\"},\"datePublished\":\"2021-02-22T17:07:53+00:00\",\"dateModified\":\"2021-08-05T14:57:04+00:00\",\"breadcrumb\":{\"@id\":\"https:\/\/dibenedettoproductions.com\/?page_id=3517#breadcrumb\"},\"inLanguage\":\"it-IT\",\"potentialAction\":[{\"@type\":\"ReadAction\",\"target\":[\"https:\/\/dibenedettoproductions.com\/?page_id=3517\"]}]},{\"@type\":\"BreadcrumbList\",\"@id\":\"https:\/\/dibenedettoproductions.com\/?page_id=3517#breadcrumb\",\"itemListElement\":[{\"@type\":\"ListItem\",\"position\":1,\"name\":\"Home\",\"item\":\"https:\/\/dibenedettoproductions.com\/\"},{\"@type\":\"ListItem\",\"position\":2,\"name\":\"Amiga\"}]},{\"@type\":\"WebSite\",\"@id\":\"https:\/\/dibenedettoproductions.com\/#website\",\"url\":\"https:\/\/dibenedettoproductions.com\/\",\"name\":\"Di Benedetto Productions\",\"description\":\"\",\"publisher\":{\"@id\":\"https:\/\/dibenedettoproductions.com\/#organization\"},\"potentialAction\":[{\"@type\":\"SearchAction\",\"target\":{\"@type\":\"EntryPoint\",\"urlTemplate\":\"https:\/\/dibenedettoproductions.com\/?s={search_term_string}\"},\"query-input\":\"required name=search_term_string\"}],\"inLanguage\":\"it-IT\"},{\"@type\":\"Organization\",\"@id\":\"https:\/\/dibenedettoproductions.com\/#organization\",\"name\":\"DI BENEDETTO PRODUCTIONS\",\"url\":\"https:\/\/dibenedettoproductions.com\/\",\"sameAs\":[],\"logo\":{\"@type\":\"ImageObject\",\"inLanguage\":\"it-IT\",\"@id\":\"https:\/\/dibenedettoproductions.com\/#\/schema\/logo\/image\/\",\"url\":\"https:\/\/dibenedettoproductions.com\/wp-content\/uploads\/2021\/09\/logo_di_benedetto_productions.jpg\",\"contentUrl\":\"https:\/\/dibenedettoproductions.com\/wp-content\/uploads\/2021\/09\/logo_di_benedetto_productions.jpg\",\"width\":225,\"height\":225,\"caption\":\"DI BENEDETTO PRODUCTIONS\"},\"image\":{\"@id\":\"https:\/\/dibenedettoproductions.com\/#\/schema\/logo\/image\/\"}}]}<\/script>\n<!-- \/ Yoast SEO plugin. -->","yoast_head_json":{"title":"Amiga - Di Benedetto Productions","robots":{"index":"index","follow":"follow","max-snippet":"max-snippet:-1","max-image-preview":"max-image-preview:large","max-video-preview":"max-video-preview:-1"},"canonical":"https:\/\/dibenedettoproductions.com\/?page_id=3517","og_locale":"it_IT","og_type":"article","og_title":"Amiga - Di Benedetto Productions","og_description":"SPOTIFY APPLE MUSIC DEEZER AMAZON MUSIC Desde chiquita no le gusta lo mismo No est\u00e1 para eso de jugar con mu\u00f1eca Tiene una amiga que la ve diferente No le gustan los hombres, ella ya no est\u00e1 en esa \u00a0 Porque un d\u00eda la hicieron sufrir Y en su amiga ella se refugi\u00f3 Por los.","og_url":"https:\/\/dibenedettoproductions.com\/?page_id=3517","og_site_name":"Di Benedetto Productions","article_modified_time":"2021-08-05T14:57:04+00:00","twitter_card":"summary_large_image","twitter_misc":{"Tempo di lettura stimato":"2 minuti"},"schema":{"@context":"https:\/\/schema.org","@graph":[{"@type":"WebPage","@id":"https:\/\/dibenedettoproductions.com\/?page_id=3517","url":"https:\/\/dibenedettoproductions.com\/?page_id=3517","name":"Amiga - Di Benedetto Productions","isPartOf":{"@id":"https:\/\/dibenedettoproductions.com\/#website"},"datePublished":"2021-02-22T17:07:53+00:00","dateModified":"2021-08-05T14:57:04+00:00","breadcrumb":{"@id":"https:\/\/dibenedettoproductions.com\/?page_id=3517#breadcrumb"},"inLanguage":"it-IT","potentialAction":[{"@type":"ReadAction","target":["https:\/\/dibenedettoproductions.com\/?page_id=3517"]}]},{"@type":"BreadcrumbList","@id":"https:\/\/dibenedettoproductions.com\/?page_id=3517#breadcrumb","itemListElement":[{"@type":"ListItem","position":1,"name":"Home","item":"https:\/\/dibenedettoproductions.com\/"},{"@type":"ListItem","position":2,"name":"Amiga"}]},{"@type":"WebSite","@id":"https:\/\/dibenedettoproductions.com\/#website","url":"https:\/\/dibenedettoproductions.com\/","name":"Di Benedetto Productions","description":"","publisher":{"@id":"https:\/\/dibenedettoproductions.com\/#organization"},"potentialAction":[{"@type":"SearchAction","target":{"@type":"EntryPoint","urlTemplate":"https:\/\/dibenedettoproductions.com\/?s={search_term_string}"},"query-input":"required name=search_term_string"}],"inLanguage":"it-IT"},{"@type":"Organization","@id":"https:\/\/dibenedettoproductions.com\/#organization","name":"DI BENEDETTO PRODUCTIONS","url":"https:\/\/dibenedettoproductions.com\/","sameAs":[],"logo":{"@type":"ImageObject","inLanguage":"it-IT","@id":"https:\/\/dibenedettoproductions.com\/#\/schema\/logo\/image\/","url":"https:\/\/dibenedettoproductions.com\/wp-content\/uploads\/2021\/09\/logo_di_benedetto_productions.jpg","contentUrl":"https:\/\/dibenedettoproductions.com\/wp-content\/uploads\/2021\/09\/logo_di_benedetto_productions.jpg","width":225,"height":225,"caption":"DI BENEDETTO PRODUCTIONS"},"image":{"@id":"https:\/\/dibenedettoproductions.com\/#\/schema\/logo\/image\/"}}]}},"_links":{"self":[{"href":"https:\/\/dibenedettoproductions.com\/index.php?rest_route=\/wp\/v2\/pages\/3517","targetHints":{"allow":["GET"]}}],"collection":[{"href":"https:\/\/dibenedettoproductions.com\/index.php?rest_route=\/wp\/v2\/pages"}],"about":[{"href":"https:\/\/dibenedettoproductions.com\/index.php?rest_route=\/wp\/v2\/types\/page"}],"author":[{"embeddable":true,"href":"https:\/\/dibenedettoproductions.com\/index.php?rest_route=\/wp\/v2\/users\/1"}],"replies":[{"embeddable":true,"href":"https:\/\/dibenedettoproductions.com\/index.php?rest_route=%2Fwp%2Fv2%2Fcomments&post=3517"}],"version-history":[{"count":7,"href":"https:\/\/dibenedettoproductions.com\/index.php?rest_route=\/wp\/v2\/pages\/3517\/revisions"}],"predecessor-version":[{"id":5596,"href":"https:\/\/dibenedettoproductions.com\/index.php?rest_route=\/wp\/v2\/pages\/3517\/revisions\/5596"}],"wp:attachment":[{"href":"https:\/\/dibenedettoproductions.com\/index.php?rest_route=%2Fwp%2Fv2%2Fmedia&parent=3517"}],"wp:term":[{"taxonomy":"category","embeddable":true,"href":"https:\/\/dibenedettoproductions.com\/index.php?rest_route=%2Fwp%2Fv2%2Fcategories&post=3517"},{"taxonomy":"post_tag","embeddable":true,"href":"https:\/\/dibenedettoproductions.com\/index.php?rest_route=%2Fwp%2Fv2%2Ftags&post=3517"}],"curies":[{"name":"wp","href":"https:\/\/api.w.org\/{rel}","templated":true}]}}