{"id":3497,"date":"2021-02-22T16:49:50","date_gmt":"2021-02-22T16:49:50","guid":{"rendered":"https:\/\/dibenedettoproductions.com\/?page_id=3497"},"modified":"2021-08-05T14:56:40","modified_gmt":"2021-08-05T14:56:40","slug":"alcoholica","status":"publish","type":"page","link":"https:\/\/dibenedettoproductions.com\/?page_id=3497","title":{"rendered":"Alcoh\u00f3lica"},"content":{"rendered":"\t\t<div data-elementor-type=\"wp-page\" data-elementor-id=\"3497\" class=\"elementor elementor-3497\" data-elementor-settings=\"[]\">\n\t\t\t\t\t\t<div class=\"elementor-inner\">\n\t\t\t\t\t\t\t<div class=\"elementor-section-wrap\">\n\t\t\t\t\t\t\t<section class=\"elementor-section elementor-top-section elementor-element elementor-element-7d0c90d elementor-section-stretched elementor-section-boxed elementor-section-height-default elementor-section-height-default\" data-id=\"7d0c90d\" data-element_type=\"section\" data-settings=\"{&quot;stretch_section&quot;:&quot;section-stretched&quot;,&quot;background_background&quot;:&quot;classic&quot;}\">\n\t\t\t\t\t\t<div class=\"elementor-container elementor-column-gap-default\">\n\t\t\t\t\t\t\t<div class=\"elementor-row\">\n\t\t\t\t\t<div class=\"elementor-column elementor-col-25 elementor-top-column elementor-element elementor-element-812d9c9\" data-id=\"812d9c9\" data-element_type=\"column\">\n\t\t\t<div class=\"elementor-column-wrap elementor-element-populated\">\n\t\t\t\t\t\t\t<div class=\"elementor-widget-wrap\">\n\t\t\t\t\t\t<div class=\"elementor-element elementor-element-b0bd669 elementor-align-center elementor-widget elementor-widget-button\" data-id=\"b0bd669\" data-element_type=\"widget\" data-widget_type=\"button.default\">\n\t\t\t\t<div class=\"elementor-widget-container\">\n\t\t\t\t\t<div class=\"elementor-button-wrapper\">\n\t\t\t<a href=\"https:\/\/open.spotify.com\/track\/4weWHBoNmFMgMuEzBlaD35?si=IMj5eADNSHK7PDUcaOL8OA%20\" class=\"elementor-button-link elementor-button elementor-size-sm\" role=\"button\">\n\t\t\t\t\t\t<span class=\"elementor-button-content-wrapper\">\n\t\t\t\t\t\t<span class=\"elementor-button-text\">SPOTIFY<\/span>\n\t\t<\/span>\n\t\t\t\t\t<\/a>\n\t\t<\/div>\n\t\t\t\t<\/div>\n\t\t\t\t<\/div>\n\t\t\t\t\t\t<\/div>\n\t\t\t\t\t<\/div>\n\t\t<\/div>\n\t\t\t\t<div class=\"elementor-column elementor-col-25 elementor-top-column elementor-element elementor-element-e495f7a\" data-id=\"e495f7a\" data-element_type=\"column\">\n\t\t\t<div class=\"elementor-column-wrap elementor-element-populated\">\n\t\t\t\t\t\t\t<div class=\"elementor-widget-wrap\">\n\t\t\t\t\t\t<div class=\"elementor-element elementor-element-bb0a83d elementor-align-center elementor-widget elementor-widget-button\" data-id=\"bb0a83d\" data-element_type=\"widget\" data-widget_type=\"button.default\">\n\t\t\t\t<div class=\"elementor-widget-container\">\n\t\t\t\t\t<div class=\"elementor-button-wrapper\">\n\t\t\t<a href=\"https:\/\/music.apple.com\/us\/album\/alcoholica\/1482407059?i=1482407060%20\" class=\"elementor-button-link elementor-button elementor-size-sm\" role=\"button\">\n\t\t\t\t\t\t<span class=\"elementor-button-content-wrapper\">\n\t\t\t\t\t\t<span class=\"elementor-button-text\">APPLE MUSIC<\/span>\n\t\t<\/span>\n\t\t\t\t\t<\/a>\n\t\t<\/div>\n\t\t\t\t<\/div>\n\t\t\t\t<\/div>\n\t\t\t\t\t\t<\/div>\n\t\t\t\t\t<\/div>\n\t\t<\/div>\n\t\t\t\t<div class=\"elementor-column elementor-col-25 elementor-top-column elementor-element elementor-element-c976432\" data-id=\"c976432\" data-element_type=\"column\">\n\t\t\t<div class=\"elementor-column-wrap elementor-element-populated\">\n\t\t\t\t\t\t\t<div class=\"elementor-widget-wrap\">\n\t\t\t\t\t\t<div class=\"elementor-element elementor-element-75e16e0 elementor-align-center elementor-widget elementor-widget-button\" data-id=\"75e16e0\" data-element_type=\"widget\" data-widget_type=\"button.default\">\n\t\t\t\t<div class=\"elementor-widget-container\">\n\t\t\t\t\t<div class=\"elementor-button-wrapper\">\n\t\t\t<a href=\"https:\/\/deezer.page.link\/83Rf7oyQCcPCfdF47%20\" class=\"elementor-button-link elementor-button elementor-size-sm\" role=\"button\">\n\t\t\t\t\t\t<span class=\"elementor-button-content-wrapper\">\n\t\t\t\t\t\t<span class=\"elementor-button-text\">DEEZER<\/span>\n\t\t<\/span>\n\t\t\t\t\t<\/a>\n\t\t<\/div>\n\t\t\t\t<\/div>\n\t\t\t\t<\/div>\n\t\t\t\t\t\t<\/div>\n\t\t\t\t\t<\/div>\n\t\t<\/div>\n\t\t\t\t<div class=\"elementor-column elementor-col-25 elementor-top-column elementor-element elementor-element-c750ccf\" data-id=\"c750ccf\" data-element_type=\"column\">\n\t\t\t<div class=\"elementor-column-wrap elementor-element-populated\">\n\t\t\t\t\t\t\t<div class=\"elementor-widget-wrap\">\n\t\t\t\t\t\t<div class=\"elementor-element elementor-element-bf276e1 elementor-align-center elementor-widget elementor-widget-button\" data-id=\"bf276e1\" data-element_type=\"widget\" data-widget_type=\"button.default\">\n\t\t\t\t<div class=\"elementor-widget-container\">\n\t\t\t\t\t<div class=\"elementor-button-wrapper\">\n\t\t\t<a href=\"https:\/\/music.amazon.com\/albums\/B07YQ4CJZS?trackAsin=B07YQ4KHQB&#038;ref=dm_sh_7f62-78f9-dmcp-29ff-a0bb4&#038;musicTerritory=US&#038;marketplaceId=ATVPDKIKX0DER%20\" class=\"elementor-button-link elementor-button elementor-size-sm\" role=\"button\">\n\t\t\t\t\t\t<span class=\"elementor-button-content-wrapper\">\n\t\t\t\t\t\t<span class=\"elementor-button-text\">AMAZON MUSIC<\/span>\n\t\t<\/span>\n\t\t\t\t\t<\/a>\n\t\t<\/div>\n\t\t\t\t<\/div>\n\t\t\t\t<\/div>\n\t\t\t\t\t\t<\/div>\n\t\t\t\t\t<\/div>\n\t\t<\/div>\n\t\t\t\t\t\t\t\t<\/div>\n\t\t\t\t\t<\/div>\n\t\t<\/section>\n\t\t\t\t<section class=\"elementor-section elementor-top-section elementor-element elementor-element-d676073 elementor-section-stretched elementor-section-boxed elementor-section-height-default elementor-section-height-default\" data-id=\"d676073\" data-element_type=\"section\" data-settings=\"{&quot;stretch_section&quot;:&quot;section-stretched&quot;,&quot;background_background&quot;:&quot;classic&quot;}\">\n\t\t\t\t\t\t<div class=\"elementor-container elementor-column-gap-default\">\n\t\t\t\t\t\t\t<div class=\"elementor-row\">\n\t\t\t\t\t<div class=\"elementor-column elementor-col-100 elementor-top-column elementor-element elementor-element-496c98d\" data-id=\"496c98d\" data-element_type=\"column\">\n\t\t\t<div class=\"elementor-column-wrap elementor-element-populated\">\n\t\t\t\t\t\t\t<div class=\"elementor-widget-wrap\">\n\t\t\t\t\t\t<div class=\"elementor-element elementor-element-682fdde elementor-widget elementor-widget-text-editor\" data-id=\"682fdde\" data-element_type=\"widget\" data-widget_type=\"text-editor.default\">\n\t\t\t\t<div class=\"elementor-widget-container\">\n\t\t\t\t\t\t\t\t<div class=\"elementor-text-editor elementor-clearfix\">\n\t\t\t\t<div><p style=\"text-align: center;\"><span style=\"color: #ffffff;\">Real song project, Black cond d\u00edmelo mackey tu sabes, DJ Descontrol<\/span><\/p><p style=\"text-align: center;\"><span style=\"color: #ffffff;\">Ella esta solita bailando y con sus amigas no se mide<\/span><\/p><p style=\"text-align: center;\"><span style=\"color: #ffffff;\">Ella quiere reggaet\u00f3n entonces vamo a darle lo que pide<\/span><\/p><p style=\"text-align: center;\"><span style=\"color: #ffffff;\">Y a e voy pa la barra otra vez con ella no son 4 ni 3<\/span><\/p><p style=\"text-align: center;\"><span style=\"color: #ffffff;\">Pa mi que ella va por 10 cuidao con lo que tomas que te vas por los pie<\/span><\/p><p style=\"text-align: center;\"><span style=\"color: #ffffff;\">Y a e, a e, a e, cuidao con lo que tomas que te vas por los pie<\/span><\/p><p style=\"text-align: center;\"><span style=\"color: #ffffff;\">Y a e, a e, a e, cuidao con lo que tomas que te vas por los pie<\/span><\/p><p style=\"text-align: center;\"><span style=\"color: #ffffff;\">Y a e, muchacha coge un control que t\u00fa no eres descontrol<\/span><\/p><p style=\"text-align: center;\"><span style=\"color: #ffffff;\">Mi titi para para ese contrato con el alcohol<\/span><\/p><p style=\"text-align: center;\"><span style=\"color: #ffffff;\">Y t\u00fa eres mala mala mala tu tu tu con el ron quieres parar<\/span><\/p><p style=\"text-align: center;\"><span style=\"color: #ffffff;\">Y t\u00fa eres mala mala mala tu tu tu hoy no te van a ingresar<\/span><\/p><p style=\"text-align: center;\"><span style=\"color: #ffffff;\">Voy pa la barra otra vez con ella no son 4 ni 3<\/span><\/p><p style=\"text-align: center;\"><span style=\"color: #ffffff;\">Pa mi que ella va por 10 cuidao con lo que tomas que te vas por los pie<\/span><\/p><p style=\"text-align: center;\"><span style=\"color: #ffffff;\">Y a e, a e, a e, cuidao con lo que tomas que te vas por los pie<\/span><\/p><p style=\"text-align: center;\"><span style=\"color: #ffffff;\">Y a e, a e, a e, cuidao con lo que tomas que te vas por los pie<\/span><\/p><p style=\"text-align: center;\"><span style=\"color: #ffffff;\">Y a e, a m\u00ed t\u00fa no me enga\u00f1a yo s\u00e9 que t\u00fa eres farandulera<\/span><\/p><p style=\"text-align: center;\"><span style=\"color: #ffffff;\">Yo se que t\u00fa llegas con uno y despu\u00e9s te vas con cualquiera<\/span><\/p><p style=\"text-align: center;\"><span style=\"color: #ffffff;\">T\u00fa quieres gasolina igual que yankee<\/span><\/p><p style=\"text-align: center;\"><span style=\"color: #ffffff;\">Co\u00f1o titi estate tranqui despu\u00e9s no digas que no te avise<\/span><\/p><p style=\"text-align: center;\"><span style=\"color: #ffffff;\">Cuidao con lo que tomas que te vas por los pie<\/span><\/p><p style=\"text-align: center;\"><span style=\"color: #ffffff;\">Y a e, a e, a e, cuidao con lo que tomas que te vas por los pie<\/span><\/p><p style=\"text-align: center;\"><span style=\"color: #ffffff;\">Y a e, a e, a e, cuidao con lo que tomas que te vas por los pie<\/span><\/p><p style=\"text-align: center;\"><span style=\"color: #ffffff;\">Y a e, estamo en la revolution, aqu\u00ed est\u00e1n los verdaderos<\/span><\/p><p style=\"text-align: center;\"><span style=\"color: #ffffff;\">Como dice mechero estamos m\u00e1s fr\u00edo que enero<\/span><\/p><p style=\"text-align: center;\"><span style=\"color: #ffffff;\">To el mundo con la mano pal aire<\/span><\/p><p style=\"text-align: center;\"><span style=\"color: #ffffff;\">To el mundo con la mano pa arriba<\/span><\/p><p style=\"text-align: center;\"><span style=\"color: #ffffff;\">A quien dios se lo dio<\/span><\/p><p style=\"text-align: center;\"><span style=\"color: #ffffff;\">San Pedro se lo bendiga<\/span><\/p><p style=\"text-align: center;\"><span style=\"color: #ffffff;\">Cuidao con lo que tomas que te vas por los pie<\/span><\/p><p style=\"text-align: center;\"><span style=\"color: #ffffff;\">Y a e, a e, a e, cuidao con lo que tomas que te vas por los pie<\/span><\/p><p style=\"text-align: center;\"><span style=\"color: #ffffff;\">Y a e, a e, a e, cuidao con lo que tomas que te vas por los pie<\/span><\/p><p style=\"text-align: center;\"><span style=\"color: #ffffff;\">Y a e, Michael casual, kasanova, mechu, revolution boy<\/span><\/p><p style=\"text-align: center;\"><span style=\"color: #ffffff;\">T\u00fa sabes ma ma ma quien yo soy<\/span><\/p><p style=\"text-align: center;\"><span style=\"color: #ffffff;\">Enzo la melod\u00eda secreta dj descontrol<\/span><\/p><p style=\"text-align: center;\"><span style=\"color: #ffffff;\">Di Benedetto Production aqu\u00ed vamos pal mill\u00f3n<\/span><\/p><\/div>\t\t\t\t\t<\/div>\n\t\t\t\t\t\t<\/div>\n\t\t\t\t<\/div>\n\t\t\t\t\t\t<\/div>\n\t\t\t\t\t<\/div>\n\t\t<\/div>\n\t\t\t\t\t\t\t\t<\/div>\n\t\t\t\t\t<\/div>\n\t\t<\/section>\n\t\t\t\t\t\t<\/div>\n\t\t\t\t\t\t<\/div>\n\t\t\t\t\t<\/div>\n\t\t","protected":false},"excerpt":{"rendered":"<p>SPOTIFY APPLE MUSIC DEEZER AMAZON MUSIC Real song project, Black cond d\u00edmelo mackey tu sabes, DJ Descontrol Ella esta solita bailando y con sus amigas no se mide Ella quiere reggaet\u00f3n entonces vamo a darle lo que pide Y a e voy pa la barra otra vez con ella no son 4 ni 3 Pa.<\/p>\n","protected":false},"author":1,"featured_media":0,"parent":0,"menu_order":0,"comment_status":"closed","ping_status":"closed","template":"","meta":{"footnotes":""},"categories":[42],"tags":[],"class_list":["post-3497","page","type-page","status-publish","hentry","category-testi"],"yoast_head":"<!-- This site is optimized with the Yoast SEO plugin v19.6.1 - https:\/\/yoast.com\/wordpress\/plugins\/seo\/ -->\n<title>Alcoh\u00f3lica - Di Benedetto Productions<\/title>\n<meta name=\"robots\" content=\"index, follow, max-snippet:-1, max-image-preview:large, max-video-preview:-1\" \/>\n<link rel=\"canonical\" href=\"https:\/\/dibenedettoproductions.com\/?page_id=3497\" \/>\n<meta property=\"og:locale\" content=\"it_IT\" \/>\n<meta property=\"og:type\" content=\"article\" \/>\n<meta property=\"og:title\" content=\"Alcoh\u00f3lica - Di Benedetto Productions\" \/>\n<meta property=\"og:description\" content=\"SPOTIFY APPLE MUSIC DEEZER AMAZON MUSIC Real song project, Black cond d\u00edmelo mackey tu sabes, DJ Descontrol Ella esta solita bailando y con sus amigas no se mide Ella quiere reggaet\u00f3n entonces vamo a darle lo que pide Y a e voy pa la barra otra vez con ella no son 4 ni 3 Pa.\" \/>\n<meta property=\"og:url\" content=\"https:\/\/dibenedettoproductions.com\/?page_id=3497\" \/>\n<meta property=\"og:site_name\" content=\"Di Benedetto Productions\" \/>\n<meta property=\"article:modified_time\" content=\"2021-08-05T14:56:40+00:00\" \/>\n<meta name=\"twitter:card\" content=\"summary_large_image\" \/>\n<meta name=\"twitter:label1\" content=\"Tempo di lettura stimato\" \/>\n\t<meta name=\"twitter:data1\" content=\"2 minuti\" \/>\n<script type=\"application\/ld+json\" class=\"yoast-schema-graph\">{\"@context\":\"https:\/\/schema.org\",\"@graph\":[{\"@type\":\"WebPage\",\"@id\":\"https:\/\/dibenedettoproductions.com\/?page_id=3497\",\"url\":\"https:\/\/dibenedettoproductions.com\/?page_id=3497\",\"name\":\"Alcoh\u00f3lica - Di Benedetto Productions\",\"isPartOf\":{\"@id\":\"https:\/\/dibenedettoproductions.com\/#website\"},\"datePublished\":\"2021-02-22T16:49:50+00:00\",\"dateModified\":\"2021-08-05T14:56:40+00:00\",\"breadcrumb\":{\"@id\":\"https:\/\/dibenedettoproductions.com\/?page_id=3497#breadcrumb\"},\"inLanguage\":\"it-IT\",\"potentialAction\":[{\"@type\":\"ReadAction\",\"target\":[\"https:\/\/dibenedettoproductions.com\/?page_id=3497\"]}]},{\"@type\":\"BreadcrumbList\",\"@id\":\"https:\/\/dibenedettoproductions.com\/?page_id=3497#breadcrumb\",\"itemListElement\":[{\"@type\":\"ListItem\",\"position\":1,\"name\":\"Home\",\"item\":\"https:\/\/dibenedettoproductions.com\/\"},{\"@type\":\"ListItem\",\"position\":2,\"name\":\"Alcoh\u00f3lica\"}]},{\"@type\":\"WebSite\",\"@id\":\"https:\/\/dibenedettoproductions.com\/#website\",\"url\":\"https:\/\/dibenedettoproductions.com\/\",\"name\":\"Di Benedetto Productions\",\"description\":\"\",\"publisher\":{\"@id\":\"https:\/\/dibenedettoproductions.com\/#organization\"},\"potentialAction\":[{\"@type\":\"SearchAction\",\"target\":{\"@type\":\"EntryPoint\",\"urlTemplate\":\"https:\/\/dibenedettoproductions.com\/?s={search_term_string}\"},\"query-input\":\"required name=search_term_string\"}],\"inLanguage\":\"it-IT\"},{\"@type\":\"Organization\",\"@id\":\"https:\/\/dibenedettoproductions.com\/#organization\",\"name\":\"DI BENEDETTO PRODUCTIONS\",\"url\":\"https:\/\/dibenedettoproductions.com\/\",\"sameAs\":[],\"logo\":{\"@type\":\"ImageObject\",\"inLanguage\":\"it-IT\",\"@id\":\"https:\/\/dibenedettoproductions.com\/#\/schema\/logo\/image\/\",\"url\":\"https:\/\/dibenedettoproductions.com\/wp-content\/uploads\/2021\/09\/logo_di_benedetto_productions.jpg\",\"contentUrl\":\"https:\/\/dibenedettoproductions.com\/wp-content\/uploads\/2021\/09\/logo_di_benedetto_productions.jpg\",\"width\":225,\"height\":225,\"caption\":\"DI BENEDETTO PRODUCTIONS\"},\"image\":{\"@id\":\"https:\/\/dibenedettoproductions.com\/#\/schema\/logo\/image\/\"}}]}<\/script>\n<!-- \/ Yoast SEO plugin. -->","yoast_head_json":{"title":"Alcoh\u00f3lica - Di Benedetto Productions","robots":{"index":"index","follow":"follow","max-snippet":"max-snippet:-1","max-image-preview":"max-image-preview:large","max-video-preview":"max-video-preview:-1"},"canonical":"https:\/\/dibenedettoproductions.com\/?page_id=3497","og_locale":"it_IT","og_type":"article","og_title":"Alcoh\u00f3lica - Di Benedetto Productions","og_description":"SPOTIFY APPLE MUSIC DEEZER AMAZON MUSIC Real song project, Black cond d\u00edmelo mackey tu sabes, DJ Descontrol Ella esta solita bailando y con sus amigas no se mide Ella quiere reggaet\u00f3n entonces vamo a darle lo que pide Y a e voy pa la barra otra vez con ella no son 4 ni 3 Pa.","og_url":"https:\/\/dibenedettoproductions.com\/?page_id=3497","og_site_name":"Di Benedetto Productions","article_modified_time":"2021-08-05T14:56:40+00:00","twitter_card":"summary_large_image","twitter_misc":{"Tempo di lettura stimato":"2 minuti"},"schema":{"@context":"https:\/\/schema.org","@graph":[{"@type":"WebPage","@id":"https:\/\/dibenedettoproductions.com\/?page_id=3497","url":"https:\/\/dibenedettoproductions.com\/?page_id=3497","name":"Alcoh\u00f3lica - Di Benedetto Productions","isPartOf":{"@id":"https:\/\/dibenedettoproductions.com\/#website"},"datePublished":"2021-02-22T16:49:50+00:00","dateModified":"2021-08-05T14:56:40+00:00","breadcrumb":{"@id":"https:\/\/dibenedettoproductions.com\/?page_id=3497#breadcrumb"},"inLanguage":"it-IT","potentialAction":[{"@type":"ReadAction","target":["https:\/\/dibenedettoproductions.com\/?page_id=3497"]}]},{"@type":"BreadcrumbList","@id":"https:\/\/dibenedettoproductions.com\/?page_id=3497#breadcrumb","itemListElement":[{"@type":"ListItem","position":1,"name":"Home","item":"https:\/\/dibenedettoproductions.com\/"},{"@type":"ListItem","position":2,"name":"Alcoh\u00f3lica"}]},{"@type":"WebSite","@id":"https:\/\/dibenedettoproductions.com\/#website","url":"https:\/\/dibenedettoproductions.com\/","name":"Di Benedetto Productions","description":"","publisher":{"@id":"https:\/\/dibenedettoproductions.com\/#organization"},"potentialAction":[{"@type":"SearchAction","target":{"@type":"EntryPoint","urlTemplate":"https:\/\/dibenedettoproductions.com\/?s={search_term_string}"},"query-input":"required name=search_term_string"}],"inLanguage":"it-IT"},{"@type":"Organization","@id":"https:\/\/dibenedettoproductions.com\/#organization","name":"DI BENEDETTO PRODUCTIONS","url":"https:\/\/dibenedettoproductions.com\/","sameAs":[],"logo":{"@type":"ImageObject","inLanguage":"it-IT","@id":"https:\/\/dibenedettoproductions.com\/#\/schema\/logo\/image\/","url":"https:\/\/dibenedettoproductions.com\/wp-content\/uploads\/2021\/09\/logo_di_benedetto_productions.jpg","contentUrl":"https:\/\/dibenedettoproductions.com\/wp-content\/uploads\/2021\/09\/logo_di_benedetto_productions.jpg","width":225,"height":225,"caption":"DI BENEDETTO PRODUCTIONS"},"image":{"@id":"https:\/\/dibenedettoproductions.com\/#\/schema\/logo\/image\/"}}]}},"_links":{"self":[{"href":"https:\/\/dibenedettoproductions.com\/index.php?rest_route=\/wp\/v2\/pages\/3497","targetHints":{"allow":["GET"]}}],"collection":[{"href":"https:\/\/dibenedettoproductions.com\/index.php?rest_route=\/wp\/v2\/pages"}],"about":[{"href":"https:\/\/dibenedettoproductions.com\/index.php?rest_route=\/wp\/v2\/types\/page"}],"author":[{"embeddable":true,"href":"https:\/\/dibenedettoproductions.com\/index.php?rest_route=\/wp\/v2\/users\/1"}],"replies":[{"embeddable":true,"href":"https:\/\/dibenedettoproductions.com\/index.php?rest_route=%2Fwp%2Fv2%2Fcomments&post=3497"}],"version-history":[{"count":7,"href":"https:\/\/dibenedettoproductions.com\/index.php?rest_route=\/wp\/v2\/pages\/3497\/revisions"}],"predecessor-version":[{"id":5587,"href":"https:\/\/dibenedettoproductions.com\/index.php?rest_route=\/wp\/v2\/pages\/3497\/revisions\/5587"}],"wp:attachment":[{"href":"https:\/\/dibenedettoproductions.com\/index.php?rest_route=%2Fwp%2Fv2%2Fmedia&parent=3497"}],"wp:term":[{"taxonomy":"category","embeddable":true,"href":"https:\/\/dibenedettoproductions.com\/index.php?rest_route=%2Fwp%2Fv2%2Fcategories&post=3497"},{"taxonomy":"post_tag","embeddable":true,"href":"https:\/\/dibenedettoproductions.com\/index.php?rest_route=%2Fwp%2Fv2%2Ftags&post=3497"}],"curies":[{"name":"wp","href":"https:\/\/api.w.org\/{rel}","templated":true}]}}