{"id":3489,"date":"2021-02-22T16:47:12","date_gmt":"2021-02-22T16:47:12","guid":{"rendered":"https:\/\/dibenedettoproductions.com\/?page_id=3489"},"modified":"2021-08-05T14:56:33","modified_gmt":"2021-08-05T14:56:33","slug":"adiccion","status":"publish","type":"page","link":"https:\/\/dibenedettoproductions.com\/?page_id=3489","title":{"rendered":"Adicci\u00f3n"},"content":{"rendered":"\t\t<div data-elementor-type=\"wp-page\" data-elementor-id=\"3489\" class=\"elementor elementor-3489\" data-elementor-settings=\"[]\">\n\t\t\t\t\t\t<div class=\"elementor-inner\">\n\t\t\t\t\t\t\t<div class=\"elementor-section-wrap\">\n\t\t\t\t\t\t\t<section class=\"elementor-section elementor-top-section elementor-element elementor-element-4009a9b elementor-section-stretched elementor-section-boxed elementor-section-height-default elementor-section-height-default\" data-id=\"4009a9b\" data-element_type=\"section\" data-settings=\"{&quot;stretch_section&quot;:&quot;section-stretched&quot;,&quot;background_background&quot;:&quot;classic&quot;}\">\n\t\t\t\t\t\t<div class=\"elementor-container elementor-column-gap-default\">\n\t\t\t\t\t\t\t<div class=\"elementor-row\">\n\t\t\t\t\t<div class=\"elementor-column elementor-col-25 elementor-top-column elementor-element elementor-element-ba77805\" data-id=\"ba77805\" data-element_type=\"column\">\n\t\t\t<div class=\"elementor-column-wrap elementor-element-populated\">\n\t\t\t\t\t\t\t<div class=\"elementor-widget-wrap\">\n\t\t\t\t\t\t<div class=\"elementor-element elementor-element-2138cbb elementor-align-center elementor-widget elementor-widget-button\" data-id=\"2138cbb\" data-element_type=\"widget\" data-widget_type=\"button.default\">\n\t\t\t\t<div class=\"elementor-widget-container\">\n\t\t\t\t\t<div class=\"elementor-button-wrapper\">\n\t\t\t<a href=\"https:\/\/open.spotify.com\/track\/1fd383iKXcik60xMUNNxlL?si=UAAq_NaWS9KEHBeARmBGCg%20\" class=\"elementor-button-link elementor-button elementor-size-sm\" role=\"button\">\n\t\t\t\t\t\t<span class=\"elementor-button-content-wrapper\">\n\t\t\t\t\t\t<span class=\"elementor-button-text\">SPOTIFY<\/span>\n\t\t<\/span>\n\t\t\t\t\t<\/a>\n\t\t<\/div>\n\t\t\t\t<\/div>\n\t\t\t\t<\/div>\n\t\t\t\t\t\t<\/div>\n\t\t\t\t\t<\/div>\n\t\t<\/div>\n\t\t\t\t<div class=\"elementor-column elementor-col-25 elementor-top-column elementor-element elementor-element-23a4197\" data-id=\"23a4197\" data-element_type=\"column\">\n\t\t\t<div class=\"elementor-column-wrap elementor-element-populated\">\n\t\t\t\t\t\t\t<div class=\"elementor-widget-wrap\">\n\t\t\t\t\t\t<div class=\"elementor-element elementor-element-55dcf0a elementor-align-center elementor-widget elementor-widget-button\" data-id=\"55dcf0a\" data-element_type=\"widget\" data-widget_type=\"button.default\">\n\t\t\t\t<div class=\"elementor-widget-container\">\n\t\t\t\t\t<div class=\"elementor-button-wrapper\">\n\t\t\t<a href=\"https:\/\/music.apple.com\/us\/album\/adicci%C3%B3n\/1349423187?i=1349424003\" class=\"elementor-button-link elementor-button elementor-size-sm\" role=\"button\">\n\t\t\t\t\t\t<span class=\"elementor-button-content-wrapper\">\n\t\t\t\t\t\t<span class=\"elementor-button-text\">APPLE MUSIC<\/span>\n\t\t<\/span>\n\t\t\t\t\t<\/a>\n\t\t<\/div>\n\t\t\t\t<\/div>\n\t\t\t\t<\/div>\n\t\t\t\t\t\t<\/div>\n\t\t\t\t\t<\/div>\n\t\t<\/div>\n\t\t\t\t<div class=\"elementor-column elementor-col-25 elementor-top-column elementor-element elementor-element-c3c04d6\" data-id=\"c3c04d6\" data-element_type=\"column\">\n\t\t\t<div class=\"elementor-column-wrap elementor-element-populated\">\n\t\t\t\t\t\t\t<div class=\"elementor-widget-wrap\">\n\t\t\t\t\t\t<div class=\"elementor-element elementor-element-0b657d3 elementor-align-center elementor-widget elementor-widget-button\" data-id=\"0b657d3\" data-element_type=\"widget\" data-widget_type=\"button.default\">\n\t\t\t\t<div class=\"elementor-widget-container\">\n\t\t\t\t\t<div class=\"elementor-button-wrapper\">\n\t\t\t<a href=\"https:\/\/deezer.page.link\/k2GE3tZpkRqBtdaM8%20\" class=\"elementor-button-link elementor-button elementor-size-sm\" role=\"button\">\n\t\t\t\t\t\t<span class=\"elementor-button-content-wrapper\">\n\t\t\t\t\t\t<span class=\"elementor-button-text\">DEEZER<\/span>\n\t\t<\/span>\n\t\t\t\t\t<\/a>\n\t\t<\/div>\n\t\t\t\t<\/div>\n\t\t\t\t<\/div>\n\t\t\t\t\t\t<\/div>\n\t\t\t\t\t<\/div>\n\t\t<\/div>\n\t\t\t\t<div class=\"elementor-column elementor-col-25 elementor-top-column elementor-element elementor-element-0b842f8\" data-id=\"0b842f8\" data-element_type=\"column\">\n\t\t\t<div class=\"elementor-column-wrap elementor-element-populated\">\n\t\t\t\t\t\t\t<div class=\"elementor-widget-wrap\">\n\t\t\t\t\t\t<div class=\"elementor-element elementor-element-63d554c elementor-align-center elementor-widget elementor-widget-button\" data-id=\"63d554c\" data-element_type=\"widget\" data-widget_type=\"button.default\">\n\t\t\t\t<div class=\"elementor-widget-container\">\n\t\t\t\t\t<div class=\"elementor-button-wrapper\">\n\t\t\t<a href=\"https:\/\/music.amazon.com\/albums\/B07TCHMNWJ?trackAsin=B07T89ZNVL&#038;ref=dm_sh_0673-a8ed-dmcp-ef23-7eba0&#038;musicTerritory=US&#038;marketplaceId=ATVPDKIKX0DER%20\" class=\"elementor-button-link elementor-button elementor-size-sm\" role=\"button\">\n\t\t\t\t\t\t<span class=\"elementor-button-content-wrapper\">\n\t\t\t\t\t\t<span class=\"elementor-button-text\">AMAZON MUSIC<\/span>\n\t\t<\/span>\n\t\t\t\t\t<\/a>\n\t\t<\/div>\n\t\t\t\t<\/div>\n\t\t\t\t<\/div>\n\t\t\t\t\t\t<\/div>\n\t\t\t\t\t<\/div>\n\t\t<\/div>\n\t\t\t\t\t\t\t\t<\/div>\n\t\t\t\t\t<\/div>\n\t\t<\/section>\n\t\t\t\t<section class=\"elementor-section elementor-top-section elementor-element elementor-element-f976c59 elementor-section-stretched elementor-section-boxed elementor-section-height-default elementor-section-height-default\" data-id=\"f976c59\" data-element_type=\"section\" data-settings=\"{&quot;stretch_section&quot;:&quot;section-stretched&quot;,&quot;background_background&quot;:&quot;classic&quot;}\">\n\t\t\t\t\t\t<div class=\"elementor-container elementor-column-gap-default\">\n\t\t\t\t\t\t\t<div class=\"elementor-row\">\n\t\t\t\t\t<div class=\"elementor-column elementor-col-100 elementor-top-column elementor-element elementor-element-30d7c13\" data-id=\"30d7c13\" data-element_type=\"column\">\n\t\t\t<div class=\"elementor-column-wrap elementor-element-populated\">\n\t\t\t\t\t\t\t<div class=\"elementor-widget-wrap\">\n\t\t\t\t\t\t<div class=\"elementor-element elementor-element-f40e5e7 elementor-widget elementor-widget-text-editor\" data-id=\"f40e5e7\" data-element_type=\"widget\" data-widget_type=\"text-editor.default\">\n\t\t\t\t<div class=\"elementor-widget-container\">\n\t\t\t\t\t\t\t\t<div class=\"elementor-text-editor elementor-clearfix\">\n\t\t\t\t<div><p style=\"text-align: center;\"><span style=\"color: #ffffff;\">S\u00fabeteme encima que t\u00fa sabes c\u00f3mo es<\/span><\/p><p style=\"text-align: center;\"><span style=\"color: #ffffff;\">Y hazme un baile de esos de los que sabes hacer<\/span><\/p><p style=\"text-align: center;\"><span style=\"color: #ffffff;\">Metamorfosis, sufre mi cuerpo<\/span><\/p><p style=\"text-align: center;\"><span style=\"color: #ffffff;\">Y me das porque me sientas dentro<\/span><\/p><p style=\"text-align: center;\">\u00a0<\/p><p style=\"text-align: center;\"><span style=\"color: #ffffff;\">Y es una adicci\u00f3n te lo juro que yo sufro por tu cuerpo<\/span><\/p><p style=\"text-align: center;\"><span style=\"color: #ffffff;\">Salgo a buscarte cuando no te tengo<\/span><\/p><p style=\"text-align: center;\"><span style=\"color: #ffffff;\">Y quiero que esto no se acabe baby t\u00fa lo sabes que<\/span><\/p><p style=\"text-align: center;\"><span style=\"color: #ffffff;\">Tengo una adicci\u00f3n te lo juro que yo sufro por tu cuerpo<\/span><\/p><p style=\"text-align: center;\"><span style=\"color: #ffffff;\">Y quiero que hoy me sientas dentro<\/span><\/p><p style=\"text-align: center;\"><span style=\"color: #ffffff;\">Baby las luces no me apagues deja que te grabe<\/span><\/p><p style=\"text-align: center;\">\u00a0<\/p><p style=\"text-align: center;\"><span style=\"color: #ffffff;\">Pon el tel\u00e9fono y t\u00fa lentamente y yo lo hacemos en el closet<\/span><\/p><p style=\"text-align: center;\"><span style=\"color: #ffffff;\">Te gusta explorar lo que no conoce, lo que no conoce<\/span><\/p><p style=\"text-align: center;\"><span style=\"color: #ffffff;\">Y s\u00e9 que tu novio no llega a catorce<\/span><\/p><p style=\"text-align: center;\"><span style=\"color: #ffffff;\">Catorce es lo que me sobran para castigarte en todas las poses<\/span><\/p><p style=\"text-align: center;\"><span style=\"color: #ffffff;\">T\u00fa eres mi hero\u00edna, adictiva como la morfina<\/span><\/p><p style=\"text-align: center;\"><span style=\"color: #ffffff;\">En la calle te haces la fina pero en la cama t\u00fa eres una asesina<\/span><\/p><p style=\"text-align: center;\"><span style=\"color: #ffffff;\">Baby Yo no s\u00e9, baby yo no s\u00e9 pero me enamor\u00e9 de ti me enganch\u00e9<\/span><\/p><p style=\"text-align: center;\"><span style=\"color: #ffffff;\">Baby Yo no s\u00e9, baby yo no s\u00e9 pero me enamor\u00e9 de ti me enganch\u00e9<\/span><\/p><p style=\"text-align: center;\">\u00a0<\/p><p style=\"text-align: center;\"><span style=\"color: #ffffff;\">Y es una adicci\u00f3n te lo juro que yo sufro por tu cuerpo<\/span><\/p><p style=\"text-align: center;\"><span style=\"color: #ffffff;\">Salgo a buscarte cuando no te tengo<\/span><\/p><p style=\"text-align: center;\"><span style=\"color: #ffffff;\">Y quiero que esto no se acabe baby t\u00fa lo sabes que<\/span><\/p><p style=\"text-align: center;\"><span style=\"color: #ffffff;\">Es una adicci\u00f3n te lo juro que yo sufro por tu cuerpo<\/span><\/p><p style=\"text-align: center;\"><span style=\"color: #ffffff;\">Y quiero que hoy me sientas dentro<\/span><\/p><p style=\"text-align: center;\"><span style=\"color: #ffffff;\">Baby las luces no me apagues y deja que te grabe<\/span><\/p><p style=\"text-align: center;\">\u00a0<\/p><p style=\"text-align: center;\"><span style=\"color: #ffffff;\">Baby s\u00e9 pero no, cada vez que lo hacemos los dos<\/span><\/p><p style=\"text-align: center;\"><span style=\"color: #ffffff;\">Cada vez que hacemos el sexo baby escucho tu voz<\/span><\/p><p style=\"text-align: center;\"><span style=\"color: #ffffff;\">Lo que quieres es m\u00e1s, en la intimidad,<\/span><\/p><p style=\"text-align: center;\"><span style=\"color: #ffffff;\">Que yo te castigue en todas partes sin parar<\/span><\/p><p style=\"text-align: center;\"><span style=\"color: #ffffff;\">Tata, tata, tata, me gusta como maltratas<\/span><\/p><p style=\"text-align: center;\"><span style=\"color: #ffffff;\">Tu cuerpo cuando est\u00e1 encima del m\u00edo<\/span><\/p><p style=\"text-align: center;\"><span style=\"color: #ffffff;\">S\u00e9 que tu cara r\u00e1pido delata que,<\/span><\/p><p style=\"text-align: center;\"><span style=\"color: #ffffff;\">Tu cuerpo y el m\u00edo rebasan el clima<\/span><\/p><p style=\"text-align: center;\"><span style=\"color: #ffffff;\">Y mientras te doy m\u00e1s me contamina<\/span><\/p><p style=\"text-align: center;\"><span style=\"color: #ffffff;\">Te transformas cuando ya no hay luz<\/span><\/p><p style=\"text-align: center;\"><span style=\"color: #ffffff;\">Dice camina de nuevo para encima<\/span><\/p><p style=\"text-align: center;\"><span style=\"color: #ffffff;\">Filmemos este enciende lleg\u00f3 a la cocina<\/span><\/p><p style=\"text-align: center;\"><span style=\"color: #ffffff;\">Yo soy tu motor y t\u00fa mi gasolina<\/span><\/p><p style=\"text-align: center;\"><span style=\"color: #ffffff;\">Por eso lo m\u00edo y lo tuyo nunca termina<\/span><\/p><p style=\"text-align: center;\">\u00a0<\/p><p style=\"text-align: center;\"><span style=\"color: #ffffff;\">S\u00fabeteme encima que t\u00fa sabes c\u00f3mo es<\/span><\/p><p style=\"text-align: center;\"><span style=\"color: #ffffff;\">Y hazme un baile de esos de los que sabes hacer<\/span><\/p><p style=\"text-align: center;\"><span style=\"color: #ffffff;\">Metamorfosis, sufre mi cuerpo<\/span><\/p><p style=\"text-align: center;\"><span style=\"color: #ffffff;\">Y me das porque me sientas dentro<\/span><\/p><p style=\"text-align: center;\">\u00a0<\/p><p style=\"text-align: center;\"><span style=\"color: #ffffff;\">Es una adicci\u00f3n te lo juro que yo sufro por tu cuerpo<\/span><\/p><p style=\"text-align: center;\"><span style=\"color: #ffffff;\">Y quiero que hoy me sientas dentro<\/span><\/p><p style=\"text-align: center;\"><span style=\"color: #ffffff;\">Baby las luces no me apagues y deja que te grabe<\/span><\/p><p style=\"text-align: center;\"><span style=\"color: #ffffff;\">Es una adicci\u00f3n te lo juro que yo sufro por tu cuerpo<\/span><\/p><p style=\"text-align: center;\"><span style=\"color: #ffffff;\">Y quiero que hoy me sientas dentro<\/span><\/p><p style=\"text-align: center;\"><span style=\"color: #ffffff;\">Baby las luces no me apagues y deja que te grabe<\/span><\/p><\/div>\t\t\t\t\t<\/div>\n\t\t\t\t\t\t<\/div>\n\t\t\t\t<\/div>\n\t\t\t\t\t\t<\/div>\n\t\t\t\t\t<\/div>\n\t\t<\/div>\n\t\t\t\t\t\t\t\t<\/div>\n\t\t\t\t\t<\/div>\n\t\t<\/section>\n\t\t\t\t\t\t<\/div>\n\t\t\t\t\t\t<\/div>\n\t\t\t\t\t<\/div>\n\t\t","protected":false},"excerpt":{"rendered":"<p>SPOTIFY APPLE MUSIC DEEZER AMAZON MUSIC S\u00fabeteme encima que t\u00fa sabes c\u00f3mo es Y hazme un baile de esos de los que sabes hacer Metamorfosis, sufre mi cuerpo Y me das porque me sientas dentro \u00a0 Y es una adicci\u00f3n te lo juro que yo sufro por tu cuerpo Salgo a buscarte cuando no te.<\/p>\n","protected":false},"author":1,"featured_media":0,"parent":0,"menu_order":0,"comment_status":"closed","ping_status":"closed","template":"","meta":{"footnotes":""},"categories":[42],"tags":[],"class_list":["post-3489","page","type-page","status-publish","hentry","category-testi"],"yoast_head":"<!-- This site is optimized with the Yoast SEO plugin v19.6.1 - https:\/\/yoast.com\/wordpress\/plugins\/seo\/ -->\n<title>Adicci\u00f3n - Di Benedetto Productions<\/title>\n<meta name=\"robots\" content=\"index, follow, max-snippet:-1, max-image-preview:large, max-video-preview:-1\" \/>\n<link rel=\"canonical\" href=\"https:\/\/dibenedettoproductions.com\/?page_id=3489\" \/>\n<meta property=\"og:locale\" content=\"it_IT\" \/>\n<meta property=\"og:type\" content=\"article\" \/>\n<meta property=\"og:title\" content=\"Adicci\u00f3n - Di Benedetto Productions\" \/>\n<meta property=\"og:description\" content=\"SPOTIFY APPLE MUSIC DEEZER AMAZON MUSIC S\u00fabeteme encima que t\u00fa sabes c\u00f3mo es Y hazme un baile de esos de los que sabes hacer Metamorfosis, sufre mi cuerpo Y me das porque me sientas dentro \u00a0 Y es una adicci\u00f3n te lo juro que yo sufro por tu cuerpo Salgo a buscarte cuando no te.\" \/>\n<meta property=\"og:url\" content=\"https:\/\/dibenedettoproductions.com\/?page_id=3489\" \/>\n<meta property=\"og:site_name\" content=\"Di Benedetto Productions\" \/>\n<meta property=\"article:modified_time\" content=\"2021-08-05T14:56:33+00:00\" \/>\n<meta name=\"twitter:card\" content=\"summary_large_image\" \/>\n<meta name=\"twitter:label1\" content=\"Tempo di lettura stimato\" \/>\n\t<meta name=\"twitter:data1\" content=\"2 minuti\" \/>\n<script type=\"application\/ld+json\" class=\"yoast-schema-graph\">{\"@context\":\"https:\/\/schema.org\",\"@graph\":[{\"@type\":\"WebPage\",\"@id\":\"https:\/\/dibenedettoproductions.com\/?page_id=3489\",\"url\":\"https:\/\/dibenedettoproductions.com\/?page_id=3489\",\"name\":\"Adicci\u00f3n - Di Benedetto Productions\",\"isPartOf\":{\"@id\":\"https:\/\/dibenedettoproductions.com\/#website\"},\"datePublished\":\"2021-02-22T16:47:12+00:00\",\"dateModified\":\"2021-08-05T14:56:33+00:00\",\"breadcrumb\":{\"@id\":\"https:\/\/dibenedettoproductions.com\/?page_id=3489#breadcrumb\"},\"inLanguage\":\"it-IT\",\"potentialAction\":[{\"@type\":\"ReadAction\",\"target\":[\"https:\/\/dibenedettoproductions.com\/?page_id=3489\"]}]},{\"@type\":\"BreadcrumbList\",\"@id\":\"https:\/\/dibenedettoproductions.com\/?page_id=3489#breadcrumb\",\"itemListElement\":[{\"@type\":\"ListItem\",\"position\":1,\"name\":\"Home\",\"item\":\"https:\/\/dibenedettoproductions.com\/\"},{\"@type\":\"ListItem\",\"position\":2,\"name\":\"Adicci\u00f3n\"}]},{\"@type\":\"WebSite\",\"@id\":\"https:\/\/dibenedettoproductions.com\/#website\",\"url\":\"https:\/\/dibenedettoproductions.com\/\",\"name\":\"Di Benedetto Productions\",\"description\":\"\",\"publisher\":{\"@id\":\"https:\/\/dibenedettoproductions.com\/#organization\"},\"potentialAction\":[{\"@type\":\"SearchAction\",\"target\":{\"@type\":\"EntryPoint\",\"urlTemplate\":\"https:\/\/dibenedettoproductions.com\/?s={search_term_string}\"},\"query-input\":\"required name=search_term_string\"}],\"inLanguage\":\"it-IT\"},{\"@type\":\"Organization\",\"@id\":\"https:\/\/dibenedettoproductions.com\/#organization\",\"name\":\"DI BENEDETTO PRODUCTIONS\",\"url\":\"https:\/\/dibenedettoproductions.com\/\",\"sameAs\":[],\"logo\":{\"@type\":\"ImageObject\",\"inLanguage\":\"it-IT\",\"@id\":\"https:\/\/dibenedettoproductions.com\/#\/schema\/logo\/image\/\",\"url\":\"https:\/\/dibenedettoproductions.com\/wp-content\/uploads\/2021\/09\/logo_di_benedetto_productions.jpg\",\"contentUrl\":\"https:\/\/dibenedettoproductions.com\/wp-content\/uploads\/2021\/09\/logo_di_benedetto_productions.jpg\",\"width\":225,\"height\":225,\"caption\":\"DI BENEDETTO PRODUCTIONS\"},\"image\":{\"@id\":\"https:\/\/dibenedettoproductions.com\/#\/schema\/logo\/image\/\"}}]}<\/script>\n<!-- \/ Yoast SEO plugin. -->","yoast_head_json":{"title":"Adicci\u00f3n - Di Benedetto Productions","robots":{"index":"index","follow":"follow","max-snippet":"max-snippet:-1","max-image-preview":"max-image-preview:large","max-video-preview":"max-video-preview:-1"},"canonical":"https:\/\/dibenedettoproductions.com\/?page_id=3489","og_locale":"it_IT","og_type":"article","og_title":"Adicci\u00f3n - Di Benedetto Productions","og_description":"SPOTIFY APPLE MUSIC DEEZER AMAZON MUSIC S\u00fabeteme encima que t\u00fa sabes c\u00f3mo es Y hazme un baile de esos de los que sabes hacer Metamorfosis, sufre mi cuerpo Y me das porque me sientas dentro \u00a0 Y es una adicci\u00f3n te lo juro que yo sufro por tu cuerpo Salgo a buscarte cuando no te.","og_url":"https:\/\/dibenedettoproductions.com\/?page_id=3489","og_site_name":"Di Benedetto Productions","article_modified_time":"2021-08-05T14:56:33+00:00","twitter_card":"summary_large_image","twitter_misc":{"Tempo di lettura stimato":"2 minuti"},"schema":{"@context":"https:\/\/schema.org","@graph":[{"@type":"WebPage","@id":"https:\/\/dibenedettoproductions.com\/?page_id=3489","url":"https:\/\/dibenedettoproductions.com\/?page_id=3489","name":"Adicci\u00f3n - Di Benedetto Productions","isPartOf":{"@id":"https:\/\/dibenedettoproductions.com\/#website"},"datePublished":"2021-02-22T16:47:12+00:00","dateModified":"2021-08-05T14:56:33+00:00","breadcrumb":{"@id":"https:\/\/dibenedettoproductions.com\/?page_id=3489#breadcrumb"},"inLanguage":"it-IT","potentialAction":[{"@type":"ReadAction","target":["https:\/\/dibenedettoproductions.com\/?page_id=3489"]}]},{"@type":"BreadcrumbList","@id":"https:\/\/dibenedettoproductions.com\/?page_id=3489#breadcrumb","itemListElement":[{"@type":"ListItem","position":1,"name":"Home","item":"https:\/\/dibenedettoproductions.com\/"},{"@type":"ListItem","position":2,"name":"Adicci\u00f3n"}]},{"@type":"WebSite","@id":"https:\/\/dibenedettoproductions.com\/#website","url":"https:\/\/dibenedettoproductions.com\/","name":"Di Benedetto Productions","description":"","publisher":{"@id":"https:\/\/dibenedettoproductions.com\/#organization"},"potentialAction":[{"@type":"SearchAction","target":{"@type":"EntryPoint","urlTemplate":"https:\/\/dibenedettoproductions.com\/?s={search_term_string}"},"query-input":"required name=search_term_string"}],"inLanguage":"it-IT"},{"@type":"Organization","@id":"https:\/\/dibenedettoproductions.com\/#organization","name":"DI BENEDETTO PRODUCTIONS","url":"https:\/\/dibenedettoproductions.com\/","sameAs":[],"logo":{"@type":"ImageObject","inLanguage":"it-IT","@id":"https:\/\/dibenedettoproductions.com\/#\/schema\/logo\/image\/","url":"https:\/\/dibenedettoproductions.com\/wp-content\/uploads\/2021\/09\/logo_di_benedetto_productions.jpg","contentUrl":"https:\/\/dibenedettoproductions.com\/wp-content\/uploads\/2021\/09\/logo_di_benedetto_productions.jpg","width":225,"height":225,"caption":"DI BENEDETTO PRODUCTIONS"},"image":{"@id":"https:\/\/dibenedettoproductions.com\/#\/schema\/logo\/image\/"}}]}},"_links":{"self":[{"href":"https:\/\/dibenedettoproductions.com\/index.php?rest_route=\/wp\/v2\/pages\/3489","targetHints":{"allow":["GET"]}}],"collection":[{"href":"https:\/\/dibenedettoproductions.com\/index.php?rest_route=\/wp\/v2\/pages"}],"about":[{"href":"https:\/\/dibenedettoproductions.com\/index.php?rest_route=\/wp\/v2\/types\/page"}],"author":[{"embeddable":true,"href":"https:\/\/dibenedettoproductions.com\/index.php?rest_route=\/wp\/v2\/users\/1"}],"replies":[{"embeddable":true,"href":"https:\/\/dibenedettoproductions.com\/index.php?rest_route=%2Fwp%2Fv2%2Fcomments&post=3489"}],"version-history":[{"count":7,"href":"https:\/\/dibenedettoproductions.com\/index.php?rest_route=\/wp\/v2\/pages\/3489\/revisions"}],"predecessor-version":[{"id":5584,"href":"https:\/\/dibenedettoproductions.com\/index.php?rest_route=\/wp\/v2\/pages\/3489\/revisions\/5584"}],"wp:attachment":[{"href":"https:\/\/dibenedettoproductions.com\/index.php?rest_route=%2Fwp%2Fv2%2Fmedia&parent=3489"}],"wp:term":[{"taxonomy":"category","embeddable":true,"href":"https:\/\/dibenedettoproductions.com\/index.php?rest_route=%2Fwp%2Fv2%2Fcategories&post=3489"},{"taxonomy":"post_tag","embeddable":true,"href":"https:\/\/dibenedettoproductions.com\/index.php?rest_route=%2Fwp%2Fv2%2Ftags&post=3489"}],"curies":[{"name":"wp","href":"https:\/\/api.w.org\/{rel}","templated":true}]}}