{"id":3423,"date":"2021-02-19T10:53:17","date_gmt":"2021-02-19T10:53:17","guid":{"rendered":"https:\/\/dibenedettoproductions.com\/?page_id=3423"},"modified":"2021-08-05T14:55:56","modified_gmt":"2021-08-05T14:55:56","slug":"90-millas","status":"publish","type":"page","link":"https:\/\/dibenedettoproductions.com\/?page_id=3423","title":{"rendered":"90 Millas"},"content":{"rendered":"\t\t<div data-elementor-type=\"wp-page\" data-elementor-id=\"3423\" class=\"elementor elementor-3423\" data-elementor-settings=\"[]\">\n\t\t\t\t\t\t<div class=\"elementor-inner\">\n\t\t\t\t\t\t\t<div class=\"elementor-section-wrap\">\n\t\t\t\t\t\t\t<section class=\"elementor-section elementor-top-section elementor-element elementor-element-63a5823 elementor-section-stretched elementor-section-boxed elementor-section-height-default elementor-section-height-default\" data-id=\"63a5823\" data-element_type=\"section\" data-settings=\"{&quot;stretch_section&quot;:&quot;section-stretched&quot;,&quot;background_background&quot;:&quot;classic&quot;}\">\n\t\t\t\t\t\t<div class=\"elementor-container elementor-column-gap-default\">\n\t\t\t\t\t\t\t<div class=\"elementor-row\">\n\t\t\t\t\t<div class=\"elementor-column elementor-col-25 elementor-top-column elementor-element elementor-element-28d3c4b\" data-id=\"28d3c4b\" data-element_type=\"column\">\n\t\t\t<div class=\"elementor-column-wrap elementor-element-populated\">\n\t\t\t\t\t\t\t<div class=\"elementor-widget-wrap\">\n\t\t\t\t\t\t<div class=\"elementor-element elementor-element-9843dcf elementor-align-center elementor-widget elementor-widget-button\" data-id=\"9843dcf\" data-element_type=\"widget\" data-widget_type=\"button.default\">\n\t\t\t\t<div class=\"elementor-widget-container\">\n\t\t\t\t\t<div class=\"elementor-button-wrapper\">\n\t\t\t<a href=\"https:\/\/open.spotify.com\/track\/6WaGHnDluQdjkbRYdKBJdm?si=Ll5bPQTFSGyuGzVxucZ9Iw\" class=\"elementor-button-link elementor-button elementor-size-sm\" role=\"button\">\n\t\t\t\t\t\t<span class=\"elementor-button-content-wrapper\">\n\t\t\t\t\t\t<span class=\"elementor-button-text\">SPOTIFY<\/span>\n\t\t<\/span>\n\t\t\t\t\t<\/a>\n\t\t<\/div>\n\t\t\t\t<\/div>\n\t\t\t\t<\/div>\n\t\t\t\t\t\t<\/div>\n\t\t\t\t\t<\/div>\n\t\t<\/div>\n\t\t\t\t<div class=\"elementor-column elementor-col-25 elementor-top-column elementor-element elementor-element-643a002\" data-id=\"643a002\" data-element_type=\"column\">\n\t\t\t<div class=\"elementor-column-wrap elementor-element-populated\">\n\t\t\t\t\t\t\t<div class=\"elementor-widget-wrap\">\n\t\t\t\t\t\t<div class=\"elementor-element elementor-element-510b4aa elementor-align-center elementor-widget elementor-widget-button\" data-id=\"510b4aa\" data-element_type=\"widget\" data-widget_type=\"button.default\">\n\t\t\t\t<div class=\"elementor-widget-container\">\n\t\t\t\t\t<div class=\"elementor-button-wrapper\">\n\t\t\t<a href=\"https:\/\/music.apple.com\/us\/album\/90-millas\/1473008573?i=1473008574\" class=\"elementor-button-link elementor-button elementor-size-sm\" role=\"button\">\n\t\t\t\t\t\t<span class=\"elementor-button-content-wrapper\">\n\t\t\t\t\t\t<span class=\"elementor-button-text\">APPLE MUSIC<\/span>\n\t\t<\/span>\n\t\t\t\t\t<\/a>\n\t\t<\/div>\n\t\t\t\t<\/div>\n\t\t\t\t<\/div>\n\t\t\t\t\t\t<\/div>\n\t\t\t\t\t<\/div>\n\t\t<\/div>\n\t\t\t\t<div class=\"elementor-column elementor-col-25 elementor-top-column elementor-element elementor-element-1207b54\" data-id=\"1207b54\" data-element_type=\"column\">\n\t\t\t<div class=\"elementor-column-wrap elementor-element-populated\">\n\t\t\t\t\t\t\t<div class=\"elementor-widget-wrap\">\n\t\t\t\t\t\t<div class=\"elementor-element elementor-element-fafa0d5 elementor-align-center elementor-widget elementor-widget-button\" data-id=\"fafa0d5\" data-element_type=\"widget\" data-widget_type=\"button.default\">\n\t\t\t\t<div class=\"elementor-widget-container\">\n\t\t\t\t\t<div class=\"elementor-button-wrapper\">\n\t\t\t<a href=\"https:\/\/deezer.page.link\/BkMz8DeAkzHYgpqt6\" class=\"elementor-button-link elementor-button elementor-size-sm\" role=\"button\">\n\t\t\t\t\t\t<span class=\"elementor-button-content-wrapper\">\n\t\t\t\t\t\t<span class=\"elementor-button-text\">DEEZER<\/span>\n\t\t<\/span>\n\t\t\t\t\t<\/a>\n\t\t<\/div>\n\t\t\t\t<\/div>\n\t\t\t\t<\/div>\n\t\t\t\t\t\t<\/div>\n\t\t\t\t\t<\/div>\n\t\t<\/div>\n\t\t\t\t<div class=\"elementor-column elementor-col-25 elementor-top-column elementor-element elementor-element-d617044\" data-id=\"d617044\" data-element_type=\"column\">\n\t\t\t<div class=\"elementor-column-wrap elementor-element-populated\">\n\t\t\t\t\t\t\t<div class=\"elementor-widget-wrap\">\n\t\t\t\t\t\t<div class=\"elementor-element elementor-element-22cb226 elementor-align-center elementor-widget elementor-widget-button\" data-id=\"22cb226\" data-element_type=\"widget\" data-widget_type=\"button.default\">\n\t\t\t\t<div class=\"elementor-widget-container\">\n\t\t\t\t\t<div class=\"elementor-button-wrapper\">\n\t\t\t<a href=\"https:\/\/music.amazon.com\/albums\/B07V8LJVDW?trackAsin=B07V8LKBMR&#038;ref=dm_sh_b27a-3f29-dmcp-f00f-9fca0&#038;musicTerritory=US&#038;marketplaceId=ATVPDKIKX0DER\" class=\"elementor-button-link elementor-button elementor-size-sm\" role=\"button\">\n\t\t\t\t\t\t<span class=\"elementor-button-content-wrapper\">\n\t\t\t\t\t\t<span class=\"elementor-button-text\">AMAZON MUSIC<\/span>\n\t\t<\/span>\n\t\t\t\t\t<\/a>\n\t\t<\/div>\n\t\t\t\t<\/div>\n\t\t\t\t<\/div>\n\t\t\t\t\t\t<\/div>\n\t\t\t\t\t<\/div>\n\t\t<\/div>\n\t\t\t\t\t\t\t\t<\/div>\n\t\t\t\t\t<\/div>\n\t\t<\/section>\n\t\t\t\t<section class=\"elementor-section elementor-top-section elementor-element elementor-element-35c6bd6 elementor-section-stretched elementor-section-boxed elementor-section-height-default elementor-section-height-default\" data-id=\"35c6bd6\" data-element_type=\"section\" data-settings=\"{&quot;stretch_section&quot;:&quot;section-stretched&quot;,&quot;background_background&quot;:&quot;classic&quot;}\">\n\t\t\t\t\t\t<div class=\"elementor-container elementor-column-gap-default\">\n\t\t\t\t\t\t\t<div class=\"elementor-row\">\n\t\t\t\t\t<div class=\"elementor-column elementor-col-100 elementor-top-column elementor-element elementor-element-81ab371\" data-id=\"81ab371\" data-element_type=\"column\">\n\t\t\t<div class=\"elementor-column-wrap elementor-element-populated\">\n\t\t\t\t\t\t\t<div class=\"elementor-widget-wrap\">\n\t\t\t\t\t\t<div class=\"elementor-element elementor-element-41026be elementor-widget elementor-widget-text-editor\" data-id=\"41026be\" data-element_type=\"widget\" data-widget_type=\"text-editor.default\">\n\t\t\t\t<div class=\"elementor-widget-container\">\n\t\t\t\t\t\t\t\t<div class=\"elementor-text-editor elementor-clearfix\">\n\t\t\t\t<div><p style=\"text-align: center;\"><span style=\"color: #ffffff;\">Galaxy Music, ooooooooo, ratatata<\/span><\/p><p style=\"text-align: center;\"><span style=\"color: #ffffff;\">Y puede ser que no pueda tocarte Que no pueda sentirte, que solo pueda hablarte<\/span><\/p><p style=\"text-align: center;\"><span style=\"color: #ffffff;\">Puede ser que la distancia nos mate Pero yo nunca voy a olvidarte<\/span><\/p><p style=\"text-align: center;\"><span style=\"color: #ffffff;\">Porque mi coraz\u00f3n te ama T\u00fa eres la persona perfecta en la distancia equivocada<\/span><\/p><p style=\"text-align: center;\"><span style=\"color: #ffffff;\">Y aunque t\u00fa est\u00e9s a 90 millas no pasa nada<\/span><\/p><p style=\"text-align: center;\"><span style=\"color: #ffffff;\">T\u00fa eres la persona perfecta en la distancia equivocada<\/span><\/p><p style=\"text-align: center;\"><span style=\"color: #ffffff;\">Duele que tu est\u00e9s lejos<\/span><\/p><p style=\"text-align: center;\"><span style=\"color: #ffffff;\">Duele que no est\u00e9s aqu\u00ed, lo dar\u00eda todo por estar junto a ti<\/span><\/p><p style=\"text-align: center;\"><span style=\"color: #ffffff;\">Regresa que te quiero cerca y tu recuerdo no sale de mi cabeza<\/span><\/p><p style=\"text-align: center;\"><span style=\"color: #ffffff;\">Y solo quiero que tu est\u00e9s junto a mi Solo quiero que t\u00fa nunca te vayas de aqu\u00ed<\/span><\/p><p style=\"text-align: center;\"><span style=\"color: #ffffff;\">Es que mi coraz\u00f3n te ama T\u00fa eres la persona perfecta en la distancia equivocada<\/span><\/p><p style=\"text-align: center;\"><span style=\"color: #ffffff;\">Y aunque t\u00fa est\u00e9s a 90 millas no pasa nada<\/span><\/p><p style=\"text-align: center;\"><span style=\"color: #ffffff;\">T\u00fa eres la persona perfecta en la distancia equivocada<\/span><\/p><p style=\"text-align: center;\"><span style=\"color: #ffffff;\">Duele que t\u00fa est\u00e9s lejos<\/span><\/p><p style=\"text-align: center;\"><span style=\"color: #ffffff;\">No importa nada porque nos amamos<\/span><\/p><p style=\"text-align: center;\"><span style=\"color: #ffffff;\">No importa nada porque nos queremo<\/span><\/p><p style=\"text-align: center;\"><span style=\"color: #ffffff;\">Sue\u00f1o contigo caminar de la mano<\/span><\/p><p style=\"text-align: center;\"><span style=\"color: #ffffff;\">Sue\u00f1o contigo que alg\u00fan d\u00eda nos casemos<\/span><\/p><p style=\"text-align: center;\"><span style=\"color: #ffffff;\">Y puti m\u00e1tame t\u00fa eres m\u00eda m\u00e1tame<\/span><\/p><p style=\"text-align: center;\"><span style=\"color: #ffffff;\">Que no soy nada sin ti, que no soy nada sin usted<\/span><\/p><p style=\"text-align: center;\"><span style=\"color: #ffffff;\">Oe nadie podr\u00e1 nunca, nunca nadie podr\u00e1 separarnos<\/span><\/p><p style=\"text-align: center;\"><span style=\"color: #ffffff;\">Aunque pasen los d\u00edas aunque pasen los a\u00f1os<\/span><\/p><p style=\"text-align: center;\"><span style=\"color: #ffffff;\">Oye mago riega la bola pa que se forme el run run<\/span><\/p><p style=\"text-align: center;\"><span style=\"color: #ffffff;\">Que yo que yo que yo, que t\u00fa que t\u00fa que tu<\/span><\/p><p style=\"text-align: center;\"><span style=\"color: #ffffff;\">Mi coraz\u00f3n te ama<\/span><\/p><p style=\"text-align: center;\"><span style=\"color: #ffffff;\">T\u00fa eres la persona perfecta en la distancia equivocada<\/span><\/p><p style=\"text-align: center;\"><span style=\"color: #ffffff;\">Y aunque t\u00fa est\u00e9s a 90 millas no pasa nada<\/span><\/p><p style=\"text-align: center;\"><span style=\"color: #ffffff;\">T\u00fa eres la persona perfecta en la distancia equivocada<\/span><\/p><p style=\"text-align: center;\"><span style=\"color: #ffffff;\">Duele que t\u00fa est\u00e9s lejos<\/span><\/p><p style=\"text-align: center;\"><span style=\"color: #ffffff;\">Andamo con la bendici\u00f3n de orula eso me lo dijo mi padrino<\/span><\/p><p style=\"text-align: center;\"><span style=\"color: #ffffff;\">En esta talla somos unos samur\u00e1i<\/span><\/p><p style=\"text-align: center;\"><span style=\"color: #ffffff;\">Que nos hemos vuelto unos asesino<\/span><\/p><p style=\"text-align: center;\"><span style=\"color: #ffffff;\">Mi coraz\u00f3n te ama<\/span><\/p><p style=\"text-align: center;\"><span style=\"color: #ffffff;\">T\u00fa eres la persona perfecta en la distancia equivocada<\/span><\/p><p style=\"text-align: center;\"><span style=\"color: #ffffff;\">Y aunque t\u00fa est\u00e9s a 90 millas no pasa nada<\/span><\/p><p style=\"text-align: center;\"><span style=\"color: #ffffff;\">T\u00fa eres la persona perfecta en la distancia equivocada<\/span><\/p><p style=\"text-align: center;\"><span style=\"color: #ffffff;\">Duele que t\u00fa est\u00e9s lejos<\/span><\/p><p style=\"text-align: center;\"><span style=\"color: #ffffff;\">El mago, galaxia Music, mercenario, DJ Bra<\/span><\/p><p style=\"text-align: center;\"><span style=\"color: #ffffff;\">Escucha mira, Nicola de Bari Enzo la melod\u00eda secreta<\/span><\/p><p style=\"text-align: center;\"><span style=\"color: #ffffff;\">Di Benedetto Production oe michelito boutique<\/span><\/p><p style=\"text-align: center;\"><span style=\"color: #ffffff;\">Abdel la esencia te cogi\u00f3 el cirujano no creo en fuerza<\/span><\/p><p style=\"text-align: center;\"><span style=\"color: #ffffff;\">Primero echamos, se nos fue la mano<\/span><\/p><\/div>\t\t\t\t\t<\/div>\n\t\t\t\t\t\t<\/div>\n\t\t\t\t<\/div>\n\t\t\t\t\t\t<\/div>\n\t\t\t\t\t<\/div>\n\t\t<\/div>\n\t\t\t\t\t\t\t\t<\/div>\n\t\t\t\t\t<\/div>\n\t\t<\/section>\n\t\t\t\t\t\t<\/div>\n\t\t\t\t\t\t<\/div>\n\t\t\t\t\t<\/div>\n\t\t","protected":false},"excerpt":{"rendered":"<p>SPOTIFY APPLE MUSIC DEEZER AMAZON MUSIC Galaxy Music, ooooooooo, ratatata Y puede ser que no pueda tocarte Que no pueda sentirte, que solo pueda hablarte Puede ser que la distancia nos mate Pero yo nunca voy a olvidarte Porque mi coraz\u00f3n te ama T\u00fa eres la persona perfecta en la distancia equivocada Y aunque t\u00fa.<\/p>\n","protected":false},"author":1,"featured_media":0,"parent":0,"menu_order":0,"comment_status":"closed","ping_status":"closed","template":"","meta":{"footnotes":""},"categories":[42],"tags":[],"class_list":["post-3423","page","type-page","status-publish","hentry","category-testi"],"yoast_head":"<!-- This site is optimized with the Yoast SEO plugin v19.6.1 - https:\/\/yoast.com\/wordpress\/plugins\/seo\/ -->\n<title>90 Millas - Di Benedetto Productions<\/title>\n<meta name=\"robots\" content=\"index, follow, max-snippet:-1, max-image-preview:large, max-video-preview:-1\" \/>\n<link rel=\"canonical\" href=\"https:\/\/dibenedettoproductions.com\/?page_id=3423\" \/>\n<meta property=\"og:locale\" content=\"it_IT\" \/>\n<meta property=\"og:type\" content=\"article\" \/>\n<meta property=\"og:title\" content=\"90 Millas - Di Benedetto Productions\" \/>\n<meta property=\"og:description\" content=\"SPOTIFY APPLE MUSIC DEEZER AMAZON MUSIC Galaxy Music, ooooooooo, ratatata Y puede ser que no pueda tocarte Que no pueda sentirte, que solo pueda hablarte Puede ser que la distancia nos mate Pero yo nunca voy a olvidarte Porque mi coraz\u00f3n te ama T\u00fa eres la persona perfecta en la distancia equivocada Y aunque t\u00fa.\" \/>\n<meta property=\"og:url\" content=\"https:\/\/dibenedettoproductions.com\/?page_id=3423\" \/>\n<meta property=\"og:site_name\" content=\"Di Benedetto Productions\" \/>\n<meta property=\"article:modified_time\" content=\"2021-08-05T14:55:56+00:00\" \/>\n<meta name=\"twitter:card\" content=\"summary_large_image\" \/>\n<meta name=\"twitter:label1\" content=\"Tempo di lettura stimato\" \/>\n\t<meta name=\"twitter:data1\" content=\"2 minuti\" \/>\n<script type=\"application\/ld+json\" class=\"yoast-schema-graph\">{\"@context\":\"https:\/\/schema.org\",\"@graph\":[{\"@type\":\"WebPage\",\"@id\":\"https:\/\/dibenedettoproductions.com\/?page_id=3423\",\"url\":\"https:\/\/dibenedettoproductions.com\/?page_id=3423\",\"name\":\"90 Millas - Di Benedetto Productions\",\"isPartOf\":{\"@id\":\"https:\/\/dibenedettoproductions.com\/#website\"},\"datePublished\":\"2021-02-19T10:53:17+00:00\",\"dateModified\":\"2021-08-05T14:55:56+00:00\",\"breadcrumb\":{\"@id\":\"https:\/\/dibenedettoproductions.com\/?page_id=3423#breadcrumb\"},\"inLanguage\":\"it-IT\",\"potentialAction\":[{\"@type\":\"ReadAction\",\"target\":[\"https:\/\/dibenedettoproductions.com\/?page_id=3423\"]}]},{\"@type\":\"BreadcrumbList\",\"@id\":\"https:\/\/dibenedettoproductions.com\/?page_id=3423#breadcrumb\",\"itemListElement\":[{\"@type\":\"ListItem\",\"position\":1,\"name\":\"Home\",\"item\":\"https:\/\/dibenedettoproductions.com\/\"},{\"@type\":\"ListItem\",\"position\":2,\"name\":\"90 Millas\"}]},{\"@type\":\"WebSite\",\"@id\":\"https:\/\/dibenedettoproductions.com\/#website\",\"url\":\"https:\/\/dibenedettoproductions.com\/\",\"name\":\"Di Benedetto Productions\",\"description\":\"\",\"publisher\":{\"@id\":\"https:\/\/dibenedettoproductions.com\/#organization\"},\"potentialAction\":[{\"@type\":\"SearchAction\",\"target\":{\"@type\":\"EntryPoint\",\"urlTemplate\":\"https:\/\/dibenedettoproductions.com\/?s={search_term_string}\"},\"query-input\":\"required name=search_term_string\"}],\"inLanguage\":\"it-IT\"},{\"@type\":\"Organization\",\"@id\":\"https:\/\/dibenedettoproductions.com\/#organization\",\"name\":\"DI BENEDETTO PRODUCTIONS\",\"url\":\"https:\/\/dibenedettoproductions.com\/\",\"sameAs\":[],\"logo\":{\"@type\":\"ImageObject\",\"inLanguage\":\"it-IT\",\"@id\":\"https:\/\/dibenedettoproductions.com\/#\/schema\/logo\/image\/\",\"url\":\"https:\/\/dibenedettoproductions.com\/wp-content\/uploads\/2021\/09\/logo_di_benedetto_productions.jpg\",\"contentUrl\":\"https:\/\/dibenedettoproductions.com\/wp-content\/uploads\/2021\/09\/logo_di_benedetto_productions.jpg\",\"width\":225,\"height\":225,\"caption\":\"DI BENEDETTO PRODUCTIONS\"},\"image\":{\"@id\":\"https:\/\/dibenedettoproductions.com\/#\/schema\/logo\/image\/\"}}]}<\/script>\n<!-- \/ Yoast SEO plugin. -->","yoast_head_json":{"title":"90 Millas - Di Benedetto Productions","robots":{"index":"index","follow":"follow","max-snippet":"max-snippet:-1","max-image-preview":"max-image-preview:large","max-video-preview":"max-video-preview:-1"},"canonical":"https:\/\/dibenedettoproductions.com\/?page_id=3423","og_locale":"it_IT","og_type":"article","og_title":"90 Millas - Di Benedetto Productions","og_description":"SPOTIFY APPLE MUSIC DEEZER AMAZON MUSIC Galaxy Music, ooooooooo, ratatata Y puede ser que no pueda tocarte Que no pueda sentirte, que solo pueda hablarte Puede ser que la distancia nos mate Pero yo nunca voy a olvidarte Porque mi coraz\u00f3n te ama T\u00fa eres la persona perfecta en la distancia equivocada Y aunque t\u00fa.","og_url":"https:\/\/dibenedettoproductions.com\/?page_id=3423","og_site_name":"Di Benedetto Productions","article_modified_time":"2021-08-05T14:55:56+00:00","twitter_card":"summary_large_image","twitter_misc":{"Tempo di lettura stimato":"2 minuti"},"schema":{"@context":"https:\/\/schema.org","@graph":[{"@type":"WebPage","@id":"https:\/\/dibenedettoproductions.com\/?page_id=3423","url":"https:\/\/dibenedettoproductions.com\/?page_id=3423","name":"90 Millas - Di Benedetto Productions","isPartOf":{"@id":"https:\/\/dibenedettoproductions.com\/#website"},"datePublished":"2021-02-19T10:53:17+00:00","dateModified":"2021-08-05T14:55:56+00:00","breadcrumb":{"@id":"https:\/\/dibenedettoproductions.com\/?page_id=3423#breadcrumb"},"inLanguage":"it-IT","potentialAction":[{"@type":"ReadAction","target":["https:\/\/dibenedettoproductions.com\/?page_id=3423"]}]},{"@type":"BreadcrumbList","@id":"https:\/\/dibenedettoproductions.com\/?page_id=3423#breadcrumb","itemListElement":[{"@type":"ListItem","position":1,"name":"Home","item":"https:\/\/dibenedettoproductions.com\/"},{"@type":"ListItem","position":2,"name":"90 Millas"}]},{"@type":"WebSite","@id":"https:\/\/dibenedettoproductions.com\/#website","url":"https:\/\/dibenedettoproductions.com\/","name":"Di Benedetto Productions","description":"","publisher":{"@id":"https:\/\/dibenedettoproductions.com\/#organization"},"potentialAction":[{"@type":"SearchAction","target":{"@type":"EntryPoint","urlTemplate":"https:\/\/dibenedettoproductions.com\/?s={search_term_string}"},"query-input":"required name=search_term_string"}],"inLanguage":"it-IT"},{"@type":"Organization","@id":"https:\/\/dibenedettoproductions.com\/#organization","name":"DI BENEDETTO PRODUCTIONS","url":"https:\/\/dibenedettoproductions.com\/","sameAs":[],"logo":{"@type":"ImageObject","inLanguage":"it-IT","@id":"https:\/\/dibenedettoproductions.com\/#\/schema\/logo\/image\/","url":"https:\/\/dibenedettoproductions.com\/wp-content\/uploads\/2021\/09\/logo_di_benedetto_productions.jpg","contentUrl":"https:\/\/dibenedettoproductions.com\/wp-content\/uploads\/2021\/09\/logo_di_benedetto_productions.jpg","width":225,"height":225,"caption":"DI BENEDETTO PRODUCTIONS"},"image":{"@id":"https:\/\/dibenedettoproductions.com\/#\/schema\/logo\/image\/"}}]}},"_links":{"self":[{"href":"https:\/\/dibenedettoproductions.com\/index.php?rest_route=\/wp\/v2\/pages\/3423","targetHints":{"allow":["GET"]}}],"collection":[{"href":"https:\/\/dibenedettoproductions.com\/index.php?rest_route=\/wp\/v2\/pages"}],"about":[{"href":"https:\/\/dibenedettoproductions.com\/index.php?rest_route=\/wp\/v2\/types\/page"}],"author":[{"embeddable":true,"href":"https:\/\/dibenedettoproductions.com\/index.php?rest_route=\/wp\/v2\/users\/1"}],"replies":[{"embeddable":true,"href":"https:\/\/dibenedettoproductions.com\/index.php?rest_route=%2Fwp%2Fv2%2Fcomments&post=3423"}],"version-history":[{"count":13,"href":"https:\/\/dibenedettoproductions.com\/index.php?rest_route=\/wp\/v2\/pages\/3423\/revisions"}],"predecessor-version":[{"id":5578,"href":"https:\/\/dibenedettoproductions.com\/index.php?rest_route=\/wp\/v2\/pages\/3423\/revisions\/5578"}],"wp:attachment":[{"href":"https:\/\/dibenedettoproductions.com\/index.php?rest_route=%2Fwp%2Fv2%2Fmedia&parent=3423"}],"wp:term":[{"taxonomy":"category","embeddable":true,"href":"https:\/\/dibenedettoproductions.com\/index.php?rest_route=%2Fwp%2Fv2%2Fcategories&post=3423"},{"taxonomy":"post_tag","embeddable":true,"href":"https:\/\/dibenedettoproductions.com\/index.php?rest_route=%2Fwp%2Fv2%2Ftags&post=3423"}],"curies":[{"name":"wp","href":"https:\/\/api.w.org\/{rel}","templated":true}]}}