{"id":2318,"date":"2020-06-19T09:38:52","date_gmt":"2020-06-19T09:38:52","guid":{"rendered":"https:\/\/dibenedettoproductions.com\/?page_id=2318"},"modified":"2021-08-05T12:39:33","modified_gmt":"2021-08-05T12:39:33","slug":"lislie-guzman","status":"publish","type":"page","link":"https:\/\/dibenedettoproductions.com\/?page_id=2318","title":{"rendered":"Leslie Guzm\u00e1n"},"content":{"rendered":"\t\t<div data-elementor-type=\"wp-page\" data-elementor-id=\"2318\" class=\"elementor elementor-2318\" data-elementor-settings=\"[]\">\n\t\t\t\t\t\t<div class=\"elementor-inner\">\n\t\t\t\t\t\t\t<div class=\"elementor-section-wrap\">\n\t\t\t\t\t\t\t<section class=\"elementor-section elementor-top-section elementor-element elementor-element-fa2f8b7 elementor-section-stretched elementor-section-boxed elementor-section-height-default elementor-section-height-default\" data-id=\"fa2f8b7\" data-element_type=\"section\" data-settings=\"{&quot;stretch_section&quot;:&quot;section-stretched&quot;,&quot;background_background&quot;:&quot;classic&quot;}\">\n\t\t\t\t\t\t<div class=\"elementor-container elementor-column-gap-default\">\n\t\t\t\t\t\t\t<div class=\"elementor-row\">\n\t\t\t\t\t<div class=\"elementor-column elementor-col-50 elementor-top-column elementor-element elementor-element-e2bd236\" data-id=\"e2bd236\" data-element_type=\"column\">\n\t\t\t<div class=\"elementor-column-wrap elementor-element-populated\">\n\t\t\t\t\t\t\t<div class=\"elementor-widget-wrap\">\n\t\t\t\t\t\t<div class=\"elementor-element elementor-element-a4d1e77 elementor-align-center elementor-widget elementor-widget-button\" data-id=\"a4d1e77\" data-element_type=\"widget\" data-widget_type=\"button.default\">\n\t\t\t\t<div class=\"elementor-widget-container\">\n\t\t\t\t\t<div class=\"elementor-button-wrapper\">\n\t\t\t<a href=\"https:\/\/dibenedettoproductions.com\/video-leslie-guzman\/\" class=\"elementor-button-link elementor-button elementor-size-sm\" role=\"button\">\n\t\t\t\t\t\t<span class=\"elementor-button-content-wrapper\">\n\t\t\t\t\t\t<span class=\"elementor-button-icon elementor-align-icon-left\">\n\t\t\t\t<i aria-hidden=\"true\" class=\"fas fa-video\"><\/i>\t\t\t<\/span>\n\t\t\t\t\t\t<span class=\"elementor-button-text\">VIDEO MUSICALI<\/span>\n\t\t<\/span>\n\t\t\t\t\t<\/a>\n\t\t<\/div>\n\t\t\t\t<\/div>\n\t\t\t\t<\/div>\n\t\t\t\t\t\t<\/div>\n\t\t\t\t\t<\/div>\n\t\t<\/div>\n\t\t\t\t<div class=\"elementor-column elementor-col-50 elementor-top-column elementor-element elementor-element-8c61d59\" data-id=\"8c61d59\" data-element_type=\"column\">\n\t\t\t<div class=\"elementor-column-wrap elementor-element-populated\">\n\t\t\t\t\t\t\t<div class=\"elementor-widget-wrap\">\n\t\t\t\t\t\t<div class=\"elementor-element elementor-element-09e7484 elementor-align-center elementor-widget elementor-widget-button\" data-id=\"09e7484\" data-element_type=\"widget\" data-widget_type=\"button.default\">\n\t\t\t\t<div class=\"elementor-widget-container\">\n\t\t\t\t\t<div class=\"elementor-button-wrapper\">\n\t\t\t<a href=\"https:\/\/dibenedettoproductions.com\/testi-leslie-guzman\/\" class=\"elementor-button-link elementor-button elementor-size-sm\" role=\"button\">\n\t\t\t\t\t\t<span class=\"elementor-button-content-wrapper\">\n\t\t\t\t\t\t<span class=\"elementor-button-icon elementor-align-icon-left\">\n\t\t\t\t<i aria-hidden=\"true\" class=\"far fa-list-alt\"><\/i>\t\t\t<\/span>\n\t\t\t\t\t\t<span class=\"elementor-button-text\">BRANI<\/span>\n\t\t<\/span>\n\t\t\t\t\t<\/a>\n\t\t<\/div>\n\t\t\t\t<\/div>\n\t\t\t\t<\/div>\n\t\t\t\t\t\t<\/div>\n\t\t\t\t\t<\/div>\n\t\t<\/div>\n\t\t\t\t\t\t\t\t<\/div>\n\t\t\t\t\t<\/div>\n\t\t<\/section>\n\t\t\t\t<section class=\"elementor-section elementor-top-section elementor-element elementor-element-63e1aef elementor-section-stretched elementor-section-boxed elementor-section-height-default elementor-section-height-default\" data-id=\"63e1aef\" data-element_type=\"section\" data-settings=\"{&quot;stretch_section&quot;:&quot;section-stretched&quot;,&quot;background_background&quot;:&quot;classic&quot;}\">\n\t\t\t\t\t\t<div class=\"elementor-container elementor-column-gap-default\">\n\t\t\t\t\t\t\t<div class=\"elementor-row\">\n\t\t\t\t\t<div class=\"elementor-column elementor-col-100 elementor-top-column elementor-element elementor-element-896d0e9\" data-id=\"896d0e9\" data-element_type=\"column\">\n\t\t\t<div class=\"elementor-column-wrap elementor-element-populated\">\n\t\t\t\t\t\t\t<div class=\"elementor-widget-wrap\">\n\t\t\t\t\t\t<div class=\"elementor-element elementor-element-e98f943 elementor-widget elementor-widget-image\" data-id=\"e98f943\" data-element_type=\"widget\" data-widget_type=\"image.default\">\n\t\t\t\t<div class=\"elementor-widget-container\">\n\t\t\t\t\t\t\t\t<div class=\"elementor-image\">\n\t\t\t\t\t\t\t\t\t\t\t\t<img loading=\"lazy\" decoding=\"async\" width=\"300\" height=\"295\" src=\"https:\/\/dibenedettoproductions.com\/wp-content\/uploads\/2021\/02\/leslie-guzman-300x295.png\" class=\"attachment-medium size-medium\" alt=\"\" srcset=\"https:\/\/dibenedettoproductions.com\/wp-content\/uploads\/2021\/02\/leslie-guzman-300x295.png 300w, https:\/\/dibenedettoproductions.com\/wp-content\/uploads\/2021\/02\/leslie-guzman-340x334.png 340w, https:\/\/dibenedettoproductions.com\/wp-content\/uploads\/2021\/02\/leslie-guzman.png 410w\" sizes=\"auto, (max-width: 300px) 100vw, 300px\" \/>\t\t\t\t\t\t\t\t\t\t\t\t\t\t<\/div>\n\t\t\t\t\t\t<\/div>\n\t\t\t\t<\/div>\n\t\t\t\t<div class=\"elementor-element elementor-element-8ddac2c elementor-widget elementor-widget-text-editor\" data-id=\"8ddac2c\" data-element_type=\"widget\" data-widget_type=\"text-editor.default\">\n\t\t\t\t<div class=\"elementor-widget-container\">\n\t\t\t\t\t\t\t\t<div class=\"elementor-text-editor elementor-clearfix\">\n\t\t\t\t<p><span style=\"color: #ffffff;\">Io, Leslie H. Guzm\u00e1n Canes fin da giovanissima, i miei genitori e insegnanti hanno notato in me le attitudini per l&#8217;arte, motivo per cui ho iniziato a muovere i miei primi passi nel coro ESTRELLITAS, un gruppo che aveva sede nel capoluogo del Centro Habana. In questo gruppo ho ricevuto la prima guida vocale da professionisti altamente competenti. Dopo quel momento, ho deciso di sottopormi a test attitudinali per unirmi alla compagnia di ballo Tony Men\u00e9ndez, un&#8217;istituzione che all&#8217;epoca aveva gi\u00e0 prestigio, ma, essendo la danza, mi sono allontanato un po &#8216;dal canto. Data la mia giovane et\u00e0 e le incertezze tipiche dell&#8217;adolescenza, non avevo definito a quali manifestazioni artistiche mi sarei finalmente appoggiato, poich\u00e9 mi piacevano entrambi. Questo \u00e8 stato il motivo per cui mi sono avventurato nel Teatro Am\u00e9rica, dove, oltre a far parte della compagnia di danza per bambini, mi sono unito al coro dello stesso teatro. Con solo 14 anni, ma gi\u00e0 con una passeggiata nell&#8217;arte, \u00e8 entrato a far parte del gruppo ARTESTUDIO, il Piccolo uomo verde, destinato a formare artisticamente i bambini nelle manifestazioni di danza, musica e teatro. Alla fine, questo gruppo \u00e8 diventato la mia grande scuola, dove ho avuto un&#8217;eccezionale partecipazione a spettacoli e palcoscenici in tutto il paese, ma, professionalmente, avevo bisogno di altro, grazie al quale sono entrato a far parte della VEDARTE Company, dedicata a lavorare con adolescenti e adulti e specializzata nella musica teatrale. Parallelamente a questo mio interesse per le manifestazioni artistiche e come membro della VEDARTE Company, ho svolto e sviluppato studi universitari, ma \u00e8 stato molto complicato dedicarmi ad entrambe le attivit\u00e0, motivo per cui ho lasciato l&#8217;azienda, e una volta ho ricevuto il titolo che ho accreditato come laurea in giurisprudenza, mi sono unito al gruppo di musica dance &#8220;Yunior Romero e il suo sigillo cubano&#8221;, di cui sono membro di una ragazza del coro. Infine, penso che il mio futuro come musicista abbia buone aspettative e possibilit\u00e0 di successo, poich\u00e9 ho firmato un contratto con la societ\u00e0 di produzione &#8220;DI BENEDETTO PRODUCTIONS&#8221;, un&#8217;istituzione di grande prestigio internazionale, di cui approfitto per ringraziare per aver creduto in me e nel mio lavoro.<\/span><\/p>\t\t\t\t\t<\/div>\n\t\t\t\t\t\t<\/div>\n\t\t\t\t<\/div>\n\t\t\t\t\t\t<\/div>\n\t\t\t\t\t<\/div>\n\t\t<\/div>\n\t\t\t\t\t\t\t\t<\/div>\n\t\t\t\t\t<\/div>\n\t\t<\/section>\n\t\t\t\t\t\t<\/div>\n\t\t\t\t\t\t<\/div>\n\t\t\t\t\t<\/div>\n\t\t","protected":false},"excerpt":{"rendered":"<p>VIDEO MUSICALI BRANI Io, Leslie H. Guzm\u00e1n Canes fin da giovanissima, i miei genitori e insegnanti hanno notato in me le attitudini per l&#8217;arte, motivo per cui ho iniziato a muovere i miei primi passi nel coro ESTRELLITAS, un gruppo che aveva sede nel capoluogo del Centro Habana. In questo gruppo ho ricevuto la prima.<\/p>\n","protected":false},"author":2,"featured_media":0,"parent":0,"menu_order":0,"comment_status":"closed","ping_status":"closed","template":"","meta":{"footnotes":""},"categories":[16],"tags":[],"class_list":["post-2318","page","type-page","status-publish","hentry","category-artisti"],"yoast_head":"<!-- This site is optimized with the Yoast SEO plugin v19.6.1 - https:\/\/yoast.com\/wordpress\/plugins\/seo\/ -->\n<title>Leslie Guzm\u00e1n - Di Benedetto Productions<\/title>\n<meta name=\"robots\" content=\"index, follow, max-snippet:-1, max-image-preview:large, max-video-preview:-1\" \/>\n<link rel=\"canonical\" href=\"https:\/\/dibenedettoproductions.com\/?page_id=2318\" \/>\n<meta property=\"og:locale\" content=\"it_IT\" \/>\n<meta property=\"og:type\" content=\"article\" \/>\n<meta property=\"og:title\" content=\"Leslie Guzm\u00e1n - Di Benedetto Productions\" \/>\n<meta property=\"og:description\" content=\"VIDEO MUSICALI BRANI Io, Leslie H. Guzm\u00e1n Canes fin da giovanissima, i miei genitori e insegnanti hanno notato in me le attitudini per l&#8217;arte, motivo per cui ho iniziato a muovere i miei primi passi nel coro ESTRELLITAS, un gruppo che aveva sede nel capoluogo del Centro Habana. In questo gruppo ho ricevuto la prima.\" \/>\n<meta property=\"og:url\" content=\"https:\/\/dibenedettoproductions.com\/?page_id=2318\" \/>\n<meta property=\"og:site_name\" content=\"Di Benedetto Productions\" \/>\n<meta property=\"article:modified_time\" content=\"2021-08-05T12:39:33+00:00\" \/>\n<meta property=\"og:image\" content=\"https:\/\/dibenedettoproductions.com\/wp-content\/uploads\/2021\/02\/leslie-guzman-300x295.png\" \/>\n<meta name=\"twitter:card\" content=\"summary_large_image\" \/>\n<meta name=\"twitter:label1\" content=\"Tempo di lettura stimato\" \/>\n\t<meta name=\"twitter:data1\" content=\"2 minuti\" \/>\n<script type=\"application\/ld+json\" class=\"yoast-schema-graph\">{\"@context\":\"https:\/\/schema.org\",\"@graph\":[{\"@type\":\"WebPage\",\"@id\":\"https:\/\/dibenedettoproductions.com\/?page_id=2318\",\"url\":\"https:\/\/dibenedettoproductions.com\/?page_id=2318\",\"name\":\"Leslie Guzm\u00e1n - Di Benedetto Productions\",\"isPartOf\":{\"@id\":\"https:\/\/dibenedettoproductions.com\/#website\"},\"datePublished\":\"2020-06-19T09:38:52+00:00\",\"dateModified\":\"2021-08-05T12:39:33+00:00\",\"breadcrumb\":{\"@id\":\"https:\/\/dibenedettoproductions.com\/?page_id=2318#breadcrumb\"},\"inLanguage\":\"it-IT\",\"potentialAction\":[{\"@type\":\"ReadAction\",\"target\":[\"https:\/\/dibenedettoproductions.com\/?page_id=2318\"]}]},{\"@type\":\"BreadcrumbList\",\"@id\":\"https:\/\/dibenedettoproductions.com\/?page_id=2318#breadcrumb\",\"itemListElement\":[{\"@type\":\"ListItem\",\"position\":1,\"name\":\"Home\",\"item\":\"https:\/\/dibenedettoproductions.com\/\"},{\"@type\":\"ListItem\",\"position\":2,\"name\":\"Leslie Guzm\u00e1n\"}]},{\"@type\":\"WebSite\",\"@id\":\"https:\/\/dibenedettoproductions.com\/#website\",\"url\":\"https:\/\/dibenedettoproductions.com\/\",\"name\":\"Di Benedetto Productions\",\"description\":\"\",\"publisher\":{\"@id\":\"https:\/\/dibenedettoproductions.com\/#organization\"},\"potentialAction\":[{\"@type\":\"SearchAction\",\"target\":{\"@type\":\"EntryPoint\",\"urlTemplate\":\"https:\/\/dibenedettoproductions.com\/?s={search_term_string}\"},\"query-input\":\"required name=search_term_string\"}],\"inLanguage\":\"it-IT\"},{\"@type\":\"Organization\",\"@id\":\"https:\/\/dibenedettoproductions.com\/#organization\",\"name\":\"DI BENEDETTO PRODUCTIONS\",\"url\":\"https:\/\/dibenedettoproductions.com\/\",\"sameAs\":[],\"logo\":{\"@type\":\"ImageObject\",\"inLanguage\":\"it-IT\",\"@id\":\"https:\/\/dibenedettoproductions.com\/#\/schema\/logo\/image\/\",\"url\":\"https:\/\/dibenedettoproductions.com\/wp-content\/uploads\/2021\/09\/logo_di_benedetto_productions.jpg\",\"contentUrl\":\"https:\/\/dibenedettoproductions.com\/wp-content\/uploads\/2021\/09\/logo_di_benedetto_productions.jpg\",\"width\":225,\"height\":225,\"caption\":\"DI BENEDETTO PRODUCTIONS\"},\"image\":{\"@id\":\"https:\/\/dibenedettoproductions.com\/#\/schema\/logo\/image\/\"}}]}<\/script>\n<!-- \/ Yoast SEO plugin. -->","yoast_head_json":{"title":"Leslie Guzm\u00e1n - Di Benedetto Productions","robots":{"index":"index","follow":"follow","max-snippet":"max-snippet:-1","max-image-preview":"max-image-preview:large","max-video-preview":"max-video-preview:-1"},"canonical":"https:\/\/dibenedettoproductions.com\/?page_id=2318","og_locale":"it_IT","og_type":"article","og_title":"Leslie Guzm\u00e1n - Di Benedetto Productions","og_description":"VIDEO MUSICALI BRANI Io, Leslie H. Guzm\u00e1n Canes fin da giovanissima, i miei genitori e insegnanti hanno notato in me le attitudini per l&#8217;arte, motivo per cui ho iniziato a muovere i miei primi passi nel coro ESTRELLITAS, un gruppo che aveva sede nel capoluogo del Centro Habana. In questo gruppo ho ricevuto la prima.","og_url":"https:\/\/dibenedettoproductions.com\/?page_id=2318","og_site_name":"Di Benedetto Productions","article_modified_time":"2021-08-05T12:39:33+00:00","og_image":[{"url":"https:\/\/dibenedettoproductions.com\/wp-content\/uploads\/2021\/02\/leslie-guzman-300x295.png"}],"twitter_card":"summary_large_image","twitter_misc":{"Tempo di lettura stimato":"2 minuti"},"schema":{"@context":"https:\/\/schema.org","@graph":[{"@type":"WebPage","@id":"https:\/\/dibenedettoproductions.com\/?page_id=2318","url":"https:\/\/dibenedettoproductions.com\/?page_id=2318","name":"Leslie Guzm\u00e1n - Di Benedetto Productions","isPartOf":{"@id":"https:\/\/dibenedettoproductions.com\/#website"},"datePublished":"2020-06-19T09:38:52+00:00","dateModified":"2021-08-05T12:39:33+00:00","breadcrumb":{"@id":"https:\/\/dibenedettoproductions.com\/?page_id=2318#breadcrumb"},"inLanguage":"it-IT","potentialAction":[{"@type":"ReadAction","target":["https:\/\/dibenedettoproductions.com\/?page_id=2318"]}]},{"@type":"BreadcrumbList","@id":"https:\/\/dibenedettoproductions.com\/?page_id=2318#breadcrumb","itemListElement":[{"@type":"ListItem","position":1,"name":"Home","item":"https:\/\/dibenedettoproductions.com\/"},{"@type":"ListItem","position":2,"name":"Leslie Guzm\u00e1n"}]},{"@type":"WebSite","@id":"https:\/\/dibenedettoproductions.com\/#website","url":"https:\/\/dibenedettoproductions.com\/","name":"Di Benedetto Productions","description":"","publisher":{"@id":"https:\/\/dibenedettoproductions.com\/#organization"},"potentialAction":[{"@type":"SearchAction","target":{"@type":"EntryPoint","urlTemplate":"https:\/\/dibenedettoproductions.com\/?s={search_term_string}"},"query-input":"required name=search_term_string"}],"inLanguage":"it-IT"},{"@type":"Organization","@id":"https:\/\/dibenedettoproductions.com\/#organization","name":"DI BENEDETTO PRODUCTIONS","url":"https:\/\/dibenedettoproductions.com\/","sameAs":[],"logo":{"@type":"ImageObject","inLanguage":"it-IT","@id":"https:\/\/dibenedettoproductions.com\/#\/schema\/logo\/image\/","url":"https:\/\/dibenedettoproductions.com\/wp-content\/uploads\/2021\/09\/logo_di_benedetto_productions.jpg","contentUrl":"https:\/\/dibenedettoproductions.com\/wp-content\/uploads\/2021\/09\/logo_di_benedetto_productions.jpg","width":225,"height":225,"caption":"DI BENEDETTO PRODUCTIONS"},"image":{"@id":"https:\/\/dibenedettoproductions.com\/#\/schema\/logo\/image\/"}}]}},"_links":{"self":[{"href":"https:\/\/dibenedettoproductions.com\/index.php?rest_route=\/wp\/v2\/pages\/2318","targetHints":{"allow":["GET"]}}],"collection":[{"href":"https:\/\/dibenedettoproductions.com\/index.php?rest_route=\/wp\/v2\/pages"}],"about":[{"href":"https:\/\/dibenedettoproductions.com\/index.php?rest_route=\/wp\/v2\/types\/page"}],"author":[{"embeddable":true,"href":"https:\/\/dibenedettoproductions.com\/index.php?rest_route=\/wp\/v2\/users\/2"}],"replies":[{"embeddable":true,"href":"https:\/\/dibenedettoproductions.com\/index.php?rest_route=%2Fwp%2Fv2%2Fcomments&post=2318"}],"version-history":[{"count":24,"href":"https:\/\/dibenedettoproductions.com\/index.php?rest_route=\/wp\/v2\/pages\/2318\/revisions"}],"predecessor-version":[{"id":5549,"href":"https:\/\/dibenedettoproductions.com\/index.php?rest_route=\/wp\/v2\/pages\/2318\/revisions\/5549"}],"wp:attachment":[{"href":"https:\/\/dibenedettoproductions.com\/index.php?rest_route=%2Fwp%2Fv2%2Fmedia&parent=2318"}],"wp:term":[{"taxonomy":"category","embeddable":true,"href":"https:\/\/dibenedettoproductions.com\/index.php?rest_route=%2Fwp%2Fv2%2Fcategories&post=2318"},{"taxonomy":"post_tag","embeddable":true,"href":"https:\/\/dibenedettoproductions.com\/index.php?rest_route=%2Fwp%2Fv2%2Ftags&post=2318"}],"curies":[{"name":"wp","href":"https:\/\/api.w.org\/{rel}","templated":true}]}}