{"id":1988,"date":"2019-10-14T07:53:58","date_gmt":"2019-10-14T07:53:58","guid":{"rendered":"https:\/\/dibenedettoproductions.com\/?page_id=1988"},"modified":"2021-08-05T12:39:44","modified_gmt":"2021-08-05T12:39:44","slug":"los-yakuza","status":"publish","type":"page","link":"https:\/\/dibenedettoproductions.com\/?page_id=1988","title":{"rendered":"Los Yakuza"},"content":{"rendered":"\t\t<div data-elementor-type=\"wp-page\" data-elementor-id=\"1988\" class=\"elementor elementor-1988\" data-elementor-settings=\"[]\">\n\t\t\t\t\t\t<div class=\"elementor-inner\">\n\t\t\t\t\t\t\t<div class=\"elementor-section-wrap\">\n\t\t\t\t\t\t\t<section class=\"elementor-section elementor-top-section elementor-element elementor-element-69d719e elementor-section-stretched elementor-section-boxed elementor-section-height-default elementor-section-height-default\" data-id=\"69d719e\" data-element_type=\"section\" data-settings=\"{&quot;stretch_section&quot;:&quot;section-stretched&quot;,&quot;background_background&quot;:&quot;classic&quot;}\">\n\t\t\t\t\t\t<div class=\"elementor-container elementor-column-gap-default\">\n\t\t\t\t\t\t\t<div class=\"elementor-row\">\n\t\t\t\t\t<div class=\"elementor-column elementor-col-50 elementor-top-column elementor-element elementor-element-e6f1ca1\" data-id=\"e6f1ca1\" data-element_type=\"column\">\n\t\t\t<div class=\"elementor-column-wrap elementor-element-populated\">\n\t\t\t\t\t\t\t<div class=\"elementor-widget-wrap\">\n\t\t\t\t\t\t<div class=\"elementor-element elementor-element-cde4e28 elementor-align-center elementor-widget elementor-widget-button\" data-id=\"cde4e28\" data-element_type=\"widget\" data-widget_type=\"button.default\">\n\t\t\t\t<div class=\"elementor-widget-container\">\n\t\t\t\t\t<div class=\"elementor-button-wrapper\">\n\t\t\t<a href=\"https:\/\/dibenedettoproductions.com\/video-los-yakuza\/\" class=\"elementor-button-link elementor-button elementor-size-sm\" role=\"button\">\n\t\t\t\t\t\t<span class=\"elementor-button-content-wrapper\">\n\t\t\t\t\t\t<span class=\"elementor-button-icon elementor-align-icon-left\">\n\t\t\t\t<i aria-hidden=\"true\" class=\"fas fa-video\"><\/i>\t\t\t<\/span>\n\t\t\t\t\t\t<span class=\"elementor-button-text\">VIDEO MUSICALI<\/span>\n\t\t<\/span>\n\t\t\t\t\t<\/a>\n\t\t<\/div>\n\t\t\t\t<\/div>\n\t\t\t\t<\/div>\n\t\t\t\t\t\t<\/div>\n\t\t\t\t\t<\/div>\n\t\t<\/div>\n\t\t\t\t<div class=\"elementor-column elementor-col-50 elementor-top-column elementor-element elementor-element-e803c98\" data-id=\"e803c98\" data-element_type=\"column\">\n\t\t\t<div class=\"elementor-column-wrap elementor-element-populated\">\n\t\t\t\t\t\t\t<div class=\"elementor-widget-wrap\">\n\t\t\t\t\t\t<div class=\"elementor-element elementor-element-2669700 elementor-align-center elementor-widget elementor-widget-button\" data-id=\"2669700\" data-element_type=\"widget\" data-widget_type=\"button.default\">\n\t\t\t\t<div class=\"elementor-widget-container\">\n\t\t\t\t\t<div class=\"elementor-button-wrapper\">\n\t\t\t<a href=\"https:\/\/dibenedettoproductions.com\/testi-los-yakuza\/\" class=\"elementor-button-link elementor-button elementor-size-sm\" role=\"button\">\n\t\t\t\t\t\t<span class=\"elementor-button-content-wrapper\">\n\t\t\t\t\t\t<span class=\"elementor-button-icon elementor-align-icon-left\">\n\t\t\t\t<i aria-hidden=\"true\" class=\"far fa-list-alt\"><\/i>\t\t\t<\/span>\n\t\t\t\t\t\t<span class=\"elementor-button-text\">BRANI<\/span>\n\t\t<\/span>\n\t\t\t\t\t<\/a>\n\t\t<\/div>\n\t\t\t\t<\/div>\n\t\t\t\t<\/div>\n\t\t\t\t\t\t<\/div>\n\t\t\t\t\t<\/div>\n\t\t<\/div>\n\t\t\t\t\t\t\t\t<\/div>\n\t\t\t\t\t<\/div>\n\t\t<\/section>\n\t\t\t\t<section class=\"elementor-section elementor-top-section elementor-element elementor-element-7214c24f elementor-section-stretched elementor-section-boxed elementor-section-height-default elementor-section-height-default\" data-id=\"7214c24f\" data-element_type=\"section\" data-settings=\"{&quot;stretch_section&quot;:&quot;section-stretched&quot;,&quot;background_background&quot;:&quot;classic&quot;}\">\n\t\t\t\t\t\t<div class=\"elementor-container elementor-column-gap-default\">\n\t\t\t\t\t\t\t<div class=\"elementor-row\">\n\t\t\t\t\t<div class=\"elementor-column elementor-col-100 elementor-top-column elementor-element elementor-element-6439eacf\" data-id=\"6439eacf\" data-element_type=\"column\">\n\t\t\t<div class=\"elementor-column-wrap elementor-element-populated\">\n\t\t\t\t\t\t\t<div class=\"elementor-widget-wrap\">\n\t\t\t\t\t\t<div class=\"elementor-element elementor-element-0dc20b5 elementor-widget elementor-widget-image\" data-id=\"0dc20b5\" data-element_type=\"widget\" data-widget_type=\"image.default\">\n\t\t\t\t<div class=\"elementor-widget-container\">\n\t\t\t\t\t\t\t\t<div class=\"elementor-image\">\n\t\t\t\t\t\t\t\t\t\t\t\t<img loading=\"lazy\" decoding=\"async\" width=\"300\" height=\"300\" src=\"https:\/\/dibenedettoproductions.com\/wp-content\/uploads\/2021\/03\/2-tipi-300x300.png\" class=\"attachment-medium size-medium\" alt=\"\" srcset=\"https:\/\/dibenedettoproductions.com\/wp-content\/uploads\/2021\/03\/2-tipi-300x300.png 300w, https:\/\/dibenedettoproductions.com\/wp-content\/uploads\/2021\/03\/2-tipi-1024x1024.png 1024w, https:\/\/dibenedettoproductions.com\/wp-content\/uploads\/2021\/03\/2-tipi-150x150.png 150w, https:\/\/dibenedettoproductions.com\/wp-content\/uploads\/2021\/03\/2-tipi-768x769.png 768w, https:\/\/dibenedettoproductions.com\/wp-content\/uploads\/2021\/03\/2-tipi-390x390.png 390w, https:\/\/dibenedettoproductions.com\/wp-content\/uploads\/2021\/03\/2-tipi-262x262.png 262w, https:\/\/dibenedettoproductions.com\/wp-content\/uploads\/2021\/03\/2-tipi-340x340.png 340w, https:\/\/dibenedettoproductions.com\/wp-content\/uploads\/2021\/03\/2-tipi.png 1183w\" sizes=\"auto, (max-width: 300px) 100vw, 300px\" \/>\t\t\t\t\t\t\t\t\t\t\t\t\t\t<\/div>\n\t\t\t\t\t\t<\/div>\n\t\t\t\t<\/div>\n\t\t\t\t<div class=\"elementor-element elementor-element-72c2aebb elementor-widget elementor-widget-text-editor\" data-id=\"72c2aebb\" data-element_type=\"widget\" data-widget_type=\"text-editor.default\">\n\t\t\t\t<div class=\"elementor-widget-container\">\n\t\t\t\t\t\t\t\t<div class=\"elementor-text-editor elementor-clearfix\">\n\t\t\t\t<p><span style=\"color: #ffffff;\">Nosotros iniciamos nuestra carrera art\u00edstica a la edad de 17 y 14 a\u00f1os, donde particip\u00e1bamos en actividades de los Comit\u00e9 de Defensa de la Revoluci\u00f3n CDR y en actividades de La Casa de La Cultura de Marianao, cantamos en diferentes eventos como en prisiones, escuelas de ni\u00f1os con problemas, c\u00edrculos sociales, eventos populares, etc\u2026 En lo que llevamos de carrera hemos cantado en lugares abiertos como por ejemplo: Carnavales habaneros, Carnavales de Trinidad enfrent\u00e1ndonos por primera vez a un p\u00fablico que superaba las 8000 personas, La Plaza de Candelaria, El Rumbo de Guines, La Plaza de Melena del Sur, Los Arabos, Limonar, Calimete, Bataban\u00f3, Quivic\u00e1n, Alquizar, entre otras plazas. Tambi\u00e9n hemos cantado en Bares, establecimientos privados y establecimientos del estado. Hemos compartido grabaciones con cantantes muy aceptados por la juventud como: Angeles, Yulien Oviedo, El Yera &#8220;Ex cantante de Elito Rev\u00e9 y Su Charang\u00f3n\u00b4\u00b4.<\/span><\/p><p style=\"text-align: left;\"><span style=\"color: #ffffff;\"><strong>Misi\u00f3n:<\/strong> brindar a un p\u00fablico exigente la mejor calidad musical posible, manteniendo el buen gusto, transmitiendo valores y exigi\u00e9ndonos d\u00eda a d\u00eda para que a trav\u00e9s de nuestras letras nuestra m\u00fasica llegue al coraz\u00f3n de cada persona.<\/span><\/p><p style=\"text-align: left;\"><span style=\"color: #ffffff;\"><strong>Visi\u00f3n:<\/strong> convertirnos en un d\u00fao l\u00edder dentro de los tantos que hacen buena m\u00fasica, logrando mover masas y siendo modelos a seguir para la juventud, crear un sello propio donde no se pierda la cuban\u00eda y la esencia de nuestro pa\u00eds.<\/span><\/p><p style=\"text-align: left;\"><span style=\"color: #ffffff;\"><strong>Objetivo:<\/strong> que el pueblo de Cuba pueda disfrutar de una buena m\u00fasica que tenga un mensaje claro y profundo.<\/span><\/p><p style=\"text-align: left;\"><span style=\"color: #ffffff;\">Responsabilidad Social: como responsabilidad social tenemos el bien de realizar trabajos con ONG que est\u00e9n ubicadas en Cuba, laborando en el desarrollo social como colaborar en programas priorizados como: ni\u00f1os con c\u00e1ncer, prevenci\u00f3n para las enfermedades ITS\/ VIH\/SIDA, ni\u00f1os sin amparo filial entre otros.<\/span><\/p><p style=\"text-align: left;\"><span style=\"color: #ffffff;\"><strong>G\u00e9neros que ejecutamos:<\/strong><\/span><br \/><span style=\"color: #ffffff;\">-Rap<\/span><br \/><span style=\"color: #ffffff;\">-Fusi\u00f3n<\/span><br \/><span style=\"color: #ffffff;\">-Salsa<\/span><br \/><span style=\"color: #ffffff;\">-Merengue<\/span><br \/><span style=\"color: #ffffff;\">-Entre otros.<\/span><\/p>\t\t\t\t\t<\/div>\n\t\t\t\t\t\t<\/div>\n\t\t\t\t<\/div>\n\t\t\t\t\t\t<\/div>\n\t\t\t\t\t<\/div>\n\t\t<\/div>\n\t\t\t\t\t\t\t\t<\/div>\n\t\t\t\t\t<\/div>\n\t\t<\/section>\n\t\t\t\t\t\t<\/div>\n\t\t\t\t\t\t<\/div>\n\t\t\t\t\t<\/div>\n\t\t","protected":false},"excerpt":{"rendered":"<p>VIDEO MUSICALI BRANI Nosotros iniciamos nuestra carrera art\u00edstica a la edad de 17 y 14 a\u00f1os, donde particip\u00e1bamos en actividades de los Comit\u00e9 de Defensa de la Revoluci\u00f3n CDR y en actividades de La Casa de La Cultura de Marianao, cantamos en diferentes eventos como en prisiones, escuelas de ni\u00f1os con problemas, c\u00edrculos sociales, eventos.<\/p>\n","protected":false},"author":1,"featured_media":0,"parent":0,"menu_order":0,"comment_status":"closed","ping_status":"closed","template":"","meta":{"footnotes":""},"categories":[16],"tags":[],"class_list":["post-1988","page","type-page","status-publish","hentry","category-artisti"],"yoast_head":"<!-- This site is optimized with the Yoast SEO plugin v19.6.1 - https:\/\/yoast.com\/wordpress\/plugins\/seo\/ -->\n<title>Los Yakuza - Di Benedetto Productions<\/title>\n<meta name=\"robots\" content=\"index, follow, max-snippet:-1, max-image-preview:large, max-video-preview:-1\" \/>\n<link rel=\"canonical\" href=\"https:\/\/dibenedettoproductions.com\/?page_id=1988\" \/>\n<meta property=\"og:locale\" content=\"it_IT\" \/>\n<meta property=\"og:type\" content=\"article\" \/>\n<meta property=\"og:title\" content=\"Los Yakuza - Di Benedetto Productions\" \/>\n<meta property=\"og:description\" content=\"VIDEO MUSICALI BRANI Nosotros iniciamos nuestra carrera art\u00edstica a la edad de 17 y 14 a\u00f1os, donde particip\u00e1bamos en actividades de los Comit\u00e9 de Defensa de la Revoluci\u00f3n CDR y en actividades de La Casa de La Cultura de Marianao, cantamos en diferentes eventos como en prisiones, escuelas de ni\u00f1os con problemas, c\u00edrculos sociales, eventos.\" \/>\n<meta property=\"og:url\" content=\"https:\/\/dibenedettoproductions.com\/?page_id=1988\" \/>\n<meta property=\"og:site_name\" content=\"Di Benedetto Productions\" \/>\n<meta property=\"article:modified_time\" content=\"2021-08-05T12:39:44+00:00\" \/>\n<meta property=\"og:image\" content=\"https:\/\/dibenedettoproductions.com\/wp-content\/uploads\/2021\/03\/2-tipi-300x300.png\" \/>\n<meta name=\"twitter:card\" content=\"summary_large_image\" \/>\n<meta name=\"twitter:label1\" content=\"Tempo di lettura stimato\" \/>\n\t<meta name=\"twitter:data1\" content=\"2 minuti\" \/>\n<script type=\"application\/ld+json\" class=\"yoast-schema-graph\">{\"@context\":\"https:\/\/schema.org\",\"@graph\":[{\"@type\":\"WebPage\",\"@id\":\"https:\/\/dibenedettoproductions.com\/?page_id=1988\",\"url\":\"https:\/\/dibenedettoproductions.com\/?page_id=1988\",\"name\":\"Los Yakuza - Di Benedetto Productions\",\"isPartOf\":{\"@id\":\"https:\/\/dibenedettoproductions.com\/#website\"},\"datePublished\":\"2019-10-14T07:53:58+00:00\",\"dateModified\":\"2021-08-05T12:39:44+00:00\",\"breadcrumb\":{\"@id\":\"https:\/\/dibenedettoproductions.com\/?page_id=1988#breadcrumb\"},\"inLanguage\":\"it-IT\",\"potentialAction\":[{\"@type\":\"ReadAction\",\"target\":[\"https:\/\/dibenedettoproductions.com\/?page_id=1988\"]}]},{\"@type\":\"BreadcrumbList\",\"@id\":\"https:\/\/dibenedettoproductions.com\/?page_id=1988#breadcrumb\",\"itemListElement\":[{\"@type\":\"ListItem\",\"position\":1,\"name\":\"Home\",\"item\":\"https:\/\/dibenedettoproductions.com\/\"},{\"@type\":\"ListItem\",\"position\":2,\"name\":\"Los Yakuza\"}]},{\"@type\":\"WebSite\",\"@id\":\"https:\/\/dibenedettoproductions.com\/#website\",\"url\":\"https:\/\/dibenedettoproductions.com\/\",\"name\":\"Di Benedetto Productions\",\"description\":\"\",\"publisher\":{\"@id\":\"https:\/\/dibenedettoproductions.com\/#organization\"},\"potentialAction\":[{\"@type\":\"SearchAction\",\"target\":{\"@type\":\"EntryPoint\",\"urlTemplate\":\"https:\/\/dibenedettoproductions.com\/?s={search_term_string}\"},\"query-input\":\"required name=search_term_string\"}],\"inLanguage\":\"it-IT\"},{\"@type\":\"Organization\",\"@id\":\"https:\/\/dibenedettoproductions.com\/#organization\",\"name\":\"DI BENEDETTO PRODUCTIONS\",\"url\":\"https:\/\/dibenedettoproductions.com\/\",\"sameAs\":[],\"logo\":{\"@type\":\"ImageObject\",\"inLanguage\":\"it-IT\",\"@id\":\"https:\/\/dibenedettoproductions.com\/#\/schema\/logo\/image\/\",\"url\":\"https:\/\/dibenedettoproductions.com\/wp-content\/uploads\/2021\/09\/logo_di_benedetto_productions.jpg\",\"contentUrl\":\"https:\/\/dibenedettoproductions.com\/wp-content\/uploads\/2021\/09\/logo_di_benedetto_productions.jpg\",\"width\":225,\"height\":225,\"caption\":\"DI BENEDETTO PRODUCTIONS\"},\"image\":{\"@id\":\"https:\/\/dibenedettoproductions.com\/#\/schema\/logo\/image\/\"}}]}<\/script>\n<!-- \/ Yoast SEO plugin. -->","yoast_head_json":{"title":"Los Yakuza - Di Benedetto Productions","robots":{"index":"index","follow":"follow","max-snippet":"max-snippet:-1","max-image-preview":"max-image-preview:large","max-video-preview":"max-video-preview:-1"},"canonical":"https:\/\/dibenedettoproductions.com\/?page_id=1988","og_locale":"it_IT","og_type":"article","og_title":"Los Yakuza - Di Benedetto Productions","og_description":"VIDEO MUSICALI BRANI Nosotros iniciamos nuestra carrera art\u00edstica a la edad de 17 y 14 a\u00f1os, donde particip\u00e1bamos en actividades de los Comit\u00e9 de Defensa de la Revoluci\u00f3n CDR y en actividades de La Casa de La Cultura de Marianao, cantamos en diferentes eventos como en prisiones, escuelas de ni\u00f1os con problemas, c\u00edrculos sociales, eventos.","og_url":"https:\/\/dibenedettoproductions.com\/?page_id=1988","og_site_name":"Di Benedetto Productions","article_modified_time":"2021-08-05T12:39:44+00:00","og_image":[{"url":"https:\/\/dibenedettoproductions.com\/wp-content\/uploads\/2021\/03\/2-tipi-300x300.png"}],"twitter_card":"summary_large_image","twitter_misc":{"Tempo di lettura stimato":"2 minuti"},"schema":{"@context":"https:\/\/schema.org","@graph":[{"@type":"WebPage","@id":"https:\/\/dibenedettoproductions.com\/?page_id=1988","url":"https:\/\/dibenedettoproductions.com\/?page_id=1988","name":"Los Yakuza - Di Benedetto Productions","isPartOf":{"@id":"https:\/\/dibenedettoproductions.com\/#website"},"datePublished":"2019-10-14T07:53:58+00:00","dateModified":"2021-08-05T12:39:44+00:00","breadcrumb":{"@id":"https:\/\/dibenedettoproductions.com\/?page_id=1988#breadcrumb"},"inLanguage":"it-IT","potentialAction":[{"@type":"ReadAction","target":["https:\/\/dibenedettoproductions.com\/?page_id=1988"]}]},{"@type":"BreadcrumbList","@id":"https:\/\/dibenedettoproductions.com\/?page_id=1988#breadcrumb","itemListElement":[{"@type":"ListItem","position":1,"name":"Home","item":"https:\/\/dibenedettoproductions.com\/"},{"@type":"ListItem","position":2,"name":"Los Yakuza"}]},{"@type":"WebSite","@id":"https:\/\/dibenedettoproductions.com\/#website","url":"https:\/\/dibenedettoproductions.com\/","name":"Di Benedetto Productions","description":"","publisher":{"@id":"https:\/\/dibenedettoproductions.com\/#organization"},"potentialAction":[{"@type":"SearchAction","target":{"@type":"EntryPoint","urlTemplate":"https:\/\/dibenedettoproductions.com\/?s={search_term_string}"},"query-input":"required name=search_term_string"}],"inLanguage":"it-IT"},{"@type":"Organization","@id":"https:\/\/dibenedettoproductions.com\/#organization","name":"DI BENEDETTO PRODUCTIONS","url":"https:\/\/dibenedettoproductions.com\/","sameAs":[],"logo":{"@type":"ImageObject","inLanguage":"it-IT","@id":"https:\/\/dibenedettoproductions.com\/#\/schema\/logo\/image\/","url":"https:\/\/dibenedettoproductions.com\/wp-content\/uploads\/2021\/09\/logo_di_benedetto_productions.jpg","contentUrl":"https:\/\/dibenedettoproductions.com\/wp-content\/uploads\/2021\/09\/logo_di_benedetto_productions.jpg","width":225,"height":225,"caption":"DI BENEDETTO PRODUCTIONS"},"image":{"@id":"https:\/\/dibenedettoproductions.com\/#\/schema\/logo\/image\/"}}]}},"_links":{"self":[{"href":"https:\/\/dibenedettoproductions.com\/index.php?rest_route=\/wp\/v2\/pages\/1988","targetHints":{"allow":["GET"]}}],"collection":[{"href":"https:\/\/dibenedettoproductions.com\/index.php?rest_route=\/wp\/v2\/pages"}],"about":[{"href":"https:\/\/dibenedettoproductions.com\/index.php?rest_route=\/wp\/v2\/types\/page"}],"author":[{"embeddable":true,"href":"https:\/\/dibenedettoproductions.com\/index.php?rest_route=\/wp\/v2\/users\/1"}],"replies":[{"embeddable":true,"href":"https:\/\/dibenedettoproductions.com\/index.php?rest_route=%2Fwp%2Fv2%2Fcomments&post=1988"}],"version-history":[{"count":44,"href":"https:\/\/dibenedettoproductions.com\/index.php?rest_route=\/wp\/v2\/pages\/1988\/revisions"}],"predecessor-version":[{"id":5552,"href":"https:\/\/dibenedettoproductions.com\/index.php?rest_route=\/wp\/v2\/pages\/1988\/revisions\/5552"}],"wp:attachment":[{"href":"https:\/\/dibenedettoproductions.com\/index.php?rest_route=%2Fwp%2Fv2%2Fmedia&parent=1988"}],"wp:term":[{"taxonomy":"category","embeddable":true,"href":"https:\/\/dibenedettoproductions.com\/index.php?rest_route=%2Fwp%2Fv2%2Fcategories&post=1988"},{"taxonomy":"post_tag","embeddable":true,"href":"https:\/\/dibenedettoproductions.com\/index.php?rest_route=%2Fwp%2Fv2%2Ftags&post=1988"}],"curies":[{"name":"wp","href":"https:\/\/api.w.org\/{rel}","templated":true}]}}